{"id":1456,"date":"2025-12-03T07:30:32","date_gmt":"2025-12-03T07:30:32","guid":{"rendered":"https:\/\/www.billiondaysupplier.com\/?post_type=product&#038;p=1456"},"modified":"2025-12-03T07:31:31","modified_gmt":"2025-12-03T07:31:31","slug":"custom-gold-chafing-dish-with-hanging-lid","status":"publish","type":"product","link":"https:\/\/www.billiondaysupplier.com\/fr\/product\/custom-gold-chafing-dish-with-hanging-lid\/","title":{"rendered":"Plat \u00e0 r\u00f4tir en acier inoxydable en vrac avec couvercle suspendu"},"content":{"rendered":"<div class=\"wp-block-columns is-layout-flex wp-container-core-columns-is-layout-9d6595d7 wp-block-columns-is-layout-flex\">\n<div class=\"wp-block-column is-layout-flow wp-block-column-is-layout-flow\">\n<h2 class=\"wp-block-heading\">Caract\u00e9ristiques du plat \u00e0 r\u00f4tir en or avec couvercle suspendu :<\/h2>\n\n\n\n<p><strong>Mat\u00e9riaux et fabrication de qualit\u00e9 sup\u00e9rieure :<\/strong> Fabriqu\u00e9 en acier inoxydable 201 et plaqu\u00e9 or, il allie durabilit\u00e9 et texture luxueuse. La m\u00e9thode de chauffage par br\u00fbleur \u00e0 alcool est s\u00fbre et stable, et convient \u00e0 divers sc\u00e9narios de restauration.<\/p>\n\n\n\n<p><strong>Options multi-capacit\u00e9s<\/strong>: Disponible en deux capacit\u00e9s, 4,5 litres et 9 litres, pour r\u00e9pondre aux diff\u00e9rents besoins des petits repas d\u00e9licats et de l'approvisionnement en grandes quantit\u00e9s de nourriture, et s'adapter avec souplesse \u00e0 la planification des repas pour les banquets, les buffets et d'autres sc\u00e9narios.<\/p>\n\n\n\n<p><strong>Avantages du chauffage<\/strong>: Le br\u00fbleur \u00e0 alcool chauffe uniform\u00e9ment et conserve la chaleur pendant longtemps, ce qui permet de maintenir en permanence la temp\u00e9rature et le go\u00fbt des aliments. De plus, il est facile \u00e0 utiliser et ne n\u00e9cessite pas d'alimentation \u00e9lectrique complexe, ce qui le rend adapt\u00e9 \u00e0 diff\u00e9rents types d'am\u00e9nagements.<\/p>\n\n\n\n<p><strong>Sc\u00e9narios applicables<\/strong>: Que la version 4,5 litres soit utilis\u00e9e pour pr\u00e9senter les d\u00e9licates collations du th\u00e9 de l'apr\u00e8s-midi ou que la version 9 litres soit utilis\u00e9e pour servir des repas chauds, elle peut am\u00e9liorer la pr\u00e9sentation des aliments dans les h\u00f4tels, les banquets et les lieux de restauration haut de gamme gr\u00e2ce \u00e0 son aspect luxueux et \u00e0 ses performances pratiques. <\/p>\n\n\n\n<p><strong>Service OEM\/ODM :<\/strong> Billion Day factory supply offre une personnalisation en vrac, avec des prix de gros d'usine.<br><br><br><\/p>\n<\/div>\n\n\n\n<div class=\"wp-block-column is-layout-flow wp-block-column-is-layout-flow\"><div class=\"wp-block-image\">\n<figure class=\"aligncenter size-full\"><img decoding=\"async\" width=\"800\" height=\"800\" src=\"https:\/\/www.billiondaysupplier.com\/wp-content\/uploads\/2025\/11\/chafing-dish-manufacturers-china.webp\" alt=\"Fabricants de chafing dish Chine\" class=\"wp-image-1457\" srcset=\"https:\/\/www.billiondaysupplier.com\/wp-content\/uploads\/2025\/11\/chafing-dish-manufacturers-china.webp 800w, https:\/\/www.billiondaysupplier.com\/wp-content\/uploads\/2025\/11\/chafing-dish-manufacturers-china-300x300.webp 300w, https:\/\/www.billiondaysupplier.com\/wp-content\/uploads\/2025\/11\/chafing-dish-manufacturers-china-150x150.webp 150w, https:\/\/www.billiondaysupplier.com\/wp-content\/uploads\/2025\/11\/chafing-dish-manufacturers-china-768x768.webp 768w, https:\/\/www.billiondaysupplier.com\/wp-content\/uploads\/2025\/11\/chafing-dish-manufacturers-china-12x12.webp 12w, https:\/\/www.billiondaysupplier.com\/wp-content\/uploads\/2025\/11\/chafing-dish-manufacturers-china-600x600.webp 600w, https:\/\/www.billiondaysupplier.com\/wp-content\/uploads\/2025\/11\/chafing-dish-manufacturers-china-100x100.webp 100w\" sizes=\"(max-width: 800px) 100vw, 800px\" \/><\/figure>\n<\/div><\/div>\n<\/div>","protected":false},"excerpt":{"rendered":"<p>Chafing dish en or personnalis\u00e9 avec couvercle suspendu, en acier inoxydable de premi\u00e8re qualit\u00e9 combinant un aspect plaqu\u00e9 or luxueux. Des options multi-capacit\u00e9s sont disponibles, permettant des commandes en vrac OEM\/ODM au prix d'usine. Contactez-nous pour un devis !<\/p>\n<h2>Chafing dish en or avec couvercle suspendu Parameter\uff1a<\/h2>\n<table border=\"0\" width=\"404\" cellspacing=\"0\" cellpadding=\"0\">\n<tbody>\n<tr>\n<td style=\"text-align: left;\" width=\"148\" height=\"24\"><strong>Mat\u00e9riau<\/strong><\/td>\n<td style=\"text-align: left;\" width=\"256\">Acier inoxydable 201<\/td>\n<\/tr>\n<tr>\n<td style=\"text-align: left;\" height=\"69\"><strong>Couleur<\/strong><\/td>\n<td style=\"text-align: left;\" width=\"256\">L'or<\/td>\n<\/tr>\n<tr>\n<td style=\"text-align: left;\" height=\"24\"><strong>M\u00e9thode de chauffage<\/strong><\/td>\n<td style=\"text-align: left;\">Chauffage au fuel<\/td>\n<\/tr>\n<tr>\n<td style=\"text-align: left;\" height=\"24\"><strong>Capacit\u00e9<\/strong><\/td>\n<td style=\"text-align: left;\">4.5L\/9L<\/td>\n<\/tr>\n<tr>\n<td style=\"text-align: left;\" height=\"92\"><strong>Fonctionnalit\u00e9<\/strong><\/td>\n<td style=\"text-align: left;\" width=\"256\">1. avec couvercle suspendu exquis<br \/>2.Alcool Chauffage<br \/>3. Cadre vertical stable<\/td>\n<\/tr>\n<tr>\n<td style=\"text-align: left;\" height=\"24\"><strong>Option personnalis\u00e9e<\/strong><\/td>\n<td style=\"text-align: left;\">Logo\/taille\/emballage\/accessoires<\/td>\n<\/tr>\n<\/tbody>\n<\/table>","protected":false},"featured_media":1457,"comment_status":"closed","ping_status":"closed","template":"","meta":{"_acf_changed":false},"product_brand":[],"product_cat":[30],"product_tag":[],"class_list":{"0":"post-1456","1":"product","2":"type-product","3":"status-publish","4":"has-post-thumbnail","6":"product_cat-hanging-chafing-dish-supplier","8":"first","9":"instock","10":"shipping-taxable","11":"product-type-simple"},"acf":[],"_links":{"self":[{"href":"https:\/\/www.billiondaysupplier.com\/fr\/wp-json\/wp\/v2\/product\/1456","targetHints":{"allow":["GET"]}}],"collection":[{"href":"https:\/\/www.billiondaysupplier.com\/fr\/wp-json\/wp\/v2\/product"}],"about":[{"href":"https:\/\/www.billiondaysupplier.com\/fr\/wp-json\/wp\/v2\/types\/product"}],"replies":[{"embeddable":true,"href":"https:\/\/www.billiondaysupplier.com\/fr\/wp-json\/wp\/v2\/comments?post=1456"}],"wp:featuredmedia":[{"embeddable":true,"href":"https:\/\/www.billiondaysupplier.com\/fr\/wp-json\/wp\/v2\/media\/1457"}],"wp:attachment":[{"href":"https:\/\/www.billiondaysupplier.com\/fr\/wp-json\/wp\/v2\/media?parent=1456"}],"wp:term":[{"taxonomy":"product_brand","embeddable":true,"href":"https:\/\/www.billiondaysupplier.com\/fr\/wp-json\/wp\/v2\/product_brand?post=1456"},{"taxonomy":"product_cat","embeddable":true,"href":"https:\/\/www.billiondaysupplier.com\/fr\/wp-json\/wp\/v2\/product_cat?post=1456"},{"taxonomy":"product_tag","embeddable":true,"href":"https:\/\/www.billiondaysupplier.com\/fr\/wp-json\/wp\/v2\/product_tag?post=1456"}],"curies":[{"name":"wp","href":"https:\/\/api.w.org\/{rel}","templated":true}]}}