{"id":1437,"date":"2025-11-25T03:48:04","date_gmt":"2025-11-25T03:48:04","guid":{"rendered":"https:\/\/www.billiondaysupplier.com\/?post_type=product&#038;p=1437"},"modified":"2025-11-25T03:48:07","modified_gmt":"2025-11-25T03:48:07","slug":"custom-electric-chafing-dish","status":"publish","type":"product","link":"https:\/\/www.billiondaysupplier.com\/fr\/product\/custom-electric-chafing-dish\/","title":{"rendered":"R\u00e9chauffeur de plats rectangulaire \u00e9lectrique en vrac pour buffet hydraulique"},"content":{"rendered":"<div class=\"wp-block-columns is-layout-flex wp-container-core-columns-is-layout-9d6595d7 wp-block-columns-is-layout-flex\">\n<div class=\"wp-block-column is-layout-flow wp-block-column-is-layout-flow\">\n<h2 class=\"wp-block-heading\">Caract\u00e9ristiques d'un plat \u00e0 gratin \u00e9lectrique :<\/h2>\n\n\n\n<p><strong>Conception des cloisons : <\/strong>Disponible en configurations flexibles de 1, 2 et 3 compartiments. Le compartiment unique permet de maintenir au chaud les plats sp\u00e9ciaux, tandis que les options \u00e0 2 ou 3 compartiments permettent de conserver simultan\u00e9ment les aliments de base, les plats d'accompagnement ou les soupes, ce qui convient \u00e0 divers sc\u00e9narios tels que les r\u00e9unions de famille et les banquets d'affaires.<\/p>\n\n\n\n<p><strong>\u00c9lectrique Chauffage : <\/strong>\u00c9quip\u00e9 d'un syst\u00e8me de chauffage \u00e9lectrique avanc\u00e9, il atteint rapidement la temp\u00e9rature programm\u00e9e et la maintient de mani\u00e8re constante. Cela garantit non seulement un fonctionnement \u00e9conome en \u00e9nergie, mais aussi le maintien efficace des aliments \u00e0 la temp\u00e9rature id\u00e9ale de service.<\/p>\n\n\n\n<p><strong>Transparence Visibilit\u00e9 :<\/strong> Le couvercle en verre enti\u00e8rement transparent affiche clairement l'\u00e9tat des aliments dans chaque compartiment. Il n'est pas n\u00e9cessaire d'ouvrir le couvercle pour v\u00e9rifier la progression du chauffage, ce qui r\u00e9duit les pertes de chaleur et permet de contr\u00f4ler en temps r\u00e9el la fra\u00eecheur des aliments, ce qui est pratique et sans souci.<\/p>\n\n\n\n<p><strong>Fonctionnement simple :<\/strong> Le panneau de commande simplifi\u00e9 permet d'acc\u00e9der d'une seule touche au r\u00e9glage de la temp\u00e9rature et aux fonctions marche\/arr\u00eat sp\u00e9cifiques \u00e0 chaque compartiment. Associ\u00e9 \u00e0 l'\u00e9tiquetage des compartiments, il est facile \u00e0 utiliser, m\u00eame lorsque l'on chauffe plusieurs compartiments simultan\u00e9ment, et \u00e0 ma\u00eetriser sans effort.<\/p>\n\n\n\n<p><strong>Solutions d'\u00e9quipement pour la restauration : <\/strong>En tant que fabricant professionnel d'\u00e9quipements de buffet, Billion Day prend en charge la personnalisation de petits lots, propose des prix de gros d'usine et contr\u00f4le strictement la qualit\u00e9 de chaque produit pour vous aider \u00e0 am\u00e9liorer votre image de marque et votre comp\u00e9titivit\u00e9 sur le march\u00e9.<\/p>\n<\/div>\n\n\n\n<div class=\"wp-block-column is-layout-flow wp-block-column-is-layout-flow\">\n<figure class=\"wp-block-image size-full\"><img decoding=\"async\" width=\"800\" height=\"800\" src=\"https:\/\/www.billiondaysupplier.com\/wp-content\/uploads\/2025\/11\/chafing-dish-supplier-1.webp\" alt=\"\" class=\"wp-image-1443\" srcset=\"https:\/\/www.billiondaysupplier.com\/wp-content\/uploads\/2025\/11\/chafing-dish-supplier-1.webp 800w, https:\/\/www.billiondaysupplier.com\/wp-content\/uploads\/2025\/11\/chafing-dish-supplier-1-300x300.webp 300w, https:\/\/www.billiondaysupplier.com\/wp-content\/uploads\/2025\/11\/chafing-dish-supplier-1-150x150.webp 150w, https:\/\/www.billiondaysupplier.com\/wp-content\/uploads\/2025\/11\/chafing-dish-supplier-1-768x768.webp 768w, https:\/\/www.billiondaysupplier.com\/wp-content\/uploads\/2025\/11\/chafing-dish-supplier-1-12x12.webp 12w, https:\/\/www.billiondaysupplier.com\/wp-content\/uploads\/2025\/11\/chafing-dish-supplier-1-600x600.webp 600w, https:\/\/www.billiondaysupplier.com\/wp-content\/uploads\/2025\/11\/chafing-dish-supplier-1-100x100.webp 100w\" sizes=\"(max-width: 800px) 100vw, 800px\" \/><\/figure>\n<\/div>\n<\/div>","protected":false},"excerpt":{"rendered":"<p>Le chafing dish \u00e9lectrique personnalis\u00e9, poli miroir, les mat\u00e9riaux durables et le syst\u00e8me de chauffage \u00e9lectrique efficace permettent de chauffer et de maintenir la temp\u00e9rature rapidement, ce qui le rend adapt\u00e9 \u00e0 une vari\u00e9t\u00e9 de sc\u00e9narios de repas. Fabriqu\u00e9 directement en usine, avec personnalisation OEM\/ODM et prix de gros comp\u00e9titifs. Contactez-nous pour un devis !<\/p>\n<h2>Param\u00e8tres du r\u00e9chaud \u00e9lectrique\uff1a<\/h2>\n<table border=\"0\" width=\"404\" cellspacing=\"0\" cellpadding=\"0\">\n<tbody>\n<tr>\n<td style=\"text-align: left;\" width=\"148\" height=\"24\"><strong>Mat\u00e9riau<\/strong><\/td>\n<td style=\"text-align: left;\" width=\"256\">Acier inoxydable 201<\/td>\n<\/tr>\n<tr>\n<td style=\"text-align: left;\" height=\"69\"><strong>Couleur<\/strong><\/td>\n<td style=\"text-align: left;\" width=\"256\">Dor\u00e9\/demi-dor\u00e9\/argent\u00e9\/Acceptation du sur-mesure<\/td>\n<\/tr>\n<tr>\n<td style=\"text-align: left;\" height=\"24\"><strong>M\u00e9thode de chauffage<\/strong><\/td>\n<td style=\"text-align: left;\">Chauffage \u00e9lectrique<\/td>\n<\/tr>\n<tr>\n<td style=\"text-align: left;\" height=\"24\"><strong>Capacit\u00e9<\/strong><\/td>\n<td style=\"text-align: left;\">9.0L<\/td>\n<\/tr>\n<tr>\n<td style=\"text-align: left;\" height=\"92\"><strong>Fonctionnalit\u00e9<\/strong><\/td>\n<td style=\"text-align: left;\" width=\"256\">1. Couvercle hydraulique avec fen\u00eatre en verre<br \/>2. Bords arrondis polis miroir<br \/>3. Cadre vertical stable<\/td>\n<\/tr>\n<tr>\n<td style=\"text-align: left;\" height=\"24\"><strong>Option personnalis\u00e9e<\/strong><\/td>\n<td style=\"text-align: left;\">Logo\/couleur\/taille\/emballage\/accessoires<\/td>\n<\/tr>\n<\/tbody>\n<\/table>","protected":false},"featured_media":1438,"comment_status":"closed","ping_status":"closed","template":"","meta":{"_acf_changed":false},"product_brand":[],"product_cat":[18],"product_tag":[],"class_list":{"0":"post-1437","1":"product","2":"type-product","3":"status-publish","4":"has-post-thumbnail","6":"product_cat-wholesale-chafing-dishes","8":"first","9":"instock","10":"shipping-taxable","11":"product-type-simple"},"acf":[],"_links":{"self":[{"href":"https:\/\/www.billiondaysupplier.com\/fr\/wp-json\/wp\/v2\/product\/1437","targetHints":{"allow":["GET"]}}],"collection":[{"href":"https:\/\/www.billiondaysupplier.com\/fr\/wp-json\/wp\/v2\/product"}],"about":[{"href":"https:\/\/www.billiondaysupplier.com\/fr\/wp-json\/wp\/v2\/types\/product"}],"replies":[{"embeddable":true,"href":"https:\/\/www.billiondaysupplier.com\/fr\/wp-json\/wp\/v2\/comments?post=1437"}],"wp:featuredmedia":[{"embeddable":true,"href":"https:\/\/www.billiondaysupplier.com\/fr\/wp-json\/wp\/v2\/media\/1438"}],"wp:attachment":[{"href":"https:\/\/www.billiondaysupplier.com\/fr\/wp-json\/wp\/v2\/media?parent=1437"}],"wp:term":[{"taxonomy":"product_brand","embeddable":true,"href":"https:\/\/www.billiondaysupplier.com\/fr\/wp-json\/wp\/v2\/product_brand?post=1437"},{"taxonomy":"product_cat","embeddable":true,"href":"https:\/\/www.billiondaysupplier.com\/fr\/wp-json\/wp\/v2\/product_cat?post=1437"},{"taxonomy":"product_tag","embeddable":true,"href":"https:\/\/www.billiondaysupplier.com\/fr\/wp-json\/wp\/v2\/product_tag?post=1437"}],"curies":[{"name":"wp","href":"https:\/\/api.w.org\/{rel}","templated":true}]}}