{"id":1430,"date":"2025-11-21T02:06:13","date_gmt":"2025-11-21T02:06:13","guid":{"rendered":"https:\/\/www.billiondaysupplier.com\/?post_type=product&#038;p=1430"},"modified":"2025-11-21T02:06:14","modified_gmt":"2025-11-21T02:06:14","slug":"custom-chafing-dish-buffet-set","status":"publish","type":"product","link":"https:\/\/www.billiondaysupplier.com\/fr\/product\/custom-chafing-dish-buffet-set\/","title":{"rendered":"Set de plats \u00e0 r\u00f4tir personnalis\u00e9s, chauffe-buffet rond dor\u00e9 avec couvercle suspendu pour les mariages"},"content":{"rendered":"<div class=\"wp-block-columns is-layout-flex wp-container-core-columns-is-layout-9d6595d7 wp-block-columns-is-layout-flex\">\n<div class=\"wp-block-column is-layout-flow wp-block-column-is-layout-flow\">\n<h2 class=\"wp-block-heading\">Ensemble Buffet Chafing Dish Caract\u00e9ristiques :<\/h2>\n\n\n\n<p><strong>Mat\u00e9riaux durables et chauffage stable<\/strong>: La casserole est fabriqu\u00e9e en acier inoxydable de haute qualit\u00e9, avec un ext\u00e9rieur plaqu\u00e9 or. Une source de chaleur peut \u00eatre plac\u00e9e au fond pour maintenir les aliments au chaud \u00e0 une temp\u00e9rature constante.<\/p>\n\n\n\n<p><strong>Support m\u00e9tallique renforc\u00e9<\/strong>: Le support arqu\u00e9, les cha\u00eenes et la base sont construits en m\u00e9tal solide, offrant une excellente capacit\u00e9 de charge et garantissant une utilisation stable, m\u00eame avec de grands volumes d'aliments chauds.<\/p>\n\n\n\n<p><strong>Finition en plaquage or de premi\u00e8re qualit\u00e9<\/strong>: Gr\u00e2ce \u00e0 la pulv\u00e9risation et au polissage multicouche, la finition dor\u00e9e r\u00e9siste au ternissement et aux rayures et conserve un aspect brillant et \u00e9l\u00e9gant pour une utilisation commerciale \u00e0 long terme.<\/p>\n\n\n\n<p><strong>Facile \u00e0 nettoyer<\/strong>: Le bac int\u00e9rieur en acier inoxydable est durable et facile \u00e0 nettoyer. La base ext\u00e9rieure en or est orn\u00e9e de d\u00e9tails m\u00e9talliques d\u00e9coratifs, ce qui am\u00e9liore la pr\u00e9sentation visuelle sous tous les angles.<\/p>\n\n\n\n<p><strong>Options de personnalisation<\/strong>: Les couleurs, les capacit\u00e9s, les logos et les accessoires peuvent \u00eatre personnalis\u00e9s pour r\u00e9pondre aux exigences de diff\u00e9rents march\u00e9s ou projets.<\/p>\n\n\n\n<p><strong>Approvisionnement direct de l'usine<\/strong>: Billion Day assure une production stable et des prix de gros comp\u00e9titifs pour soutenir les distributeurs, les d\u00e9taillants et les fournisseurs de la restauration.<\/p>\n<\/div>\n\n\n\n<div class=\"wp-block-column is-layout-flow wp-block-column-is-layout-flow\">\n<figure class=\"wp-block-image size-full\"><img decoding=\"async\" width=\"800\" height=\"800\" src=\"https:\/\/www.billiondaysupplier.com\/wp-content\/uploads\/2025\/11\/chafing-4.webp\" alt=\"Chafing Dish Supplier\" class=\"wp-image-1432\" srcset=\"https:\/\/www.billiondaysupplier.com\/wp-content\/uploads\/2025\/11\/chafing-4.webp 800w, https:\/\/www.billiondaysupplier.com\/wp-content\/uploads\/2025\/11\/chafing-4-300x300.webp 300w, https:\/\/www.billiondaysupplier.com\/wp-content\/uploads\/2025\/11\/chafing-4-150x150.webp 150w, https:\/\/www.billiondaysupplier.com\/wp-content\/uploads\/2025\/11\/chafing-4-768x768.webp 768w, https:\/\/www.billiondaysupplier.com\/wp-content\/uploads\/2025\/11\/chafing-4-12x12.webp 12w, https:\/\/www.billiondaysupplier.com\/wp-content\/uploads\/2025\/11\/chafing-4-600x600.webp 600w, https:\/\/www.billiondaysupplier.com\/wp-content\/uploads\/2025\/11\/chafing-4-100x100.webp 100w\" sizes=\"(max-width: 800px) 100vw, 800px\" \/><\/figure>\n<\/div>\n<\/div>\n\n\n\n<p><\/p>","protected":false},"excerpt":{"rendered":"<p>Ensemble de buffet pour chafing dish personnalis\u00e9 Billion Day. Mat\u00e9riau en acier inoxydable avec une finition plaqu\u00e9e or, chauffage stable, support m\u00e9tallique solide et options personnalisables. Livraison directe par Billion Day. N'h\u00e9sitez pas \u00e0 vous renseigner d\u00e8s maintenant !<\/p>\n<h2>Set de buffets pour chafing dish Parameter\uff1a<\/h2>\n<table border=\"0\" width=\"404\" cellspacing=\"0\" cellpadding=\"0\">\n<tbody>\n<tr>\n<td style=\"text-align: left;\" width=\"148\" height=\"24\"><strong>Mat\u00e9riau<\/strong><\/td>\n<td style=\"text-align: left;\" width=\"256\">\n<p>Acier inoxydable 201 et fer<\/p>\n<\/td>\n<\/tr>\n<tr>\n<td style=\"text-align: left;\" height=\"69\"><strong>Couleur<\/strong><\/td>\n<td style=\"text-align: left;\" width=\"256\">L'or<\/td>\n<\/tr>\n<tr>\n<td style=\"text-align: left;\" height=\"24\"><strong>M\u00e9thode de chauffage<\/strong><\/td>\n<td style=\"text-align: left;\">Chauffage au fuel<\/td>\n<\/tr>\n<tr>\n<td style=\"text-align: left;\" height=\"24\"><strong>Capacit\u00e9<\/strong><\/td>\n<td style=\"text-align: left;\">8.0L<\/td>\n<\/tr>\n<tr>\n<td style=\"text-align: left;\" height=\"92\"><strong>Fonctionnalit\u00e9<\/strong><\/td>\n<td style=\"text-align: left;\" width=\"256\">1. avec couvercle suspendu exquis<br \/>2. Design creux fantaisie<br \/>3. Cadre vertical stable<\/td>\n<\/tr>\n<tr>\n<td style=\"text-align: left;\" height=\"24\"><strong>Option personnalis\u00e9e<\/strong><\/td>\n<td style=\"text-align: left;\">Logo\/couleur\/taille\/emballage\/accessoires<\/td>\n<\/tr>\n<\/tbody>\n<\/table>","protected":false},"featured_media":1432,"comment_status":"closed","ping_status":"closed","template":"","meta":{"_acf_changed":false},"product_brand":[],"product_cat":[30],"product_tag":[],"class_list":{"0":"post-1430","1":"product","2":"type-product","3":"status-publish","4":"has-post-thumbnail","6":"product_cat-hanging-chafing-dish-supplier","8":"first","9":"instock","10":"shipping-taxable","11":"product-type-simple"},"acf":[],"_links":{"self":[{"href":"https:\/\/www.billiondaysupplier.com\/fr\/wp-json\/wp\/v2\/product\/1430","targetHints":{"allow":["GET"]}}],"collection":[{"href":"https:\/\/www.billiondaysupplier.com\/fr\/wp-json\/wp\/v2\/product"}],"about":[{"href":"https:\/\/www.billiondaysupplier.com\/fr\/wp-json\/wp\/v2\/types\/product"}],"replies":[{"embeddable":true,"href":"https:\/\/www.billiondaysupplier.com\/fr\/wp-json\/wp\/v2\/comments?post=1430"}],"wp:featuredmedia":[{"embeddable":true,"href":"https:\/\/www.billiondaysupplier.com\/fr\/wp-json\/wp\/v2\/media\/1432"}],"wp:attachment":[{"href":"https:\/\/www.billiondaysupplier.com\/fr\/wp-json\/wp\/v2\/media?parent=1430"}],"wp:term":[{"taxonomy":"product_brand","embeddable":true,"href":"https:\/\/www.billiondaysupplier.com\/fr\/wp-json\/wp\/v2\/product_brand?post=1430"},{"taxonomy":"product_cat","embeddable":true,"href":"https:\/\/www.billiondaysupplier.com\/fr\/wp-json\/wp\/v2\/product_cat?post=1430"},{"taxonomy":"product_tag","embeddable":true,"href":"https:\/\/www.billiondaysupplier.com\/fr\/wp-json\/wp\/v2\/product_tag?post=1430"}],"curies":[{"name":"wp","href":"https:\/\/api.w.org\/{rel}","templated":true}]}}