{"id":1427,"date":"2025-11-25T02:56:12","date_gmt":"2025-11-25T02:56:12","guid":{"rendered":"https:\/\/www.billiondaysupplier.com\/?post_type=product&#038;p=1427"},"modified":"2025-12-20T01:32:49","modified_gmt":"2025-12-20T01:32:49","slug":"wholesale-gold-chafing-dish","status":"publish","type":"product","link":"https:\/\/www.billiondaysupplier.com\/fr\/product\/wholesale-gold-chafing-dish\/","title":{"rendered":"Set de chauffe-buffet en acier inoxydable avec couvercle suspendu"},"content":{"rendered":"<div class=\"wp-block-columns is-layout-flex wp-container-core-columns-is-layout-9d6595d7 wp-block-columns-is-layout-flex\">\n<div class=\"wp-block-column is-layout-flow wp-block-column-is-layout-flow\">\n<h2 class=\"wp-block-heading\">Plat \u00e0 r\u00f4tir en or Caract\u00e9ristiques :<\/h2>\n\n\n\n<p><strong>Aspect luxueux et attrayant<\/strong>: Utilisant un proc\u00e9d\u00e9 de placage en or sur tout le m\u00e9tal, l'assiette pr\u00e9sente un niveau de luxe palatial, ressemblant \u00e0 une \u0153uvre d'art qui rehausse instantan\u00e9ment l'ambiance de toute exp\u00e9rience gastronomique.<\/p>\n\n\n\n<p><strong>D\u00e9coration en relief de roses en trois dimensions<\/strong>: Les roses tridimensionnelles sur le bord du plateau servent de touche finale au design, \u00e9levant instantan\u00e9ment le produit d'un simple contenant \u00e0 une \u0153uvre d'art miniature, renfor\u00e7ant consid\u00e9rablement le sens de l'artisanat et du luxe, et renfor\u00e7ant l'atmosph\u00e8re des lieux de restauration haut de gamme.<\/p>\n\n\n\n<p><strong>Un savoir-faire exquis en mati\u00e8re d'\u00e9videment :<\/strong> Le motif \u00e9vid\u00e9 de la base permet non seulement de r\u00e9duire le poids visuel et d'augmenter la transparence, mais aussi de projeter de riches effets de lumi\u00e8re et d'ombre sous la lumi\u00e8re, conf\u00e9rant ainsi au produit statique un attrait visuel dynamique.<\/p>\n\n\n\n<p><strong>Couvercle suspendu pratique<\/strong>: Le design du d\u00f4me d'or permet non seulement de pr\u00e9server le myst\u00e8re des aliments, mais aussi d'inciter les convives \u00e0 attendre avec impatience les aliments qui vont \u00eatre pr\u00e9sent\u00e9s gr\u00e2ce \u00e0 l'effet r\u00e9fl\u00e9chissant de l'\u00e9clat m\u00e9tallique. Il est particuli\u00e8rement adapt\u00e9 pour servir des plats avec un sens du \"rituel\".<\/p>\n\n\n\n<p><strong>Options de capacit\u00e9 multiple<\/strong>: Disponible en 4,5L, 6L et 8L pour r\u00e9pondre aux besoins des restaurants de diff\u00e9rentes tailles.<\/p>\n\n\n\n<p><strong>Fonction de pr\u00e9servation de la chaleur :<\/strong> Un dispositif de chauffage (tel qu'un r\u00e9chaud \u00e0 alcool) peut \u00eatre plac\u00e9 au fond pour maintenir la temp\u00e9rature de l'aliment pendant une p\u00e9riode prolong\u00e9e, garantissant ainsi que le go\u00fbt et la saveur du plat restent intacts.<\/p>\n\n\n\n<p><strong>Convient \u00e0 une vari\u00e9t\u00e9 d'occasions<\/strong>: Restaurants occidentaux, restauration haut de gamme et h\u00f4tels \u00e9toil\u00e9s, banquets et \u00e9v\u00e9nements \u00e0 th\u00e8me, r\u00e9unions de famille raffin\u00e9es, mariages, etc., c'est le choix id\u00e9al pour am\u00e9liorer votre \u00e9quipement de restauration.<\/p>\n\n\n\n<p><strong>Services OEM\/ODM<\/strong>: Des logos, des couleurs, des mat\u00e9riaux et des constructions personnalisables sont disponibles pour vous aider \u00e0 cr\u00e9er votre propre marque.<\/p>\n<\/div>\n\n\n\n<div class=\"wp-block-column is-layout-flow wp-block-column-is-layout-flow\"><div class=\"wp-block-image\">\n<figure class=\"aligncenter size-full\"><img decoding=\"async\" width=\"800\" height=\"800\" src=\"https:\/\/www.billiondaysupplier.com\/wp-content\/uploads\/2025\/11\/chafing-2-1.webp\" alt=\"Fabricants de chafing-dish\" class=\"wp-image-1429\" srcset=\"https:\/\/www.billiondaysupplier.com\/wp-content\/uploads\/2025\/11\/chafing-2-1.webp 800w, https:\/\/www.billiondaysupplier.com\/wp-content\/uploads\/2025\/11\/chafing-2-1-300x300.webp 300w, https:\/\/www.billiondaysupplier.com\/wp-content\/uploads\/2025\/11\/chafing-2-1-150x150.webp 150w, https:\/\/www.billiondaysupplier.com\/wp-content\/uploads\/2025\/11\/chafing-2-1-768x768.webp 768w, https:\/\/www.billiondaysupplier.com\/wp-content\/uploads\/2025\/11\/chafing-2-1-12x12.webp 12w, https:\/\/www.billiondaysupplier.com\/wp-content\/uploads\/2025\/11\/chafing-2-1-600x600.webp 600w, https:\/\/www.billiondaysupplier.com\/wp-content\/uploads\/2025\/11\/chafing-2-1-100x100.webp 100w\" sizes=\"(max-width: 800px) 100vw, 800px\" \/><\/figure>\n<\/div><\/div>\n<\/div>","protected":false},"excerpt":{"rendered":"<p>Ce chafing dish en gros de couleur or est dot\u00e9 d'un design exquis et d'un couvercle pratique \u00e0 suspendre. Disponible dans des capacit\u00e9s de 4,5L\/6L\/8L, avec possibilit\u00e9 de personnalisation OEM\/ODM, et con\u00e7u sp\u00e9cifiquement pour la restauration et les banquets haut de gamme. Contactez-nous pour le MOQ et les prix de gros !<\/p>\n<h2>Param\u00e8tres du plat \u00e0 r\u00f4tir en or\uff1a<\/h2>\n<table border=\"0\" width=\"404\" cellspacing=\"0\" cellpadding=\"0\">\n<tbody>\n<tr>\n<td style=\"text-align: left;\" width=\"148\" height=\"24\"><strong>Mat\u00e9riau<\/strong><\/td>\n<td style=\"text-align: left;\" width=\"256\">Acier inoxydable 201 et fer<\/td>\n<\/tr>\n<tr>\n<td style=\"text-align: left;\" height=\"69\"><strong>Couleur<\/strong><\/td>\n<td style=\"text-align: left;\" width=\"256\">\u00a0L'or<\/td>\n<\/tr>\n<tr>\n<td style=\"text-align: left;\" height=\"24\"><strong>M\u00e9thode de chauffage<\/strong><\/td>\n<td style=\"text-align: left;\">Chauffage au fuel<\/td>\n<\/tr>\n<tr>\n<td style=\"text-align: left;\" height=\"24\"><strong>Capacit\u00e9<\/strong><\/td>\n<td style=\"text-align: left;\">4.5L\/6L\/8L<\/td>\n<\/tr>\n<tr>\n<td style=\"text-align: left;\" height=\"92\"><strong>Fonctionnalit\u00e9<\/strong><\/td>\n<td style=\"text-align: left;\" width=\"256\">1. avec couvercle suspendu exquis<br \/>2. Design creux fantaisie<br \/>3. Cadre vertical stable<\/td>\n<\/tr>\n<tr>\n<td style=\"text-align: left;\" height=\"24\"><strong>Option personnalis\u00e9e<\/strong><\/td>\n<td style=\"text-align: left;\">Logo\/couleur\/taille\/emballage\/accessoires<\/td>\n<\/tr>\n<\/tbody>\n<\/table>","protected":false},"featured_media":1429,"comment_status":"closed","ping_status":"closed","template":"","meta":{"_acf_changed":false},"product_brand":[],"product_cat":[30],"product_tag":[],"class_list":{"0":"post-1427","1":"product","2":"type-product","3":"status-publish","4":"has-post-thumbnail","6":"product_cat-hanging-chafing-dish-supplier","8":"first","9":"instock","10":"shipping-taxable","11":"product-type-simple"},"acf":[],"_links":{"self":[{"href":"https:\/\/www.billiondaysupplier.com\/fr\/wp-json\/wp\/v2\/product\/1427","targetHints":{"allow":["GET"]}}],"collection":[{"href":"https:\/\/www.billiondaysupplier.com\/fr\/wp-json\/wp\/v2\/product"}],"about":[{"href":"https:\/\/www.billiondaysupplier.com\/fr\/wp-json\/wp\/v2\/types\/product"}],"replies":[{"embeddable":true,"href":"https:\/\/www.billiondaysupplier.com\/fr\/wp-json\/wp\/v2\/comments?post=1427"}],"wp:featuredmedia":[{"embeddable":true,"href":"https:\/\/www.billiondaysupplier.com\/fr\/wp-json\/wp\/v2\/media\/1429"}],"wp:attachment":[{"href":"https:\/\/www.billiondaysupplier.com\/fr\/wp-json\/wp\/v2\/media?parent=1427"}],"wp:term":[{"taxonomy":"product_brand","embeddable":true,"href":"https:\/\/www.billiondaysupplier.com\/fr\/wp-json\/wp\/v2\/product_brand?post=1427"},{"taxonomy":"product_cat","embeddable":true,"href":"https:\/\/www.billiondaysupplier.com\/fr\/wp-json\/wp\/v2\/product_cat?post=1427"},{"taxonomy":"product_tag","embeddable":true,"href":"https:\/\/www.billiondaysupplier.com\/fr\/wp-json\/wp\/v2\/product_tag?post=1427"}],"curies":[{"name":"wp","href":"https:\/\/api.w.org\/{rel}","templated":true}]}}