{"id":1421,"date":"2025-11-21T02:06:03","date_gmt":"2025-11-21T02:06:03","guid":{"rendered":"https:\/\/www.billiondaysupplier.com\/?post_type=product&#038;p=1421"},"modified":"2025-11-21T02:06:04","modified_gmt":"2025-11-21T02:06:04","slug":"wholesale-banquet-chafing-dishes","status":"publish","type":"product","link":"https:\/\/www.billiondaysupplier.com\/fr\/product\/wholesale-banquet-chafing-dishes\/","title":{"rendered":"Grossiste Banquet Chafing Dishes, Gold Buffet Set Stainless Steel with Hanging Lid Custom"},"content":{"rendered":"<div class=\"wp-block-columns is-layout-flex wp-container-core-columns-is-layout-9d6595d7 wp-block-columns-is-layout-flex\">\n<div class=\"wp-block-column is-layout-flow wp-block-column-is-layout-flow\">\n<h2 class=\"wp-block-heading\">Plats \u00e0 r\u00f4tir pour banquets Caract\u00e9ristiques :<\/h2>\n\n\n\n<p><strong>Style luxueux : <\/strong>Le corps principal du four buffet est d'une luxueuse couleur or, orn\u00e9 de motifs exquis, pr\u00e9sentant une texture artistique r\u00e9tro et opulente, ce qui en fait une pi\u00e8ce d\u00e9corative pour la table \u00e0 manger en elle-m\u00eame.<\/p>\n\n\n\n<p><strong>Design \u00e9l\u00e9gant et pratique :<\/strong> La poign\u00e9e du couvercle sup\u00e9rieur est con\u00e7ue avec un \u00e9l\u00e9gant motif ajour\u00e9 en forme de c\u0153ur, qui n'est pas seulement unique et beau, mais remplit \u00e9galement des fonctions pratiques de pr\u00e9vention des br\u00fblures et de facilit\u00e9 de levage.<\/p>\n\n\n\n<p><strong>Couvercle en verre transparent<\/strong>: Le couvercle en verre borosilicat\u00e9 de haute qualit\u00e9 est clair et transparent, ce qui permet de voir facilement les aliments \u00e0 l'int\u00e9rieur sans perte de chaleur ; sa forme en arche haute offre suffisamment d'espace pour les aliments.<\/p>\n\n\n\n<p><strong>Couvercle suspendu<\/strong>: Le couvercle suspendu permet aux clients d'acc\u00e9der \u00e0 leurs plats sans entrave, tandis que le couvercle \u00e9l\u00e9gant am\u00e9liore la pr\u00e9sentation et la facilit\u00e9 d'utilisation.<\/p>\n\n\n\n<p><strong>Service d'assistance OEM<\/strong>: Nous offrons la possibilit\u00e9 de personnaliser l'\u00e9quipement du buffet ; les logos, les tailles et les couleurs peuvent \u00eatre personnalis\u00e9s pour r\u00e9pondre aux besoins de nos clients.<\/p>\n<\/div>\n\n\n\n<div class=\"wp-block-column is-layout-flow wp-block-column-is-layout-flow\"><div class=\"wp-block-image\">\n<figure class=\"aligncenter size-full\"><img decoding=\"async\" width=\"800\" height=\"800\" src=\"https:\/\/www.billiondaysupplier.com\/wp-content\/uploads\/2025\/11\/chafing.webp\" alt=\"Chafing Dish China\" class=\"wp-image-1425\" srcset=\"https:\/\/www.billiondaysupplier.com\/wp-content\/uploads\/2025\/11\/chafing.webp 800w, https:\/\/www.billiondaysupplier.com\/wp-content\/uploads\/2025\/11\/chafing-300x300.webp 300w, https:\/\/www.billiondaysupplier.com\/wp-content\/uploads\/2025\/11\/chafing-150x150.webp 150w, https:\/\/www.billiondaysupplier.com\/wp-content\/uploads\/2025\/11\/chafing-768x768.webp 768w, https:\/\/www.billiondaysupplier.com\/wp-content\/uploads\/2025\/11\/chafing-12x12.webp 12w, https:\/\/www.billiondaysupplier.com\/wp-content\/uploads\/2025\/11\/chafing-600x600.webp 600w, https:\/\/www.billiondaysupplier.com\/wp-content\/uploads\/2025\/11\/chafing-100x100.webp 100w\" sizes=\"(max-width: 800px) 100vw, 800px\" \/><\/figure>\n<\/div><\/div>\n<\/div>\n\n\n\n<p><\/p>","protected":false},"excerpt":{"rendered":"<p>Plats \u00e0 r\u00f4tir pour banquets en gros, couleur or, couvercle suspendu et couvercle en verre perfor\u00e9 en forme de c\u0153ur, rehaussant l'\u00e9l\u00e9gance de votre restauration. Possibilit\u00e9 de personnalisation OEM\/ODM. Contactez-nous pour renforcer votre marque !<\/p>\n<h2>Param\u00e8tres des plats \u00e0 r\u00f4tir pour banquets\uff1a<\/h2>\n<table border=\"0\" width=\"404\" cellspacing=\"0\" cellpadding=\"0\">\n<tbody>\n<tr>\n<td style=\"text-align: left;\" width=\"148\" height=\"24\"><strong>Mat\u00e9riau<\/strong><\/td>\n<td style=\"text-align: left;\" width=\"256\">Acier inoxydable 201<\/td>\n<\/tr>\n<tr>\n<td style=\"text-align: left;\" height=\"69\"><strong>Couleur<\/strong><\/td>\n<td style=\"text-align: left;\" width=\"256\">L'or<\/td>\n<\/tr>\n<tr>\n<td style=\"text-align: left;\" height=\"24\"><strong>M\u00e9thode de chauffage<\/strong><\/td>\n<td style=\"text-align: left;\">Chauffage au fuel<\/td>\n<\/tr>\n<tr>\n<td style=\"text-align: left;\" height=\"24\"><strong>Capacit\u00e9<\/strong><\/td>\n<td style=\"text-align: left;\">4.5L\/6L\/8L<\/td>\n<\/tr>\n<tr>\n<td style=\"text-align: left;\" height=\"92\"><strong>Fonctionnalit\u00e9<\/strong><\/td>\n<td style=\"text-align: left;\" width=\"256\">1. avec couvercle suspendu exquis<br \/>2. Design creux fantaisie<br \/>3. Cadre vertical stable<\/td>\n<\/tr>\n<tr>\n<td style=\"text-align: left;\" height=\"24\"><strong>Option personnalis\u00e9e<\/strong><\/td>\n<td style=\"text-align: left;\">Logo\/couleur\/taille\/emballage\/accessoires<\/td>\n<\/tr>\n<\/tbody>\n<\/table>","protected":false},"featured_media":1425,"comment_status":"closed","ping_status":"closed","template":"","meta":{"_acf_changed":false},"product_brand":[],"product_cat":[30],"product_tag":[],"class_list":{"0":"post-1421","1":"product","2":"type-product","3":"status-publish","4":"has-post-thumbnail","6":"product_cat-hanging-chafing-dish-supplier","8":"first","9":"instock","10":"shipping-taxable","11":"product-type-simple"},"acf":[],"_links":{"self":[{"href":"https:\/\/www.billiondaysupplier.com\/fr\/wp-json\/wp\/v2\/product\/1421","targetHints":{"allow":["GET"]}}],"collection":[{"href":"https:\/\/www.billiondaysupplier.com\/fr\/wp-json\/wp\/v2\/product"}],"about":[{"href":"https:\/\/www.billiondaysupplier.com\/fr\/wp-json\/wp\/v2\/types\/product"}],"replies":[{"embeddable":true,"href":"https:\/\/www.billiondaysupplier.com\/fr\/wp-json\/wp\/v2\/comments?post=1421"}],"wp:featuredmedia":[{"embeddable":true,"href":"https:\/\/www.billiondaysupplier.com\/fr\/wp-json\/wp\/v2\/media\/1425"}],"wp:attachment":[{"href":"https:\/\/www.billiondaysupplier.com\/fr\/wp-json\/wp\/v2\/media?parent=1421"}],"wp:term":[{"taxonomy":"product_brand","embeddable":true,"href":"https:\/\/www.billiondaysupplier.com\/fr\/wp-json\/wp\/v2\/product_brand?post=1421"},{"taxonomy":"product_cat","embeddable":true,"href":"https:\/\/www.billiondaysupplier.com\/fr\/wp-json\/wp\/v2\/product_cat?post=1421"},{"taxonomy":"product_tag","embeddable":true,"href":"https:\/\/www.billiondaysupplier.com\/fr\/wp-json\/wp\/v2\/product_tag?post=1421"}],"curies":[{"name":"wp","href":"https:\/\/api.w.org\/{rel}","templated":true}]}}