{"id":1408,"date":"2025-11-21T02:05:31","date_gmt":"2025-11-21T02:05:31","guid":{"rendered":"https:\/\/www.billiondaysupplier.com\/?post_type=product&#038;p=1408"},"modified":"2025-11-21T02:05:32","modified_gmt":"2025-11-21T02:05:32","slug":"custom-roll-top-chafing-dish","status":"publish","type":"product","link":"https:\/\/www.billiondaysupplier.com\/fr\/product\/custom-roll-top-chafing-dish\/","title":{"rendered":"Chafing dish \u00e0 couvercle roulant, set de buffet rond en or en vrac"},"content":{"rendered":"<div class=\"wp-block-columns is-layout-flex wp-container-core-columns-is-layout-9d6595d7 wp-block-columns-is-layout-flex\">\n<div class=\"wp-block-column is-layout-flow wp-block-column-is-layout-flow\">\n<h2 class=\"wp-block-heading\">Chafing Dish Roll Top Caract\u00e9ristiques :<\/h2>\n\n\n\n<p><strong>Construction durable en acier inoxydable :<\/strong> Fabriqu\u00e9 en acier inoxydable 201 de haute qualit\u00e9, \u00e9paissi pour un chauffage uniforme, durable, r\u00e9sistant \u00e0 la corrosion et d'une brillance durable.<\/p>\n\n\n\n<p><strong>Finition dor\u00e9e \u00e9l\u00e9gante<\/strong>: Les bords sont polis et arrondis. Cela lui conf\u00e8re un style luxueux et ajoute une touche suppl\u00e9mentaire \u00e0 votre buffet.<\/p>\n\n\n\n<p><strong>Couvercle en verre enroulable<\/strong>: Le couvercle enroulable pratique s'ouvre \u00e0 180 degr\u00e9s pour faciliter l'acc\u00e8s aux aliments, tandis que la fen\u00eatre en verre tremp\u00e9 offre une bonne visibilit\u00e9 tout en conservant la chaleur.<\/p>\n\n\n\n<p><strong>Grande capacit\u00e9 de 6L<\/strong>: Sa conception circulaire et de grande taille permet d'accueillir de grandes quantit\u00e9s de nourriture dans une seule unit\u00e9, ce qui est id\u00e9al pour la restauration commerciale et le service de buffet.<\/p>\n\n\n\n<p><strong>Cadre vertical stable :<\/strong> Les pieds verticaux renforc\u00e9s assurent une position stable sur n'importe quelle surface, m\u00eame sous de lourdes charges.<\/p>\n\n\n\n<p><strong>Option double chauffage<\/strong>: Peut \u00eatre utilis\u00e9 sur des plaques de cuisson \u00e9lectriques et des bidons de combustible traditionnels pour des applications flexibles.<\/p>\n<\/div>\n\n\n\n<div class=\"wp-block-column is-layout-flow wp-block-column-is-layout-flow\">\n<figure class=\"wp-block-image size-full\"><img decoding=\"async\" width=\"800\" height=\"800\" src=\"https:\/\/www.billiondaysupplier.com\/wp-content\/uploads\/2025\/11\/roll.webp\" alt=\"fournisseurs de chafing dish \u00e0 plateau roulant\" class=\"wp-image-1410\" srcset=\"https:\/\/www.billiondaysupplier.com\/wp-content\/uploads\/2025\/11\/roll.webp 800w, https:\/\/www.billiondaysupplier.com\/wp-content\/uploads\/2025\/11\/roll-300x300.webp 300w, https:\/\/www.billiondaysupplier.com\/wp-content\/uploads\/2025\/11\/roll-150x150.webp 150w, https:\/\/www.billiondaysupplier.com\/wp-content\/uploads\/2025\/11\/roll-768x768.webp 768w, https:\/\/www.billiondaysupplier.com\/wp-content\/uploads\/2025\/11\/roll-12x12.webp 12w, https:\/\/www.billiondaysupplier.com\/wp-content\/uploads\/2025\/11\/roll-600x600.webp 600w, https:\/\/www.billiondaysupplier.com\/wp-content\/uploads\/2025\/11\/roll-100x100.webp 100w\" sizes=\"(max-width: 800px) 100vw, 800px\" \/><\/figure>\n<\/div>\n<\/div>","protected":false},"excerpt":{"rendered":"<p>Le chafing dish Billion Day \u00e0 couvercle roulant est dot\u00e9 d'une luxueuse finition dor\u00e9e et d'une grande capacit\u00e9 de 6 litres. \u00c9l\u00e9gant et durable, il convient \u00e0 tous les types de services de restauration. Fourniture directe \u00e0 l'usine, services OEM. N'h\u00e9sitez pas \u00e0 nous contacter pour vous renseigner d\u00e8s aujourd'hui !<\/p>\n<h2>Param\u00e8tres du plat \u00e0 gratin\uff1a<\/h2>\n<table border=\"0\" width=\"404\" cellspacing=\"0\" cellpadding=\"0\">\n<tbody>\n<tr>\n<td style=\"text-align: left;\" width=\"148\" height=\"24\"><strong>Mat\u00e9riau<\/strong><\/td>\n<td style=\"text-align: left;\" width=\"256\">Acier inoxydable 201<\/td>\n<\/tr>\n<tr>\n<td style=\"text-align: left;\" height=\"69\"><strong>Couleur<\/strong><\/td>\n<td style=\"text-align: left;\" width=\"256\">Argent\/Or\/Mi-Or\/Acceptation de la personnalisation<\/td>\n<\/tr>\n<tr>\n<td style=\"text-align: left;\" height=\"24\"><strong>M\u00e9thode de chauffage<\/strong><\/td>\n<td style=\"text-align: left;\">Chauffage \u00e9lectrique ou \u00e0 combustible<\/td>\n<\/tr>\n<tr>\n<td style=\"text-align: left;\" height=\"24\"><strong>Capacit\u00e9<\/strong><\/td>\n<td style=\"text-align: left;\">6.0L<\/td>\n<\/tr>\n<tr>\n<td style=\"text-align: left;\" height=\"92\"><strong>Fonctionnalit\u00e9<\/strong><\/td>\n<td style=\"text-align: left;\" width=\"256\">1. Couvercle \u00e0 enroulement avec fen\u00eatre en verre<br \/>2. Bords arrondis polis<br \/>3. Cadre vertical stable<\/td>\n<\/tr>\n<tr>\n<td style=\"text-align: left;\" height=\"24\"><strong>Option personnalis\u00e9e<\/strong><\/td>\n<td style=\"text-align: left;\">Logo\/couleur\/taille\/emballage\/accessoires<\/td>\n<\/tr>\n<\/tbody>\n<\/table>","protected":false},"featured_media":1410,"comment_status":"closed","ping_status":"closed","template":"","meta":{"_acf_changed":true},"product_brand":[],"product_cat":[18],"product_tag":[],"class_list":{"0":"post-1408","1":"product","2":"type-product","3":"status-publish","4":"has-post-thumbnail","6":"product_cat-wholesale-chafing-dishes","8":"first","9":"instock","10":"shipping-taxable","11":"product-type-simple"},"acf":[],"_links":{"self":[{"href":"https:\/\/www.billiondaysupplier.com\/fr\/wp-json\/wp\/v2\/product\/1408","targetHints":{"allow":["GET"]}}],"collection":[{"href":"https:\/\/www.billiondaysupplier.com\/fr\/wp-json\/wp\/v2\/product"}],"about":[{"href":"https:\/\/www.billiondaysupplier.com\/fr\/wp-json\/wp\/v2\/types\/product"}],"replies":[{"embeddable":true,"href":"https:\/\/www.billiondaysupplier.com\/fr\/wp-json\/wp\/v2\/comments?post=1408"}],"wp:featuredmedia":[{"embeddable":true,"href":"https:\/\/www.billiondaysupplier.com\/fr\/wp-json\/wp\/v2\/media\/1410"}],"wp:attachment":[{"href":"https:\/\/www.billiondaysupplier.com\/fr\/wp-json\/wp\/v2\/media?parent=1408"}],"wp:term":[{"taxonomy":"product_brand","embeddable":true,"href":"https:\/\/www.billiondaysupplier.com\/fr\/wp-json\/wp\/v2\/product_brand?post=1408"},{"taxonomy":"product_cat","embeddable":true,"href":"https:\/\/www.billiondaysupplier.com\/fr\/wp-json\/wp\/v2\/product_cat?post=1408"},{"taxonomy":"product_tag","embeddable":true,"href":"https:\/\/www.billiondaysupplier.com\/fr\/wp-json\/wp\/v2\/product_tag?post=1408"}],"curies":[{"name":"wp","href":"https:\/\/api.w.org\/{rel}","templated":true}]}}