{"id":1403,"date":"2025-11-21T02:05:19","date_gmt":"2025-11-21T02:05:19","guid":{"rendered":"https:\/\/www.billiondaysupplier.com\/?post_type=product&#038;p=1403"},"modified":"2025-11-21T02:05:20","modified_gmt":"2025-11-21T02:05:20","slug":"custom-chafing-dishes","status":"publish","type":"product","link":"https:\/\/www.billiondaysupplier.com\/fr\/product\/custom-chafing-dishes\/","title":{"rendered":"Plats \u00e0 r\u00e9chauffer ronds avec couvercle hydraulique en verre Gold Wholesale"},"content":{"rendered":"<div class=\"wp-block-columns is-layout-flex wp-container-core-columns-is-layout-9d6595d7 wp-block-columns-is-layout-flex\">\n<div class=\"wp-block-column is-layout-flow wp-block-column-is-layout-flow\">\n<h2 class=\"wp-block-heading\">Plats \u00e0 r\u00f4tir en or Caract\u00e9ristiques :<\/h2>\n\n\n\n<p><strong>Conception hydraulique :<\/strong> Il permet d'ouvrir et de fermer le couvercle en douceur et sans bruit, \u00e9vitant ainsi les br\u00fblures de vapeur et offrant une exp\u00e9rience agr\u00e9able \u00e0 l'utilisateur.<\/p>\n\n\n\n<p><strong>Couvercle en verre tr\u00e8s r\u00e9sistant<\/strong>: R\u00e9sistant aux hautes temp\u00e9ratures, robuste et clair, il permet de visualiser facilement et intuitivement la couleur et l'\u00e9tat des aliments.<\/p>\n\n\n\n<p><strong>Mat\u00e9riaux de premi\u00e8re qualit\u00e9 :<\/strong> Il est fabriqu\u00e9 en acier inoxydable de haute qualit\u00e9 avec une finition plaqu\u00e9e or brillant, alliant durabilit\u00e9, r\u00e9sistance \u00e0 la corrosion et attrait visuel luxueux et \u00e9l\u00e9gant.<\/p>\n\n\n\n<p><strong>D\u00e9tails de haute qualit\u00e9 :<\/strong> Les poign\u00e9es ergonomiques r\u00e9sistantes \u00e0 la chaleur et les pieds robustes assurent la s\u00e9curit\u00e9 et la facilit\u00e9 d'utilisation et garantissent la stabilit\u00e9 lors de la mise en place.<\/p>\n\n\n\n<p><strong>Style polyvalent<\/strong>: Le design g\u00e9n\u00e9ral est simple et moderne, s'int\u00e9grant facilement dans divers environnements de restauration tout en rehaussant consid\u00e9rablement le style et la sophistication du buffet.<\/p>\n<\/div>\n\n\n\n<div class=\"wp-block-column is-layout-flow wp-block-column-is-layout-flow\">\n<figure class=\"wp-block-image size-full\"><img decoding=\"async\" width=\"800\" height=\"800\" src=\"https:\/\/www.billiondaysupplier.com\/wp-content\/uploads\/2025\/11\/chafing-1.webp\" alt=\"chafing dish wholesale price\" class=\"wp-image-1405\" srcset=\"https:\/\/www.billiondaysupplier.com\/wp-content\/uploads\/2025\/11\/chafing-1.webp 800w, https:\/\/www.billiondaysupplier.com\/wp-content\/uploads\/2025\/11\/chafing-1-300x300.webp 300w, https:\/\/www.billiondaysupplier.com\/wp-content\/uploads\/2025\/11\/chafing-1-150x150.webp 150w, https:\/\/www.billiondaysupplier.com\/wp-content\/uploads\/2025\/11\/chafing-1-768x768.webp 768w, https:\/\/www.billiondaysupplier.com\/wp-content\/uploads\/2025\/11\/chafing-1-12x12.webp 12w, https:\/\/www.billiondaysupplier.com\/wp-content\/uploads\/2025\/11\/chafing-1-600x600.webp 600w, https:\/\/www.billiondaysupplier.com\/wp-content\/uploads\/2025\/11\/chafing-1-100x100.webp 100w\" sizes=\"(max-width: 800px) 100vw, 800px\" \/><\/figure>\n<\/div>\n<\/div>","protected":false},"excerpt":{"rendered":"<p>Les chafing dishes personnalis\u00e9s Billion Day allient la praticit\u00e9 de la fermeture hydraulique \u00e0 la beaut\u00e9 luxueuse de l'or. Les commandes en gros et les services de personnalisation sont disponibles. Les demandes de renseignements sont les bienvenues !<\/p>\n<h2>Param\u00e8tres des plats de cuisson en or\uff1a<\/h2>\n<table border=\"0\" width=\"404\" cellspacing=\"0\" cellpadding=\"0\">\n<tbody>\n<tr>\n<td style=\"text-align: left;\" width=\"148\" height=\"24\"><strong>Mat\u00e9riau<\/strong><\/td>\n<td style=\"text-align: left;\" width=\"256\">Acier inoxydable 201<\/td>\n<\/tr>\n<tr>\n<td style=\"text-align: left;\" height=\"69\"><strong>Couleur<\/strong><\/td>\n<td style=\"text-align: left;\" width=\"256\">Or\/Acceptation du sur mesure<\/td>\n<\/tr>\n<tr>\n<td style=\"text-align: left;\" height=\"24\"><strong>M\u00e9thode de chauffage<\/strong><\/td>\n<td style=\"text-align: left;\">Chauffage au fuel ou \u00e9lectrique<\/td>\n<\/tr>\n<tr>\n<td style=\"text-align: left;\" height=\"24\"><strong>Capacit\u00e9<\/strong><\/td>\n<td style=\"text-align: left;\">6.0L<\/td>\n<\/tr>\n<tr>\n<td style=\"text-align: left;\" height=\"92\"><strong>Fonctionnalit\u00e9<\/strong><\/td>\n<td style=\"text-align: left;\" width=\"256\">1. Couvercle hydraulique avec grande fen\u00eatre en verre<br \/>2. Bords arrondis polis miroir<br \/>3. Cadre vertical stable<\/td>\n<\/tr>\n<tr>\n<td style=\"text-align: left;\" height=\"24\"><strong>Option personnalis\u00e9e<\/strong><\/td>\n<td style=\"text-align: left;\">Logo\/couleur\/taille\/emballage\/accessoires<\/td>\n<\/tr>\n<\/tbody>\n<\/table>","protected":false},"featured_media":1405,"comment_status":"closed","ping_status":"closed","template":"","meta":{"_acf_changed":false},"product_brand":[],"product_cat":[18],"product_tag":[],"class_list":{"0":"post-1403","1":"product","2":"type-product","3":"status-publish","4":"has-post-thumbnail","6":"product_cat-wholesale-chafing-dishes","8":"first","9":"instock","10":"shipping-taxable","11":"product-type-simple"},"acf":[],"_links":{"self":[{"href":"https:\/\/www.billiondaysupplier.com\/fr\/wp-json\/wp\/v2\/product\/1403","targetHints":{"allow":["GET"]}}],"collection":[{"href":"https:\/\/www.billiondaysupplier.com\/fr\/wp-json\/wp\/v2\/product"}],"about":[{"href":"https:\/\/www.billiondaysupplier.com\/fr\/wp-json\/wp\/v2\/types\/product"}],"replies":[{"embeddable":true,"href":"https:\/\/www.billiondaysupplier.com\/fr\/wp-json\/wp\/v2\/comments?post=1403"}],"wp:featuredmedia":[{"embeddable":true,"href":"https:\/\/www.billiondaysupplier.com\/fr\/wp-json\/wp\/v2\/media\/1405"}],"wp:attachment":[{"href":"https:\/\/www.billiondaysupplier.com\/fr\/wp-json\/wp\/v2\/media?parent=1403"}],"wp:term":[{"taxonomy":"product_brand","embeddable":true,"href":"https:\/\/www.billiondaysupplier.com\/fr\/wp-json\/wp\/v2\/product_brand?post=1403"},{"taxonomy":"product_cat","embeddable":true,"href":"https:\/\/www.billiondaysupplier.com\/fr\/wp-json\/wp\/v2\/product_cat?post=1403"},{"taxonomy":"product_tag","embeddable":true,"href":"https:\/\/www.billiondaysupplier.com\/fr\/wp-json\/wp\/v2\/product_tag?post=1403"}],"curies":[{"name":"wp","href":"https:\/\/api.w.org\/{rel}","templated":true}]}}