{"id":1381,"date":"2025-11-21T02:05:03","date_gmt":"2025-11-21T02:05:03","guid":{"rendered":"https:\/\/www.billiondaysupplier.com\/?post_type=product&#038;p=1381"},"modified":"2025-11-21T02:05:04","modified_gmt":"2025-11-21T02:05:04","slug":"wholesale-catering-chafing-dish","status":"publish","type":"product","link":"https:\/\/www.billiondaysupplier.com\/fr\/product\/wholesale-catering-chafing-dish\/","title":{"rendered":"Wholesale Catering Chafing Dish, Square Food Warmer with Glass Lid Custom"},"content":{"rendered":"<div class=\"wp-block-columns is-layout-flex wp-container-core-columns-is-layout-9d6595d7 wp-block-columns-is-layout-flex\">\n<div class=\"wp-block-column is-layout-flow wp-block-column-is-layout-flow\">\n<h2 class=\"wp-block-heading\">Caract\u00e9ristiques du plat \u00e0 r\u00f4tir de restauration :<\/h2>\n\n\n\n<p><strong>Aspect \u00e9l\u00e9gant :<\/strong> La finition galvanique or brillant sur un acier inoxydable de qualit\u00e9 sup\u00e9rieure r\u00e9siste \u00e0 la corrosion et \u00e0 l'oxydation pour plus de luxe et de classe.<\/p>\n\n\n\n<p><strong>Couvercle en verre<\/strong>: Permet \u00e0 l'utilisateur de voir les aliments \u00e0 l'int\u00e9rieur sans n\u00e9cessairement ouvrir le couvercle, ce qui \u00e9vite la perte de chaleur en ouvrant fr\u00e9quemment le couvercle, d'o\u00f9 la pr\u00e9servation de la temp\u00e9rature et de l'humidit\u00e9 des aliments.<\/p>\n\n\n\n<p><strong>Pot int\u00e9rieur divis\u00e9<\/strong>: Peut maintenir au chaud un ou deux plats diff\u00e9rents en m\u00eame temps, am\u00e9liorant ainsi la pr\u00e9sentation pour s'adapter \u00e0 diverses occasions.<\/p>\n\n\n\n<p><strong>Jambes sur\u00e9lev\u00e9es<\/strong>: Le four ne sera pas plac\u00e9 sur le plan de travail, ce qui le rendra non seulement plus s\u00fbr et plus esth\u00e9tique, mais aussi plus facile \u00e0 nettoyer, am\u00e9liorant ainsi l'ambiance de la salle \u00e0 manger.<\/p>\n\n\n\n<p><strong>Polyvalent :<\/strong> Pour les h\u00f4tels, les buffets, les banquets de mariage et bien d'autres lieux, il r\u00e9pond certainement aux exigences de la restauration commerciale : efficace, durable et \u00e9l\u00e9gant.<\/p>\n\n\n\n<p><strong>Facile \u00e0 nettoyer<\/strong>: Fabriqu\u00e9e en acier inoxydable et en verre de haute qualit\u00e9, la surface lisse facilite le nettoyage et l'entretien, ce qui accro\u00eet l'efficacit\u00e9.<\/p>\n\n\n\n<p><strong>Service OEM<\/strong>: Nous proposons des logos, des couleurs, des capacit\u00e9s, des styles et des emballages personnalis\u00e9s pour r\u00e9pondre aux divers besoins du march\u00e9.<\/p>\n<\/div>\n\n\n\n<div class=\"wp-block-column is-layout-flow wp-block-column-is-layout-flow\">\n<figure class=\"wp-block-image size-full\"><img decoding=\"async\" width=\"800\" height=\"800\" src=\"https:\/\/www.billiondaysupplier.com\/wp-content\/uploads\/2025\/11\/chafing-dish-manufacturers-in-china.webp\" alt=\"fabricants de chafing dish en chine\" class=\"wp-image-1384\" srcset=\"https:\/\/www.billiondaysupplier.com\/wp-content\/uploads\/2025\/11\/chafing-dish-manufacturers-in-china.webp 800w, https:\/\/www.billiondaysupplier.com\/wp-content\/uploads\/2025\/11\/chafing-dish-manufacturers-in-china-300x300.webp 300w, https:\/\/www.billiondaysupplier.com\/wp-content\/uploads\/2025\/11\/chafing-dish-manufacturers-in-china-150x150.webp 150w, https:\/\/www.billiondaysupplier.com\/wp-content\/uploads\/2025\/11\/chafing-dish-manufacturers-in-china-768x768.webp 768w, https:\/\/www.billiondaysupplier.com\/wp-content\/uploads\/2025\/11\/chafing-dish-manufacturers-in-china-12x12.webp 12w, https:\/\/www.billiondaysupplier.com\/wp-content\/uploads\/2025\/11\/chafing-dish-manufacturers-in-china-600x600.webp 600w, https:\/\/www.billiondaysupplier.com\/wp-content\/uploads\/2025\/11\/chafing-dish-manufacturers-in-china-100x100.webp 100w\" sizes=\"(max-width: 800px) 100vw, 800px\" \/><\/figure>\n<\/div>\n<\/div>","protected":false},"excerpt":{"rendered":"<p>R\u00e9chauds de restauration en gros, r\u00e9chauds isol\u00e9s de haute qualit\u00e9, dot\u00e9s d'un design haut, d'un couvercle hydraulique avec une grande fen\u00eatre en verre, et d'un rev\u00eatement int\u00e9rieur compartiment\u00e9, ce qui les rend adapt\u00e9s aux banquets et aux h\u00f4tels. Nous proposons \u00e9galement des services OEM. N'h\u00e9sitez pas \u00e0 nous contacter pour des solutions sur mesure !<\/p>\n<h2>Param\u00e8tres du plat \u00e0 r\u00f4tir de restauration\uff1a<\/h2>\n<table border=\"0\" width=\"404\" cellspacing=\"0\" cellpadding=\"0\">\n<tbody>\n<tr>\n<td style=\"text-align: left;\" width=\"148\" height=\"24\"><strong>Mat\u00e9riau<\/strong><\/td>\n<td style=\"text-align: left;\" width=\"256\">Acier inoxydable 201<\/td>\n<\/tr>\n<tr>\n<td style=\"text-align: left;\" height=\"69\"><strong>Couleur<\/strong><\/td>\n<td style=\"text-align: left;\" width=\"256\">Or\/Acceptation du sur mesure<\/td>\n<\/tr>\n<tr>\n<td style=\"text-align: left;\" height=\"24\"><strong>M\u00e9thode de chauffage<\/strong><\/td>\n<td style=\"text-align: left;\">Chauffage au fuel ou \u00e9lectrique<\/td>\n<\/tr>\n<tr>\n<td style=\"text-align: left;\" height=\"24\"><strong>Capacit\u00e9<\/strong><\/td>\n<td style=\"text-align: left;\">6.0L<\/td>\n<\/tr>\n<tr>\n<td style=\"text-align: left;\" height=\"92\"><strong>Fonctionnalit\u00e9<\/strong><\/td>\n<td style=\"text-align: left;\" width=\"256\">1. Couvercle hydraulique avec grande fen\u00eatre en verre<br \/>2. Bords arrondis polis miroir<br \/>3. Cadre vertical stable<\/td>\n<\/tr>\n<tr>\n<td style=\"text-align: left;\" height=\"24\"><strong>Option personnalis\u00e9e<\/strong><\/td>\n<td style=\"text-align: left;\">Logo\/couleur\/taille\/emballage\/accessoires<\/td>\n<\/tr>\n<\/tbody>\n<\/table>","protected":false},"featured_media":1384,"comment_status":"closed","ping_status":"closed","template":"","meta":{"_acf_changed":false},"product_brand":[],"product_cat":[18],"product_tag":[],"class_list":{"0":"post-1381","1":"product","2":"type-product","3":"status-publish","4":"has-post-thumbnail","6":"product_cat-wholesale-chafing-dishes","8":"first","9":"instock","10":"shipping-taxable","11":"product-type-simple"},"acf":[],"_links":{"self":[{"href":"https:\/\/www.billiondaysupplier.com\/fr\/wp-json\/wp\/v2\/product\/1381","targetHints":{"allow":["GET"]}}],"collection":[{"href":"https:\/\/www.billiondaysupplier.com\/fr\/wp-json\/wp\/v2\/product"}],"about":[{"href":"https:\/\/www.billiondaysupplier.com\/fr\/wp-json\/wp\/v2\/types\/product"}],"replies":[{"embeddable":true,"href":"https:\/\/www.billiondaysupplier.com\/fr\/wp-json\/wp\/v2\/comments?post=1381"}],"wp:featuredmedia":[{"embeddable":true,"href":"https:\/\/www.billiondaysupplier.com\/fr\/wp-json\/wp\/v2\/media\/1384"}],"wp:attachment":[{"href":"https:\/\/www.billiondaysupplier.com\/fr\/wp-json\/wp\/v2\/media?parent=1381"}],"wp:term":[{"taxonomy":"product_brand","embeddable":true,"href":"https:\/\/www.billiondaysupplier.com\/fr\/wp-json\/wp\/v2\/product_brand?post=1381"},{"taxonomy":"product_cat","embeddable":true,"href":"https:\/\/www.billiondaysupplier.com\/fr\/wp-json\/wp\/v2\/product_cat?post=1381"},{"taxonomy":"product_tag","embeddable":true,"href":"https:\/\/www.billiondaysupplier.com\/fr\/wp-json\/wp\/v2\/product_tag?post=1381"}],"curies":[{"name":"wp","href":"https:\/\/api.w.org\/{rel}","templated":true}]}}