{"id":1349,"date":"2025-10-28T01:55:52","date_gmt":"2025-10-28T01:55:52","guid":{"rendered":"https:\/\/www.billiondaysupplier.com\/?post_type=product&#038;p=1349"},"modified":"2025-11-02T23:53:11","modified_gmt":"2025-11-02T23:53:11","slug":"bulk-serving-tongs","status":"publish","type":"product","link":"https:\/\/www.billiondaysupplier.com\/fr\/product\/bulk-serving-tongs\/","title":{"rendered":"Pince \u00e0 servir en acier inoxydable pour buffet et cuisine Wholesale"},"content":{"rendered":"<div class=\"wp-block-columns is-layout-flex wp-container-core-columns-is-layout-9d6595d7 wp-block-columns-is-layout-flex\">\n<div class=\"wp-block-column is-layout-flow wp-block-column-is-layout-flow\">\n<h2 class=\"wp-block-heading\">Pince \u00e0 servir Caract\u00e9ristiques :<\/h2>\n\n\n\n<p><strong>Acier inoxydable de haute qualit\u00e9 :<\/strong> Fabriqu\u00e9 en acier inoxydable 304 tr\u00e8s r\u00e9sistant \u00e0 la corrosion, il garantit la durabilit\u00e9 et r\u00e9duit les co\u00fbts de remplacement pour les restaurants.<\/p>\n\n\n\n<p><strong>Miroir poli Finition :<\/strong> Le polissage lisse r\u00e9duit l'adh\u00e9rence des aliments et facilite le nettoyage.<\/p>\n\n\n\n<p><strong>Conception creuse : <\/strong>Permet un \u00e9coulement rapide de l'huile et de l'eau, id\u00e9al pour la friture et la cuisson.<\/p>\n\n\n\n<p><strong>Prise en main confortable : <\/strong>La poign\u00e9e \u00e9paissie de conception ergonomique offre une prise s\u00fbre et antid\u00e9rapante, r\u00e9duisant ainsi le risque de renversement des aliments.<\/p>\n\n\n\n<p><strong>Adaptabilit\u00e9 Flexibilit\u00e9<\/strong>: Disponible en or ou en argent, le design fin s'int\u00e8gre facilement \u00e0 l'int\u00e9rieur des restaurants raffin\u00e9s, des fast-foods, des boulangeries, etc. Il peut \u00e9galement \u00eatre utilis\u00e9 dans les foyers, les buffets, les pique-niques, etc. et pour d'autres besoins de l'entreprise.<\/p>\n<\/div>\n\n\n\n<div class=\"wp-block-column is-layout-flow wp-block-column-is-layout-flow\">\n<figure class=\"wp-block-image size-full\"><img decoding=\"async\" width=\"1500\" height=\"1500\" src=\"https:\/\/www.billiondaysupplier.com\/wp-content\/uploads\/2025\/10\/wholesale-stainless-steel-serving-tongs-3.webp\" alt=\"Pince \u00e0 servir en gros en acier inoxydable (3)\" class=\"wp-image-1352\" srcset=\"https:\/\/www.billiondaysupplier.com\/wp-content\/uploads\/2025\/10\/wholesale-stainless-steel-serving-tongs-3.webp 1500w, https:\/\/www.billiondaysupplier.com\/wp-content\/uploads\/2025\/10\/wholesale-stainless-steel-serving-tongs-3-300x300.webp 300w, https:\/\/www.billiondaysupplier.com\/wp-content\/uploads\/2025\/10\/wholesale-stainless-steel-serving-tongs-3-150x150.webp 150w, https:\/\/www.billiondaysupplier.com\/wp-content\/uploads\/2025\/10\/wholesale-stainless-steel-serving-tongs-3-768x768.webp 768w, https:\/\/www.billiondaysupplier.com\/wp-content\/uploads\/2025\/10\/wholesale-stainless-steel-serving-tongs-3-12x12.webp 12w, https:\/\/www.billiondaysupplier.com\/wp-content\/uploads\/2025\/10\/wholesale-stainless-steel-serving-tongs-3-1200x1200.webp 1200w, https:\/\/www.billiondaysupplier.com\/wp-content\/uploads\/2025\/10\/wholesale-stainless-steel-serving-tongs-3-600x600.webp 600w, https:\/\/www.billiondaysupplier.com\/wp-content\/uploads\/2025\/10\/wholesale-stainless-steel-serving-tongs-3-100x100.webp 100w\" sizes=\"(max-width: 1500px) 100vw, 1500px\" \/><\/figure>\n<\/div>\n<\/div>\n\n\n\n<div class=\"wp-block-columns is-layout-flex wp-container-core-columns-is-layout-9d6595d7 wp-block-columns-is-layout-flex\">\n<div class=\"wp-block-column is-layout-flow wp-block-column-is-layout-flow\">\n<figure class=\"wp-block-image size-full\"><img decoding=\"async\" width=\"1500\" height=\"1500\" src=\"https:\/\/www.billiondaysupplier.com\/wp-content\/uploads\/2025\/10\/wholesale-stainless-steel-serving-tongs-2.webp\" alt=\"Pince \u00e0 servir en gros en acier inoxydable (2)\" class=\"wp-image-1351\" srcset=\"https:\/\/www.billiondaysupplier.com\/wp-content\/uploads\/2025\/10\/wholesale-stainless-steel-serving-tongs-2.webp 1500w, https:\/\/www.billiondaysupplier.com\/wp-content\/uploads\/2025\/10\/wholesale-stainless-steel-serving-tongs-2-300x300.webp 300w, https:\/\/www.billiondaysupplier.com\/wp-content\/uploads\/2025\/10\/wholesale-stainless-steel-serving-tongs-2-150x150.webp 150w, https:\/\/www.billiondaysupplier.com\/wp-content\/uploads\/2025\/10\/wholesale-stainless-steel-serving-tongs-2-768x768.webp 768w, https:\/\/www.billiondaysupplier.com\/wp-content\/uploads\/2025\/10\/wholesale-stainless-steel-serving-tongs-2-12x12.webp 12w, https:\/\/www.billiondaysupplier.com\/wp-content\/uploads\/2025\/10\/wholesale-stainless-steel-serving-tongs-2-1200x1200.webp 1200w, https:\/\/www.billiondaysupplier.com\/wp-content\/uploads\/2025\/10\/wholesale-stainless-steel-serving-tongs-2-600x600.webp 600w, https:\/\/www.billiondaysupplier.com\/wp-content\/uploads\/2025\/10\/wholesale-stainless-steel-serving-tongs-2-100x100.webp 100w\" sizes=\"(max-width: 1500px) 100vw, 1500px\" \/><\/figure>\n<\/div>\n\n\n\n<div class=\"wp-block-column is-layout-flow wp-block-column-is-layout-flow\">\n<figure class=\"wp-block-image size-full\"><img decoding=\"async\" width=\"1500\" height=\"1500\" src=\"https:\/\/www.billiondaysupplier.com\/wp-content\/uploads\/2025\/10\/wholesale-stainless-steel-serving-tongs-5.webp\" alt=\"Pince \u00e0 servir en gros en acier inoxydable (5)\" class=\"wp-image-1354\" srcset=\"https:\/\/www.billiondaysupplier.com\/wp-content\/uploads\/2025\/10\/wholesale-stainless-steel-serving-tongs-5.webp 1500w, https:\/\/www.billiondaysupplier.com\/wp-content\/uploads\/2025\/10\/wholesale-stainless-steel-serving-tongs-5-300x300.webp 300w, https:\/\/www.billiondaysupplier.com\/wp-content\/uploads\/2025\/10\/wholesale-stainless-steel-serving-tongs-5-150x150.webp 150w, https:\/\/www.billiondaysupplier.com\/wp-content\/uploads\/2025\/10\/wholesale-stainless-steel-serving-tongs-5-768x768.webp 768w, https:\/\/www.billiondaysupplier.com\/wp-content\/uploads\/2025\/10\/wholesale-stainless-steel-serving-tongs-5-12x12.webp 12w, https:\/\/www.billiondaysupplier.com\/wp-content\/uploads\/2025\/10\/wholesale-stainless-steel-serving-tongs-5-1200x1200.webp 1200w, https:\/\/www.billiondaysupplier.com\/wp-content\/uploads\/2025\/10\/wholesale-stainless-steel-serving-tongs-5-600x600.webp 600w, https:\/\/www.billiondaysupplier.com\/wp-content\/uploads\/2025\/10\/wholesale-stainless-steel-serving-tongs-5-100x100.webp 100w\" sizes=\"(max-width: 1500px) 100vw, 1500px\" \/><\/figure>\n<\/div>\n<\/div>","protected":false},"excerpt":{"rendered":"<p>Les pinces de service en vrac sont en acier inoxydable \u00e9paissi et dot\u00e9es d'une structure creuse pour l'\u00e9vacuation de l'huile. R\u00e9sistantes \u00e0 la chaleur et antid\u00e9rapantes, elles conviennent aux buffets et aux cuisines. Directement de l'usine, les prix de gros sont favorables. Renseignez-vous d\u00e8s maintenant !<\/p>\n<h2>Pince \u00e0 servir Param\u00e8tre\uff1a<\/h2>\n<table width=\"378\">\n<tbody>\n<tr>\n<td style=\"text-align: left;\" width=\"155\">Mat\u00e9riau<\/td>\n<td style=\"text-align: left;\" width=\"223\">Acier inoxydable 304 et fer chrom\u00e9<\/td>\n<\/tr>\n<tr>\n<td>Couleur<\/td>\n<td width=\"223\">Argent \/ Or<\/td>\n<\/tr>\n<tr>\n<td width=\"155\">Fonctionnalit\u00e9<\/td>\n<td width=\"223\">\n<p>1. Acier inoxydable \u00e9paissi<br \/>2. Polissage miroir<br \/>3. Conception en creux<br \/>4. Poign\u00e9e ergonomique \u00e9paissie<br \/>5. Compatibilit\u00e9 multi-sc\u00e8ne<\/p>\n<\/td>\n<\/tr>\n<tr>\n<td>Option personnalis\u00e9e<\/td>\n<td style=\"text-align: left;\" width=\"223\">Logo\/couleur\/taille\/emballage\/accessoires<\/td>\n<\/tr>\n<\/tbody>\n<\/table>","protected":false},"featured_media":1350,"comment_status":"closed","ping_status":"closed","template":"","meta":{"_acf_changed":false},"product_brand":[],"product_cat":[23],"product_tag":[],"class_list":{"0":"post-1349","1":"product","2":"type-product","3":"status-publish","4":"has-post-thumbnail","6":"product_cat-wholesale-buffet-accessories","8":"first","9":"instock","10":"shipping-taxable","11":"product-type-simple"},"acf":[],"_links":{"self":[{"href":"https:\/\/www.billiondaysupplier.com\/fr\/wp-json\/wp\/v2\/product\/1349","targetHints":{"allow":["GET"]}}],"collection":[{"href":"https:\/\/www.billiondaysupplier.com\/fr\/wp-json\/wp\/v2\/product"}],"about":[{"href":"https:\/\/www.billiondaysupplier.com\/fr\/wp-json\/wp\/v2\/types\/product"}],"replies":[{"embeddable":true,"href":"https:\/\/www.billiondaysupplier.com\/fr\/wp-json\/wp\/v2\/comments?post=1349"}],"wp:featuredmedia":[{"embeddable":true,"href":"https:\/\/www.billiondaysupplier.com\/fr\/wp-json\/wp\/v2\/media\/1350"}],"wp:attachment":[{"href":"https:\/\/www.billiondaysupplier.com\/fr\/wp-json\/wp\/v2\/media?parent=1349"}],"wp:term":[{"taxonomy":"product_brand","embeddable":true,"href":"https:\/\/www.billiondaysupplier.com\/fr\/wp-json\/wp\/v2\/product_brand?post=1349"},{"taxonomy":"product_cat","embeddable":true,"href":"https:\/\/www.billiondaysupplier.com\/fr\/wp-json\/wp\/v2\/product_cat?post=1349"},{"taxonomy":"product_tag","embeddable":true,"href":"https:\/\/www.billiondaysupplier.com\/fr\/wp-json\/wp\/v2\/product_tag?post=1349"}],"curies":[{"name":"wp","href":"https:\/\/api.w.org\/{rel}","templated":true}]}}