{"id":1335,"date":"2025-10-27T09:23:33","date_gmt":"2025-10-27T09:23:33","guid":{"rendered":"https:\/\/www.billiondaysupplier.com\/?post_type=product&#038;p=1335"},"modified":"2025-11-03T08:31:31","modified_gmt":"2025-11-03T08:31:31","slug":"bulk-seasoning-spice-box","status":"publish","type":"product","link":"https:\/\/www.billiondaysupplier.com\/fr\/product\/bulk-seasoning-spice-box\/","title":{"rendered":"Bo\u00eete \u00e0 \u00e9pices en acier inoxydable \u00e0 compartiments multiples Style japonais"},"content":{"rendered":"<div class=\"wp-block-columns is-layout-flex wp-container-core-columns-is-layout-9d6595d7 wp-block-columns-is-layout-flex\">\n<div class=\"wp-block-column is-layout-flow wp-block-column-is-layout-flow\">\n<h2 class=\"wp-block-heading\">Bo\u00eete \u00e0 \u00e9pices Caract\u00e9ristiques :<\/h2>\n\n\n\n<p><strong>Diff\u00e9rentes tailles sont disponibles : <\/strong>Disponibles en deux, trois, quatre et six compartiments, des mod\u00e8les \u00e0 double division aux mod\u00e8les \u00e0 grande capacit\u00e9 et \u00e0 plusieurs compartiments, les r\u00e9cipients \u00e0 \u00e9pices r\u00e9pondent aux diff\u00e9rents besoins de stockage d'\u00e9pices des particuliers et des entreprises.<\/p>\n\n\n\n<p><strong>Style japonais : <\/strong>L'aspect japonais \u00e0 la mode, les lignes \u00e9pur\u00e9es et l'organisation efficace des rangements permettent d'assainir la cuisine et de la rendre plus ordonn\u00e9e.<\/p>\n\n\n\n<p><strong>Compartiments ind\u00e9pendants<\/strong>: Les compartiments \u00e0 \u00e9pices sont ferm\u00e9s individuellement pour \u00e9viter le m\u00e9lange des \u00e9pices, des assaisonnements et des sauces, ce qui permet de conserver leur saveur originale et d'assurer une utilisation hygi\u00e9nique.<\/p>\n\n\n\n<p><strong>Bo\u00eete int\u00e9rieure amovible :<\/strong> La bo\u00eete int\u00e9rieure est amovible de mani\u00e8re flexible pour faciliter le tri et le nettoyage, afin d'\u00e9viter que la salet\u00e9 ne s'accumule dans les coins et d'offrir une plus grande commodit\u00e9.<\/p>\n\n\n\n<p><strong>Mat\u00e9riau de haute qualit\u00e9 :<\/strong> Fabriqu\u00e9 en acier inoxydable de qualit\u00e9 alimentaire, il r\u00e9siste \u00e0 la rouille et \u00e0 la corrosion et pr\u00e9sente une surface lisse et facile \u00e0 nettoyer, parfaite pour les cuisines \u00e0 usage intensif.<\/p>\n\n\n\n<p><strong>Texture haut de gamme<\/strong>: Avec une finition mate gris fonc\u00e9 ou argent m\u00e9tallis\u00e9, associ\u00e9e \u00e0 un dessus brillant et r\u00e9fl\u00e9chissant, la bo\u00eete donne un aspect minimaliste de style japonais qui s'harmonise avec l'\u00e9l\u00e9gance g\u00e9n\u00e9rale de votre cuisine.<\/p>\n\n\n\n<p><strong>Application universelle<\/strong>: Id\u00e9al pour la cuisine familiale, les cuisines de restaurants, les restaurants japonais, les ateliers de p\u00e2tisserie, et au-del\u00e0, pour une utilisation personnelle, commerciale et pour les achats en gros.<\/p>\n\n\n\n<p><strong>Disponible pour la personnalisation en gros<\/strong>: Permet la personnalisation OEM\/ODM avec une couleur, une taille et une longueur de grille personnalisables afin de r\u00e9pondre aux besoins sp\u00e9cifiques des marques et des distributeurs.<\/p>\n<\/div>\n\n\n\n<div class=\"wp-block-column is-layout-flow wp-block-column-is-layout-flow\">\n<figure class=\"wp-block-image size-full\"><img decoding=\"async\" width=\"2501\" height=\"2501\" src=\"https:\/\/www.billiondaysupplier.com\/wp-content\/uploads\/2025\/10\/wholesale-seasoning-spice-box-2.webp\" alt=\"Bo\u00eete \u00e0 \u00e9pices en gros (2)\" class=\"wp-image-1337\" srcset=\"https:\/\/www.billiondaysupplier.com\/wp-content\/uploads\/2025\/10\/wholesale-seasoning-spice-box-2.webp 2501w, https:\/\/www.billiondaysupplier.com\/wp-content\/uploads\/2025\/10\/wholesale-seasoning-spice-box-2-300x300.webp 300w, https:\/\/www.billiondaysupplier.com\/wp-content\/uploads\/2025\/10\/wholesale-seasoning-spice-box-2-150x150.webp 150w, https:\/\/www.billiondaysupplier.com\/wp-content\/uploads\/2025\/10\/wholesale-seasoning-spice-box-2-768x768.webp 768w, https:\/\/www.billiondaysupplier.com\/wp-content\/uploads\/2025\/10\/wholesale-seasoning-spice-box-2-12x12.webp 12w, https:\/\/www.billiondaysupplier.com\/wp-content\/uploads\/2025\/10\/wholesale-seasoning-spice-box-2-1200x1200.webp 1200w, https:\/\/www.billiondaysupplier.com\/wp-content\/uploads\/2025\/10\/wholesale-seasoning-spice-box-2-600x600.webp 600w, https:\/\/www.billiondaysupplier.com\/wp-content\/uploads\/2025\/10\/wholesale-seasoning-spice-box-2-100x100.webp 100w\" sizes=\"(max-width: 2501px) 100vw, 2501px\" \/><\/figure>\n<\/div>\n<\/div>","protected":false},"excerpt":{"rendered":"<p>La bo\u00eete \u00e0 \u00e9pices en gros pr\u00e9sente un style japonais minimaliste, est disponible dans une vari\u00e9t\u00e9 de tailles, de 2 \u00e0 6 compartiments ind\u00e9pendants pour emp\u00eacher le transfert d'odeurs, ce qui en fait un auxiliaire de cuisine essentiel. Les meilleurs prix de gros sont disponibles. Contactez-nous pour conna\u00eetre les prix !<\/p>\n<h2>Bo\u00eete \u00e0 \u00e9pices Param\u00e8tre\uff1a<\/h2>\n<table border=\"0\" width=\"404\" cellspacing=\"0\" cellpadding=\"0\">\n<tbody>\n<tr>\n<td style=\"text-align: left;\" width=\"148\" height=\"24\"><strong>Mat\u00e9riau<\/strong><\/td>\n<td style=\"text-align: left;\" width=\"256\">Acier inoxydable 201<\/td>\n<\/tr>\n<tr>\n<td style=\"text-align: left;\" height=\"24\"><strong>Couleur<\/strong><\/td>\n<td style=\"text-align: left;\">argent liquide<\/td>\n<\/tr>\n<tr>\n<td style=\"text-align: left;\" width=\"148\" height=\"24\"><strong>Couvercle<\/strong><\/td>\n<td style=\"text-align: left;\" width=\"256\">PP\/Acier<\/td>\n<\/tr>\n<tr>\n<td style=\"text-align: left;\" height=\"24\"><strong>Compartiment<\/strong><\/td>\n<td style=\"text-align: left;\">2\/3\/4\/6 \/8Section<\/td>\n<\/tr>\n<tr>\n<td style=\"text-align: left;\" height=\"92\"><strong>Fonctionnalit\u00e9<\/strong><\/td>\n<td style=\"text-align: left;\" width=\"256\">\n<p>1. Compartiments raisonnables<br \/>2. Facile \u00e0 nettoyer<br \/>3. Empilable<\/p>\n<\/td>\n<\/tr>\n<tr>\n<td style=\"text-align: left;\" height=\"24\"><strong>Option personnalis\u00e9e<\/strong><\/td>\n<td style=\"text-align: left;\">Logo\/taille\/emballage\/accessoires<\/td>\n<\/tr>\n<\/tbody>\n<\/table>","protected":false},"featured_media":1341,"comment_status":"closed","ping_status":"closed","template":"","meta":{"_acf_changed":false},"product_brand":[],"product_cat":[26],"product_tag":[],"class_list":{"0":"post-1335","1":"product","2":"type-product","3":"status-publish","4":"has-post-thumbnail","6":"product_cat-wholesale-seasoning-box","8":"first","9":"instock","10":"shipping-taxable","11":"product-type-simple"},"acf":[],"_links":{"self":[{"href":"https:\/\/www.billiondaysupplier.com\/fr\/wp-json\/wp\/v2\/product\/1335","targetHints":{"allow":["GET"]}}],"collection":[{"href":"https:\/\/www.billiondaysupplier.com\/fr\/wp-json\/wp\/v2\/product"}],"about":[{"href":"https:\/\/www.billiondaysupplier.com\/fr\/wp-json\/wp\/v2\/types\/product"}],"replies":[{"embeddable":true,"href":"https:\/\/www.billiondaysupplier.com\/fr\/wp-json\/wp\/v2\/comments?post=1335"}],"wp:featuredmedia":[{"embeddable":true,"href":"https:\/\/www.billiondaysupplier.com\/fr\/wp-json\/wp\/v2\/media\/1341"}],"wp:attachment":[{"href":"https:\/\/www.billiondaysupplier.com\/fr\/wp-json\/wp\/v2\/media?parent=1335"}],"wp:term":[{"taxonomy":"product_brand","embeddable":true,"href":"https:\/\/www.billiondaysupplier.com\/fr\/wp-json\/wp\/v2\/product_brand?post=1335"},{"taxonomy":"product_cat","embeddable":true,"href":"https:\/\/www.billiondaysupplier.com\/fr\/wp-json\/wp\/v2\/product_cat?post=1335"},{"taxonomy":"product_tag","embeddable":true,"href":"https:\/\/www.billiondaysupplier.com\/fr\/wp-json\/wp\/v2\/product_tag?post=1335"}],"curies":[{"name":"wp","href":"https:\/\/api.w.org\/{rel}","templated":true}]}}