{"id":1330,"date":"2025-10-27T08:42:49","date_gmt":"2025-10-27T08:42:49","guid":{"rendered":"https:\/\/www.billiondaysupplier.com\/?post_type=product&#038;p=1330"},"modified":"2025-11-03T08:52:01","modified_gmt":"2025-11-03T08:52:01","slug":"bulk-electric-soup-warmer","status":"publish","type":"product","link":"https:\/\/www.billiondaysupplier.com\/fr\/product\/bulk-electric-soup-warmer\/","title":{"rendered":"Bulk Electric Soup Warmer 13L Threaded, Round Soup Kettle for Buffet Wholesale"},"content":{"rendered":"<div class=\"wp-block-columns is-layout-flex wp-container-core-columns-is-layout-9d6595d7 wp-block-columns-is-layout-flex\">\n<div class=\"wp-block-column is-layout-flow wp-block-column-is-layout-flow\">\n<h2 class=\"wp-block-heading\">R\u00e9chauffeur de soupe \u00e9lectrique Caract\u00e9ristiques :<\/h2>\n\n\n\n<p><strong>Baril filet\u00e9 cylindrique :<\/strong> La conception filet\u00e9e am\u00e9liore la stabilit\u00e9 structurelle et la qualit\u00e9 globale, cr\u00e9ant une apparence \u00e9l\u00e9gante et haut de gamme.<\/p>\n\n\n\n<p><strong>Acier inoxydable de qualit\u00e9 alimentaire :<\/strong> Le rev\u00eatement en acier inoxydable \u00e9paissi r\u00e9pond aux normes de qualit\u00e9 alimentaire et garantit une r\u00e9tention fiable de la chaleur.<\/p>\n\n\n\n<p><strong>Doublure amovible : <\/strong>Le rev\u00eatement est facilement amovible pour un nettoyage ais\u00e9, \u00e9vitant ainsi les taches de soupe et garantissant une hygi\u00e8ne optimale.<\/p>\n\n\n\n<p><strong>Grande capacit\u00e9 de 13 litres<\/strong>: Suffisamment pour contenir plusieurs portions de soupe, parfait pour les r\u00e9unions de famille, les cuisines de restaurant, les petits d\u00e9jeuners d'h\u00f4tel, et plus encore.<\/p>\n\n\n\n<p>Grande taille rationnelle : La conception \u00e9l\u00e9gante de 39\u00d739\u00d742 cm s'adapte \u00e0 une vari\u00e9t\u00e9 d'espaces d'affichage, ajoutant un aspect professionnel aux affichages commerciaux.<\/p>\n\n\n\n<p><strong>Options de couleurs multiples<\/strong>: Disponible dans une vari\u00e9t\u00e9 de couleurs \u00e9l\u00e9gantes, y compris l'or rose, l'argent et l'or, pour s'adapter aux diff\u00e9rents styles de d\u00e9coration des restaurants. Des options personnalisables sont disponibles pour la vente en gros.<\/p>\n\n\n\n<p><strong>Bouton rond R\u00e9gulation de la temp\u00e9rature :<\/strong> Le r\u00e9glage pr\u00e9cis de la temp\u00e9rature et la facilit\u00e9 d'utilisation s'adaptent aux besoins de chaleur des diff\u00e9rents ingr\u00e9dients.<\/p>\n\n\n\n<p><strong>Base stable : <\/strong>Il a c<strong>la<\/strong>Pieds antid\u00e9rapants en forme de W \u00e0 la base. Stable et anti-basculement, il convient \u00e0 une grande vari\u00e9t\u00e9 de bureaux et de po\u00eales, et son utilisation est plus s\u00fbre.<\/p>\n<\/div>\n\n\n\n<div class=\"wp-block-column is-layout-flow wp-block-column-is-layout-flow\">\n<figure class=\"wp-block-image size-full\"><img decoding=\"async\" width=\"1500\" height=\"1500\" src=\"https:\/\/www.billiondaysupplier.com\/wp-content\/uploads\/2025\/10\/Custom-Soup-Kettle-13L-Threaded-Stainless-Steel-Electric-Soup-Warmer-in-Bulk-2.webp\" alt=\"Bouilloire \u00e9lectrique en acier inoxydable 13L en vrac (2)\" class=\"wp-image-1331\" srcset=\"https:\/\/www.billiondaysupplier.com\/wp-content\/uploads\/2025\/10\/Custom-Soup-Kettle-13L-Threaded-Stainless-Steel-Electric-Soup-Warmer-in-Bulk-2.webp 1500w, https:\/\/www.billiondaysupplier.com\/wp-content\/uploads\/2025\/10\/Custom-Soup-Kettle-13L-Threaded-Stainless-Steel-Electric-Soup-Warmer-in-Bulk-2-300x300.webp 300w, https:\/\/www.billiondaysupplier.com\/wp-content\/uploads\/2025\/10\/Custom-Soup-Kettle-13L-Threaded-Stainless-Steel-Electric-Soup-Warmer-in-Bulk-2-150x150.webp 150w, https:\/\/www.billiondaysupplier.com\/wp-content\/uploads\/2025\/10\/Custom-Soup-Kettle-13L-Threaded-Stainless-Steel-Electric-Soup-Warmer-in-Bulk-2-768x768.webp 768w, https:\/\/www.billiondaysupplier.com\/wp-content\/uploads\/2025\/10\/Custom-Soup-Kettle-13L-Threaded-Stainless-Steel-Electric-Soup-Warmer-in-Bulk-2-12x12.webp 12w, https:\/\/www.billiondaysupplier.com\/wp-content\/uploads\/2025\/10\/Custom-Soup-Kettle-13L-Threaded-Stainless-Steel-Electric-Soup-Warmer-in-Bulk-2-1200x1200.webp 1200w, https:\/\/www.billiondaysupplier.com\/wp-content\/uploads\/2025\/10\/Custom-Soup-Kettle-13L-Threaded-Stainless-Steel-Electric-Soup-Warmer-in-Bulk-2-600x600.webp 600w, https:\/\/www.billiondaysupplier.com\/wp-content\/uploads\/2025\/10\/Custom-Soup-Kettle-13L-Threaded-Stainless-Steel-Electric-Soup-Warmer-in-Bulk-2-100x100.webp 100w\" sizes=\"(max-width: 1500px) 100vw, 1500px\" \/><\/figure>\n<\/div>\n<\/div>","protected":false},"excerpt":{"rendered":"<p>Le chauffe-soupe \u00e9lectrique Bulk Custom est dot\u00e9 d'une grande capacit\u00e9 de 13 litres, d'un filetage haut de gamme, d'un acier inoxydable de qualit\u00e9 alimentaire et d'un contr\u00f4le pr\u00e9cis de la temp\u00e9rature.  Plusieurs couleurs disponibles. Convient pour les restaurants, les h\u00f4tels et les maisons. Possibilit\u00e9 de personnalisation, n'h\u00e9sitez pas \u00e0 nous contacter !<\/p>\n<h2>Param\u00e8tres du r\u00e9chaud \u00e0 soupe \u00e9lectrique\uff1a<\/h2>\n<table border=\"0\" width=\"404\" cellspacing=\"0\" cellpadding=\"0\">\n<tbody>\n<tr>\n<td style=\"text-align: left;\" width=\"148\" height=\"24\"><strong>Mat\u00e9riau<\/strong><\/td>\n<td style=\"text-align: left;\" width=\"256\">Acier inoxydable 201\/304<\/td>\n<\/tr>\n<tr>\n<td style=\"text-align: left;\" width=\"148\" height=\"24\"><strong>Couleur<\/strong><\/td>\n<td style=\"text-align: left;\" width=\"256\">Argent\/Or\/Or rose<\/td>\n<\/tr>\n<tr>\n<td style=\"text-align: left;\" width=\"148\" height=\"24\"><strong>Capacit\u00e9<\/strong><\/td>\n<td style=\"text-align: left;\" width=\"256\">10 L\/ 13L<\/td>\n<\/tr>\n<tr>\n<td style=\"text-align: left;\" height=\"92\"><strong>Fonctionnalit\u00e9<\/strong><\/td>\n<td style=\"text-align: left;\" width=\"256\">\n<p>1. Conception anti-br\u00fblure<br \/>2. Pieds stables<br \/>3. Conception d'un mod\u00e8le de marteau<br \/>4. Rev\u00eatement en aluminium<br \/>5. Bouton de r\u00e9glage de la temp\u00e9rature<\/p>\n<\/td>\n<\/tr>\n<tr>\n<td style=\"text-align: left;\" height=\"24\"><strong>Option personnalis\u00e9e<\/strong><\/td>\n<td style=\"text-align: left;\">Logo\/taille\/emballage\/accessoires<\/td>\n<\/tr>\n<\/tbody>\n<\/table>","protected":false},"featured_media":1334,"comment_status":"closed","ping_status":"closed","template":"","meta":{"_acf_changed":true},"product_brand":[],"product_cat":[20],"product_tag":[],"class_list":{"0":"post-1330","1":"product","2":"type-product","3":"status-publish","4":"has-post-thumbnail","6":"product_cat-wholesale-soup-warmer","8":"first","9":"instock","10":"shipping-taxable","11":"product-type-simple"},"acf":[],"_links":{"self":[{"href":"https:\/\/www.billiondaysupplier.com\/fr\/wp-json\/wp\/v2\/product\/1330","targetHints":{"allow":["GET"]}}],"collection":[{"href":"https:\/\/www.billiondaysupplier.com\/fr\/wp-json\/wp\/v2\/product"}],"about":[{"href":"https:\/\/www.billiondaysupplier.com\/fr\/wp-json\/wp\/v2\/types\/product"}],"replies":[{"embeddable":true,"href":"https:\/\/www.billiondaysupplier.com\/fr\/wp-json\/wp\/v2\/comments?post=1330"}],"wp:featuredmedia":[{"embeddable":true,"href":"https:\/\/www.billiondaysupplier.com\/fr\/wp-json\/wp\/v2\/media\/1334"}],"wp:attachment":[{"href":"https:\/\/www.billiondaysupplier.com\/fr\/wp-json\/wp\/v2\/media?parent=1330"}],"wp:term":[{"taxonomy":"product_brand","embeddable":true,"href":"https:\/\/www.billiondaysupplier.com\/fr\/wp-json\/wp\/v2\/product_brand?post=1330"},{"taxonomy":"product_cat","embeddable":true,"href":"https:\/\/www.billiondaysupplier.com\/fr\/wp-json\/wp\/v2\/product_cat?post=1330"},{"taxonomy":"product_tag","embeddable":true,"href":"https:\/\/www.billiondaysupplier.com\/fr\/wp-json\/wp\/v2\/product_tag?post=1330"}],"curies":[{"name":"wp","href":"https:\/\/api.w.org\/{rel}","templated":true}]}}