{"id":1323,"date":"2025-10-27T08:05:43","date_gmt":"2025-10-27T08:05:43","guid":{"rendered":"https:\/\/www.billiondaysupplier.com\/?post_type=product&#038;p=1323"},"modified":"2025-11-03T09:02:01","modified_gmt":"2025-11-03T09:02:01","slug":"custom-cooking-pots","status":"publish","type":"product","link":"https:\/\/www.billiondaysupplier.com\/fr\/product\/custom-cooking-pots\/","title":{"rendered":"Custom Cooking Pots 6 pi\u00e8ces, ensemble de marmites en acier inoxydable en vrac"},"content":{"rendered":"<div class=\"wp-block-columns is-layout-flex wp-container-core-columns-is-layout-9d6595d7 wp-block-columns-is-layout-flex\">\n<div class=\"wp-block-column is-layout-flow wp-block-column-is-layout-flow\">\n<h2 class=\"wp-block-heading\">Marmites de cuisine Caract\u00e9ristiques :<\/h2>\n\n\n\n<p><strong>Acier inoxydable de haute qualit\u00e9 :<\/strong> Fabriqu\u00e9 en acier inoxydable de qualit\u00e9 alimentaire, tr\u00e8s brillant et tr\u00e8s r\u00e9fl\u00e9chissant, il ne rouille pas et ne se corrode pas, ce qui le rend s\u00fbr et sain pour les cuisines des particuliers et des entreprises.<\/p>\n\n\n\n<p><strong>Ensemble de 6 pi\u00e8ces<\/strong>: En jeu de 20 \u00e0 30 cm. La conception de la marmite \u00e0 \u00e9tages (de mini \u00e0 profonde) la rend polyvalente pour diverses utilisations culinaires, y compris le mijotage, la cuisson \u00e0 l'\u00e9touff\u00e9e, l'\u00e9bullition, la friture et la cuisson \u00e0 la vapeur, et elle est id\u00e9ale pour les portions individuelles et familiales.<\/p>\n\n\n\n<p><strong>Avec un couvercle en verre transparent<\/strong>: Observez facilement l'\u00e9tat des ingr\u00e9dients et \u00e9vitez la vapeur pour faciliter la cuisson.<\/p>\n\n\n\n<p><strong>Conception ergonomique<\/strong>: Les poign\u00e9es arrondies ont une forme ergonomique qui permet une prise en main ferme et sans glissement. La poign\u00e9e du couvercle en m\u00e9tal\/acier inoxydable facilite l'ouverture et la fermeture. Conduction uniforme de la chaleur, chauffage rapide, cuisson rapide et \u00e9conomie d'\u00e9nergie.<\/p>\n\n\n\n<p><strong>Finition \u00e9l\u00e9gante<\/strong>: Le corps et le couvercle de la casserole sont fabriqu\u00e9s en acier inoxydable poli et en verre tremp\u00e9, ce qui leur conf\u00e8re une finition m\u00e9tallique robuste. Ce couvercle cosmopolite et \u00e9l\u00e9gant ajoute une touche de classe \u00e0 votre cuisine.<\/p>\n\n\n\n<p><strong>D\u00e9tails exquis :<\/strong> Des poign\u00e9es lisses et robustes, un bouton de couvercle lisse et des bords arrondis incarnent les normes de fabrication \u00e9lev\u00e9es de la marque Tianze.<\/p>\n\n\n\n<p><strong>Largement applicable :<\/strong> Convient \u00e0 un usage quotidien \u00e0 la maison, dans les restaurants, les \u00e9tablissements commerciaux et les cuisines d'h\u00f4tel, et peut \u00e9galement \u00eatre offert en cadeau. Fournitures de cuisine en gros.<\/p>\n<\/div>\n\n\n\n<div class=\"wp-block-column is-layout-flow wp-block-column-is-layout-flow\">\n<figure class=\"wp-block-image size-full\"><img decoding=\"async\" width=\"720\" height=\"720\" src=\"https:\/\/www.billiondaysupplier.com\/wp-content\/uploads\/2025\/10\/custom-cooking-pots-2.webp\" alt=\"casseroles personnalis\u00e9es (2)\" class=\"wp-image-1325\" style=\"object-fit:cover\" srcset=\"https:\/\/www.billiondaysupplier.com\/wp-content\/uploads\/2025\/10\/custom-cooking-pots-2.webp 720w, https:\/\/www.billiondaysupplier.com\/wp-content\/uploads\/2025\/10\/custom-cooking-pots-2-300x300.webp 300w, https:\/\/www.billiondaysupplier.com\/wp-content\/uploads\/2025\/10\/custom-cooking-pots-2-150x150.webp 150w, https:\/\/www.billiondaysupplier.com\/wp-content\/uploads\/2025\/10\/custom-cooking-pots-2-12x12.webp 12w, https:\/\/www.billiondaysupplier.com\/wp-content\/uploads\/2025\/10\/custom-cooking-pots-2-600x600.webp 600w, https:\/\/www.billiondaysupplier.com\/wp-content\/uploads\/2025\/10\/custom-cooking-pots-2-100x100.webp 100w\" sizes=\"(max-width: 720px) 100vw, 720px\" \/><\/figure>\n<\/div>\n<\/div>","protected":false},"excerpt":{"rendered":"<p>Marmites personnalis\u00e9es, marmites en acier inoxydable de 6 pi\u00e8ces, convenant \u00e0 la fois \u00e0 un usage commercial et domestique ! Disponible dans les tailles 20-30cm, elle conduit la chaleur rapidement, est antiadh\u00e9sive et r\u00e9sistante \u00e0 la rouille, et dispose d'un couvercle en verre pour faciliter la visualisation. Nous offrons un excellent prix de gros ! Contactez-nous pour obtenir un devis !<\/p>\n<h2>Param\u00e8tres des bacs de cuisson\uff1a<\/h2>\n<table border=\"0\" width=\"404\" cellspacing=\"0\" cellpadding=\"0\">\n<tbody>\n<tr>\n<td style=\"text-align: left;\" width=\"148\" height=\"24\"><strong>Mat\u00e9riau<\/strong><\/td>\n<td style=\"text-align: left;\" width=\"256\">Acier inoxydable 410<\/td>\n<\/tr>\n<tr>\n<td style=\"text-align: left;\" width=\"148\" height=\"24\"><strong>Couleur<\/strong><\/td>\n<td style=\"text-align: left;\" width=\"256\">Argent fin<\/td>\n<\/tr>\n<tr>\n<td style=\"text-align: left;\" width=\"148\" height=\"24\"><strong>Taille<\/strong><\/td>\n<td style=\"text-align: left;\" width=\"256\">20\/22\/24\/26\/28\/30cm<\/td>\n<\/tr>\n<tr>\n<td style=\"text-align: left;\" height=\"92\"><strong>Fonctionnalit\u00e9<\/strong><\/td>\n<td style=\"text-align: left;\" width=\"256\">1. Mat\u00e9riau de haute qualit\u00e9 et durable<br \/>2. Conduction efficace de la chaleur<br \/>3. Fonction de cuisson multifonctionnelle<br \/>4. Conception facile \u00e0 nettoyer<\/td>\n<\/tr>\n<tr>\n<td style=\"text-align: left;\" height=\"24\"><strong>Option personnalis\u00e9e<\/strong><\/td>\n<td style=\"text-align: left;\">Logo\/taille\/emballage\/accessoires<\/td>\n<\/tr>\n<\/tbody>\n<\/table>","protected":false},"featured_media":1324,"comment_status":"closed","ping_status":"closed","template":"","meta":{"_acf_changed":false},"product_brand":[],"product_cat":[28],"product_tag":[],"class_list":{"0":"post-1323","1":"product","2":"type-product","3":"status-publish","4":"has-post-thumbnail","6":"product_cat-wholesale-cooking-pot","8":"first","9":"instock","10":"shipping-taxable","11":"product-type-simple"},"acf":[],"_links":{"self":[{"href":"https:\/\/www.billiondaysupplier.com\/fr\/wp-json\/wp\/v2\/product\/1323","targetHints":{"allow":["GET"]}}],"collection":[{"href":"https:\/\/www.billiondaysupplier.com\/fr\/wp-json\/wp\/v2\/product"}],"about":[{"href":"https:\/\/www.billiondaysupplier.com\/fr\/wp-json\/wp\/v2\/types\/product"}],"replies":[{"embeddable":true,"href":"https:\/\/www.billiondaysupplier.com\/fr\/wp-json\/wp\/v2\/comments?post=1323"}],"wp:featuredmedia":[{"embeddable":true,"href":"https:\/\/www.billiondaysupplier.com\/fr\/wp-json\/wp\/v2\/media\/1324"}],"wp:attachment":[{"href":"https:\/\/www.billiondaysupplier.com\/fr\/wp-json\/wp\/v2\/media?parent=1323"}],"wp:term":[{"taxonomy":"product_brand","embeddable":true,"href":"https:\/\/www.billiondaysupplier.com\/fr\/wp-json\/wp\/v2\/product_brand?post=1323"},{"taxonomy":"product_cat","embeddable":true,"href":"https:\/\/www.billiondaysupplier.com\/fr\/wp-json\/wp\/v2\/product_cat?post=1323"},{"taxonomy":"product_tag","embeddable":true,"href":"https:\/\/www.billiondaysupplier.com\/fr\/wp-json\/wp\/v2\/product_tag?post=1323"}],"curies":[{"name":"wp","href":"https:\/\/api.w.org\/{rel}","templated":true}]}}