{"id":1288,"date":"2025-10-21T08:07:14","date_gmt":"2025-10-21T08:07:14","guid":{"rendered":"https:\/\/www.billiondaysupplier.com\/?post_type=product&#038;p=1288"},"modified":"2025-10-24T06:47:46","modified_gmt":"2025-10-24T06:47:46","slug":"wholesale-soup-kettle","status":"publish","type":"product","link":"https:\/\/www.billiondaysupplier.com\/fr\/product\/wholesale-soup-kettle\/","title":{"rendered":"Grossiste Bouilloire \u00e9lectrique martel\u00e9e, 10L Acier inoxydable R\u00e9chauffeur de soupe personnalis\u00e9"},"content":{"rendered":"<div class=\"wp-block-columns is-layout-flex wp-container-core-columns-is-layout-9d6595d7 wp-block-columns-is-layout-flex\">\n<div class=\"wp-block-column is-layout-flow wp-block-column-is-layout-flow\">\n<h2 class=\"wp-block-heading\">Bouilloire Caract\u00e9ristiques :<\/h2>\n\n\n\n<p><strong>Fabrication martel\u00e9e de premi\u00e8re qualit\u00e9 :<\/strong> Le corps du pot pr\u00e9sente une finition finement martel\u00e9e pour une surface r\u00e9sistante \u00e0 l'usure et aux rayures. Disponible en or rose, argent ou or, il respire la sophistication et le raffinement.<\/p>\n\n\n\n<p><strong>Mat\u00e9riaux en acier inoxydable de qualit\u00e9 alimentaire<\/strong>: L'int\u00e9rieur de la marmite est en acier inoxydable \u00e9pais, de qualit\u00e9 alimentaire, pour la s\u00e9curit\u00e9 et la r\u00e9sistance \u00e0 la corrosion.<\/p>\n\n\n\n<p><strong>Grande capacit\u00e9 : <\/strong>Le mod\u00e8le de 10 litres convient \u00e0 la fois \u00e0 la maison et au commerce, et r\u00e9pond facilement aux besoins en soupe de plusieurs personnes.<\/p>\n\n\n\n<p><strong>Pot int\u00e9rieur amovible<\/strong>: Facile \u00e0 nettoyer, il \u00e9vite les taches de soupe.<\/p>\n\n\n\n<p><strong>Isolation durable<\/strong>: L'isolation par une touche marche\/arr\u00eat permet de maintenir la temp\u00e9rature souhait\u00e9e pendant des heures gr\u00e2ce au chauffage \u00e9lectrique. Ne pas cuire directement.<\/p>\n\n\n\n<p><strong>Circulation d'air chaud<\/strong>: R\u00e9partit uniform\u00e9ment la chaleur pour \u00e9viter les points chauds ou froids.<\/p>\n\n\n\n<p><strong>Compatible avec une grande vari\u00e9t\u00e9 de soupes :<\/strong> Il est particuli\u00e8rement adapt\u00e9 pour r\u00e9chauffer les soupes et les rago\u00fbts, notamment la soupe de ma\u00efs, les flocons d'avoine, la bouillie de riz et la soupe au chili.<\/p>\n\n\n\n<p><strong>Soutien stable :<\/strong> Le support d\u00e9coratif dor\u00e9 au fond et la coque peinte en fer noir r\u00e9sistant aux hautes temp\u00e9ratures sont antidumping et antid\u00e9rapants, et peuvent \u00eatre plac\u00e9s de mani\u00e8re stable.<\/p>\n<\/div>\n\n\n\n<div class=\"wp-block-column is-layout-flow wp-block-column-is-layout-flow\">\n<figure class=\"wp-block-image size-full\"><img decoding=\"async\" width=\"1500\" height=\"1500\" src=\"https:\/\/www.billiondaysupplier.com\/wp-content\/uploads\/2025\/10\/wholesale-soup-kettle-hammer-4.webp\" alt=\"marteau de marmite \u00e0 soupe en gros (4)\" class=\"wp-image-1292\" srcset=\"https:\/\/www.billiondaysupplier.com\/wp-content\/uploads\/2025\/10\/wholesale-soup-kettle-hammer-4.webp 1500w, https:\/\/www.billiondaysupplier.com\/wp-content\/uploads\/2025\/10\/wholesale-soup-kettle-hammer-4-300x300.webp 300w, https:\/\/www.billiondaysupplier.com\/wp-content\/uploads\/2025\/10\/wholesale-soup-kettle-hammer-4-150x150.webp 150w, https:\/\/www.billiondaysupplier.com\/wp-content\/uploads\/2025\/10\/wholesale-soup-kettle-hammer-4-768x768.webp 768w, https:\/\/www.billiondaysupplier.com\/wp-content\/uploads\/2025\/10\/wholesale-soup-kettle-hammer-4-12x12.webp 12w, https:\/\/www.billiondaysupplier.com\/wp-content\/uploads\/2025\/10\/wholesale-soup-kettle-hammer-4-1200x1200.webp 1200w, https:\/\/www.billiondaysupplier.com\/wp-content\/uploads\/2025\/10\/wholesale-soup-kettle-hammer-4-600x600.webp 600w, https:\/\/www.billiondaysupplier.com\/wp-content\/uploads\/2025\/10\/wholesale-soup-kettle-hammer-4-100x100.webp 100w\" sizes=\"(max-width: 1500px) 100vw, 1500px\" \/><\/figure>\n<\/div>\n<\/div>","protected":false},"excerpt":{"rendered":"<p>La marmite \u00e0 soupe en gros pr\u00e9sente un design martel\u00e9 et des couleurs multiples. Elle est dot\u00e9e d'un rev\u00eatement \u00e9pais et amovible de qualit\u00e9 alimentaire et d'un interrupteur marche\/arr\u00eat \u00e0 une touche pour maintenir la soupe au chaud. Contactez-nous pour plus d'informations et pour d\u00e9velopper votre activit\u00e9 de traiteur avec des options de personnalisation en gros.<\/p>\n<h2>Param\u00e8tre de la bouilloire\uff1a<\/h2>\n<table border=\"0\" width=\"404\" cellspacing=\"0\" cellpadding=\"0\">\n<tbody>\n<tr>\n<td style=\"text-align: left;\" width=\"148\" height=\"24\"><strong>Mat\u00e9riau<\/strong><\/td>\n<td style=\"text-align: left;\" width=\"256\">Acier inoxydable 201\/304<\/td>\n<\/tr>\n<tr>\n<td style=\"text-align: left;\" width=\"148\" height=\"24\"><strong>Couleur<\/strong><\/td>\n<td style=\"text-align: left;\" width=\"256\">Argent\/Or\/Or rose<\/td>\n<\/tr>\n<tr>\n<td style=\"text-align: left;\" width=\"148\" height=\"24\"><strong>Capacit\u00e9<\/strong><\/td>\n<td style=\"text-align: left;\" width=\"256\">10 L\/ 13L<\/td>\n<\/tr>\n<tr>\n<td style=\"text-align: left;\" height=\"92\"><strong>Fonctionnalit\u00e9<\/strong><\/td>\n<td style=\"text-align: left;\" width=\"256\">\n<p>1. Conception anti-br\u00fblure<br \/>2. Pieds stables<br \/>3. Conception d'un mod\u00e8le de marteau<br \/>4. Rev\u00eatement en aluminium<br \/>5. Bouton de r\u00e9glage de la temp\u00e9rature<\/p>\n<\/td>\n<\/tr>\n<tr>\n<td style=\"text-align: left;\" height=\"24\"><strong>Option personnalis\u00e9e<\/strong><\/td>\n<td style=\"text-align: left;\">Logo\/taille\/emballage\/accessoires<\/td>\n<\/tr>\n<\/tbody>\n<\/table>","protected":false},"featured_media":1289,"comment_status":"closed","ping_status":"closed","template":"","meta":{"_acf_changed":false},"product_brand":[],"product_cat":[20],"product_tag":[],"class_list":{"0":"post-1288","1":"product","2":"type-product","3":"status-publish","4":"has-post-thumbnail","6":"product_cat-wholesale-soup-warmer","8":"first","9":"instock","10":"shipping-taxable","11":"product-type-simple"},"acf":[],"_links":{"self":[{"href":"https:\/\/www.billiondaysupplier.com\/fr\/wp-json\/wp\/v2\/product\/1288","targetHints":{"allow":["GET"]}}],"collection":[{"href":"https:\/\/www.billiondaysupplier.com\/fr\/wp-json\/wp\/v2\/product"}],"about":[{"href":"https:\/\/www.billiondaysupplier.com\/fr\/wp-json\/wp\/v2\/types\/product"}],"replies":[{"embeddable":true,"href":"https:\/\/www.billiondaysupplier.com\/fr\/wp-json\/wp\/v2\/comments?post=1288"}],"wp:featuredmedia":[{"embeddable":true,"href":"https:\/\/www.billiondaysupplier.com\/fr\/wp-json\/wp\/v2\/media\/1289"}],"wp:attachment":[{"href":"https:\/\/www.billiondaysupplier.com\/fr\/wp-json\/wp\/v2\/media?parent=1288"}],"wp:term":[{"taxonomy":"product_brand","embeddable":true,"href":"https:\/\/www.billiondaysupplier.com\/fr\/wp-json\/wp\/v2\/product_brand?post=1288"},{"taxonomy":"product_cat","embeddable":true,"href":"https:\/\/www.billiondaysupplier.com\/fr\/wp-json\/wp\/v2\/product_cat?post=1288"},{"taxonomy":"product_tag","embeddable":true,"href":"https:\/\/www.billiondaysupplier.com\/fr\/wp-json\/wp\/v2\/product_tag?post=1288"}],"curies":[{"name":"wp","href":"https:\/\/api.w.org\/{rel}","templated":true}]}}