{"id":1281,"date":"2025-10-21T07:31:43","date_gmt":"2025-10-21T07:31:43","guid":{"rendered":"https:\/\/www.billiondaysupplier.com\/?post_type=product&#038;p=1281"},"modified":"2025-10-24T06:52:19","modified_gmt":"2025-10-24T06:52:19","slug":"cooking-pots-wholesale","status":"publish","type":"product","link":"https:\/\/www.billiondaysupplier.com\/fr\/product\/cooking-pots-wholesale\/","title":{"rendered":"Cooking Pots Wholesale, Stainless Steel Hot Pot Hammered Cookware Set Supplier"},"content":{"rendered":"<div class=\"wp-block-columns is-layout-flex wp-container-core-columns-is-layout-9d6595d7 wp-block-columns-is-layout-flex\">\n<div class=\"wp-block-column is-layout-flow wp-block-column-is-layout-flow\">\n<h2 class=\"wp-block-heading\">Marmites de cuisine Caract\u00e9ristiques :<\/h2>\n\n\n\n<p><strong>Fabrication martel\u00e9e de premi\u00e8re qualit\u00e9 :<\/strong> Le corps du pot est martel\u00e9 \u00e0 la main pour une finition durable et de haute qualit\u00e9, alliant l'esth\u00e9tique \u00e0 une prise en main antid\u00e9rapante.<\/p>\n\n\n\n<p><strong>Grande capacit\u00e9<\/strong>: La po\u00eale \u00e0 frire a une capacit\u00e9 g\u00e9n\u00e9reuse, parfaite pour faire sauter, mijoter et saisir les steaks ; la marmite \u00e0 soupe convient pour les soupes, les rago\u00fbts et les marmites chaudes ; et la marmite chaude shuangyang permet d'obtenir deux saveurs dans une seule marmite, r\u00e9pondant ainsi \u00e0 des besoins de cuisson vari\u00e9s.<\/p>\n\n\n\n<p><strong>Compatibilit\u00e9 avec les cuisini\u00e8res \u00e0 induction :<\/strong> La base large et plate de la casserole est compatible avec les tables de cuisson \u00e0 gaz, \u00e0 induction, en c\u00e9ramique et \u00e0 halog\u00e8ne, ce qui permet de cuisiner de mani\u00e8re polyvalente.<\/p>\n\n\n\n<p><strong>Couvercle en verre :<\/strong> Le couvercle transparent permet de voir facilement l'\u00e9volution des aliments et est dot\u00e9 d'une poign\u00e9e d\u00e9corative. Il est \u00e0 la fois pratique et esth\u00e9tique, parfait pour surveiller les cuissons lentes et les braisages.<\/p>\n\n\n\n<p><strong>Acier inoxydable de qualit\u00e9 alimentaire<\/strong>: R\u00e9sistant \u00e0 la rouille et \u00e0 la corrosion, antiadh\u00e9sif et facile \u00e0 nettoyer.<\/p>\n<\/div>\n\n\n\n<div class=\"wp-block-column is-layout-flow wp-block-column-is-layout-flow\">\n<figure class=\"wp-block-image size-full\"><img decoding=\"async\" width=\"2953\" height=\"2953\" src=\"https:\/\/www.billiondaysupplier.com\/wp-content\/uploads\/2025\/10\/cooking-pots-wholesale-4.webp\" alt=\"casseroles en gros (4)\" class=\"wp-image-1285\" style=\"object-fit:cover\" srcset=\"https:\/\/www.billiondaysupplier.com\/wp-content\/uploads\/2025\/10\/cooking-pots-wholesale-4.webp 2953w, https:\/\/www.billiondaysupplier.com\/wp-content\/uploads\/2025\/10\/cooking-pots-wholesale-4-300x300.webp 300w, https:\/\/www.billiondaysupplier.com\/wp-content\/uploads\/2025\/10\/cooking-pots-wholesale-4-150x150.webp 150w, https:\/\/www.billiondaysupplier.com\/wp-content\/uploads\/2025\/10\/cooking-pots-wholesale-4-768x768.webp 768w, https:\/\/www.billiondaysupplier.com\/wp-content\/uploads\/2025\/10\/cooking-pots-wholesale-4-12x12.webp 12w, https:\/\/www.billiondaysupplier.com\/wp-content\/uploads\/2025\/10\/cooking-pots-wholesale-4-1200x1200.webp 1200w, https:\/\/www.billiondaysupplier.com\/wp-content\/uploads\/2025\/10\/cooking-pots-wholesale-4-600x600.webp 600w, https:\/\/www.billiondaysupplier.com\/wp-content\/uploads\/2025\/10\/cooking-pots-wholesale-4-100x100.webp 100w\" sizes=\"(max-width: 2953px) 100vw, 2953px\" \/><\/figure>\n<\/div>\n<\/div>","protected":false},"excerpt":{"rendered":"<p>Marmites de cuisine en gros, fabriqu\u00e9es en acier inoxydable avec un design martel\u00e9 \u00e0 la main et une base magn\u00e9tique compatible avec toutes les cuisini\u00e8res. Disponibles dans une vari\u00e9t\u00e9 de tailles, avec des usages multiples, elles sont id\u00e9ales pour les cuisines domestiques et commerciales. Contactez-nous pour obtenir un catalogue de produits et une offre de prix de gros !<\/p>\n<h2 class=\"wp-block-heading\">Marmites de cuisine Caract\u00e9ristiques :<\/h2>\n<table border=\"0\" width=\"404\" cellspacing=\"0\" cellpadding=\"0\">\n<tbody>\n<tr>\n<td style=\"text-align: left;\" width=\"148\" height=\"24\"><strong>Mat\u00e9riau<\/strong><\/td>\n<td style=\"text-align: left;\" width=\"256\">Acier inoxydable 304<\/td>\n<\/tr>\n<tr>\n<td style=\"text-align: left;\" width=\"148\" height=\"24\"><strong>Couleur<\/strong><\/td>\n<td style=\"text-align: left;\" width=\"256\">Argent\/Or\/Or rose<\/td>\n<\/tr>\n<tr>\n<td style=\"text-align: left;\" width=\"148\" height=\"24\"><strong>Couvercle<\/strong><\/td>\n<td style=\"text-align: left;\" width=\"256\">Verre\/acier<\/td>\n<\/tr>\n<tr>\n<td style=\"text-align: left;\" width=\"148\" height=\"24\"><strong>Taille<\/strong><\/td>\n<td style=\"text-align: left;\" width=\"256\">26\/28\/30\/32cm<\/td>\n<\/tr>\n<tr>\n<td style=\"text-align: left;\" height=\"92\"><strong>Fonctionnalit\u00e9<\/strong><\/td>\n<td style=\"text-align: left;\" width=\"256\">1. Mat\u00e9riau de haute qualit\u00e9 et durable<br \/>2. Conduction efficace de la chaleur<br \/>3. Fonction de cuisson multifonctionnelle<br \/>4. Conception facile \u00e0 nettoyer<\/td>\n<\/tr>\n<tr>\n<td style=\"text-align: left;\" height=\"24\"><strong>Option personnalis\u00e9e<\/strong><\/td>\n<td style=\"text-align: left;\">Logo\/taille\/emballage\/accessoires<\/td>\n<\/tr>\n<\/tbody>\n<\/table>","protected":false},"featured_media":1282,"comment_status":"closed","ping_status":"closed","template":"","meta":{"_acf_changed":true},"product_brand":[],"product_cat":[28],"product_tag":[],"class_list":{"0":"post-1281","1":"product","2":"type-product","3":"status-publish","4":"has-post-thumbnail","6":"product_cat-wholesale-cooking-pot","8":"first","9":"instock","10":"shipping-taxable","11":"product-type-simple"},"acf":[],"_links":{"self":[{"href":"https:\/\/www.billiondaysupplier.com\/fr\/wp-json\/wp\/v2\/product\/1281","targetHints":{"allow":["GET"]}}],"collection":[{"href":"https:\/\/www.billiondaysupplier.com\/fr\/wp-json\/wp\/v2\/product"}],"about":[{"href":"https:\/\/www.billiondaysupplier.com\/fr\/wp-json\/wp\/v2\/types\/product"}],"replies":[{"embeddable":true,"href":"https:\/\/www.billiondaysupplier.com\/fr\/wp-json\/wp\/v2\/comments?post=1281"}],"wp:featuredmedia":[{"embeddable":true,"href":"https:\/\/www.billiondaysupplier.com\/fr\/wp-json\/wp\/v2\/media\/1282"}],"wp:attachment":[{"href":"https:\/\/www.billiondaysupplier.com\/fr\/wp-json\/wp\/v2\/media?parent=1281"}],"wp:term":[{"taxonomy":"product_brand","embeddable":true,"href":"https:\/\/www.billiondaysupplier.com\/fr\/wp-json\/wp\/v2\/product_brand?post=1281"},{"taxonomy":"product_cat","embeddable":true,"href":"https:\/\/www.billiondaysupplier.com\/fr\/wp-json\/wp\/v2\/product_cat?post=1281"},{"taxonomy":"product_tag","embeddable":true,"href":"https:\/\/www.billiondaysupplier.com\/fr\/wp-json\/wp\/v2\/product_tag?post=1281"}],"curies":[{"name":"wp","href":"https:\/\/api.w.org\/{rel}","templated":true}]}}