{"id":1274,"date":"2025-10-21T06:52:16","date_gmt":"2025-10-21T06:52:16","guid":{"rendered":"https:\/\/www.billiondaysupplier.com\/?post_type=product&#038;p=1274"},"modified":"2025-10-24T06:59:11","modified_gmt":"2025-10-24T06:59:11","slug":"wholesale-slanted-bowls","status":"publish","type":"product","link":"https:\/\/www.billiondaysupplier.com\/fr\/product\/wholesale-slanted-bowls\/","title":{"rendered":"Grossiste Bols inclin\u00e9s en acier inoxydable, bol \u00e0 condiments argent\u00e9 noir Multisize"},"content":{"rendered":"<div class=\"wp-block-columns is-layout-flex wp-container-core-columns-is-layout-9d6595d7 wp-block-columns-is-layout-flex\">\n<div class=\"wp-block-column is-layout-flow wp-block-column-is-layout-flow\">\n<h2 class=\"wp-block-heading\">Bols inclin\u00e9s en acier inoxydable Caract\u00e9ristiques :<\/h2>\n\n\n\n<p><strong>Jante inclin\u00e9e : <\/strong>Permet d'acc\u00e9der facilement aux condiments, ce qui \u00e9vite d'avoir \u00e0 les chercher et rend la cuisine plus efficace.<\/p>\n\n\n\n<p><strong>Base arrondie antid\u00e9rapante : <\/strong>Certains sont dot\u00e9s de pieds hauts qui garantissent un positionnement stable et emp\u00eachent le basculement, ce qui permet de garder la table bien rang\u00e9e.<\/p>\n\n\n\n<p><strong>Plusieurs tailles<\/strong>: Disponible dans une vari\u00e9t\u00e9 de tailles, de la plus petite \u00e0 la plus grande, pour des combinaisons flexibles afin de r\u00e9pondre aux divers besoins de stockage des condiments.<\/p>\n\n\n\n<p><strong>Diverses couleurs :<\/strong> Disponible dans une vari\u00e9t\u00e9 de finitions, dont l'argent, l'or et le noir mat, avec des bordures rouges et des accents contrast\u00e9s noir et or\/argent et or, ce bol \u00e9l\u00e9gant et sophistiqu\u00e9 sert \u00e0 la fois de d\u00e9coration de cuisine pratique et d'accessoire d\u00e9coratif.<\/p>\n\n\n\n<p><strong>Durable et facile \u00e0 nettoyer<\/strong>: Fabriqu\u00e9 en acier inoxydable de qualit\u00e9 alimentaire, il r\u00e9siste \u00e0 la rouille et \u00e0 la corrosion, avec une surface lisse et des coins impeccables. Il se rince facilement, ce qui lui permet de conserver son aspect neuf m\u00eame apr\u00e8s une utilisation fr\u00e9quente.<\/p>\n<\/div>\n\n\n\n<div class=\"wp-block-column is-layout-flow wp-block-column-is-layout-flow\">\n<figure class=\"wp-block-image size-full\"><img decoding=\"async\" width=\"1000\" height=\"1000\" src=\"https:\/\/www.billiondaysupplier.com\/wp-content\/uploads\/2025\/10\/Wholesale-Slanted-Bowls-3.webp\" alt=\"Bols inclin\u00e9s en gros (3)\" class=\"wp-image-1277\" srcset=\"https:\/\/www.billiondaysupplier.com\/wp-content\/uploads\/2025\/10\/Wholesale-Slanted-Bowls-3.webp 1000w, https:\/\/www.billiondaysupplier.com\/wp-content\/uploads\/2025\/10\/Wholesale-Slanted-Bowls-3-300x300.webp 300w, https:\/\/www.billiondaysupplier.com\/wp-content\/uploads\/2025\/10\/Wholesale-Slanted-Bowls-3-150x150.webp 150w, https:\/\/www.billiondaysupplier.com\/wp-content\/uploads\/2025\/10\/Wholesale-Slanted-Bowls-3-768x768.webp 768w, https:\/\/www.billiondaysupplier.com\/wp-content\/uploads\/2025\/10\/Wholesale-Slanted-Bowls-3-12x12.webp 12w, https:\/\/www.billiondaysupplier.com\/wp-content\/uploads\/2025\/10\/Wholesale-Slanted-Bowls-3-600x600.webp 600w, https:\/\/www.billiondaysupplier.com\/wp-content\/uploads\/2025\/10\/Wholesale-Slanted-Bowls-3-100x100.webp 100w\" sizes=\"(max-width: 1000px) 100vw, 1000px\" \/><\/figure>\n<\/div>\n<\/div>","protected":false},"excerpt":{"rendered":"<p>Bols inclin\u00e9s en gros disponibles en argent, noir et or noir. La conception inclin\u00e9e permet un acc\u00e8s facile. Fabriqu\u00e9s en acier inoxydable de qualit\u00e9 alimentaire, avec une base antid\u00e9rapante et des pieds hauts, ils sont \u00e9l\u00e9gants et durables. Disponibles en plusieurs tailles, ils sont \u00e0 la fois pratiques et d\u00e9coratifs. Contactez-nous pour en savoir plus sur notre service de vente en gros de vaisselle personnalis\u00e9e.<\/p>\n<h2>Param\u00e8tres des bols inclin\u00e9s en gros\uff1a<\/h2>\n<table border=\"0\" width=\"404\" cellspacing=\"0\" cellpadding=\"0\">\n<tbody>\n<tr>\n<td style=\"text-align: left;\" width=\"148\" height=\"24\"><strong>Mat\u00e9riau<\/strong><\/td>\n<td style=\"text-align: left;\" width=\"256\">Acier inoxydable 201<\/td>\n<\/tr>\n<tr>\n<td style=\"text-align: left;\" height=\"24\"><strong>Couleur<\/strong><\/td>\n<td style=\"text-align: left;\">Argent\u00e9\/Or\/Or noir<\/td>\n<\/tr>\n<tr>\n<td style=\"text-align: left;\" width=\"148\" height=\"24\"><strong>Forme<\/strong><\/td>\n<td style=\"text-align: left;\" width=\"256\">Forme inclin\u00e9e<\/td>\n<\/tr>\n<tr>\n<td style=\"text-align: left;\" height=\"92\"><strong>Fonctionnalit\u00e9<\/strong><\/td>\n<td style=\"text-align: left;\" width=\"256\">\n<p>1. Conception inclin\u00e9e<br \/>2. Base antid\u00e9rapante avec pieds hauts<br \/>3. Disponible dans une vari\u00e9t\u00e9 de couleurs et de tailles<br \/>4. Facile \u00e0 nettoyer<\/p>\n<\/td>\n<\/tr>\n<tr>\n<td style=\"text-align: left;\" height=\"24\"><strong>Option personnalis\u00e9e<\/strong><\/td>\n<td style=\"text-align: left;\">Logo\/taille\/emballage\/accessoires<\/td>\n<\/tr>\n<\/tbody>\n<\/table>","protected":false},"featured_media":1275,"comment_status":"closed","ping_status":"closed","template":"","meta":{"_acf_changed":false},"product_brand":[],"product_cat":[26],"product_tag":[],"class_list":{"0":"post-1274","1":"product","2":"type-product","3":"status-publish","4":"has-post-thumbnail","6":"product_cat-wholesale-seasoning-box","8":"first","9":"instock","10":"shipping-taxable","11":"product-type-simple"},"acf":[],"_links":{"self":[{"href":"https:\/\/www.billiondaysupplier.com\/fr\/wp-json\/wp\/v2\/product\/1274","targetHints":{"allow":["GET"]}}],"collection":[{"href":"https:\/\/www.billiondaysupplier.com\/fr\/wp-json\/wp\/v2\/product"}],"about":[{"href":"https:\/\/www.billiondaysupplier.com\/fr\/wp-json\/wp\/v2\/types\/product"}],"replies":[{"embeddable":true,"href":"https:\/\/www.billiondaysupplier.com\/fr\/wp-json\/wp\/v2\/comments?post=1274"}],"wp:featuredmedia":[{"embeddable":true,"href":"https:\/\/www.billiondaysupplier.com\/fr\/wp-json\/wp\/v2\/media\/1275"}],"wp:attachment":[{"href":"https:\/\/www.billiondaysupplier.com\/fr\/wp-json\/wp\/v2\/media?parent=1274"}],"wp:term":[{"taxonomy":"product_brand","embeddable":true,"href":"https:\/\/www.billiondaysupplier.com\/fr\/wp-json\/wp\/v2\/product_brand?post=1274"},{"taxonomy":"product_cat","embeddable":true,"href":"https:\/\/www.billiondaysupplier.com\/fr\/wp-json\/wp\/v2\/product_cat?post=1274"},{"taxonomy":"product_tag","embeddable":true,"href":"https:\/\/www.billiondaysupplier.com\/fr\/wp-json\/wp\/v2\/product_tag?post=1274"}],"curies":[{"name":"wp","href":"https:\/\/api.w.org\/{rel}","templated":true}]}}