{"id":1264,"date":"2025-10-21T03:35:04","date_gmt":"2025-10-21T03:35:04","guid":{"rendered":"https:\/\/www.billiondaysupplier.com\/?post_type=product&#038;p=1264"},"modified":"2025-10-24T07:03:09","modified_gmt":"2025-10-24T07:03:09","slug":"wholesale-seasoning-box","status":"publish","type":"product","link":"https:\/\/www.billiondaysupplier.com\/fr\/product\/wholesale-seasoning-box\/","title":{"rendered":"Bo\u00eete \u00e0 condiments en acier inoxydable \u00e0 compartiments multiples pour la restauration"},"content":{"rendered":"<div class=\"wp-block-columns is-layout-flex wp-container-core-columns-is-layout-9d6595d7 wp-block-columns-is-layout-flex\">\n<div class=\"wp-block-column is-layout-flow wp-block-column-is-layout-flow\">\n<h2 class=\"wp-block-heading\">Bo\u00eete d'assaisonnement en acier inoxydable Caract\u00e9ristiques :<\/h2>\n\n\n\n<p><strong>Acier inoxydable de haute qualit\u00e9 : <\/strong>Fabriqu\u00e9 en acier inoxydable de qualit\u00e9 alimentaire, il est r\u00e9sistant \u00e0 la corrosion, ne rouille pas et est facile \u00e0 nettoyer, garantissant une utilisation \u00e0 long terme sans d\u00e9formation ni d\u00e9coloration, et assurant la s\u00e9curit\u00e9 et l'hygi\u00e8ne.<\/p>\n\n\n\n<p><strong>Conception de la grille interne<\/strong>: Des s\u00e9parateurs amovibles permettent de ranger facilement les diff\u00e9rents assaisonnements, \u00e9vitant ainsi les m\u00e9langes et garantissant un acc\u00e8s pratique.<\/p>\n\n\n\n<p><strong>Diff\u00e9rentes tailles disponibles<\/strong>: Disponible en 23cm\/30.5cm\/38.5cm\/45.5cm, le conteneur offre une grande flexibilit\u00e9 pour une utilisation domestique ou commerciale, avec une capacit\u00e9 pratique et un espace minimal.<\/p>\n\n\n\n<p><strong>Largement applicable<\/strong>: Il peut \u00eatre utilis\u00e9 dans la cuisine domestique pour stocker les assaisonnements couramment utilis\u00e9s de mani\u00e8re cat\u00e9goris\u00e9e. Le mat\u00e9riau durable permet une utilisation fr\u00e9quente dans les restaurants et les commerces.<\/p>\n<\/div>\n\n\n\n<div class=\"wp-block-column is-layout-flow wp-block-column-is-layout-flow\">\n<figure class=\"wp-block-image size-full\"><img decoding=\"async\" width=\"2362\" height=\"2362\" src=\"https:\/\/www.billiondaysupplier.com\/wp-content\/uploads\/2025\/10\/Wholesale-Seasoning-Box-Stainless-Steel-Multi-Size-for-Catering-1.webp\" alt=\"Bo\u00eete d&#039;assaisonnement en acier inoxydable multi-tailles pour la restauration (1)\" class=\"wp-image-1265\" srcset=\"https:\/\/www.billiondaysupplier.com\/wp-content\/uploads\/2025\/10\/Wholesale-Seasoning-Box-Stainless-Steel-Multi-Size-for-Catering-1.webp 2362w, https:\/\/www.billiondaysupplier.com\/wp-content\/uploads\/2025\/10\/Wholesale-Seasoning-Box-Stainless-Steel-Multi-Size-for-Catering-1-300x300.webp 300w, https:\/\/www.billiondaysupplier.com\/wp-content\/uploads\/2025\/10\/Wholesale-Seasoning-Box-Stainless-Steel-Multi-Size-for-Catering-1-150x150.webp 150w, https:\/\/www.billiondaysupplier.com\/wp-content\/uploads\/2025\/10\/Wholesale-Seasoning-Box-Stainless-Steel-Multi-Size-for-Catering-1-768x768.webp 768w, https:\/\/www.billiondaysupplier.com\/wp-content\/uploads\/2025\/10\/Wholesale-Seasoning-Box-Stainless-Steel-Multi-Size-for-Catering-1-12x12.webp 12w, https:\/\/www.billiondaysupplier.com\/wp-content\/uploads\/2025\/10\/Wholesale-Seasoning-Box-Stainless-Steel-Multi-Size-for-Catering-1-1200x1200.webp 1200w, https:\/\/www.billiondaysupplier.com\/wp-content\/uploads\/2025\/10\/Wholesale-Seasoning-Box-Stainless-Steel-Multi-Size-for-Catering-1-600x600.webp 600w, https:\/\/www.billiondaysupplier.com\/wp-content\/uploads\/2025\/10\/Wholesale-Seasoning-Box-Stainless-Steel-Multi-Size-for-Catering-1-100x100.webp 100w\" sizes=\"(max-width: 2362px) 100vw, 2362px\" \/><\/figure>\n<\/div>\n<\/div>\n\n\n\n<div class=\"wp-block-columns is-layout-flex wp-container-core-columns-is-layout-9d6595d7 wp-block-columns-is-layout-flex\">\n<div class=\"wp-block-column is-layout-flow wp-block-column-is-layout-flow\">\n<figure class=\"wp-block-image size-full\"><img decoding=\"async\" width=\"2362\" height=\"2362\" src=\"https:\/\/www.billiondaysupplier.com\/wp-content\/uploads\/2025\/10\/Wholesale-Seasoning-Box-Stainless-Steel-Multi-Size-for-Catering-4.webp\" alt=\"Bo\u00eete d&#039;assaisonnement en acier inoxydable multi-tailles pour la restauration (4)\" class=\"wp-image-1267\" style=\"aspect-ratio:1;object-fit:cover\" srcset=\"https:\/\/www.billiondaysupplier.com\/wp-content\/uploads\/2025\/10\/Wholesale-Seasoning-Box-Stainless-Steel-Multi-Size-for-Catering-4.webp 2362w, https:\/\/www.billiondaysupplier.com\/wp-content\/uploads\/2025\/10\/Wholesale-Seasoning-Box-Stainless-Steel-Multi-Size-for-Catering-4-300x300.webp 300w, https:\/\/www.billiondaysupplier.com\/wp-content\/uploads\/2025\/10\/Wholesale-Seasoning-Box-Stainless-Steel-Multi-Size-for-Catering-4-150x150.webp 150w, https:\/\/www.billiondaysupplier.com\/wp-content\/uploads\/2025\/10\/Wholesale-Seasoning-Box-Stainless-Steel-Multi-Size-for-Catering-4-768x768.webp 768w, https:\/\/www.billiondaysupplier.com\/wp-content\/uploads\/2025\/10\/Wholesale-Seasoning-Box-Stainless-Steel-Multi-Size-for-Catering-4-12x12.webp 12w, https:\/\/www.billiondaysupplier.com\/wp-content\/uploads\/2025\/10\/Wholesale-Seasoning-Box-Stainless-Steel-Multi-Size-for-Catering-4-1200x1200.webp 1200w, https:\/\/www.billiondaysupplier.com\/wp-content\/uploads\/2025\/10\/Wholesale-Seasoning-Box-Stainless-Steel-Multi-Size-for-Catering-4-600x600.webp 600w, https:\/\/www.billiondaysupplier.com\/wp-content\/uploads\/2025\/10\/Wholesale-Seasoning-Box-Stainless-Steel-Multi-Size-for-Catering-4-100x100.webp 100w\" sizes=\"(max-width: 2362px) 100vw, 2362px\" \/><\/figure>\n<\/div>\n\n\n\n<div class=\"wp-block-column is-layout-flow wp-block-column-is-layout-flow\">\n<figure class=\"wp-block-image size-full\"><img decoding=\"async\" width=\"800\" height=\"800\" src=\"https:\/\/www.billiondaysupplier.com\/wp-content\/uploads\/2025\/10\/Wholesale-Seasoning-Box-Stainless-Steel-Multi-Size-for-Catering-2.webp\" alt=\"Bo\u00eete d&#039;assaisonnement en acier inoxydable multi-tailles pour la restauration (2)\" class=\"wp-image-1266\" srcset=\"https:\/\/www.billiondaysupplier.com\/wp-content\/uploads\/2025\/10\/Wholesale-Seasoning-Box-Stainless-Steel-Multi-Size-for-Catering-2.webp 800w, https:\/\/www.billiondaysupplier.com\/wp-content\/uploads\/2025\/10\/Wholesale-Seasoning-Box-Stainless-Steel-Multi-Size-for-Catering-2-300x300.webp 300w, https:\/\/www.billiondaysupplier.com\/wp-content\/uploads\/2025\/10\/Wholesale-Seasoning-Box-Stainless-Steel-Multi-Size-for-Catering-2-150x150.webp 150w, https:\/\/www.billiondaysupplier.com\/wp-content\/uploads\/2025\/10\/Wholesale-Seasoning-Box-Stainless-Steel-Multi-Size-for-Catering-2-768x768.webp 768w, https:\/\/www.billiondaysupplier.com\/wp-content\/uploads\/2025\/10\/Wholesale-Seasoning-Box-Stainless-Steel-Multi-Size-for-Catering-2-12x12.webp 12w, https:\/\/www.billiondaysupplier.com\/wp-content\/uploads\/2025\/10\/Wholesale-Seasoning-Box-Stainless-Steel-Multi-Size-for-Catering-2-600x600.webp 600w, https:\/\/www.billiondaysupplier.com\/wp-content\/uploads\/2025\/10\/Wholesale-Seasoning-Box-Stainless-Steel-Multi-Size-for-Catering-2-100x100.webp 100w\" sizes=\"(max-width: 800px) 100vw, 800px\" \/><\/figure>\n<\/div>\n<\/div>","protected":false},"excerpt":{"rendered":"<p>La bo\u00eete \u00e0 assaisonnements en gros, fabriqu\u00e9e en acier inoxydable de haute qualit\u00e9 et \u00e9quip\u00e9e d'un couvercle en PP\/acier, est durable et s\u00fbre. Les compartiments en forme de grille emp\u00eachent les odeurs de se m\u00e9langer et sont faciles \u00e0 d\u00e9monter et \u00e0 nettoyer. Nous proposons une grande vari\u00e9t\u00e9 de tailles, adapt\u00e9es \u00e0 un usage commercial ou domestique. Nous acceptons les commandes en gros et les commandes personnalis\u00e9es, alors n'h\u00e9sitez pas \u00e0 nous contacter !<\/p>\n<h2>Param\u00e8tres de la bo\u00eete \u00e0 condiments\uff1a<\/h2>\n<table border=\"0\" width=\"404\" cellspacing=\"0\" cellpadding=\"0\">\n<tbody>\n<tr>\n<td style=\"text-align: left;\" width=\"148\" height=\"24\"><strong>Mat\u00e9riau<\/strong><\/td>\n<td style=\"text-align: left;\" width=\"256\">Acier inoxydable 201\/304<\/td>\n<\/tr>\n<tr>\n<td style=\"text-align: left;\" height=\"24\"><strong>Couleur<\/strong><\/td>\n<td style=\"text-align: left;\">argent liquide<\/td>\n<\/tr>\n<tr>\n<td style=\"text-align: left;\" width=\"148\" height=\"24\"><strong>Couvercle<\/strong><\/td>\n<td style=\"text-align: left;\" width=\"256\">PP\/Acier<\/td>\n<\/tr>\n<tr>\n<td style=\"text-align: left;\" height=\"24\"><strong>Compartiment<\/strong><\/td>\n<td style=\"text-align: left;\">3\/4\/5\/6 Section<\/td>\n<\/tr>\n<tr>\n<td style=\"text-align: left;\" height=\"92\"><strong>Fonctionnalit\u00e9<\/strong><\/td>\n<td style=\"text-align: left;\" width=\"256\">\n<p>1. Compartiments raisonnables<br \/>2. Facile \u00e0 nettoyer<br \/>3. Empilable<\/p>\n<\/td>\n<\/tr>\n<tr>\n<td style=\"text-align: left;\" height=\"24\"><strong>Option personnalis\u00e9e<\/strong><\/td>\n<td style=\"text-align: left;\">Logo\/taille\/emballage\/accessoires<\/td>\n<\/tr>\n<\/tbody>\n<\/table>","protected":false},"featured_media":1273,"comment_status":"closed","ping_status":"closed","template":"","meta":{"_acf_changed":false},"product_brand":[],"product_cat":[26],"product_tag":[],"class_list":{"0":"post-1264","1":"product","2":"type-product","3":"status-publish","4":"has-post-thumbnail","6":"product_cat-wholesale-seasoning-box","8":"first","9":"instock","10":"shipping-taxable","11":"product-type-simple"},"acf":[],"_links":{"self":[{"href":"https:\/\/www.billiondaysupplier.com\/fr\/wp-json\/wp\/v2\/product\/1264","targetHints":{"allow":["GET"]}}],"collection":[{"href":"https:\/\/www.billiondaysupplier.com\/fr\/wp-json\/wp\/v2\/product"}],"about":[{"href":"https:\/\/www.billiondaysupplier.com\/fr\/wp-json\/wp\/v2\/types\/product"}],"replies":[{"embeddable":true,"href":"https:\/\/www.billiondaysupplier.com\/fr\/wp-json\/wp\/v2\/comments?post=1264"}],"wp:featuredmedia":[{"embeddable":true,"href":"https:\/\/www.billiondaysupplier.com\/fr\/wp-json\/wp\/v2\/media\/1273"}],"wp:attachment":[{"href":"https:\/\/www.billiondaysupplier.com\/fr\/wp-json\/wp\/v2\/media?parent=1264"}],"wp:term":[{"taxonomy":"product_brand","embeddable":true,"href":"https:\/\/www.billiondaysupplier.com\/fr\/wp-json\/wp\/v2\/product_brand?post=1264"},{"taxonomy":"product_cat","embeddable":true,"href":"https:\/\/www.billiondaysupplier.com\/fr\/wp-json\/wp\/v2\/product_cat?post=1264"},{"taxonomy":"product_tag","embeddable":true,"href":"https:\/\/www.billiondaysupplier.com\/fr\/wp-json\/wp\/v2\/product_tag?post=1264"}],"curies":[{"name":"wp","href":"https:\/\/api.w.org\/{rel}","templated":true}]}}