{"id":1245,"date":"2025-10-17T10:23:20","date_gmt":"2025-10-17T10:23:20","guid":{"rendered":"https:\/\/www.billiondaysupplier.com\/?post_type=product&#038;p=1245"},"modified":"2025-10-18T03:55:53","modified_gmt":"2025-10-18T03:55:53","slug":"wholesale-cooking-pot","status":"publish","type":"product","link":"https:\/\/www.billiondaysupplier.com\/fr\/product\/wholesale-cooking-pot\/","title":{"rendered":"Wholesale Cooking Pots with Glass Lid 5 Piece Set Custom"},"content":{"rendered":"<div class=\"wp-block-columns is-layout-flex wp-container-core-columns-is-layout-9d6595d7 wp-block-columns-is-layout-flex\">\n<div class=\"wp-block-column is-layout-flow wp-block-column-is-layout-flow\">\n<h2 class=\"wp-block-heading\">Caract\u00e9ristiques du pot de cuisson :<\/h2>\n\n\n\n<p><strong>Mat\u00e9riaux de haute qualit\u00e9 :<\/strong> Fabriqu\u00e9 en acier inoxydable de haute qualit\u00e9, il est durable, r\u00e9sistant \u00e0 la corrosion et facile \u00e0 nettoyer, ce qui garantit des performances durables.<\/p>\n\n\n\n<p><strong>Conception pratique<\/strong>: \u00c9quip\u00e9 d'un couvercle en verre, il permet de voir clairement les aliments pendant la cuisson. La poign\u00e9e confortable facilite la prise en main et rend l'utilisation plus s\u00fbre.<\/p>\n\n\n\n<p><strong>Diff\u00e9rentes tailles possibles<\/strong>: Disponible dans des tailles allant de 16 \u00e0 24 cm, il r\u00e9pond aux diff\u00e9rents besoins de cuisson, qu'il s'agisse de pr\u00e9parer de petites portions ou de grands groupes.<\/p>\n\n\n\n<p><strong>Polyvalence : <\/strong>Il peut \u00eatre utilis\u00e9 pour diverses m\u00e9thodes de cuisson, notamment la cuisson \u00e0 la vapeur, la cuisson \u00e0 l'\u00e9touff\u00e9e et bien d'autres encore. Il est parfait pour cuire des petits pains \u00e0 la vapeur, faire bouillir des nouilles, cuire de la viande \u00e0 l'\u00e9touff\u00e9e et pr\u00e9parer des soupes, ce qui le rend adapt\u00e9 \u00e0 de nombreux sc\u00e9narios de cuisson.<\/p>\n<\/div>\n\n\n\n<div class=\"wp-block-column is-layout-flow wp-block-column-is-layout-flow\">\n<figure class=\"wp-block-image size-full\"><img decoding=\"async\" width=\"720\" height=\"720\" src=\"https:\/\/www.billiondaysupplier.com\/wp-content\/uploads\/2025\/10\/wholesale-stainless-steel-cooking-pot-2.webp\" alt=\"gros pot de cuisson en acier inoxydable (2)\" class=\"wp-image-1247\" style=\"object-fit:cover\" srcset=\"https:\/\/www.billiondaysupplier.com\/wp-content\/uploads\/2025\/10\/wholesale-stainless-steel-cooking-pot-2.webp 720w, https:\/\/www.billiondaysupplier.com\/wp-content\/uploads\/2025\/10\/wholesale-stainless-steel-cooking-pot-2-300x300.webp 300w, https:\/\/www.billiondaysupplier.com\/wp-content\/uploads\/2025\/10\/wholesale-stainless-steel-cooking-pot-2-150x150.webp 150w, https:\/\/www.billiondaysupplier.com\/wp-content\/uploads\/2025\/10\/wholesale-stainless-steel-cooking-pot-2-12x12.webp 12w, https:\/\/www.billiondaysupplier.com\/wp-content\/uploads\/2025\/10\/wholesale-stainless-steel-cooking-pot-2-600x600.webp 600w, https:\/\/www.billiondaysupplier.com\/wp-content\/uploads\/2025\/10\/wholesale-stainless-steel-cooking-pot-2-100x100.webp 100w\" sizes=\"(max-width: 720px) 100vw, 720px\" \/><\/figure>\n<\/div>\n<\/div>\n\n\n\n<p><\/p>","protected":false},"excerpt":{"rendered":"<p>Marmites en gros avec couvercles en verre, en acier inoxydable, s\u00fbres et durables, de diff\u00e9rentes tailles, de la plus petite \u00e0 la plus grande, convenant \u00e0 une vari\u00e9t\u00e9 de m\u00e9thodes de cuisson. Prix comp\u00e9titifs en direct de l'usine. Contactez-nous pour une livraison rapide de votre commande.<\/p>\n<h2>Param\u00e8tres du pot de cuisson\uff1a<\/h2>\n<table border=\"0\" width=\"404\" cellspacing=\"0\" cellpadding=\"0\">\n<tbody>\n<tr>\n<td style=\"text-align: left;\" width=\"148\" height=\"24\"><strong>Mat\u00e9riau<\/strong><\/td>\n<td style=\"text-align: left;\" width=\"256\">Acier inoxydable 410<\/td>\n<\/tr>\n<tr>\n<td style=\"text-align: left;\" width=\"148\" height=\"24\"><strong>Couleur<\/strong><\/td>\n<td style=\"text-align: left;\" width=\"256\">Argent fin<\/td>\n<\/tr>\n<tr>\n<td style=\"text-align: left;\" width=\"148\" height=\"24\"><strong>Taille<\/strong><\/td>\n<td style=\"text-align: left;\" width=\"256\">20\/22\/24\/26\/28\/30cm<\/td>\n<\/tr>\n<tr>\n<td style=\"text-align: left;\" height=\"92\"><strong>Fonctionnalit\u00e9<\/strong><\/td>\n<td style=\"text-align: left;\" width=\"256\">1. Mat\u00e9riau de haute qualit\u00e9 et durable<br \/>2. Conduction efficace de la chaleur<br \/>3. Fonction de cuisson multifonctionnelle<br \/>4. Conception facile \u00e0 nettoyer<\/td>\n<\/tr>\n<tr>\n<td style=\"text-align: left;\" height=\"24\"><strong>Option personnalis\u00e9e<\/strong><\/td>\n<td style=\"text-align: left;\">Logo\/taille\/emballage\/accessoires<\/td>\n<\/tr>\n<\/tbody>\n<\/table>","protected":false},"featured_media":1246,"comment_status":"closed","ping_status":"closed","template":"","meta":{"_acf_changed":false},"product_brand":[],"product_cat":[28],"product_tag":[],"class_list":{"0":"post-1245","1":"product","2":"type-product","3":"status-publish","4":"has-post-thumbnail","6":"product_cat-wholesale-cooking-pot","8":"first","9":"instock","10":"shipping-taxable","11":"product-type-simple"},"acf":[],"_links":{"self":[{"href":"https:\/\/www.billiondaysupplier.com\/fr\/wp-json\/wp\/v2\/product\/1245","targetHints":{"allow":["GET"]}}],"collection":[{"href":"https:\/\/www.billiondaysupplier.com\/fr\/wp-json\/wp\/v2\/product"}],"about":[{"href":"https:\/\/www.billiondaysupplier.com\/fr\/wp-json\/wp\/v2\/types\/product"}],"replies":[{"embeddable":true,"href":"https:\/\/www.billiondaysupplier.com\/fr\/wp-json\/wp\/v2\/comments?post=1245"}],"wp:featuredmedia":[{"embeddable":true,"href":"https:\/\/www.billiondaysupplier.com\/fr\/wp-json\/wp\/v2\/media\/1246"}],"wp:attachment":[{"href":"https:\/\/www.billiondaysupplier.com\/fr\/wp-json\/wp\/v2\/media?parent=1245"}],"wp:term":[{"taxonomy":"product_brand","embeddable":true,"href":"https:\/\/www.billiondaysupplier.com\/fr\/wp-json\/wp\/v2\/product_brand?post=1245"},{"taxonomy":"product_cat","embeddable":true,"href":"https:\/\/www.billiondaysupplier.com\/fr\/wp-json\/wp\/v2\/product_cat?post=1245"},{"taxonomy":"product_tag","embeddable":true,"href":"https:\/\/www.billiondaysupplier.com\/fr\/wp-json\/wp\/v2\/product_tag?post=1245"}],"curies":[{"name":"wp","href":"https:\/\/api.w.org\/{rel}","templated":true}]}}