{"id":1239,"date":"2025-10-17T09:55:13","date_gmt":"2025-10-17T09:55:13","guid":{"rendered":"https:\/\/www.billiondaysupplier.com\/?post_type=product&#038;p=1239"},"modified":"2025-10-18T06:38:40","modified_gmt":"2025-10-18T06:38:40","slug":"wholesale-soup-warmer","status":"publish","type":"product","link":"https:\/\/www.billiondaysupplier.com\/fr\/product\/wholesale-soup-warmer\/","title":{"rendered":"Wholesale Soup Warmer 10L, Commercial Black Hot Soup Pot Custom"},"content":{"rendered":"<div class=\"wp-block-columns is-layout-flex wp-container-core-columns-is-layout-9d6595d7 wp-block-columns-is-layout-flex\">\n<div class=\"wp-block-column is-layout-flow wp-block-column-is-layout-flow\">\n<h2 class=\"wp-block-heading\">R\u00e9chauffeur de soupe Caract\u00e9ristiques :<\/h2>\n\n\n\n<p><strong>S\u00e9curit\u00e9 et mat\u00e9riaux durables :<\/strong> Construit avec un rev\u00eatement en acier inoxydable de qualit\u00e9 alimentaire et une structure renforc\u00e9e, il est r\u00e9sistant \u00e0 la corrosion, solide et durable. L'ext\u00e9rieur est recouvert d'une peinture noire r\u00e9sistante \u00e0 la chaleur pour plus de durabilit\u00e9 et de solidit\u00e9.<\/p>\n\n\n\n<p><strong>Contr\u00f4le pr\u00e9cis et flexible de la temp\u00e9rature<\/strong>: La plage de temp\u00e9rature de 35\u00b0C \u00e0 80\u00b0C (95\u00b0F \u00e0 176\u00b0F) peut \u00eatre r\u00e9gul\u00e9e, en chauffant rapidement pour offrir un contr\u00f4le pr\u00e9cis de la temp\u00e9rature des aliments.<\/p>\n\n\n\n<p><strong>Grande capacit\u00e9<\/strong>: Il poss\u00e8de une \u00e9norme capacit\u00e9 de 10,5 Qt\/10L pour garder au chaud d'\u00e9normes quantit\u00e9s d'aliments. <\/p>\n\n\n\n<p><strong>Facile \u00e0 nettoyer<\/strong>: La doublure amovible permet un nettoyage facile.<\/p>\n\n\n\n<p><strong>Largement applicable<\/strong>: Peut \u00eatre utilis\u00e9 pour garder au chaud plusieurs aliments, par exemple la soupe, les flocons d'avoine et la bouillie de riz.<\/p>\n<\/div>\n\n\n\n<div class=\"wp-block-column is-layout-flow wp-block-column-is-layout-flow\">\n<figure class=\"wp-block-image size-full\"><img decoding=\"async\" width=\"1500\" height=\"1500\" src=\"https:\/\/www.billiondaysupplier.com\/wp-content\/uploads\/2025\/10\/wholesale-soup-warmer-4.webp\" alt=\"chauffe-soupe en gros (4)\" class=\"wp-image-1243\" srcset=\"https:\/\/www.billiondaysupplier.com\/wp-content\/uploads\/2025\/10\/wholesale-soup-warmer-4.webp 1500w, https:\/\/www.billiondaysupplier.com\/wp-content\/uploads\/2025\/10\/wholesale-soup-warmer-4-300x300.webp 300w, https:\/\/www.billiondaysupplier.com\/wp-content\/uploads\/2025\/10\/wholesale-soup-warmer-4-150x150.webp 150w, https:\/\/www.billiondaysupplier.com\/wp-content\/uploads\/2025\/10\/wholesale-soup-warmer-4-768x768.webp 768w, https:\/\/www.billiondaysupplier.com\/wp-content\/uploads\/2025\/10\/wholesale-soup-warmer-4-12x12.webp 12w, https:\/\/www.billiondaysupplier.com\/wp-content\/uploads\/2025\/10\/wholesale-soup-warmer-4-1200x1200.webp 1200w, https:\/\/www.billiondaysupplier.com\/wp-content\/uploads\/2025\/10\/wholesale-soup-warmer-4-600x600.webp 600w, https:\/\/www.billiondaysupplier.com\/wp-content\/uploads\/2025\/10\/wholesale-soup-warmer-4-100x100.webp 100w\" sizes=\"(max-width: 1500px) 100vw, 1500px\" \/><\/figure>\n<\/div>\n<\/div>\n\n\n\n<div class=\"wp-block-columns is-layout-flex wp-container-core-columns-is-layout-9d6595d7 wp-block-columns-is-layout-flex\">\n<div class=\"wp-block-column is-layout-flow wp-block-column-is-layout-flow\">\n<figure class=\"wp-block-image size-full\"><img decoding=\"async\" width=\"1500\" height=\"1475\" src=\"https:\/\/www.billiondaysupplier.com\/wp-content\/uploads\/2025\/10\/wholesale-soup-warmer-5.webp\" alt=\"R\u00e9chauffeur de soupe en gros (5)\" class=\"wp-image-1244\" srcset=\"https:\/\/www.billiondaysupplier.com\/wp-content\/uploads\/2025\/10\/wholesale-soup-warmer-5.webp 1500w, https:\/\/www.billiondaysupplier.com\/wp-content\/uploads\/2025\/10\/wholesale-soup-warmer-5-300x295.webp 300w, https:\/\/www.billiondaysupplier.com\/wp-content\/uploads\/2025\/10\/wholesale-soup-warmer-5-768x755.webp 768w, https:\/\/www.billiondaysupplier.com\/wp-content\/uploads\/2025\/10\/wholesale-soup-warmer-5-12x12.webp 12w, https:\/\/www.billiondaysupplier.com\/wp-content\/uploads\/2025\/10\/wholesale-soup-warmer-5-1200x1180.webp 1200w, https:\/\/www.billiondaysupplier.com\/wp-content\/uploads\/2025\/10\/wholesale-soup-warmer-5-600x590.webp 600w\" sizes=\"(max-width: 1500px) 100vw, 1500px\" \/><\/figure>\n<\/div>\n\n\n\n<div class=\"wp-block-column is-layout-flow wp-block-column-is-layout-flow\">\n<figure class=\"wp-block-image size-full\"><img decoding=\"async\" width=\"1500\" height=\"1500\" src=\"https:\/\/www.billiondaysupplier.com\/wp-content\/uploads\/2025\/10\/wholesale-soup-warmer-3.webp\" alt=\"chauffe-soupe en gros (3)\" class=\"wp-image-1242\" srcset=\"https:\/\/www.billiondaysupplier.com\/wp-content\/uploads\/2025\/10\/wholesale-soup-warmer-3.webp 1500w, https:\/\/www.billiondaysupplier.com\/wp-content\/uploads\/2025\/10\/wholesale-soup-warmer-3-300x300.webp 300w, https:\/\/www.billiondaysupplier.com\/wp-content\/uploads\/2025\/10\/wholesale-soup-warmer-3-150x150.webp 150w, https:\/\/www.billiondaysupplier.com\/wp-content\/uploads\/2025\/10\/wholesale-soup-warmer-3-768x768.webp 768w, https:\/\/www.billiondaysupplier.com\/wp-content\/uploads\/2025\/10\/wholesale-soup-warmer-3-12x12.webp 12w, https:\/\/www.billiondaysupplier.com\/wp-content\/uploads\/2025\/10\/wholesale-soup-warmer-3-1200x1200.webp 1200w, https:\/\/www.billiondaysupplier.com\/wp-content\/uploads\/2025\/10\/wholesale-soup-warmer-3-600x600.webp 600w, https:\/\/www.billiondaysupplier.com\/wp-content\/uploads\/2025\/10\/wholesale-soup-warmer-3-100x100.webp 100w\" sizes=\"(max-width: 1500px) 100vw, 1500px\" \/><\/figure>\n<\/div>\n<\/div>","protected":false},"excerpt":{"rendered":"<p>R\u00e9chauffeur de soupe en gros, fabriqu\u00e9 \u00e0 partir de mat\u00e9riaux s\u00fbrs, avec un contr\u00f4le pr\u00e9cis de la temp\u00e9rature, et facile \u00e0 nettoyer, adapt\u00e9 aux restaurants commerciaux. Nous offrons un service de personnalisation en vrac. Contactez-nous d\u00e8s maintenant pour obtenir le meilleur prix.<\/p>\n<h2>Param\u00e8tres du r\u00e9chaud \u00e0 soupe\uff1a<\/h2>\n<table border=\"0\" width=\"404\" cellspacing=\"0\" cellpadding=\"0\">\n<tbody>\n<tr>\n<td style=\"text-align: left;\" width=\"148\" height=\"24\"><strong>Mat\u00e9riau<\/strong><\/td>\n<td style=\"text-align: left;\" width=\"256\">Acier inoxydable 201<\/td>\n<\/tr>\n<tr>\n<td style=\"text-align: left;\" width=\"148\" height=\"24\"><strong>Couleur<\/strong><\/td>\n<td style=\"text-align: left;\" width=\"256\">Noir<\/td>\n<\/tr>\n<tr>\n<td style=\"text-align: left;\" width=\"148\" height=\"24\"><strong>Capacit\u00e9<\/strong><\/td>\n<td style=\"text-align: left;\" width=\"256\">10 L\/ 13L<\/td>\n<\/tr>\n<tr>\n<td style=\"text-align: left;\" height=\"92\"><strong>Fonctionnalit\u00e9<\/strong><\/td>\n<td style=\"text-align: left;\" width=\"256\">1. Conception anti-br\u00fblure<br \/>2. Pieds stables<br \/>3. Rev\u00eatement en aluminium<br \/>4. Bouton de r\u00e9glage de la temp\u00e9rature<\/td>\n<\/tr>\n<tr>\n<td style=\"text-align: left;\" height=\"24\"><strong>Option personnalis\u00e9e<\/strong><\/td>\n<td style=\"text-align: left;\">Logo\/taille\/emballage\/accessoires<\/td>\n<\/tr>\n<\/tbody>\n<\/table>","protected":false},"featured_media":1240,"comment_status":"closed","ping_status":"closed","template":"","meta":{"_acf_changed":true},"product_brand":[],"product_cat":[20],"product_tag":[],"class_list":{"0":"post-1239","1":"product","2":"type-product","3":"status-publish","4":"has-post-thumbnail","6":"product_cat-wholesale-soup-warmer","8":"first","9":"instock","10":"shipping-taxable","11":"product-type-simple"},"acf":[],"_links":{"self":[{"href":"https:\/\/www.billiondaysupplier.com\/fr\/wp-json\/wp\/v2\/product\/1239","targetHints":{"allow":["GET"]}}],"collection":[{"href":"https:\/\/www.billiondaysupplier.com\/fr\/wp-json\/wp\/v2\/product"}],"about":[{"href":"https:\/\/www.billiondaysupplier.com\/fr\/wp-json\/wp\/v2\/types\/product"}],"replies":[{"embeddable":true,"href":"https:\/\/www.billiondaysupplier.com\/fr\/wp-json\/wp\/v2\/comments?post=1239"}],"wp:featuredmedia":[{"embeddable":true,"href":"https:\/\/www.billiondaysupplier.com\/fr\/wp-json\/wp\/v2\/media\/1240"}],"wp:attachment":[{"href":"https:\/\/www.billiondaysupplier.com\/fr\/wp-json\/wp\/v2\/media?parent=1239"}],"wp:term":[{"taxonomy":"product_brand","embeddable":true,"href":"https:\/\/www.billiondaysupplier.com\/fr\/wp-json\/wp\/v2\/product_brand?post=1239"},{"taxonomy":"product_cat","embeddable":true,"href":"https:\/\/www.billiondaysupplier.com\/fr\/wp-json\/wp\/v2\/product_cat?post=1239"},{"taxonomy":"product_tag","embeddable":true,"href":"https:\/\/www.billiondaysupplier.com\/fr\/wp-json\/wp\/v2\/product_tag?post=1239"}],"curies":[{"name":"wp","href":"https:\/\/api.w.org\/{rel}","templated":true}]}}