{"id":1232,"date":"2025-10-17T08:44:51","date_gmt":"2025-10-17T08:44:51","guid":{"rendered":"https:\/\/www.billiondaysupplier.com\/?post_type=product&#038;p=1232"},"modified":"2025-10-18T08:26:03","modified_gmt":"2025-10-18T08:26:03","slug":"bulk-stainless-steel-ladle-holder","status":"publish","type":"product","link":"https:\/\/www.billiondaysupplier.com\/fr\/product\/bulk-stainless-steel-ladle-holder\/","title":{"rendered":"Bulk Stainless Steel Ladle Holder, Gold Spoon Rest Holder Set Wholesale (Support de louche en acier inoxydable, support de cuill\u00e8re en or)"},"content":{"rendered":"<div class=\"wp-block-columns is-layout-flex wp-container-core-columns-is-layout-9d6595d7 wp-block-columns-is-layout-flex\">\n<div class=\"wp-block-column is-layout-flow wp-block-column-is-layout-flow\">\n<h2 class=\"wp-block-heading\">Porte-louche en acier inoxydable Caract\u00e9ristiques :<\/h2>\n\n\n\n<p> <strong>Acier inoxydable de premi\u00e8re qualit\u00e9 :<\/strong> Fabriqu\u00e9 en acier inoxydable r\u00e9sistant \u00e0 la corrosion, il est r\u00e9sistant \u00e0 l'usure, \u00e0 la rouille et durable, et peut \u00eatre utilis\u00e9 pendant longtemps pour un buffet.<\/p>\n\n\n\n<p><strong>Placage en or haut de gamme :<\/strong> Le rev\u00eatement dor\u00e9 de haute qualit\u00e9 rehausse la qualit\u00e9 g\u00e9n\u00e9rale du plateau de table, tout en r\u00e9sistant aux traces de doigts et en \u00e9tant facile \u00e0 nettoyer, ce qui lui conf\u00e8re un aspect soign\u00e9 et esth\u00e9tique.<\/p>\n\n\n\n<p><strong>Dos de la cuill\u00e8re \u00e0 fente en forme de U<\/strong>: Il tient fermement la cuill\u00e8re et est facile \u00e0 retirer.<\/p>\n\n\n\n<p><strong>Conception en creux<\/strong>: Meilleure ventilation, l\u00e9ger et respirant, il ne laisse pas l'eau s'accumuler et permet un acc\u00e8s rapide et pratique \u00e0 la cuill\u00e8re.<\/p>\n\n\n\n<p><strong>Porte-cuill\u00e8res simple ou double<\/strong>: Pratique et adaptable \u00e0 de nombreuses circonstances de repas, qu'il s'agisse de banquets, de buffets d'h\u00f4tels ou de r\u00e9unions de famille.<\/p>\n\n\n\n<p><strong>Fonction pratique<\/strong>Le bac en c\u00e9ramique est amovible, facile \u00e0 nettoyer et \u00e0 remplacer, et peut \u00eatre utilis\u00e9 de diverses mani\u00e8res.<\/p>\n\n\n\n<p><strong>Compagnon de buffet id\u00e9al :<\/strong> Maximise la propret\u00e9 des tables et l'efficacit\u00e9 de la disposition, offrant un compl\u00e9ment professionnel et pratique \u00e0 un restaurant ou \u00e0 un banquet.<\/p>\n<\/div>\n\n\n\n<div class=\"wp-block-column is-layout-flow wp-block-column-is-layout-flow\">\n<figure class=\"wp-block-image size-full\"><img decoding=\"async\" width=\"1280\" height=\"1280\" src=\"https:\/\/www.billiondaysupplier.com\/wp-content\/uploads\/2025\/10\/Wholesale-Stainless-Steel-Ladle-Holder-Buffet-Accessories-Spoon-Set-Gold-Custom-4.webp\" alt=\"Wholesale Stainless Steel Ladle Holder, Buffet Accessories Spoon Set Gold Custom (4)\" class=\"wp-image-1236\" srcset=\"https:\/\/www.billiondaysupplier.com\/wp-content\/uploads\/2025\/10\/Wholesale-Stainless-Steel-Ladle-Holder-Buffet-Accessories-Spoon-Set-Gold-Custom-4.webp 1280w, https:\/\/www.billiondaysupplier.com\/wp-content\/uploads\/2025\/10\/Wholesale-Stainless-Steel-Ladle-Holder-Buffet-Accessories-Spoon-Set-Gold-Custom-4-300x300.webp 300w, https:\/\/www.billiondaysupplier.com\/wp-content\/uploads\/2025\/10\/Wholesale-Stainless-Steel-Ladle-Holder-Buffet-Accessories-Spoon-Set-Gold-Custom-4-150x150.webp 150w, https:\/\/www.billiondaysupplier.com\/wp-content\/uploads\/2025\/10\/Wholesale-Stainless-Steel-Ladle-Holder-Buffet-Accessories-Spoon-Set-Gold-Custom-4-768x768.webp 768w, https:\/\/www.billiondaysupplier.com\/wp-content\/uploads\/2025\/10\/Wholesale-Stainless-Steel-Ladle-Holder-Buffet-Accessories-Spoon-Set-Gold-Custom-4-12x12.webp 12w, https:\/\/www.billiondaysupplier.com\/wp-content\/uploads\/2025\/10\/Wholesale-Stainless-Steel-Ladle-Holder-Buffet-Accessories-Spoon-Set-Gold-Custom-4-1200x1200.webp 1200w, https:\/\/www.billiondaysupplier.com\/wp-content\/uploads\/2025\/10\/Wholesale-Stainless-Steel-Ladle-Holder-Buffet-Accessories-Spoon-Set-Gold-Custom-4-600x600.webp 600w, https:\/\/www.billiondaysupplier.com\/wp-content\/uploads\/2025\/10\/Wholesale-Stainless-Steel-Ladle-Holder-Buffet-Accessories-Spoon-Set-Gold-Custom-4-100x100.webp 100w\" sizes=\"(max-width: 1280px) 100vw, 1280px\" \/><\/figure>\n<\/div>\n<\/div>\n\n\n\n<div class=\"wp-block-columns is-layout-flex wp-container-core-columns-is-layout-9d6595d7 wp-block-columns-is-layout-flex\">\n<div class=\"wp-block-column is-layout-flow wp-block-column-is-layout-flow\">\n<figure class=\"wp-block-image size-large\"><img decoding=\"async\" width=\"3200\" height=\"3200\" src=\"https:\/\/www.billiondaysupplier.com\/wp-content\/uploads\/2025\/10\/Wholesale-Stainless-Steel-Ladle-Holder-Buffet-Accessories-Spoon-Set-Gold-Custom-6.webp\" alt=\"Wholesale Stainless Steel Ladle Holder, Buffet Accessories Spoon Set Gold Custom (6)\" class=\"wp-image-1238\" srcset=\"https:\/\/www.billiondaysupplier.com\/wp-content\/uploads\/2025\/10\/Wholesale-Stainless-Steel-Ladle-Holder-Buffet-Accessories-Spoon-Set-Gold-Custom-6.webp 3200w, https:\/\/www.billiondaysupplier.com\/wp-content\/uploads\/2025\/10\/Wholesale-Stainless-Steel-Ladle-Holder-Buffet-Accessories-Spoon-Set-Gold-Custom-6-300x300.webp 300w, https:\/\/www.billiondaysupplier.com\/wp-content\/uploads\/2025\/10\/Wholesale-Stainless-Steel-Ladle-Holder-Buffet-Accessories-Spoon-Set-Gold-Custom-6-150x150.webp 150w, https:\/\/www.billiondaysupplier.com\/wp-content\/uploads\/2025\/10\/Wholesale-Stainless-Steel-Ladle-Holder-Buffet-Accessories-Spoon-Set-Gold-Custom-6-768x768.webp 768w, https:\/\/www.billiondaysupplier.com\/wp-content\/uploads\/2025\/10\/Wholesale-Stainless-Steel-Ladle-Holder-Buffet-Accessories-Spoon-Set-Gold-Custom-6-12x12.webp 12w, https:\/\/www.billiondaysupplier.com\/wp-content\/uploads\/2025\/10\/Wholesale-Stainless-Steel-Ladle-Holder-Buffet-Accessories-Spoon-Set-Gold-Custom-6-1200x1200.webp 1200w, https:\/\/www.billiondaysupplier.com\/wp-content\/uploads\/2025\/10\/Wholesale-Stainless-Steel-Ladle-Holder-Buffet-Accessories-Spoon-Set-Gold-Custom-6-600x600.webp 600w, https:\/\/www.billiondaysupplier.com\/wp-content\/uploads\/2025\/10\/Wholesale-Stainless-Steel-Ladle-Holder-Buffet-Accessories-Spoon-Set-Gold-Custom-6-100x100.webp 100w\" sizes=\"(max-width: 3200px) 100vw, 3200px\" \/><\/figure>\n<\/div>\n\n\n\n<div class=\"wp-block-column is-layout-flow wp-block-column-is-layout-flow\">\n<figure class=\"wp-block-image size-full\"><img decoding=\"async\" width=\"1500\" height=\"1500\" src=\"https:\/\/www.billiondaysupplier.com\/wp-content\/uploads\/2025\/10\/Wholesale-Stainless-Steel-Ladle-Holder-Buffet-Accessories-Spoon-Set-Gold-Custom-5.webp\" alt=\"Wholesale Stainless Steel Ladle Holder, Buffet Accessories Spoon Set Gold Custom (5)\" class=\"wp-image-1237\" srcset=\"https:\/\/www.billiondaysupplier.com\/wp-content\/uploads\/2025\/10\/Wholesale-Stainless-Steel-Ladle-Holder-Buffet-Accessories-Spoon-Set-Gold-Custom-5.webp 1500w, https:\/\/www.billiondaysupplier.com\/wp-content\/uploads\/2025\/10\/Wholesale-Stainless-Steel-Ladle-Holder-Buffet-Accessories-Spoon-Set-Gold-Custom-5-300x300.webp 300w, https:\/\/www.billiondaysupplier.com\/wp-content\/uploads\/2025\/10\/Wholesale-Stainless-Steel-Ladle-Holder-Buffet-Accessories-Spoon-Set-Gold-Custom-5-150x150.webp 150w, https:\/\/www.billiondaysupplier.com\/wp-content\/uploads\/2025\/10\/Wholesale-Stainless-Steel-Ladle-Holder-Buffet-Accessories-Spoon-Set-Gold-Custom-5-768x768.webp 768w, https:\/\/www.billiondaysupplier.com\/wp-content\/uploads\/2025\/10\/Wholesale-Stainless-Steel-Ladle-Holder-Buffet-Accessories-Spoon-Set-Gold-Custom-5-12x12.webp 12w, https:\/\/www.billiondaysupplier.com\/wp-content\/uploads\/2025\/10\/Wholesale-Stainless-Steel-Ladle-Holder-Buffet-Accessories-Spoon-Set-Gold-Custom-5-1200x1200.webp 1200w, https:\/\/www.billiondaysupplier.com\/wp-content\/uploads\/2025\/10\/Wholesale-Stainless-Steel-Ladle-Holder-Buffet-Accessories-Spoon-Set-Gold-Custom-5-600x600.webp 600w, https:\/\/www.billiondaysupplier.com\/wp-content\/uploads\/2025\/10\/Wholesale-Stainless-Steel-Ladle-Holder-Buffet-Accessories-Spoon-Set-Gold-Custom-5-100x100.webp 100w\" sizes=\"(max-width: 1500px) 100vw, 1500px\" \/><\/figure>\n<\/div>\n<\/div>","protected":false},"excerpt":{"rendered":"<p>Porte-cuill\u00e8res en gros en acier inoxydable, durables, \u00e9l\u00e9gants et faciles \u00e0 nettoyer, con\u00e7us pour les buffets et la restauration. Disponibles en cuill\u00e8res simples ou doubles. Demandez d\u00e8s maintenant la solution d'approvisionnement en accessoires de buffet \u00e0 prix d'usine !<\/p>\n<h2>Support de louche en acier inoxydable Param\u00e8tre\uff1a<\/h2>\n<table width=\"378\">\n<tbody>\n<tr>\n<td width=\"155\">Mat\u00e9riau<\/td>\n<td width=\"223\">Acier inoxydable 304 et fer chrom\u00e9<\/td>\n<\/tr>\n<tr>\n<td>Couleur<\/td>\n<td width=\"223\">Argent \/ Or<\/td>\n<\/tr>\n<tr>\n<td>Repose-cuill\u00e8re<\/td>\n<td>Simple\/double<\/td>\n<\/tr>\n<tr>\n<td style=\"text-align: left;\">Fonctionnalit\u00e9<\/td>\n<td width=\"223\">\n<p>1. Construction m\u00e9tallique durable<br \/>2. Porte-cuill\u00e8res simples ou doubles disponibles<br \/>3. Plateau amovible en c\u00e9ramique<br \/>4. Conception facile \u00e0 nettoyer<\/p>\n<\/td>\n<\/tr>\n<tr>\n<td>Option personnalis\u00e9e<\/td>\n<td width=\"223\">Logo\/couleur\/taille\/emballage\/accessoires<\/td>\n<\/tr>\n<\/tbody>\n<\/table>","protected":false},"featured_media":1233,"comment_status":"closed","ping_status":"closed","template":"","meta":{"_acf_changed":true},"product_brand":[],"product_cat":[23],"product_tag":[],"class_list":{"0":"post-1232","1":"product","2":"type-product","3":"status-publish","4":"has-post-thumbnail","6":"product_cat-wholesale-buffet-accessories","8":"first","9":"instock","10":"shipping-taxable","11":"product-type-simple"},"acf":[],"_links":{"self":[{"href":"https:\/\/www.billiondaysupplier.com\/fr\/wp-json\/wp\/v2\/product\/1232","targetHints":{"allow":["GET"]}}],"collection":[{"href":"https:\/\/www.billiondaysupplier.com\/fr\/wp-json\/wp\/v2\/product"}],"about":[{"href":"https:\/\/www.billiondaysupplier.com\/fr\/wp-json\/wp\/v2\/types\/product"}],"replies":[{"embeddable":true,"href":"https:\/\/www.billiondaysupplier.com\/fr\/wp-json\/wp\/v2\/comments?post=1232"}],"wp:featuredmedia":[{"embeddable":true,"href":"https:\/\/www.billiondaysupplier.com\/fr\/wp-json\/wp\/v2\/media\/1233"}],"wp:attachment":[{"href":"https:\/\/www.billiondaysupplier.com\/fr\/wp-json\/wp\/v2\/media?parent=1232"}],"wp:term":[{"taxonomy":"product_brand","embeddable":true,"href":"https:\/\/www.billiondaysupplier.com\/fr\/wp-json\/wp\/v2\/product_brand?post=1232"},{"taxonomy":"product_cat","embeddable":true,"href":"https:\/\/www.billiondaysupplier.com\/fr\/wp-json\/wp\/v2\/product_cat?post=1232"},{"taxonomy":"product_tag","embeddable":true,"href":"https:\/\/www.billiondaysupplier.com\/fr\/wp-json\/wp\/v2\/product_tag?post=1232"}],"curies":[{"name":"wp","href":"https:\/\/api.w.org\/{rel}","templated":true}]}}