{"id":1224,"date":"2025-10-17T08:08:56","date_gmt":"2025-10-17T08:08:56","guid":{"rendered":"https:\/\/www.billiondaysupplier.com\/?post_type=product&#038;p=1224"},"modified":"2025-10-18T07:37:43","modified_gmt":"2025-10-18T07:37:43","slug":"stainless-steel-food-containers-wholesale","status":"publish","type":"product","link":"https:\/\/www.billiondaysupplier.com\/fr\/product\/stainless-steel-food-containers-wholesale\/","title":{"rendered":"Conteneurs alimentaires en acier inoxydable Wholesale, Luch Box Set Bulk"},"content":{"rendered":"<div class=\"wp-block-columns is-layout-flex wp-container-core-columns-is-layout-9d6595d7 wp-block-columns-is-layout-flex\">\n<div class=\"wp-block-column is-layout-flow wp-block-column-is-layout-flow\">\n<h2 class=\"wp-block-heading\">R\u00e9cipients alimentaires en acier inoxydable avec couvercle Caract\u00e9ristiques :<\/h2>\n\n\n\n<p><strong>Acier inoxydable de haute qualit\u00e9<\/strong>: Fabriqu\u00e9 en acier inoxydable de qualit\u00e9 alimentaire, il est inodore, s\u00fbr, anticorrosion et r\u00e9siste aux chutes et aux d\u00e9formations.<\/p>\n\n\n\n<p><strong>Conception scell\u00e9e sous vide<\/strong>: Le couvercle bloque l'air pour pr\u00e9server la saveur et la temp\u00e9rature d'origine des aliments.<\/p>\n\n\n\n<p><strong>Applications polyvalentes<\/strong>: Id\u00e9al pour conserver les aliments cuits, les viandes marin\u00e9es, les fruits de mer, les fruits, les l\u00e9gumes et les p\u00e2tisseries.<\/p>\n\n\n\n<p><strong>Empilable pour un gain de place<\/strong>: L'empilage flexible de diff\u00e9rentes tailles permet d'obtenir une cuisine plus nette et mieux organis\u00e9e.<\/p>\n\n\n\n<p><strong>Construction facile \u00e0 nettoyer<\/strong>: L'int\u00e9rieur \u00e0 la finition simple et propre est compatible avec le lave-vaisselle et le st\u00e9rilisateur et facile \u00e0 nettoyer.<\/p>\n\n\n\n<p><strong>Gamme de services<\/strong>: Disponible dans une vari\u00e9t\u00e9 de tailles pour r\u00e9pondre \u00e0 une grande vari\u00e9t\u00e9 de besoins dans la maison et dans les environnements commerciaux.<\/p>\n<\/div>\n\n\n\n<div class=\"wp-block-column is-layout-flow wp-block-column-is-layout-flow\">\n<figure class=\"wp-block-image size-full\"><img decoding=\"async\" width=\"4096\" height=\"3072\" src=\"https:\/\/www.billiondaysupplier.com\/wp-content\/uploads\/2025\/10\/stainless-steel-food-containers-wholesale-3.webp\" alt=\"R\u00e9cipients alimentaires en acier inoxydable (3)\" class=\"wp-image-1227\" srcset=\"https:\/\/www.billiondaysupplier.com\/wp-content\/uploads\/2025\/10\/stainless-steel-food-containers-wholesale-3.webp 4096w, https:\/\/www.billiondaysupplier.com\/wp-content\/uploads\/2025\/10\/stainless-steel-food-containers-wholesale-3-300x225.webp 300w, https:\/\/www.billiondaysupplier.com\/wp-content\/uploads\/2025\/10\/stainless-steel-food-containers-wholesale-3-768x576.webp 768w, https:\/\/www.billiondaysupplier.com\/wp-content\/uploads\/2025\/10\/stainless-steel-food-containers-wholesale-3-16x12.webp 16w, https:\/\/www.billiondaysupplier.com\/wp-content\/uploads\/2025\/10\/stainless-steel-food-containers-wholesale-3-1200x900.webp 1200w, https:\/\/www.billiondaysupplier.com\/wp-content\/uploads\/2025\/10\/stainless-steel-food-containers-wholesale-3-600x450.webp 600w\" sizes=\"(max-width: 4096px) 100vw, 4096px\" \/><\/figure>\n<\/div>\n<\/div>\n\n\n\n<div class=\"wp-block-columns is-layout-flex wp-container-core-columns-is-layout-9d6595d7 wp-block-columns-is-layout-flex\">\n<div class=\"wp-block-column is-layout-flow wp-block-column-is-layout-flow\">\n<figure class=\"wp-block-image size-full\"><img decoding=\"async\" width=\"1480\" height=\"1480\" src=\"https:\/\/www.billiondaysupplier.com\/wp-content\/uploads\/2025\/10\/stainless-steel-food-containers-wholesale-5.webp\" alt=\"R\u00e9cipients alimentaires en acier inoxydable (5)\" class=\"wp-image-1229\" srcset=\"https:\/\/www.billiondaysupplier.com\/wp-content\/uploads\/2025\/10\/stainless-steel-food-containers-wholesale-5.webp 1480w, https:\/\/www.billiondaysupplier.com\/wp-content\/uploads\/2025\/10\/stainless-steel-food-containers-wholesale-5-300x300.webp 300w, https:\/\/www.billiondaysupplier.com\/wp-content\/uploads\/2025\/10\/stainless-steel-food-containers-wholesale-5-150x150.webp 150w, https:\/\/www.billiondaysupplier.com\/wp-content\/uploads\/2025\/10\/stainless-steel-food-containers-wholesale-5-768x768.webp 768w, https:\/\/www.billiondaysupplier.com\/wp-content\/uploads\/2025\/10\/stainless-steel-food-containers-wholesale-5-12x12.webp 12w, https:\/\/www.billiondaysupplier.com\/wp-content\/uploads\/2025\/10\/stainless-steel-food-containers-wholesale-5-1200x1200.webp 1200w, https:\/\/www.billiondaysupplier.com\/wp-content\/uploads\/2025\/10\/stainless-steel-food-containers-wholesale-5-600x600.webp 600w, https:\/\/www.billiondaysupplier.com\/wp-content\/uploads\/2025\/10\/stainless-steel-food-containers-wholesale-5-100x100.webp 100w\" sizes=\"(max-width: 1480px) 100vw, 1480px\" \/><\/figure>\n<\/div>\n\n\n\n<div class=\"wp-block-column is-layout-flow wp-block-column-is-layout-flow\">\n<figure class=\"wp-block-image size-full\"><img decoding=\"async\" width=\"1480\" height=\"1480\" src=\"https:\/\/www.billiondaysupplier.com\/wp-content\/uploads\/2025\/10\/stainless-steel-food-containers-wholesale-6.webp\" alt=\"R\u00e9cipients alimentaires en acier inoxydable (6)\" class=\"wp-image-1230\" style=\"aspect-ratio:1;object-fit:cover\" srcset=\"https:\/\/www.billiondaysupplier.com\/wp-content\/uploads\/2025\/10\/stainless-steel-food-containers-wholesale-6.webp 1480w, https:\/\/www.billiondaysupplier.com\/wp-content\/uploads\/2025\/10\/stainless-steel-food-containers-wholesale-6-300x300.webp 300w, https:\/\/www.billiondaysupplier.com\/wp-content\/uploads\/2025\/10\/stainless-steel-food-containers-wholesale-6-150x150.webp 150w, https:\/\/www.billiondaysupplier.com\/wp-content\/uploads\/2025\/10\/stainless-steel-food-containers-wholesale-6-768x768.webp 768w, https:\/\/www.billiondaysupplier.com\/wp-content\/uploads\/2025\/10\/stainless-steel-food-containers-wholesale-6-12x12.webp 12w, https:\/\/www.billiondaysupplier.com\/wp-content\/uploads\/2025\/10\/stainless-steel-food-containers-wholesale-6-1200x1200.webp 1200w, https:\/\/www.billiondaysupplier.com\/wp-content\/uploads\/2025\/10\/stainless-steel-food-containers-wholesale-6-600x600.webp 600w, https:\/\/www.billiondaysupplier.com\/wp-content\/uploads\/2025\/10\/stainless-steel-food-containers-wholesale-6-100x100.webp 100w\" sizes=\"(max-width: 1480px) 100vw, 1480px\" \/><\/figure>\n<\/div>\n<\/div>","protected":false},"excerpt":{"rendered":"<p>Les r\u00e9cipients alimentaires en acier inoxydable Billion Day sont con\u00e7us pour garantir la fra\u00eecheur et la durabilit\u00e9. Ils offrent une fermeture s\u00fbre et une capacit\u00e9 g\u00e9n\u00e9reuse pour un stockage polyvalent des aliments. Parfaits pour les cuisines commerciales, la restauration et la pr\u00e9paration des repas. N'h\u00e9sitez pas \u00e0 nous contacter pour obtenir votre solution personnalis\u00e9e d\u00e8s aujourd'hui !<\/p>\n<h2>Param\u00e8tres des conteneurs alimentaires en acier inoxydable\uff1a<\/h2>\n<table border=\"0\" width=\"404\" cellspacing=\"0\" cellpadding=\"0\">\n<tbody>\n<tr>\n<td style=\"text-align: left;\" width=\"148\" height=\"24\"><strong>Mat\u00e9riau<\/strong><\/td>\n<td style=\"text-align: left;\" width=\"256\">Acier inoxydable 201<\/td>\n<\/tr>\n<tr>\n<td style=\"text-align: left;\" width=\"148\" height=\"24\"><strong>Couleur<\/strong><\/td>\n<td style=\"text-align: left;\" width=\"256\">Argent<\/td>\n<\/tr>\n<tr>\n<td style=\"text-align: left;\" width=\"148\" height=\"24\"><strong>Couvercle<\/strong><\/td>\n<td style=\"text-align: left;\" width=\"256\">PC\/Acier inoxydable<\/td>\n<\/tr>\n<tr>\n<td style=\"text-align: left;\" height=\"24\"><strong>Fonctionnalit\u00e9<\/strong><\/td>\n<td style=\"text-align: left;\">\n<ol>\n<li data-start=\"23\" data-end=\"68\">Construction durable en acier inoxydable<\/li>\n<li data-start=\"23\" data-end=\"68\">Couvercle avec valve \u00e0 vide<\/li>\n<li data-start=\"69\" data-end=\"109\">Excellente r\u00e9tention de la chaleur et du froid<\/li>\n<li data-start=\"110\" data-end=\"147\">\u00c9tanche et facile \u00e0 nettoyer<\/li>\n<\/ol>\n<\/td>\n<\/tr>\n<tr>\n<td style=\"text-align: left;\" height=\"24\"><strong>Option personnalis\u00e9e<\/strong><\/td>\n<td style=\"text-align: left;\">Logo\/taille\/emballage\/accessoires<\/td>\n<\/tr>\n<\/tbody>\n<\/table>","protected":false},"featured_media":1228,"comment_status":"closed","ping_status":"closed","template":"","meta":{"_acf_changed":false},"product_brand":[],"product_cat":[27],"product_tag":[],"class_list":{"0":"post-1224","1":"product","2":"type-product","3":"status-publish","4":"has-post-thumbnail","6":"product_cat-stainless-steel-food-container-wholesale","8":"first","9":"instock","10":"shipping-taxable","11":"product-type-simple"},"acf":[],"_links":{"self":[{"href":"https:\/\/www.billiondaysupplier.com\/fr\/wp-json\/wp\/v2\/product\/1224","targetHints":{"allow":["GET"]}}],"collection":[{"href":"https:\/\/www.billiondaysupplier.com\/fr\/wp-json\/wp\/v2\/product"}],"about":[{"href":"https:\/\/www.billiondaysupplier.com\/fr\/wp-json\/wp\/v2\/types\/product"}],"replies":[{"embeddable":true,"href":"https:\/\/www.billiondaysupplier.com\/fr\/wp-json\/wp\/v2\/comments?post=1224"}],"wp:featuredmedia":[{"embeddable":true,"href":"https:\/\/www.billiondaysupplier.com\/fr\/wp-json\/wp\/v2\/media\/1228"}],"wp:attachment":[{"href":"https:\/\/www.billiondaysupplier.com\/fr\/wp-json\/wp\/v2\/media?parent=1224"}],"wp:term":[{"taxonomy":"product_brand","embeddable":true,"href":"https:\/\/www.billiondaysupplier.com\/fr\/wp-json\/wp\/v2\/product_brand?post=1224"},{"taxonomy":"product_cat","embeddable":true,"href":"https:\/\/www.billiondaysupplier.com\/fr\/wp-json\/wp\/v2\/product_cat?post=1224"},{"taxonomy":"product_tag","embeddable":true,"href":"https:\/\/www.billiondaysupplier.com\/fr\/wp-json\/wp\/v2\/product_tag?post=1224"}],"curies":[{"name":"wp","href":"https:\/\/api.w.org\/{rel}","templated":true}]}}