{"id":1109,"date":"2025-09-01T08:04:00","date_gmt":"2025-09-01T08:04:00","guid":{"rendered":"https:\/\/www.billiondaysupplier.com\/?post_type=product&#038;p=1109"},"modified":"2025-09-07T22:51:03","modified_gmt":"2025-09-07T22:51:03","slug":"wholesale-mixing-bowls","status":"publish","type":"product","link":"https:\/\/www.billiondaysupplier.com\/fr\/product\/wholesale-mixing-bowls\/","title":{"rendered":"Bols \u00e0 m\u00e9langer en gros, bol en acier inoxydable color\u00e9 avec couvercle pour fournisseur de restaurant"},"content":{"rendered":"<div class=\"wp-block-columns is-layout-flex wp-container-core-columns-is-layout-9d6595d7 wp-block-columns-is-layout-flex\">\n<div class=\"wp-block-column is-layout-flow wp-block-column-is-layout-flow\">\n<h2 class=\"wp-block-heading\">Caract\u00e9ristiques du bol de mixage en acier inoxydable :<\/h2>\n\n\n\n<p><strong> Acier inoxydable de haute qualit\u00e9 :<\/strong> Fabriqu\u00e9 en acier inoxydable de qualit\u00e9 alimentaire, ce produit est r\u00e9sistant \u00e0 la corrosion, \u00e0 la rouille et durable, ce qui lui permet de rester impeccable m\u00eame apr\u00e8s des ann\u00e9es d'utilisation.<\/p>\n\n\n\n<p><strong>Conception polyvalente<\/strong>: Utilis\u00e9 comme bol \u00e0 m\u00e9langer, bol \u00e0 salade, bol de stockage, bol \u00e0 fruits, bol \u00e0 nouilles ou bol pour pr\u00e9parer les repas, il r\u00e9pond \u00e0 de nombreux besoins dans la cuisine.<\/p>\n\n\n\n<p><strong>Plusieurs tailles disponibles<\/strong>: Disponibles dans une vari\u00e9t\u00e9 de tailles, ils conviennent \u00e0 la cuisine familiale, \u00e0 la restauration et aux exigences de capacit\u00e9 variables des cuisines commerciales.<\/p>\n\n\n\n<p><strong>\u00c9quip\u00e9 d'un couvercle d'\u00e9tanch\u00e9it\u00e9<\/strong>: Il assure une \u00e9tanch\u00e9it\u00e9 solide, pr\u00e9servant les ingr\u00e9dients de mani\u00e8re pratique et emp\u00eachant le transfert d'odeurs, ce qui le rend adapt\u00e9 au stockage au r\u00e9frig\u00e9rateur et au transport.<\/p>\n\n\n\n<p><strong>Options de couleurs multiples<\/strong>: Disponible dans une vari\u00e9t\u00e9 de couleurs ext\u00e9rieures \u00e9l\u00e9gantes, associ\u00e9es \u00e0 des couvercles color\u00e9s (violet, orange, vert, jaune, bleu, rouge, rose) pour des raisons \u00e0 la fois esth\u00e9tiques et pratiques.<\/p>\n\n\n\n<p><strong>Stockage facile<\/strong>: Les bols sont embo\u00eetables et empilables, ce qui permet d'\u00e9conomiser de l'espace et de faciliter l'organisation de votre cuisine.<\/p>\n\n\n\n<p><strong>Nettoyage facile<\/strong>: L'int\u00e9rieur lisse et antiadh\u00e9sif facilite le nettoyage, que ce soit \u00e0 la main ou dans un lave-vaisselle commercial.<\/p>\n<\/div>\n\n\n\n<div class=\"wp-block-column is-layout-flow wp-block-column-is-layout-flow\">\n<figure class=\"wp-block-image size-full\"><img decoding=\"async\" width=\"720\" height=\"720\" src=\"https:\/\/www.billiondaysupplier.com\/wp-content\/uploads\/2025\/09\/stainless-mixer-bowl-bulk-5.webp\" alt=\"bol de m\u00e9langeur inoxydable en vrac (5)\" class=\"wp-image-1114\" srcset=\"https:\/\/www.billiondaysupplier.com\/wp-content\/uploads\/2025\/09\/stainless-mixer-bowl-bulk-5.webp 720w, https:\/\/www.billiondaysupplier.com\/wp-content\/uploads\/2025\/09\/stainless-mixer-bowl-bulk-5-300x300.webp 300w, https:\/\/www.billiondaysupplier.com\/wp-content\/uploads\/2025\/09\/stainless-mixer-bowl-bulk-5-150x150.webp 150w, https:\/\/www.billiondaysupplier.com\/wp-content\/uploads\/2025\/09\/stainless-mixer-bowl-bulk-5-12x12.webp 12w, https:\/\/www.billiondaysupplier.com\/wp-content\/uploads\/2025\/09\/stainless-mixer-bowl-bulk-5-600x600.webp 600w, https:\/\/www.billiondaysupplier.com\/wp-content\/uploads\/2025\/09\/stainless-mixer-bowl-bulk-5-100x100.webp 100w\" sizes=\"(max-width: 720px) 100vw, 720px\" \/><\/figure>\n<\/div>\n<\/div>\n\n\n\n<div class=\"wp-block-columns is-layout-flex wp-container-core-columns-is-layout-9d6595d7 wp-block-columns-is-layout-flex\">\n<div class=\"wp-block-column is-layout-flow wp-block-column-is-layout-flow\">\n<figure class=\"wp-block-image size-full\"><img decoding=\"async\" width=\"720\" height=\"720\" src=\"https:\/\/www.billiondaysupplier.com\/wp-content\/uploads\/2025\/09\/stainless-mixer-bowl-bulk-2.webp\" alt=\"bol de m\u00e9langeur inoxydable en vrac (2)\" class=\"wp-image-1111\" srcset=\"https:\/\/www.billiondaysupplier.com\/wp-content\/uploads\/2025\/09\/stainless-mixer-bowl-bulk-2.webp 720w, https:\/\/www.billiondaysupplier.com\/wp-content\/uploads\/2025\/09\/stainless-mixer-bowl-bulk-2-300x300.webp 300w, https:\/\/www.billiondaysupplier.com\/wp-content\/uploads\/2025\/09\/stainless-mixer-bowl-bulk-2-150x150.webp 150w, https:\/\/www.billiondaysupplier.com\/wp-content\/uploads\/2025\/09\/stainless-mixer-bowl-bulk-2-12x12.webp 12w, https:\/\/www.billiondaysupplier.com\/wp-content\/uploads\/2025\/09\/stainless-mixer-bowl-bulk-2-600x600.webp 600w, https:\/\/www.billiondaysupplier.com\/wp-content\/uploads\/2025\/09\/stainless-mixer-bowl-bulk-2-100x100.webp 100w\" sizes=\"(max-width: 720px) 100vw, 720px\" \/><\/figure>\n<\/div>\n\n\n\n<div class=\"wp-block-column is-layout-flow wp-block-column-is-layout-flow\">\n<figure class=\"wp-block-image size-full\"><img decoding=\"async\" width=\"720\" height=\"720\" src=\"https:\/\/www.billiondaysupplier.com\/wp-content\/uploads\/2025\/09\/stainless-mixer-bowl-bulk-3.webp\" alt=\"bol de m\u00e9langeur inoxydable en vrac (3)\" class=\"wp-image-1112\" srcset=\"https:\/\/www.billiondaysupplier.com\/wp-content\/uploads\/2025\/09\/stainless-mixer-bowl-bulk-3.webp 720w, https:\/\/www.billiondaysupplier.com\/wp-content\/uploads\/2025\/09\/stainless-mixer-bowl-bulk-3-300x300.webp 300w, https:\/\/www.billiondaysupplier.com\/wp-content\/uploads\/2025\/09\/stainless-mixer-bowl-bulk-3-150x150.webp 150w, https:\/\/www.billiondaysupplier.com\/wp-content\/uploads\/2025\/09\/stainless-mixer-bowl-bulk-3-12x12.webp 12w, https:\/\/www.billiondaysupplier.com\/wp-content\/uploads\/2025\/09\/stainless-mixer-bowl-bulk-3-600x600.webp 600w, https:\/\/www.billiondaysupplier.com\/wp-content\/uploads\/2025\/09\/stainless-mixer-bowl-bulk-3-100x100.webp 100w\" sizes=\"(max-width: 720px) 100vw, 720px\" \/><\/figure>\n<\/div>\n<\/div>","protected":false},"excerpt":{"rendered":"<p>Bols \u00e0 m\u00e9langer en gros, en acier inoxydable de qualit\u00e9 alimentaire, disponibles en plusieurs tailles et couleurs, avec un couvercle scell\u00e9, convenant \u00e0 la maison, \u00e0 l'h\u00f4tel, au restaurant et aux cuisines commerciales. Possibilit\u00e9 de personnalisation en vrac. N'h\u00e9sitez pas \u00e0 nous contacter pour obtenir un devis !<\/p>\n<h2>Param\u00e8tres des bols m\u00e9langeurs\uff1a<\/h2>\n<table border=\"0\" width=\"404\" cellspacing=\"0\" cellpadding=\"0\">\n<tbody>\n<tr>\n<td style=\"text-align: left;\" width=\"148\" height=\"24\"><strong>Mat\u00e9riau<\/strong><\/td>\n<td style=\"text-align: left;\" width=\"256\">Acier inoxydable 201<\/td>\n<\/tr>\n<tr>\n<td style=\"text-align: left;\" height=\"69\"><strong>Couleur<\/strong><\/td>\n<td style=\"text-align: left;\" width=\"256\">Violet, orange, vert, jaune, bleu, rouge, rose<\/td>\n<\/tr>\n<tr>\n<td style=\"text-align: left;\" height=\"69\"><strong>Application<\/strong><\/td>\n<td style=\"text-align: left;\" width=\"256\">Remuer, m\u00e9langer la salade, p\u00e9trir la p\u00e2te, pr\u00e9parer les sauces, servir les ingr\u00e9dients<\/td>\n<\/tr>\n<tr>\n<td style=\"text-align: left;\" height=\"69\"><strong>Occasin<\/strong><\/td>\n<td style=\"text-align: left;\" width=\"256\">Cuisines domestiques, caf\u00e9t\u00e9rias, boulangeries, cuisines commerciales, buffets et camping.<\/td>\n<\/tr>\n<tr>\n<td style=\"text-align: left;\" height=\"92\"><strong>Fonctionnalit\u00e9<\/strong><\/td>\n<td style=\"text-align: left;\" width=\"256\">1. Facile \u00e0 nettoyer<br \/>2. Durable<\/td>\n<\/tr>\n<tr>\n<td style=\"text-align: left;\" height=\"24\"><strong>Option personnalis\u00e9e<\/strong><\/td>\n<td style=\"text-align: left;\">Logo\/couvercle\/emballage\/accessoires<\/td>\n<\/tr>\n<\/tbody>\n<\/table>","protected":false},"featured_media":1110,"comment_status":"closed","ping_status":"closed","template":"","meta":{"_acf_changed":true},"product_brand":[],"product_cat":[25],"product_tag":[],"class_list":{"0":"post-1109","1":"product","2":"type-product","3":"status-publish","4":"has-post-thumbnail","6":"product_cat-bulk-custom-mixing-bowls","8":"first","9":"instock","10":"shipping-taxable","11":"product-type-simple"},"acf":[],"_links":{"self":[{"href":"https:\/\/www.billiondaysupplier.com\/fr\/wp-json\/wp\/v2\/product\/1109","targetHints":{"allow":["GET"]}}],"collection":[{"href":"https:\/\/www.billiondaysupplier.com\/fr\/wp-json\/wp\/v2\/product"}],"about":[{"href":"https:\/\/www.billiondaysupplier.com\/fr\/wp-json\/wp\/v2\/types\/product"}],"replies":[{"embeddable":true,"href":"https:\/\/www.billiondaysupplier.com\/fr\/wp-json\/wp\/v2\/comments?post=1109"}],"wp:featuredmedia":[{"embeddable":true,"href":"https:\/\/www.billiondaysupplier.com\/fr\/wp-json\/wp\/v2\/media\/1110"}],"wp:attachment":[{"href":"https:\/\/www.billiondaysupplier.com\/fr\/wp-json\/wp\/v2\/media?parent=1109"}],"wp:term":[{"taxonomy":"product_brand","embeddable":true,"href":"https:\/\/www.billiondaysupplier.com\/fr\/wp-json\/wp\/v2\/product_brand?post=1109"},{"taxonomy":"product_cat","embeddable":true,"href":"https:\/\/www.billiondaysupplier.com\/fr\/wp-json\/wp\/v2\/product_cat?post=1109"},{"taxonomy":"product_tag","embeddable":true,"href":"https:\/\/www.billiondaysupplier.com\/fr\/wp-json\/wp\/v2\/product_tag?post=1109"}],"curies":[{"name":"wp","href":"https:\/\/api.w.org\/{rel}","templated":true}]}}