{"id":1102,"date":"2025-09-01T07:46:51","date_gmt":"2025-09-01T07:46:51","guid":{"rendered":"https:\/\/www.billiondaysupplier.com\/?post_type=product&#038;p=1102"},"modified":"2025-10-18T11:16:19","modified_gmt":"2025-10-18T11:16:19","slug":"bulk-stainless-steel-baking-pan","status":"publish","type":"product","link":"https:\/\/www.billiondaysupplier.com\/fr\/product\/bulk-stainless-steel-baking-pan\/","title":{"rendered":"Bulk Stainless Steel Baking Pan, Square Plate with Grill Custom (Plaque de cuisson en acier inoxydable en vrac avec grille)"},"content":{"rendered":"<div class=\"wp-block-columns is-layout-flex wp-container-core-columns-is-layout-9d6595d7 wp-block-columns-is-layout-flex\">\n<div class=\"wp-block-column is-layout-flow wp-block-column-is-layout-flow\">\n<h2 class=\"wp-block-heading\">Plaque \u00e0 p\u00e2tisserie en acier inoxydable Caract\u00e9ristiques :<\/h2>\n\n\n\n<p><strong>Mat\u00e9riaux de haute qualit\u00e9<\/strong>: Fabriqu\u00e9 en acier inoxydable de qualit\u00e9 alimentaire d'une \u00e9paisseur de 0,85 mm, il est r\u00e9sistant \u00e0 la chaleur et \u00e0 la corrosion, ce qui garantit sa s\u00e9curit\u00e9 et sa durabilit\u00e9.<\/p>\n\n\n\n<p><strong>Assiette carr\u00e9e et gril combin\u00e9s<\/strong>: Cet ensemble polyvalent peut \u00eatre utilis\u00e9 comme plaque de cuisson ou associ\u00e9 \u00e0 un gril pour la cuisson \u00e0 la vapeur, la cuisson au four, le refroidissement et d'autres utilisations polyvalentes, r\u00e9pondant ainsi aux divers besoins de la cuisine.<\/p>\n\n\n\n<p><strong>Bords lisses et sans bavures<\/strong>: Les bords lisses et arrondis \u00e9vitent les rayures, am\u00e9liorant ainsi la s\u00e9curit\u00e9 et le confort.<\/p>\n\n\n\n<p><strong>Plat, fond antid\u00e9rapant : <\/strong>Le fond plat distribue la chaleur de mani\u00e8re uniforme et la conduit rapidement, pour une cuisson plus efficace.<\/p>\n\n\n\n<p><strong>Empilable<\/strong>: Plusieurs assiettes peuvent \u00eatre empil\u00e9es, ce qui permet de gagner de la place dans la cuisine et de faciliter le transport et le stockage. Il convient particuli\u00e8rement aux restaurants et aux grossistes.<\/p>\n\n\n\n<p><strong>Facile \u00e0 nettoyer<\/strong>: La surface lisse et antiadh\u00e9sive facilite le nettoyage et peut \u00eatre lav\u00e9e au lave-vaisselle, ce qui permet de gagner du temps.<\/p>\n<\/div>\n\n\n\n<div class=\"wp-block-column is-layout-flow wp-block-column-is-layout-flow\">\n<figure class=\"wp-block-image size-full\"><img decoding=\"async\" width=\"720\" height=\"720\" src=\"https:\/\/www.billiondaysupplier.com\/wp-content\/uploads\/2025\/09\/custom-stainless-steel-square-plate-5.webp\" alt=\"plaque carr\u00e9e en acier inoxydable sur mesure (5)\" class=\"wp-image-1107\" srcset=\"https:\/\/www.billiondaysupplier.com\/wp-content\/uploads\/2025\/09\/custom-stainless-steel-square-plate-5.webp 720w, https:\/\/www.billiondaysupplier.com\/wp-content\/uploads\/2025\/09\/custom-stainless-steel-square-plate-5-300x300.webp 300w, https:\/\/www.billiondaysupplier.com\/wp-content\/uploads\/2025\/09\/custom-stainless-steel-square-plate-5-150x150.webp 150w, https:\/\/www.billiondaysupplier.com\/wp-content\/uploads\/2025\/09\/custom-stainless-steel-square-plate-5-12x12.webp 12w, https:\/\/www.billiondaysupplier.com\/wp-content\/uploads\/2025\/09\/custom-stainless-steel-square-plate-5-600x600.webp 600w, https:\/\/www.billiondaysupplier.com\/wp-content\/uploads\/2025\/09\/custom-stainless-steel-square-plate-5-100x100.webp 100w\" sizes=\"(max-width: 720px) 100vw, 720px\" \/><\/figure>\n<\/div>\n<\/div>\n\n\n\n<div class=\"wp-block-columns is-layout-flex wp-container-core-columns-is-layout-9d6595d7 wp-block-columns-is-layout-flex\">\n<div class=\"wp-block-column is-layout-flow wp-block-column-is-layout-flow\">\n<figure class=\"wp-block-image size-full\"><img decoding=\"async\" width=\"720\" height=\"720\" src=\"https:\/\/www.billiondaysupplier.com\/wp-content\/uploads\/2025\/09\/custom-stainless-steel-square-plate-6.webp\" alt=\"plaque carr\u00e9e en acier inoxydable sur mesure (6)\" class=\"wp-image-1108\" srcset=\"https:\/\/www.billiondaysupplier.com\/wp-content\/uploads\/2025\/09\/custom-stainless-steel-square-plate-6.webp 720w, https:\/\/www.billiondaysupplier.com\/wp-content\/uploads\/2025\/09\/custom-stainless-steel-square-plate-6-300x300.webp 300w, https:\/\/www.billiondaysupplier.com\/wp-content\/uploads\/2025\/09\/custom-stainless-steel-square-plate-6-150x150.webp 150w, https:\/\/www.billiondaysupplier.com\/wp-content\/uploads\/2025\/09\/custom-stainless-steel-square-plate-6-12x12.webp 12w, https:\/\/www.billiondaysupplier.com\/wp-content\/uploads\/2025\/09\/custom-stainless-steel-square-plate-6-600x600.webp 600w, https:\/\/www.billiondaysupplier.com\/wp-content\/uploads\/2025\/09\/custom-stainless-steel-square-plate-6-100x100.webp 100w\" sizes=\"(max-width: 720px) 100vw, 720px\" \/><\/figure>\n<\/div>\n\n\n\n<div class=\"wp-block-column is-layout-flow wp-block-column-is-layout-flow\">\n<figure class=\"wp-block-image size-full\"><img decoding=\"async\" width=\"720\" height=\"720\" src=\"https:\/\/www.billiondaysupplier.com\/wp-content\/uploads\/2025\/09\/custom-stainless-steel-square-plate-3.webp\" alt=\"plaque carr\u00e9e en acier inoxydable sur mesure (3)\" class=\"wp-image-1105\" srcset=\"https:\/\/www.billiondaysupplier.com\/wp-content\/uploads\/2025\/09\/custom-stainless-steel-square-plate-3.webp 720w, https:\/\/www.billiondaysupplier.com\/wp-content\/uploads\/2025\/09\/custom-stainless-steel-square-plate-3-300x300.webp 300w, https:\/\/www.billiondaysupplier.com\/wp-content\/uploads\/2025\/09\/custom-stainless-steel-square-plate-3-150x150.webp 150w, https:\/\/www.billiondaysupplier.com\/wp-content\/uploads\/2025\/09\/custom-stainless-steel-square-plate-3-12x12.webp 12w, https:\/\/www.billiondaysupplier.com\/wp-content\/uploads\/2025\/09\/custom-stainless-steel-square-plate-3-600x600.webp 600w, https:\/\/www.billiondaysupplier.com\/wp-content\/uploads\/2025\/09\/custom-stainless-steel-square-plate-3-100x100.webp 100w\" sizes=\"(max-width: 720px) 100vw, 720px\" \/><\/figure>\n<\/div>\n<\/div>","protected":false},"excerpt":{"rendered":"<p>Les plaques de cuisson en acier inoxydable personnalis\u00e9es en vrac sont carr\u00e9es et disponibles en diff\u00e9rentes tailles, adapt\u00e9es aux fours ou aux services de restauration, et plus encore. Billion Day Factory direct supply, wholesale price and custom solution is available ! N'h\u00e9sitez pas \u00e0 nous contacter !<\/p>\n<h2>Param\u00e8tre de la plaque \u00e0 p\u00e2tisserie en acier inoxydable\uff1a<\/h2>\n<table border=\"0\" width=\"404\" cellspacing=\"0\" cellpadding=\"0\">\n<tbody>\n<tr>\n<td style=\"text-align: left;\" width=\"148\" height=\"24\"><strong>Mat\u00e9riau<\/strong><\/td>\n<td style=\"text-align: left;\" width=\"256\">Acier inoxydable 201<\/td>\n<\/tr>\n<tr>\n<td style=\"text-align: left;\" width=\"148\" height=\"24\"><strong>Couleur<\/strong><\/td>\n<td style=\"text-align: left;\" width=\"256\">Argent<\/td>\n<\/tr>\n<tr>\n<td style=\"text-align: left;\" width=\"148\" height=\"24\"><strong>Couvercle<\/strong><\/td>\n<td style=\"text-align: left;\" width=\"256\">PC\/Acier<\/td>\n<\/tr>\n<tr>\n<td style=\"text-align: left;\" height=\"92\"><strong>Fonctionnalit\u00e9<\/strong><\/td>\n<td style=\"text-align: left;\" width=\"256\">1. avec grille de cuisson<br \/>2. Durable et respectueux de l'environnement<br \/>3. Empilable<\/td>\n<\/tr>\n<tr>\n<td style=\"text-align: left;\" height=\"24\"><strong>Option personnalis\u00e9e<\/strong><\/td>\n<td style=\"text-align: left;\">Logo\/taille\/emballage\/accessoires<\/td>\n<\/tr>\n<\/tbody>\n<\/table>","protected":false},"featured_media":1107,"comment_status":"closed","ping_status":"closed","template":"","meta":{"_acf_changed":false},"product_brand":[],"product_cat":[24],"product_tag":[],"class_list":{"0":"post-1102","1":"product","2":"type-product","3":"status-publish","4":"has-post-thumbnail","6":"product_cat-bulk-custom-food-tray","8":"first","9":"instock","10":"shipping-taxable","11":"product-type-simple"},"acf":[],"_links":{"self":[{"href":"https:\/\/www.billiondaysupplier.com\/fr\/wp-json\/wp\/v2\/product\/1102","targetHints":{"allow":["GET"]}}],"collection":[{"href":"https:\/\/www.billiondaysupplier.com\/fr\/wp-json\/wp\/v2\/product"}],"about":[{"href":"https:\/\/www.billiondaysupplier.com\/fr\/wp-json\/wp\/v2\/types\/product"}],"replies":[{"embeddable":true,"href":"https:\/\/www.billiondaysupplier.com\/fr\/wp-json\/wp\/v2\/comments?post=1102"}],"wp:featuredmedia":[{"embeddable":true,"href":"https:\/\/www.billiondaysupplier.com\/fr\/wp-json\/wp\/v2\/media\/1107"}],"wp:attachment":[{"href":"https:\/\/www.billiondaysupplier.com\/fr\/wp-json\/wp\/v2\/media?parent=1102"}],"wp:term":[{"taxonomy":"product_brand","embeddable":true,"href":"https:\/\/www.billiondaysupplier.com\/fr\/wp-json\/wp\/v2\/product_brand?post=1102"},{"taxonomy":"product_cat","embeddable":true,"href":"https:\/\/www.billiondaysupplier.com\/fr\/wp-json\/wp\/v2\/product_cat?post=1102"},{"taxonomy":"product_tag","embeddable":true,"href":"https:\/\/www.billiondaysupplier.com\/fr\/wp-json\/wp\/v2\/product_tag?post=1102"}],"curies":[{"name":"wp","href":"https:\/\/api.w.org\/{rel}","templated":true}]}}