{"id":1095,"date":"2025-09-01T06:46:53","date_gmt":"2025-09-01T06:46:53","guid":{"rendered":"https:\/\/www.billiondaysupplier.com\/?post_type=product&#038;p=1095"},"modified":"2025-10-18T12:11:40","modified_gmt":"2025-10-18T12:11:40","slug":"bulk-stainless-steel-square-plates","status":"publish","type":"product","link":"https:\/\/www.billiondaysupplier.com\/fr\/product\/bulk-stainless-steel-square-plates\/","title":{"rendered":"Assiettes carr\u00e9es en acier inoxydable en vrac, set de plateaux japonais rectangulaires multi-tailles sur mesure"},"content":{"rendered":"<div class=\"wp-block-columns is-layout-flex wp-container-core-columns-is-layout-9d6595d7 wp-block-columns-is-layout-flex\">\n<div class=\"wp-block-column is-layout-flow wp-block-column-is-layout-flow\">\n<h2 class=\"wp-block-heading\">Plaques carr\u00e9es en acier inoxydable Caract\u00e9ristiques :<\/h2>\n\n\n\n<p><strong>Mat\u00e9riau de premi\u00e8re qualit\u00e9 :<\/strong> L'acier inoxydable alimentaire durable et de haute qualit\u00e9 est r\u00e9sistant \u00e0 la corrosion et \u00e0 la chaleur, ce qui garantit une s\u00e9curit\u00e9 alimentaire durable.<\/p>\n\n\n\n<p><strong>Design minimaliste d'inspiration japonaise<\/strong>: L'assiette carr\u00e9e pr\u00e9sente des lignes \u00e9pur\u00e9es et convient pour servir des plats japonais, occidentaux et chinois.<\/p>\n\n\n\n<p><strong>Plusieurs tailles disponibles :<\/strong> Disponible en six tailles, de la plus petite \u00e0 la plus grande, pour r\u00e9pondre aux divers besoins des restaurants, h\u00f4tels, caf\u00e9t\u00e9rias et foyers.<\/p>\n\n\n\n<p><strong>Empilage facile<\/strong>: Les assiettes sont con\u00e7ues pour s'empiler proprement et occuper un minimum d'espace pour faciliter le stockage et le transport.<\/p>\n\n\n\n<p><strong>Facile \u00e0 nettoyer<\/strong>: La surface lisse et antiadh\u00e9sive facilite le nettoyage et peut \u00eatre lav\u00e9e au lave-vaisselle.<\/p>\n\n\n\n<p><strong>Jeux en gros disponibles<\/strong>: Disponibles en diff\u00e9rentes tailles, ils conviennent aux achats en gros pour le secteur de la restauration, les grossistes et les d\u00e9taillants.<\/p>\n<\/div>\n\n\n\n<div class=\"wp-block-column is-layout-flow wp-block-column-is-layout-flow\">\n<figure class=\"wp-block-image size-full\"><img decoding=\"async\" width=\"720\" height=\"720\" src=\"https:\/\/www.billiondaysupplier.com\/wp-content\/uploads\/2025\/09\/wholesale-square-stainless-steel-plates-4.webp\" alt=\"plaques carr\u00e9es en acier inoxydable en gros (4)\" class=\"wp-image-1099\" srcset=\"https:\/\/www.billiondaysupplier.com\/wp-content\/uploads\/2025\/09\/wholesale-square-stainless-steel-plates-4.webp 720w, https:\/\/www.billiondaysupplier.com\/wp-content\/uploads\/2025\/09\/wholesale-square-stainless-steel-plates-4-300x300.webp 300w, https:\/\/www.billiondaysupplier.com\/wp-content\/uploads\/2025\/09\/wholesale-square-stainless-steel-plates-4-150x150.webp 150w, https:\/\/www.billiondaysupplier.com\/wp-content\/uploads\/2025\/09\/wholesale-square-stainless-steel-plates-4-12x12.webp 12w, https:\/\/www.billiondaysupplier.com\/wp-content\/uploads\/2025\/09\/wholesale-square-stainless-steel-plates-4-600x600.webp 600w, https:\/\/www.billiondaysupplier.com\/wp-content\/uploads\/2025\/09\/wholesale-square-stainless-steel-plates-4-100x100.webp 100w\" sizes=\"(max-width: 720px) 100vw, 720px\" \/><\/figure>\n<\/div>\n<\/div>\n\n\n\n<div class=\"wp-block-columns is-layout-flex wp-container-core-columns-is-layout-9d6595d7 wp-block-columns-is-layout-flex\">\n<div class=\"wp-block-column is-layout-flow wp-block-column-is-layout-flow\">\n<figure class=\"wp-block-image size-large\"><img decoding=\"async\" width=\"720\" height=\"720\" src=\"https:\/\/www.billiondaysupplier.com\/wp-content\/uploads\/2025\/09\/wholesale-square-stainless-steel-plates-5.webp\" alt=\"plaques carr\u00e9es en acier inoxydable en gros (5)\" class=\"wp-image-1100\" srcset=\"https:\/\/www.billiondaysupplier.com\/wp-content\/uploads\/2025\/09\/wholesale-square-stainless-steel-plates-5.webp 720w, https:\/\/www.billiondaysupplier.com\/wp-content\/uploads\/2025\/09\/wholesale-square-stainless-steel-plates-5-300x300.webp 300w, https:\/\/www.billiondaysupplier.com\/wp-content\/uploads\/2025\/09\/wholesale-square-stainless-steel-plates-5-150x150.webp 150w, https:\/\/www.billiondaysupplier.com\/wp-content\/uploads\/2025\/09\/wholesale-square-stainless-steel-plates-5-12x12.webp 12w, https:\/\/www.billiondaysupplier.com\/wp-content\/uploads\/2025\/09\/wholesale-square-stainless-steel-plates-5-600x600.webp 600w, https:\/\/www.billiondaysupplier.com\/wp-content\/uploads\/2025\/09\/wholesale-square-stainless-steel-plates-5-100x100.webp 100w\" sizes=\"(max-width: 720px) 100vw, 720px\" \/><\/figure>\n<\/div>\n\n\n\n<div class=\"wp-block-column is-layout-flow wp-block-column-is-layout-flow\">\n<figure class=\"wp-block-image size-large\"><img decoding=\"async\" width=\"601\" height=\"602\" src=\"https:\/\/www.billiondaysupplier.com\/wp-content\/uploads\/2025\/09\/wholesale-square-stainless-steel-plates-3.webp\" alt=\"plaques carr\u00e9es en acier inoxydable en gros (3)\" class=\"wp-image-1098\" srcset=\"https:\/\/www.billiondaysupplier.com\/wp-content\/uploads\/2025\/09\/wholesale-square-stainless-steel-plates-3.webp 601w, https:\/\/www.billiondaysupplier.com\/wp-content\/uploads\/2025\/09\/wholesale-square-stainless-steel-plates-3-300x300.webp 300w, https:\/\/www.billiondaysupplier.com\/wp-content\/uploads\/2025\/09\/wholesale-square-stainless-steel-plates-3-150x150.webp 150w, https:\/\/www.billiondaysupplier.com\/wp-content\/uploads\/2025\/09\/wholesale-square-stainless-steel-plates-3-12x12.webp 12w, https:\/\/www.billiondaysupplier.com\/wp-content\/uploads\/2025\/09\/wholesale-square-stainless-steel-plates-3-600x600.webp 600w, https:\/\/www.billiondaysupplier.com\/wp-content\/uploads\/2025\/09\/wholesale-square-stainless-steel-plates-3-100x100.webp 100w\" sizes=\"(max-width: 601px) 100vw, 601px\" \/><\/figure>\n<\/div>\n<\/div>","protected":false},"excerpt":{"rendered":"<p>Les assiettes carr\u00e9es en acier inoxydable vendues en gros, disponibles dans une vari\u00e9t\u00e9 de tailles, sont fabriqu\u00e9es \u00e0 partir de mat\u00e9riaux de qualit\u00e9 alimentaire et pr\u00e9sentent un design de style japonais. Elles sont durables et faciles \u00e0 nettoyer, ce qui les rend parfaites pour les restaurants, les h\u00f4tels et les services de restauration. Contactez-nous pour un devis en gros !<\/p>\n<h2>Plaques carr\u00e9es en acier inoxydable Param\u00e8tre\uff1a<\/h2>\n<table border=\"0\" width=\"404\" cellspacing=\"0\" cellpadding=\"0\">\n<tbody>\n<tr>\n<td style=\"text-align: left;\" width=\"148\" height=\"24\"><strong>Mat\u00e9riau<\/strong><\/td>\n<td style=\"text-align: left;\" width=\"256\">Acier inoxydable 201\/304<\/td>\n<\/tr>\n<\/tr>\n<tr>\n<td style=\"text-align: left;\" height=\"92\"><strong>Fonctionnalit\u00e9<\/strong><\/td>\n<td style=\"text-align: left;\" width=\"256\">1. Compartiments raisonnables<br \/>2. Durable et respectueux de l'environnement<br \/>3. Empilable<\/td>\n<\/tr>\n<tr>\n<td style=\"text-align: left;\" height=\"24\"><strong>Option personnalis\u00e9e<\/strong><\/td>\n<td style=\"text-align: left;\">Logo\/taille\/emballage\/accessoires<\/td>\n<\/tr>\n<\/tbody>\n<\/table>","protected":false},"featured_media":1097,"comment_status":"closed","ping_status":"closed","template":"","meta":{"_acf_changed":true},"product_brand":[],"product_cat":[24],"product_tag":[],"class_list":{"0":"post-1095","1":"product","2":"type-product","3":"status-publish","4":"has-post-thumbnail","6":"product_cat-bulk-custom-food-tray","8":"first","9":"instock","10":"shipping-taxable","11":"product-type-simple"},"acf":[],"_links":{"self":[{"href":"https:\/\/www.billiondaysupplier.com\/fr\/wp-json\/wp\/v2\/product\/1095","targetHints":{"allow":["GET"]}}],"collection":[{"href":"https:\/\/www.billiondaysupplier.com\/fr\/wp-json\/wp\/v2\/product"}],"about":[{"href":"https:\/\/www.billiondaysupplier.com\/fr\/wp-json\/wp\/v2\/types\/product"}],"replies":[{"embeddable":true,"href":"https:\/\/www.billiondaysupplier.com\/fr\/wp-json\/wp\/v2\/comments?post=1095"}],"wp:featuredmedia":[{"embeddable":true,"href":"https:\/\/www.billiondaysupplier.com\/fr\/wp-json\/wp\/v2\/media\/1097"}],"wp:attachment":[{"href":"https:\/\/www.billiondaysupplier.com\/fr\/wp-json\/wp\/v2\/media?parent=1095"}],"wp:term":[{"taxonomy":"product_brand","embeddable":true,"href":"https:\/\/www.billiondaysupplier.com\/fr\/wp-json\/wp\/v2\/product_brand?post=1095"},{"taxonomy":"product_cat","embeddable":true,"href":"https:\/\/www.billiondaysupplier.com\/fr\/wp-json\/wp\/v2\/product_cat?post=1095"},{"taxonomy":"product_tag","embeddable":true,"href":"https:\/\/www.billiondaysupplier.com\/fr\/wp-json\/wp\/v2\/product_tag?post=1095"}],"curies":[{"name":"wp","href":"https:\/\/api.w.org\/{rel}","templated":true}]}}