{"id":1088,"date":"2025-09-07T23:04:32","date_gmt":"2025-09-07T23:04:32","guid":{"rendered":"https:\/\/www.billiondaysupplier.com\/?post_type=product&#038;p=1088"},"modified":"2025-09-07T23:04:33","modified_gmt":"2025-09-07T23:04:33","slug":"wholesale-food-tray-stainless","status":"publish","type":"product","link":"https:\/\/www.billiondaysupplier.com\/fr\/product\/wholesale-food-tray-stainless\/","title":{"rendered":"Wholesale Food Tray Stainless, Kid Cartoon Food Container Serving Tray Plates Multi Compartment With Lid"},"content":{"rendered":"<div class=\"wp-block-columns is-layout-flex wp-container-core-columns-is-layout-9d6595d7 wp-block-columns-is-layout-flex\">\n<div class=\"wp-block-column is-layout-flow wp-block-column-is-layout-flow\">\n<h2 class=\"wp-block-heading\">Plateau alimentaire de gros en acier inoxydable Caract\u00e9ristiques :<\/h2>\n\n\n\n<p><strong>Mat\u00e9riau s\u00fbr et sain :<\/strong> Fabriqu\u00e9e en acier inoxydable 304 de qualit\u00e9 alimentaire, cette assiette de qualit\u00e9 sup\u00e9rieure, r\u00e9sistante aux rayures et durable, permet aux enfants de manger en toute s\u00e9curit\u00e9.<\/p>\n\n\n\n<p><strong>Dessin anim\u00e9<\/strong>: L'adorable assiette en forme de panda suscite l'int\u00e9r\u00eat des enfants pour les repas, stimule leur app\u00e9tit et rend les repas plus agr\u00e9ables.<\/p>\n\n\n\n<p><strong>Compartiments multiples<\/strong>: Les compartiments con\u00e7us scientifiquement permettent de ranger les fruits, les aliments de base, les en-cas et bien d'autres choses encore, \u00e9vitant ainsi que les aliments ne s'alt\u00e8rent et am\u00e9liorant l'hygi\u00e8ne.<\/p>\n\n\n\n<p><strong>Couvercle pratique<\/strong>: Dot\u00e9e d'un couvercle herm\u00e9tique, cette assiette est facile \u00e0 transporter et \u00e0 ranger, ce qui la rend adapt\u00e9e \u00e0 l'usage domestique, aux jardins d'enfants et aux \u00e9tablissements de restauration.<\/p>\n\n\n\n<p><strong>Durable :<\/strong> L'acier inoxydable de haute qualit\u00e9 est incassable, r\u00e9sistant aux rayures et durable, avec une surface lisse et facile \u00e0 nettoyer. Il est r\u00e9utilisable et respectueux de l'environnement.<\/p>\n<\/div>\n\n\n\n<div class=\"wp-block-column is-layout-flow wp-block-column-is-layout-flow\">\n<figure class=\"wp-block-image size-full\"><img decoding=\"async\" width=\"1500\" height=\"1500\" src=\"https:\/\/www.billiondaysupplier.com\/wp-content\/uploads\/2025\/08\/wholesale-food-tray-stainless-5.webp\" alt=\"plateau alimentaire en gros inoxydable (5)\" class=\"wp-image-1093\" style=\"aspect-ratio:1;object-fit:cover\" srcset=\"https:\/\/www.billiondaysupplier.com\/wp-content\/uploads\/2025\/08\/wholesale-food-tray-stainless-5.webp 1500w, https:\/\/www.billiondaysupplier.com\/wp-content\/uploads\/2025\/08\/wholesale-food-tray-stainless-5-300x300.webp 300w, https:\/\/www.billiondaysupplier.com\/wp-content\/uploads\/2025\/08\/wholesale-food-tray-stainless-5-150x150.webp 150w, https:\/\/www.billiondaysupplier.com\/wp-content\/uploads\/2025\/08\/wholesale-food-tray-stainless-5-768x768.webp 768w, https:\/\/www.billiondaysupplier.com\/wp-content\/uploads\/2025\/08\/wholesale-food-tray-stainless-5-12x12.webp 12w, https:\/\/www.billiondaysupplier.com\/wp-content\/uploads\/2025\/08\/wholesale-food-tray-stainless-5-1200x1200.webp 1200w, https:\/\/www.billiondaysupplier.com\/wp-content\/uploads\/2025\/08\/wholesale-food-tray-stainless-5-600x600.webp 600w, https:\/\/www.billiondaysupplier.com\/wp-content\/uploads\/2025\/08\/wholesale-food-tray-stainless-5-100x100.webp 100w\" sizes=\"(max-width: 1500px) 100vw, 1500px\" \/><\/figure>\n<\/div>\n<\/div>\n\n\n\n<div class=\"wp-block-columns is-layout-flex wp-container-core-columns-is-layout-9d6595d7 wp-block-columns-is-layout-flex\">\n<div class=\"wp-block-column is-layout-flow wp-block-column-is-layout-flow\">\n<figure class=\"wp-block-image size-full\"><img decoding=\"async\" width=\"1600\" height=\"1600\" src=\"https:\/\/www.billiondaysupplier.com\/wp-content\/uploads\/2025\/08\/wholesale-food-tray-stainless-6.webp\" alt=\"plateau alimentaire en gros inoxydable (6)\" class=\"wp-image-1094\" style=\"aspect-ratio:1;object-fit:cover\" srcset=\"https:\/\/www.billiondaysupplier.com\/wp-content\/uploads\/2025\/08\/wholesale-food-tray-stainless-6.webp 1600w, https:\/\/www.billiondaysupplier.com\/wp-content\/uploads\/2025\/08\/wholesale-food-tray-stainless-6-300x300.webp 300w, https:\/\/www.billiondaysupplier.com\/wp-content\/uploads\/2025\/08\/wholesale-food-tray-stainless-6-150x150.webp 150w, https:\/\/www.billiondaysupplier.com\/wp-content\/uploads\/2025\/08\/wholesale-food-tray-stainless-6-768x768.webp 768w, https:\/\/www.billiondaysupplier.com\/wp-content\/uploads\/2025\/08\/wholesale-food-tray-stainless-6-12x12.webp 12w, https:\/\/www.billiondaysupplier.com\/wp-content\/uploads\/2025\/08\/wholesale-food-tray-stainless-6-1200x1200.webp 1200w, https:\/\/www.billiondaysupplier.com\/wp-content\/uploads\/2025\/08\/wholesale-food-tray-stainless-6-600x600.webp 600w, https:\/\/www.billiondaysupplier.com\/wp-content\/uploads\/2025\/08\/wholesale-food-tray-stainless-6-100x100.webp 100w\" sizes=\"(max-width: 1600px) 100vw, 1600px\" \/><\/figure>\n<\/div>\n\n\n\n<div class=\"wp-block-column is-layout-flow wp-block-column-is-layout-flow\">\n<figure class=\"wp-block-image size-full\"><img decoding=\"async\" width=\"1600\" height=\"1600\" src=\"https:\/\/www.billiondaysupplier.com\/wp-content\/uploads\/2025\/08\/wholesale-food-tray-stainless-4.webp\" alt=\"plateau alimentaire en gros inoxydable (4)\" class=\"wp-image-1092\" style=\"aspect-ratio:1;object-fit:cover\" srcset=\"https:\/\/www.billiondaysupplier.com\/wp-content\/uploads\/2025\/08\/wholesale-food-tray-stainless-4.webp 1600w, https:\/\/www.billiondaysupplier.com\/wp-content\/uploads\/2025\/08\/wholesale-food-tray-stainless-4-300x300.webp 300w, https:\/\/www.billiondaysupplier.com\/wp-content\/uploads\/2025\/08\/wholesale-food-tray-stainless-4-150x150.webp 150w, https:\/\/www.billiondaysupplier.com\/wp-content\/uploads\/2025\/08\/wholesale-food-tray-stainless-4-768x768.webp 768w, https:\/\/www.billiondaysupplier.com\/wp-content\/uploads\/2025\/08\/wholesale-food-tray-stainless-4-12x12.webp 12w, https:\/\/www.billiondaysupplier.com\/wp-content\/uploads\/2025\/08\/wholesale-food-tray-stainless-4-1200x1200.webp 1200w, https:\/\/www.billiondaysupplier.com\/wp-content\/uploads\/2025\/08\/wholesale-food-tray-stainless-4-600x600.webp 600w, https:\/\/www.billiondaysupplier.com\/wp-content\/uploads\/2025\/08\/wholesale-food-tray-stainless-4-100x100.webp 100w\" sizes=\"(max-width: 1600px) 100vw, 1600px\" \/><\/figure>\n<\/div>\n<\/div>","protected":false},"excerpt":{"rendered":"<p>Les barquettes alimentaires en gros en acier inoxydable 304 de qualit\u00e9 alimentaire \u00e0 3 compartiments avec couvercles sont saines et s\u00fbres, pr\u00e9sentent un design cat\u00e9goris\u00e9 et sont adorables. Ils sont parfaits pour les jardins d'enfants, les restaurants et les d\u00e9taillants qui souhaitent acheter en gros. Contactez-nous pour un devis en gros et une solution personnalis\u00e9e !<\/p>\n<h2>Param\u00e8tres des plateaux alimentaires en gros en acier inoxydable\uff1a<\/h2>\n<table border=\"0\" width=\"404\" cellspacing=\"0\" cellpadding=\"0\">\n<tbody>\n<tr>\n<td style=\"text-align: left;\" width=\"148\" height=\"24\"><strong>Mat\u00e9riau<\/strong><\/td>\n<td style=\"text-align: left;\" width=\"256\">Acier inoxydable 304<\/td>\n<\/tr>\n<tr>\n<td style=\"text-align: left;\" width=\"148\" height=\"24\"><strong>Couleur<\/strong><\/td>\n<td style=\"text-align: left;\" width=\"256\">Argent<\/td>\n<\/tr>\n<tr>\n<td style=\"text-align: left;\" width=\"148\" height=\"24\"><strong>Couvercle<\/strong><\/td>\n<td style=\"text-align: left;\" width=\"256\">PP\/Acier<\/td>\n<\/tr>\n<tr>\n<td style=\"text-align: left;\" width=\"148\" height=\"24\"><strong>Taille<\/strong><\/td>\n<td style=\"text-align: left;\" width=\"256\">22*19*4cm<\/td>\n<\/tr>\n<tr>\n<td style=\"text-align: left;\" width=\"148\" height=\"24\"><strong>Poids<\/strong><\/td>\n<td style=\"text-align: left;\" width=\"256\">160g<\/td>\n<\/tr>\n<tr>\n<td style=\"text-align: left;\" height=\"92\"><strong>Fonctionnalit\u00e9<\/strong><\/td>\n<td style=\"text-align: left;\" width=\"256\">1. Compartiments raisonnables<br \/>2. Durable et respectueux de l'environnement<br \/>3. Empilable<\/td>\n<\/tr>\n<tr>\n<td style=\"text-align: left;\" height=\"24\"><strong>Option personnalis\u00e9e<\/strong><\/td>\n<td style=\"text-align: left;\">Logo\/taille\/emballage\/accessoires<\/td>\n<\/tr>\n<\/tbody>\n<\/table>","protected":false},"featured_media":1089,"comment_status":"closed","ping_status":"closed","template":"","meta":{"_acf_changed":false},"product_brand":[],"product_cat":[24],"product_tag":[],"class_list":{"0":"post-1088","1":"product","2":"type-product","3":"status-publish","4":"has-post-thumbnail","6":"product_cat-bulk-custom-food-tray","8":"first","9":"instock","10":"shipping-taxable","11":"product-type-simple"},"acf":[],"_links":{"self":[{"href":"https:\/\/www.billiondaysupplier.com\/fr\/wp-json\/wp\/v2\/product\/1088","targetHints":{"allow":["GET"]}}],"collection":[{"href":"https:\/\/www.billiondaysupplier.com\/fr\/wp-json\/wp\/v2\/product"}],"about":[{"href":"https:\/\/www.billiondaysupplier.com\/fr\/wp-json\/wp\/v2\/types\/product"}],"replies":[{"embeddable":true,"href":"https:\/\/www.billiondaysupplier.com\/fr\/wp-json\/wp\/v2\/comments?post=1088"}],"wp:featuredmedia":[{"embeddable":true,"href":"https:\/\/www.billiondaysupplier.com\/fr\/wp-json\/wp\/v2\/media\/1089"}],"wp:attachment":[{"href":"https:\/\/www.billiondaysupplier.com\/fr\/wp-json\/wp\/v2\/media?parent=1088"}],"wp:term":[{"taxonomy":"product_brand","embeddable":true,"href":"https:\/\/www.billiondaysupplier.com\/fr\/wp-json\/wp\/v2\/product_brand?post=1088"},{"taxonomy":"product_cat","embeddable":true,"href":"https:\/\/www.billiondaysupplier.com\/fr\/wp-json\/wp\/v2\/product_cat?post=1088"},{"taxonomy":"product_tag","embeddable":true,"href":"https:\/\/www.billiondaysupplier.com\/fr\/wp-json\/wp\/v2\/product_tag?post=1088"}],"curies":[{"name":"wp","href":"https:\/\/api.w.org\/{rel}","templated":true}]}}