{"id":1082,"date":"2025-09-07T23:04:33","date_gmt":"2025-09-07T23:04:33","guid":{"rendered":"https:\/\/www.billiondaysupplier.com\/?post_type=product&#038;p=1082"},"modified":"2025-09-07T23:04:34","modified_gmt":"2025-09-07T23:04:34","slug":"wholesale-divided-food-trays","status":"publish","type":"product","link":"https:\/\/www.billiondaysupplier.com\/fr\/product\/wholesale-divided-food-trays\/","title":{"rendered":"Plateaux alimentaires divis\u00e9s en gros Plaques \u00e0 compartiments en acier inoxydable de qualit\u00e9 alimentaire pour cantines scolaires"},"content":{"rendered":"<div class=\"wp-block-columns is-layout-flex wp-container-core-columns-is-layout-9d6595d7 wp-block-columns-is-layout-flex\">\n<div class=\"wp-block-column is-layout-flow wp-block-column-is-layout-flow\">\n<h2 class=\"wp-block-heading\">Plateaux alimentaires divis\u00e9s Caract\u00e9ristiques :<\/h2>\n\n\n\n<p><strong>Durable<\/strong>: Construit en acier inoxydable 304, il r\u00e9siste aux rigueurs des environnements de restauration \u00e0 haute intensit\u00e9 et convient \u00e0 une utilisation fr\u00e9quente et \u00e0 forte charge dans des lieux tels que les \u00e9coles et les caf\u00e9t\u00e9rias d'usine.<\/p>\n\n\n\n<p><strong>S\u00e9parateurs pratiques<\/strong>: La conception \u00e0 quatre compartiments permet une distribution pr\u00e9cise des aliments, ce qui acc\u00e9l\u00e8re la pr\u00e9paration des repas, r\u00e9duit les temps d'attente et am\u00e9liore l'efficacit\u00e9 de la restauration.<\/p>\n\n\n\n<p><strong>Am\u00e9lioration de l'hygi\u00e8ne et de la s\u00e9curit\u00e9 :<\/strong> L'acier inoxydable est naturellement antibact\u00e9rien et sa surface lisse est facile \u00e0 nettoyer, ce qui permet de r\u00e9duire les r\u00e9sidus d'huile et de respecter les normes de s\u00e9curit\u00e9 alimentaire.<\/p>\n\n\n\n<p><strong>Des dimensions pr\u00e9cises<\/strong>: La taille de 28x22 cm et la profondeur mod\u00e9r\u00e9e permettent de pr\u00e9parer des portions standard et de r\u00e9pondre aux besoins des repas \u00e0 grande \u00e9chelle.<\/p>\n\n\n\n<p><strong>Conception flexible :<\/strong> Les assiettes standardis\u00e9es, l\u00e9g\u00e8res et empilables sont faciles \u00e0 stocker, ce qui les rend particuli\u00e8rement adapt\u00e9es aux grands \u00e9tablissements de restauration o\u00f9 les manipulations et le stockage sont fr\u00e9quents.<\/p>\n\n\n\n<p><strong>Fournir un service de personnalisation :<\/strong> Des options de personnalisation telles que les logos, les dimensions et l'emballage sont disponibles sur demande afin de s'assurer que le produit r\u00e9pond aux besoins du client.<\/p>\n<\/div>\n\n\n\n<div class=\"wp-block-column is-layout-flow wp-block-column-is-layout-flow\">\n<figure class=\"wp-block-image size-full\"><img decoding=\"async\" width=\"2362\" height=\"2362\" src=\"https:\/\/www.billiondaysupplier.com\/wp-content\/uploads\/2025\/08\/wholesale-divided-food-trays-5.webp\" alt=\"plateaux alimentaires divis\u00e9s en gros (5)\" class=\"wp-image-1087\" style=\"aspect-ratio:1;object-fit:cover\" srcset=\"https:\/\/www.billiondaysupplier.com\/wp-content\/uploads\/2025\/08\/wholesale-divided-food-trays-5.webp 2362w, https:\/\/www.billiondaysupplier.com\/wp-content\/uploads\/2025\/08\/wholesale-divided-food-trays-5-300x300.webp 300w, https:\/\/www.billiondaysupplier.com\/wp-content\/uploads\/2025\/08\/wholesale-divided-food-trays-5-150x150.webp 150w, https:\/\/www.billiondaysupplier.com\/wp-content\/uploads\/2025\/08\/wholesale-divided-food-trays-5-768x768.webp 768w, https:\/\/www.billiondaysupplier.com\/wp-content\/uploads\/2025\/08\/wholesale-divided-food-trays-5-12x12.webp 12w, https:\/\/www.billiondaysupplier.com\/wp-content\/uploads\/2025\/08\/wholesale-divided-food-trays-5-1200x1200.webp 1200w, https:\/\/www.billiondaysupplier.com\/wp-content\/uploads\/2025\/08\/wholesale-divided-food-trays-5-600x600.webp 600w, https:\/\/www.billiondaysupplier.com\/wp-content\/uploads\/2025\/08\/wholesale-divided-food-trays-5-100x100.webp 100w\" sizes=\"(max-width: 2362px) 100vw, 2362px\" \/><\/figure>\n<\/div>\n<\/div>\n\n\n\n<div class=\"wp-block-columns is-layout-flex wp-container-core-columns-is-layout-9d6595d7 wp-block-columns-is-layout-flex\">\n<div class=\"wp-block-column is-layout-flow wp-block-column-is-layout-flow\">\n<figure class=\"wp-block-image size-full\"><img decoding=\"async\" width=\"3200\" height=\"3200\" src=\"https:\/\/www.billiondaysupplier.com\/wp-content\/uploads\/2025\/08\/wholesale-divided-food-trays-3.webp\" alt=\"plateaux alimentaires divis\u00e9s en gros (3)\" class=\"wp-image-1085\" style=\"aspect-ratio:1;object-fit:cover\" srcset=\"https:\/\/www.billiondaysupplier.com\/wp-content\/uploads\/2025\/08\/wholesale-divided-food-trays-3.webp 3200w, https:\/\/www.billiondaysupplier.com\/wp-content\/uploads\/2025\/08\/wholesale-divided-food-trays-3-300x300.webp 300w, https:\/\/www.billiondaysupplier.com\/wp-content\/uploads\/2025\/08\/wholesale-divided-food-trays-3-150x150.webp 150w, https:\/\/www.billiondaysupplier.com\/wp-content\/uploads\/2025\/08\/wholesale-divided-food-trays-3-768x768.webp 768w, https:\/\/www.billiondaysupplier.com\/wp-content\/uploads\/2025\/08\/wholesale-divided-food-trays-3-12x12.webp 12w, https:\/\/www.billiondaysupplier.com\/wp-content\/uploads\/2025\/08\/wholesale-divided-food-trays-3-1200x1200.webp 1200w, https:\/\/www.billiondaysupplier.com\/wp-content\/uploads\/2025\/08\/wholesale-divided-food-trays-3-600x600.webp 600w, https:\/\/www.billiondaysupplier.com\/wp-content\/uploads\/2025\/08\/wholesale-divided-food-trays-3-100x100.webp 100w\" sizes=\"(max-width: 3200px) 100vw, 3200px\" \/><\/figure>\n<\/div>\n\n\n\n<div class=\"wp-block-column is-layout-flow wp-block-column-is-layout-flow\">\n<figure class=\"wp-block-image size-full\"><img decoding=\"async\" width=\"2362\" height=\"2362\" src=\"https:\/\/www.billiondaysupplier.com\/wp-content\/uploads\/2025\/08\/wholesale-divided-food-trays-2.webp\" alt=\"plateaux alimentaires divis\u00e9s en gros (2)\" class=\"wp-image-1084\" style=\"aspect-ratio:1;object-fit:cover\" srcset=\"https:\/\/www.billiondaysupplier.com\/wp-content\/uploads\/2025\/08\/wholesale-divided-food-trays-2.webp 2362w, https:\/\/www.billiondaysupplier.com\/wp-content\/uploads\/2025\/08\/wholesale-divided-food-trays-2-300x300.webp 300w, https:\/\/www.billiondaysupplier.com\/wp-content\/uploads\/2025\/08\/wholesale-divided-food-trays-2-150x150.webp 150w, https:\/\/www.billiondaysupplier.com\/wp-content\/uploads\/2025\/08\/wholesale-divided-food-trays-2-768x768.webp 768w, https:\/\/www.billiondaysupplier.com\/wp-content\/uploads\/2025\/08\/wholesale-divided-food-trays-2-12x12.webp 12w, https:\/\/www.billiondaysupplier.com\/wp-content\/uploads\/2025\/08\/wholesale-divided-food-trays-2-1200x1200.webp 1200w, https:\/\/www.billiondaysupplier.com\/wp-content\/uploads\/2025\/08\/wholesale-divided-food-trays-2-600x600.webp 600w, https:\/\/www.billiondaysupplier.com\/wp-content\/uploads\/2025\/08\/wholesale-divided-food-trays-2-100x100.webp 100w\" sizes=\"(max-width: 2362px) 100vw, 2362px\" \/><\/figure>\n<\/div>\n<\/div>","protected":false},"excerpt":{"rendered":"<p>Plateaux alimentaires divis\u00e9s en gros, en acier inoxydable de qualit\u00e9 alimentaire, de construction de haute qualit\u00e9 et de conception empilable, parfaits pour les \u00e9coles, les cantines et la restauration \u00e0 grande \u00e9chelle. Les compartiments divis\u00e9s assurent un portionnement efficace des repas, tandis que la surface lisse et facile \u00e0 nettoyer garantit l'hygi\u00e8ne et la long\u00e9vit\u00e9. Contactez-nous pour des prix de gros et des solutions personnalis\u00e9es !<\/p>\n<h2>Plateaux alimentaires divis\u00e9s Parameter\uff1a<\/h2>\n<table border=\"0\" width=\"404\" cellspacing=\"0\" cellpadding=\"0\">\n<tbody>\n<tr>\n<td style=\"text-align: left;\" width=\"148\" height=\"24\"><strong>Mat\u00e9riau<\/strong><\/td>\n<td style=\"text-align: left;\" width=\"256\">Acier inoxydable 304<\/td>\n<\/tr>\n<tr>\n<td style=\"text-align: left;\" width=\"148\" height=\"24\"><strong>Couleur<\/strong><\/td>\n<td style=\"text-align: left;\" width=\"256\">Argent<\/td>\n<\/tr>\n<tr>\n<td style=\"text-align: left;\" width=\"148\" height=\"24\"><strong>Couvercle<\/strong><\/td>\n<td style=\"text-align: left;\" width=\"256\">PP\/Acier<\/td>\n<\/tr>\n<tr>\n<td style=\"text-align: left;\" width=\"148\" height=\"24\"><strong>Taille<\/strong><\/td>\n<td style=\"text-align: left;\" width=\"256\">26*19*4cm<\/td>\n<\/tr>\n<tr>\n<td style=\"text-align: left;\" width=\"148\" height=\"24\"><strong>Poids<\/strong><\/td>\n<td style=\"text-align: left;\" width=\"256\">150g<\/td>\n<\/tr>\n<tr>\n<td style=\"text-align: left;\" height=\"92\"><strong>Fonctionnalit\u00e9<\/strong><\/td>\n<td style=\"text-align: left;\" width=\"256\">1. Compartiments raisonnables<br \/>2. Durable et respectueux de l'environnement<br \/>3. Empilable<\/td>\n<\/tr>\n<tr>\n<td style=\"text-align: left;\" height=\"24\"><strong>Option personnalis\u00e9e<\/strong><\/td>\n<td style=\"text-align: left;\">Logo\/taille\/emballage\/accessoires<\/td>\n<\/tr>\n<\/tbody>\n<\/table>","protected":false},"featured_media":1086,"comment_status":"closed","ping_status":"closed","template":"","meta":{"_acf_changed":false},"product_brand":[],"product_cat":[24],"product_tag":[],"class_list":{"0":"post-1082","1":"product","2":"type-product","3":"status-publish","4":"has-post-thumbnail","6":"product_cat-bulk-custom-food-tray","8":"first","9":"instock","10":"shipping-taxable","11":"product-type-simple"},"acf":[],"_links":{"self":[{"href":"https:\/\/www.billiondaysupplier.com\/fr\/wp-json\/wp\/v2\/product\/1082","targetHints":{"allow":["GET"]}}],"collection":[{"href":"https:\/\/www.billiondaysupplier.com\/fr\/wp-json\/wp\/v2\/product"}],"about":[{"href":"https:\/\/www.billiondaysupplier.com\/fr\/wp-json\/wp\/v2\/types\/product"}],"replies":[{"embeddable":true,"href":"https:\/\/www.billiondaysupplier.com\/fr\/wp-json\/wp\/v2\/comments?post=1082"}],"wp:featuredmedia":[{"embeddable":true,"href":"https:\/\/www.billiondaysupplier.com\/fr\/wp-json\/wp\/v2\/media\/1086"}],"wp:attachment":[{"href":"https:\/\/www.billiondaysupplier.com\/fr\/wp-json\/wp\/v2\/media?parent=1082"}],"wp:term":[{"taxonomy":"product_brand","embeddable":true,"href":"https:\/\/www.billiondaysupplier.com\/fr\/wp-json\/wp\/v2\/product_brand?post=1082"},{"taxonomy":"product_cat","embeddable":true,"href":"https:\/\/www.billiondaysupplier.com\/fr\/wp-json\/wp\/v2\/product_cat?post=1082"},{"taxonomy":"product_tag","embeddable":true,"href":"https:\/\/www.billiondaysupplier.com\/fr\/wp-json\/wp\/v2\/product_tag?post=1082"}],"curies":[{"name":"wp","href":"https:\/\/api.w.org\/{rel}","templated":true}]}}