{"id":1074,"date":"2025-09-07T23:04:34","date_gmt":"2025-09-07T23:04:34","guid":{"rendered":"https:\/\/www.billiondaysupplier.com\/?post_type=product&#038;p=1074"},"modified":"2025-09-07T23:04:35","modified_gmt":"2025-09-07T23:04:35","slug":"wholesale-food-trays-with-lids","status":"publish","type":"product","link":"https:\/\/www.billiondaysupplier.com\/fr\/product\/wholesale-food-trays-with-lids\/","title":{"rendered":"Grossiste Plateaux alimentaires avec couvercles Assiettes divis\u00e9es en acier inoxydable Multi-taille Argent en vrac"},"content":{"rendered":"<div class=\"wp-block-columns is-layout-flex wp-container-core-columns-is-layout-9d6595d7 wp-block-columns-is-layout-flex\">\n<div class=\"wp-block-column is-layout-flow wp-block-column-is-layout-flow\">\n<h2 class=\"wp-block-heading\">Plateaux alimentaires avec couvercles Caract\u00e9ristiques :<\/h2>\n\n\n\n<p><strong>Mat\u00e9riau de haute qualit\u00e9 :<\/strong> Acier inoxydable 304, r\u00e9sistant \u00e0 la corrosion et \u00e0 la rouille, s\u00fbr et durable, adapt\u00e9 \u00e0 une utilisation \u00e0 haute fr\u00e9quence.<\/p>\n\n\n\n<p><strong>Approfondissement de la conception<\/strong>: Les profondeurs de 4 cm, 4,5 cm et 6 cm permettent d'accommoder des portions plus importantes et de r\u00e9pondre \u00e0 divers besoins en mati\u00e8re de portions.<\/p>\n\n\n\n<p><strong>\u00c9quip\u00e9 d'un couvercle \u00e9tanche<\/strong>: Le couvercle herm\u00e9tique emp\u00eache efficacement le renversement des aliments et le transfert des odeurs, ce qui permet de conserver la fra\u00eecheur des aliments et facilite le transport et le stockage.<\/p>\n\n\n\n<p><strong>Fonction divis\u00e9e pratique<\/strong>: Les compartiments multiples permettent de mieux r\u00e9partir les diff\u00e9rents types d'aliments, d'\u00e9viter les contaminations crois\u00e9es et de conserver des saveurs distinctes.<\/p>\n\n\n\n<p><strong>Convient aux environnements de restauration \u00e0 forte demande<\/strong>: D'une dimension de 28 x 22 cm, sa grande capacit\u00e9 convient aux lieux de restauration collective tels que les \u00e9coles, les caf\u00e9t\u00e9rias d'usine et les cantines scolaires.<\/p>\n\n\n\n<p><strong>Facile \u00e0 entretenir :<\/strong> La surface lisse et la construction sans soudure emp\u00eachent la formation de r\u00e9sidus alimentaires et sont compatibles avec le lave-vaisselle, ce qui permet d'\u00e9conomiser du temps et de l'argent lors du nettoyage.<\/p>\n\n\n\n<p>Personnalisation : Des logos, des tailles et des options d'emballage personnalisables sont disponibles pour r\u00e9pondre aux besoins d'achat en gros et aider le secteur de la restauration \u00e0 renforcer son image de marque.<\/p>\n<\/div>\n\n\n\n<div class=\"wp-block-column is-layout-flow wp-block-column-is-layout-flow\">\n<figure class=\"wp-block-image size-full\"><img decoding=\"async\" width=\"2362\" height=\"2362\" src=\"https:\/\/www.billiondaysupplier.com\/wp-content\/uploads\/2025\/08\/wholesale-food-trays-with-lids-7.webp\" alt=\"barquettes alimentaires en gros avec couvercles (7)\" class=\"wp-image-1081\" style=\"aspect-ratio:1;object-fit:cover\" srcset=\"https:\/\/www.billiondaysupplier.com\/wp-content\/uploads\/2025\/08\/wholesale-food-trays-with-lids-7.webp 2362w, https:\/\/www.billiondaysupplier.com\/wp-content\/uploads\/2025\/08\/wholesale-food-trays-with-lids-7-300x300.webp 300w, https:\/\/www.billiondaysupplier.com\/wp-content\/uploads\/2025\/08\/wholesale-food-trays-with-lids-7-150x150.webp 150w, https:\/\/www.billiondaysupplier.com\/wp-content\/uploads\/2025\/08\/wholesale-food-trays-with-lids-7-768x768.webp 768w, https:\/\/www.billiondaysupplier.com\/wp-content\/uploads\/2025\/08\/wholesale-food-trays-with-lids-7-12x12.webp 12w, https:\/\/www.billiondaysupplier.com\/wp-content\/uploads\/2025\/08\/wholesale-food-trays-with-lids-7-1200x1200.webp 1200w, https:\/\/www.billiondaysupplier.com\/wp-content\/uploads\/2025\/08\/wholesale-food-trays-with-lids-7-600x600.webp 600w, https:\/\/www.billiondaysupplier.com\/wp-content\/uploads\/2025\/08\/wholesale-food-trays-with-lids-7-100x100.webp 100w\" sizes=\"(max-width: 2362px) 100vw, 2362px\" \/><\/figure>\n<\/div>\n<\/div>\n\n\n\n<div class=\"wp-block-columns is-layout-flex wp-container-core-columns-is-layout-9d6595d7 wp-block-columns-is-layout-flex\">\n<div class=\"wp-block-column is-layout-flow wp-block-column-is-layout-flow\">\n<figure class=\"wp-block-image size-full\"><img decoding=\"async\" width=\"2362\" height=\"2362\" src=\"https:\/\/www.billiondaysupplier.com\/wp-content\/uploads\/2025\/08\/wholesale-food-trays-with-lids-2.webp\" alt=\"barquettes alimentaires en gros avec couvercles (2)\" class=\"wp-image-1076\" style=\"aspect-ratio:1;object-fit:cover\" srcset=\"https:\/\/www.billiondaysupplier.com\/wp-content\/uploads\/2025\/08\/wholesale-food-trays-with-lids-2.webp 2362w, https:\/\/www.billiondaysupplier.com\/wp-content\/uploads\/2025\/08\/wholesale-food-trays-with-lids-2-300x300.webp 300w, https:\/\/www.billiondaysupplier.com\/wp-content\/uploads\/2025\/08\/wholesale-food-trays-with-lids-2-150x150.webp 150w, https:\/\/www.billiondaysupplier.com\/wp-content\/uploads\/2025\/08\/wholesale-food-trays-with-lids-2-768x768.webp 768w, https:\/\/www.billiondaysupplier.com\/wp-content\/uploads\/2025\/08\/wholesale-food-trays-with-lids-2-12x12.webp 12w, https:\/\/www.billiondaysupplier.com\/wp-content\/uploads\/2025\/08\/wholesale-food-trays-with-lids-2-1200x1200.webp 1200w, https:\/\/www.billiondaysupplier.com\/wp-content\/uploads\/2025\/08\/wholesale-food-trays-with-lids-2-600x600.webp 600w, https:\/\/www.billiondaysupplier.com\/wp-content\/uploads\/2025\/08\/wholesale-food-trays-with-lids-2-100x100.webp 100w\" sizes=\"(max-width: 2362px) 100vw, 2362px\" \/><\/figure>\n<\/div>\n\n\n\n<div class=\"wp-block-column is-layout-flow wp-block-column-is-layout-flow\">\n<figure class=\"wp-block-image size-full\"><img decoding=\"async\" width=\"1024\" height=\"1024\" src=\"https:\/\/www.billiondaysupplier.com\/wp-content\/uploads\/2025\/08\/wholesale-food-trays-with-lids-4.webp\" alt=\"barquettes alimentaires en gros avec couvercles (4)\" class=\"wp-image-1078\" style=\"aspect-ratio:1;object-fit:cover\" srcset=\"https:\/\/www.billiondaysupplier.com\/wp-content\/uploads\/2025\/08\/wholesale-food-trays-with-lids-4.webp 1024w, https:\/\/www.billiondaysupplier.com\/wp-content\/uploads\/2025\/08\/wholesale-food-trays-with-lids-4-300x300.webp 300w, https:\/\/www.billiondaysupplier.com\/wp-content\/uploads\/2025\/08\/wholesale-food-trays-with-lids-4-150x150.webp 150w, https:\/\/www.billiondaysupplier.com\/wp-content\/uploads\/2025\/08\/wholesale-food-trays-with-lids-4-768x768.webp 768w, https:\/\/www.billiondaysupplier.com\/wp-content\/uploads\/2025\/08\/wholesale-food-trays-with-lids-4-12x12.webp 12w, https:\/\/www.billiondaysupplier.com\/wp-content\/uploads\/2025\/08\/wholesale-food-trays-with-lids-4-600x600.webp 600w, https:\/\/www.billiondaysupplier.com\/wp-content\/uploads\/2025\/08\/wholesale-food-trays-with-lids-4-100x100.webp 100w\" sizes=\"(max-width: 1024px) 100vw, 1024px\" \/><\/figure>\n<\/div>\n<\/div>","protected":false},"excerpt":{"rendered":"<p>Les barquettes alimentaires de gros avec couvercle, fabriqu\u00e9es en acier inoxydable 304 de qualit\u00e9 alimentaire, avec une vari\u00e9t\u00e9 de profondeurs, un couvercle scell\u00e9 et une conception \u00e0 cinq compartiments, sont parfaites pour la restauration en vrac. S\u00fbrs, durables, faciles \u00e0 nettoyer et empilables, ils sont id\u00e9aux pour les espaces \u00e0 forte fr\u00e9quentation tels que les caf\u00e9t\u00e9rias et les restaurants. Des services personnalis\u00e9s et des achats en gros sont disponibles. Contactez-nous d\u00e8s aujourd'hui pour un devis sp\u00e9cial !<\/p>\n<h2>Plateaux alimentaires avec couvercles Parameter\uff1a<\/h2>\n<table border=\"0\" width=\"404\" cellspacing=\"0\" cellpadding=\"0\">\n<tbody>\n<tr>\n<td style=\"text-align: left;\" width=\"148\" height=\"24\"><strong>Mat\u00e9riau<\/strong><\/td>\n<td style=\"text-align: left;\" width=\"256\">Acier inoxydable 304<\/td>\n<\/tr>\n<tr>\n<td style=\"text-align: left;\" width=\"148\" height=\"24\"><strong>Couleur<\/strong><\/td>\n<td style=\"text-align: left;\" width=\"256\">Argent<\/td>\n<\/tr>\n<tr>\n<td style=\"text-align: left;\" width=\"148\" height=\"24\"><strong>Couvercle<\/strong><\/td>\n<td style=\"text-align: left;\" width=\"256\">PP\/Acier<\/td>\n<\/tr>\n<tr>\n<td style=\"text-align: left;\" width=\"148\" height=\"24\"><strong>Taille<\/strong><\/td>\n<td style=\"text-align: left;\" width=\"256\">28*22*5.5cm<\/td>\n<\/tr>\n<tr>\n<td style=\"text-align: left;\" width=\"148\" height=\"24\"><strong>Poids<\/strong><\/td>\n<td style=\"text-align: left;\" width=\"256\">310g<\/td>\n<\/tr>\n<tr>\n<td style=\"text-align: left;\" height=\"92\"><strong>Fonctionnalit\u00e9<\/strong><\/td>\n<td style=\"text-align: left;\" width=\"256\">1. Compartiments raisonnables<br \/>2. Durable et respectueux de l'environnement<br \/>3. Empilable<\/td>\n<\/tr>\n<tr>\n<td style=\"text-align: left;\" height=\"24\"><strong>Option personnalis\u00e9e<\/strong><\/td>\n<td style=\"text-align: left;\">Logo\/taille\/emballage\/accessoires<\/td>\n<\/tr>\n<\/tbody>\n<\/table>","protected":false},"featured_media":1075,"comment_status":"closed","ping_status":"closed","template":"","meta":{"_acf_changed":false},"product_brand":[],"product_cat":[24],"product_tag":[],"class_list":{"0":"post-1074","1":"product","2":"type-product","3":"status-publish","4":"has-post-thumbnail","6":"product_cat-bulk-custom-food-tray","8":"first","9":"instock","10":"shipping-taxable","11":"product-type-simple"},"acf":[],"_links":{"self":[{"href":"https:\/\/www.billiondaysupplier.com\/fr\/wp-json\/wp\/v2\/product\/1074","targetHints":{"allow":["GET"]}}],"collection":[{"href":"https:\/\/www.billiondaysupplier.com\/fr\/wp-json\/wp\/v2\/product"}],"about":[{"href":"https:\/\/www.billiondaysupplier.com\/fr\/wp-json\/wp\/v2\/types\/product"}],"replies":[{"embeddable":true,"href":"https:\/\/www.billiondaysupplier.com\/fr\/wp-json\/wp\/v2\/comments?post=1074"}],"wp:featuredmedia":[{"embeddable":true,"href":"https:\/\/www.billiondaysupplier.com\/fr\/wp-json\/wp\/v2\/media\/1075"}],"wp:attachment":[{"href":"https:\/\/www.billiondaysupplier.com\/fr\/wp-json\/wp\/v2\/media?parent=1074"}],"wp:term":[{"taxonomy":"product_brand","embeddable":true,"href":"https:\/\/www.billiondaysupplier.com\/fr\/wp-json\/wp\/v2\/product_brand?post=1074"},{"taxonomy":"product_cat","embeddable":true,"href":"https:\/\/www.billiondaysupplier.com\/fr\/wp-json\/wp\/v2\/product_cat?post=1074"},{"taxonomy":"product_tag","embeddable":true,"href":"https:\/\/www.billiondaysupplier.com\/fr\/wp-json\/wp\/v2\/product_tag?post=1074"}],"curies":[{"name":"wp","href":"https:\/\/api.w.org\/{rel}","templated":true}]}}