{"id":1063,"date":"2025-09-07T23:04:36","date_gmt":"2025-09-07T23:04:36","guid":{"rendered":"https:\/\/www.billiondaysupplier.com\/?post_type=product&#038;p=1063"},"modified":"2025-09-07T23:04:36","modified_gmt":"2025-09-07T23:04:36","slug":"wholesale-stainless-food-tray","status":"publish","type":"product","link":"https:\/\/www.billiondaysupplier.com\/fr\/product\/wholesale-stainless-food-tray\/","title":{"rendered":"Wholesale Stainless Food Tray Multi-Compartment School Cafeteria Service Tray Custom"},"content":{"rendered":"<div class=\"wp-block-columns is-layout-flex wp-container-core-columns-is-layout-9d6595d7 wp-block-columns-is-layout-flex\">\n<div class=\"wp-block-column is-layout-flow wp-block-column-is-layout-flow\">\n<h2 class=\"wp-block-heading\">Plateau en acier inoxydable Caract\u00e9ristiques :<\/h2>\n\n\n\n<p><strong>Mat\u00e9riaux non toxiques et s\u00fbrs<\/strong>: L'acier inoxydable de qualit\u00e9 alimentaire r\u00e9siste \u00e0 la chaleur et \u00e0 la corrosion, ne lib\u00e8re aucune substance toxique et garantit la s\u00e9curit\u00e9 alimentaire.<\/p>\n\n\n\n<p><strong>Conception \u00e9paissie :<\/strong>1,2 mm d'\u00e9paisseur, solide et r\u00e9sistant \u00e0 l'usure, durable, peut r\u00e9sister aux chocs et \u00e0 l'usure de l'utilisation quotidienne.<\/p>\n\n\n\n<p><strong>Scientifique \u00e0 six compartiments :<\/strong> Il trie facilement les aliments de base, les accompagnements, les soupes et bien d'autres choses encore, tout en aidant les gens \u00e0 avoir une alimentation \u00e9quilibr\u00e9e sans que les aliments ne g\u00e2chent l'exp\u00e9rience.<\/p>\n\n\n\n<p><strong>Taille parfaite :<\/strong> Les compartiments sont parfaitement dimensionn\u00e9s pour une manipulation ais\u00e9e et contiennent la portion id\u00e9ale pour un repas d'adulte.<\/p>\n\n\n\n<p><strong>Facile \u00e0 nettoyer<\/strong>: La surface lisse en acier inoxydable \u00e9limine facilement les graisses et les r\u00e9sidus et peut \u00eatre lav\u00e9e au lave-vaisselle, ce qui permet d'\u00e9conomiser du temps et de l'\u00e9nergie.<br>Polyvalent : que ce soit pour une caf\u00e9t\u00e9ria d'\u00e9cole, une salle \u00e0 manger d'entreprise ou un d\u00eener familial quotidien, ce design polyvalent est un choix pratique pour am\u00e9liorer la qualit\u00e9 et l'efficacit\u00e9 des repas.<\/p>\n\n\n\n<p><strong>Personnalisation en bloc<\/strong>: Nous proposons des services OEM\/ODM ainsi que des logos personnalis\u00e9s et des options d'achat en gros pour r\u00e9pondre \u00e0 tous les besoins de votre entreprise !<\/p>\n<\/div>\n\n\n\n<div class=\"wp-block-column is-layout-flow wp-block-column-is-layout-flow\">\n<figure class=\"wp-block-image size-full\"><img decoding=\"async\" width=\"800\" height=\"800\" src=\"https:\/\/www.billiondaysupplier.com\/wp-content\/uploads\/2025\/08\/wholesale-stainless-food-tray-1.webp\" alt=\"plateau alimentaire en gros en acier inoxydable (1)\" class=\"wp-image-1064\" srcset=\"https:\/\/www.billiondaysupplier.com\/wp-content\/uploads\/2025\/08\/wholesale-stainless-food-tray-1.webp 800w, https:\/\/www.billiondaysupplier.com\/wp-content\/uploads\/2025\/08\/wholesale-stainless-food-tray-1-300x300.webp 300w, https:\/\/www.billiondaysupplier.com\/wp-content\/uploads\/2025\/08\/wholesale-stainless-food-tray-1-150x150.webp 150w, https:\/\/www.billiondaysupplier.com\/wp-content\/uploads\/2025\/08\/wholesale-stainless-food-tray-1-768x768.webp 768w, https:\/\/www.billiondaysupplier.com\/wp-content\/uploads\/2025\/08\/wholesale-stainless-food-tray-1-12x12.webp 12w, https:\/\/www.billiondaysupplier.com\/wp-content\/uploads\/2025\/08\/wholesale-stainless-food-tray-1-600x600.webp 600w, https:\/\/www.billiondaysupplier.com\/wp-content\/uploads\/2025\/08\/wholesale-stainless-food-tray-1-100x100.webp 100w\" sizes=\"(max-width: 800px) 100vw, 800px\" \/><\/figure>\n<\/div>\n<\/div>\n\n\n\n<div class=\"wp-block-columns is-layout-flex wp-container-core-columns-is-layout-9d6595d7 wp-block-columns-is-layout-flex\">\n<div class=\"wp-block-column is-layout-flow wp-block-column-is-layout-flow\">\n<figure class=\"wp-block-image size-full\"><img decoding=\"async\" width=\"1290\" height=\"1288\" src=\"https:\/\/www.billiondaysupplier.com\/wp-content\/uploads\/2025\/08\/wholesale-stainless-food-tray-4.webp\" alt=\"plateau alimentaire en gros en acier inoxydable (4)\" class=\"wp-image-1067\" srcset=\"https:\/\/www.billiondaysupplier.com\/wp-content\/uploads\/2025\/08\/wholesale-stainless-food-tray-4.webp 1290w, https:\/\/www.billiondaysupplier.com\/wp-content\/uploads\/2025\/08\/wholesale-stainless-food-tray-4-300x300.webp 300w, https:\/\/www.billiondaysupplier.com\/wp-content\/uploads\/2025\/08\/wholesale-stainless-food-tray-4-150x150.webp 150w, https:\/\/www.billiondaysupplier.com\/wp-content\/uploads\/2025\/08\/wholesale-stainless-food-tray-4-768x767.webp 768w, https:\/\/www.billiondaysupplier.com\/wp-content\/uploads\/2025\/08\/wholesale-stainless-food-tray-4-12x12.webp 12w, https:\/\/www.billiondaysupplier.com\/wp-content\/uploads\/2025\/08\/wholesale-stainless-food-tray-4-1200x1198.webp 1200w, https:\/\/www.billiondaysupplier.com\/wp-content\/uploads\/2025\/08\/wholesale-stainless-food-tray-4-600x599.webp 600w, https:\/\/www.billiondaysupplier.com\/wp-content\/uploads\/2025\/08\/wholesale-stainless-food-tray-4-100x100.webp 100w\" sizes=\"(max-width: 1290px) 100vw, 1290px\" \/><\/figure>\n<\/div>\n\n\n\n<div class=\"wp-block-column is-layout-flow wp-block-column-is-layout-flow\">\n<figure class=\"wp-block-image size-full\"><img decoding=\"async\" width=\"786\" height=\"659\" src=\"https:\/\/www.billiondaysupplier.com\/wp-content\/uploads\/2025\/08\/wholesale-stainless-food-tray-2.webp\" alt=\"plateau alimentaire en gros en acier inoxydable (2)\" class=\"wp-image-1065\" style=\"aspect-ratio:1;object-fit:cover\" srcset=\"https:\/\/www.billiondaysupplier.com\/wp-content\/uploads\/2025\/08\/wholesale-stainless-food-tray-2.webp 786w, https:\/\/www.billiondaysupplier.com\/wp-content\/uploads\/2025\/08\/wholesale-stainless-food-tray-2-300x252.webp 300w, https:\/\/www.billiondaysupplier.com\/wp-content\/uploads\/2025\/08\/wholesale-stainless-food-tray-2-768x644.webp 768w, https:\/\/www.billiondaysupplier.com\/wp-content\/uploads\/2025\/08\/wholesale-stainless-food-tray-2-14x12.webp 14w, https:\/\/www.billiondaysupplier.com\/wp-content\/uploads\/2025\/08\/wholesale-stainless-food-tray-2-600x503.webp 600w\" sizes=\"(max-width: 786px) 100vw, 786px\" \/><\/figure>\n<\/div>\n<\/div>","protected":false},"excerpt":{"rendered":"<p>Plateau alimentaire en gros en acier inoxydable avec 6 compartiments, des sections scientifiquement divis\u00e9es et des dimensions raisonnables. La surface lisse est facile \u00e0 nettoyer et convient donc aussi bien aux caf\u00e9t\u00e9rias qu'\u00e0 l'usage domestique. Nous offrons des services personnalis\u00e9s, y compris des assiettes plus profondes et des tailles diff\u00e9rentes. N'h\u00e9sitez pas \u00e0 nous contacter pour plus d'informations !<\/p>\n<h2>Param\u00e8tres des plateaux alimentaires en acier inoxydable\uff1a<\/h2>\n<table border=\"0\" width=\"404\" cellspacing=\"0\" cellpadding=\"0\">\n<tbody>\n<tr>\n<td style=\"text-align: left;\" width=\"148\" height=\"24\"><strong>Mat\u00e9riau<\/strong><\/td>\n<td style=\"text-align: left;\" width=\"256\">Acier inoxydable 201\/304<\/td>\n<\/tr>\n<tr>\n<td style=\"text-align: left;\" width=\"148\" height=\"24\"><strong>Couleur<\/strong><\/td>\n<td style=\"text-align: left;\" width=\"256\">Argent<\/td>\n<\/tr>\n<tr>\n<td style=\"text-align: left;\" width=\"148\" height=\"24\"><strong>Couvercle<\/strong><\/td>\n<td style=\"text-align: left;\" width=\"256\">PP\/Acier<\/td>\n<\/tr>\n<tr>\n<td style=\"text-align: left;\" width=\"148\" height=\"24\"><strong>Taille<\/strong><\/td>\n<td style=\"text-align: left;\" width=\"256\">38*27*2.5cm<\/td>\n<\/tr>\n<tr>\n<td style=\"text-align: left;\" width=\"148\" height=\"24\"><strong>Poids<\/strong><\/td>\n<td style=\"text-align: left;\" width=\"256\">520g<\/td>\n<\/tr>\n<tr>\n<td style=\"text-align: left;\" height=\"92\"><strong>Fonctionnalit\u00e9<\/strong><\/td>\n<td style=\"text-align: left;\" width=\"256\">1. Compartiments raisonnables<br \/>2. Durable et respectueux de l'environnement<br \/>3. Empilable<\/td>\n<\/tr>\n<tr>\n<td style=\"text-align: left;\" height=\"24\"><strong>Option personnalis\u00e9e<\/strong><\/td>\n<td style=\"text-align: left;\">Logo\/taille\/emballage\/accessoires<\/td>\n<\/tr>\n<\/tbody>\n<\/table>","protected":false},"featured_media":1066,"comment_status":"closed","ping_status":"closed","template":"","meta":{"_acf_changed":false},"product_brand":[],"product_cat":[24],"product_tag":[],"class_list":{"0":"post-1063","1":"product","2":"type-product","3":"status-publish","4":"has-post-thumbnail","6":"product_cat-bulk-custom-food-tray","8":"first","9":"instock","10":"shipping-taxable","11":"product-type-simple"},"acf":[],"_links":{"self":[{"href":"https:\/\/www.billiondaysupplier.com\/fr\/wp-json\/wp\/v2\/product\/1063","targetHints":{"allow":["GET"]}}],"collection":[{"href":"https:\/\/www.billiondaysupplier.com\/fr\/wp-json\/wp\/v2\/product"}],"about":[{"href":"https:\/\/www.billiondaysupplier.com\/fr\/wp-json\/wp\/v2\/types\/product"}],"replies":[{"embeddable":true,"href":"https:\/\/www.billiondaysupplier.com\/fr\/wp-json\/wp\/v2\/comments?post=1063"}],"wp:featuredmedia":[{"embeddable":true,"href":"https:\/\/www.billiondaysupplier.com\/fr\/wp-json\/wp\/v2\/media\/1066"}],"wp:attachment":[{"href":"https:\/\/www.billiondaysupplier.com\/fr\/wp-json\/wp\/v2\/media?parent=1063"}],"wp:term":[{"taxonomy":"product_brand","embeddable":true,"href":"https:\/\/www.billiondaysupplier.com\/fr\/wp-json\/wp\/v2\/product_brand?post=1063"},{"taxonomy":"product_cat","embeddable":true,"href":"https:\/\/www.billiondaysupplier.com\/fr\/wp-json\/wp\/v2\/product_cat?post=1063"},{"taxonomy":"product_tag","embeddable":true,"href":"https:\/\/www.billiondaysupplier.com\/fr\/wp-json\/wp\/v2\/product_tag?post=1063"}],"curies":[{"name":"wp","href":"https:\/\/api.w.org\/{rel}","templated":true}]}}