{"id":1031,"date":"2025-08-28T06:06:38","date_gmt":"2025-08-28T06:06:38","guid":{"rendered":"https:\/\/www.billiondaysupplier.com\/?post_type=product&#038;p=1031"},"modified":"2025-09-07T22:48:32","modified_gmt":"2025-09-07T22:48:32","slug":"bulk-stainless-steel-mixing-bowls-with-lids","status":"publish","type":"product","link":"https:\/\/www.billiondaysupplier.com\/fr\/product\/bulk-stainless-steel-mixing-bowls-with-lids\/","title":{"rendered":"Bulk Stainless Steel Mixing Bowls with Lids, Mirror Polishing Salad Bowls Multisize Wholesale (bols \u00e0 salade en acier inoxydable avec couvercles, polissage miroir)"},"content":{"rendered":"<div class=\"wp-block-columns is-layout-flex wp-container-core-columns-is-layout-9d6595d7 wp-block-columns-is-layout-flex\">\n<div class=\"wp-block-column is-layout-flow wp-block-column-is-layout-flow\">\n<h2 class=\"wp-block-heading\">Bols \u00e0 m\u00e9langer en acier inoxydable avec couvercles Caract\u00e9ristiques :<\/h2>\n\n\n\n<p><strong>Acier inoxydable de qualit\u00e9 alimentaire<\/strong>: Durable, r\u00e9sistant \u00e0 la corrosion et \u00e0 l'oxydation, il garantit une utilisation \u00e0 long terme, s\u00fbre et sans odeur, ce qui le rend id\u00e9al pour l'industrie de la restauration et les cuisines professionnelles.<\/p>\n\n\n\n<p><strong>Polissage miroir<\/strong>: Une finition \u00e9l\u00e9gante, semblable \u00e0 celle d'un miroir, rehausse l'\u00e9l\u00e9gance g\u00e9n\u00e9rale de toute cuisine ou restaurant, tout en \u00e9tant facile \u00e0 nettoyer et en r\u00e9sistant aux taches et aux odeurs.<\/p>\n\n\n\n<p><strong>Couvercle scell\u00e9 :<\/strong> Un couvercle bien ajust\u00e9 assure un stockage et une conservation pratiques des ingr\u00e9dients, en \u00e9vitant les transferts d'odeurs et la poussi\u00e8re.<\/p>\n\n\n\n<p><strong>Fond antid\u00e9rapant : <\/strong>Un anneau antid\u00e9rapant sur le fond assure la stabilit\u00e9 lors de l'agitation ou du m\u00e9lange d'ingr\u00e9dients, emp\u00eachant les glissements et les d\u00e9versements, et am\u00e9liorant la s\u00e9curit\u00e9 op\u00e9rationnelle.<\/p>\n\n\n\n<p><strong>Diff\u00e9rentes tailles disponibles<\/strong>: Disponible dans une vari\u00e9t\u00e9 de capacit\u00e9s, de la plus petite \u00e0 la plus grande, pour r\u00e9pondre \u00e0 vos besoins de m\u00e9langer des salades, de p\u00e9trir des p\u00e2tes, de mariner, de m\u00e9langer des sauces, de r\u00e9frig\u00e9rer ou de servir une vari\u00e9t\u00e9 d'ingr\u00e9dients.<\/p>\n\n\n\n<p><strong>Outil de cuisine multifonctionnel<\/strong>: Convient \u00e0 la pr\u00e9paration de salades, au m\u00e9lange de p\u00e2tes \u00e0 g\u00e2teaux, \u00e0 la conservation des aliments, \u00e0 la marinade des viandes, \u00e0 la pr\u00e9cuisson et \u00e0 la r\u00e9frig\u00e9ration. Ce bol polyvalent am\u00e9liore l'efficacit\u00e9 dans le secteur de la restauration.<\/p>\n\n\n\n<p><strong>Billion Day factory direct supply<\/strong>Les produits de cette cat\u00e9gorie peuvent \u00eatre fournis \u00e0 grande \u00e9chelle et leur LOGO\/couleur peut \u00eatre personnalis\u00e9. Ils conviennent aux restaurants, aux h\u00f4tels, aux supermarch\u00e9s et aux grossistes en fournitures de cuisine.<\/p>\n<\/div>\n\n\n\n<div class=\"wp-block-column is-layout-flow wp-block-column-is-layout-flow\">\n<figure class=\"wp-block-image size-full\"><img decoding=\"async\" width=\"3125\" height=\"3125\" src=\"https:\/\/www.billiondaysupplier.com\/wp-content\/uploads\/2025\/08\/bulk-stainless-steel-mixing-bowls-with-lids-4.webp\" alt=\"bols \u00e0 m\u00e9langer en vrac en acier inoxydable avec couvercles (4)\" class=\"wp-image-1035\" srcset=\"https:\/\/www.billiondaysupplier.com\/wp-content\/uploads\/2025\/08\/bulk-stainless-steel-mixing-bowls-with-lids-4.webp 3125w, https:\/\/www.billiondaysupplier.com\/wp-content\/uploads\/2025\/08\/bulk-stainless-steel-mixing-bowls-with-lids-4-300x300.webp 300w, https:\/\/www.billiondaysupplier.com\/wp-content\/uploads\/2025\/08\/bulk-stainless-steel-mixing-bowls-with-lids-4-150x150.webp 150w, https:\/\/www.billiondaysupplier.com\/wp-content\/uploads\/2025\/08\/bulk-stainless-steel-mixing-bowls-with-lids-4-768x768.webp 768w, https:\/\/www.billiondaysupplier.com\/wp-content\/uploads\/2025\/08\/bulk-stainless-steel-mixing-bowls-with-lids-4-12x12.webp 12w, https:\/\/www.billiondaysupplier.com\/wp-content\/uploads\/2025\/08\/bulk-stainless-steel-mixing-bowls-with-lids-4-1200x1200.webp 1200w, https:\/\/www.billiondaysupplier.com\/wp-content\/uploads\/2025\/08\/bulk-stainless-steel-mixing-bowls-with-lids-4-600x600.webp 600w, https:\/\/www.billiondaysupplier.com\/wp-content\/uploads\/2025\/08\/bulk-stainless-steel-mixing-bowls-with-lids-4-100x100.webp 100w\" sizes=\"(max-width: 3125px) 100vw, 3125px\" \/><\/figure>\n<\/div>\n<\/div>\n\n\n\n<div class=\"wp-block-columns is-layout-flex wp-container-core-columns-is-layout-9d6595d7 wp-block-columns-is-layout-flex\">\n<div class=\"wp-block-column is-layout-flow wp-block-column-is-layout-flow\">\n<figure class=\"wp-block-image size-full\"><img decoding=\"async\" width=\"2829\" height=\"2858\" src=\"https:\/\/www.billiondaysupplier.com\/wp-content\/uploads\/2025\/08\/bulk-stainless-steel-mixing-bowls-with-lids-3.webp\" alt=\"bols \u00e0 m\u00e9langer en vrac en acier inoxydable avec couvercles (3)\" class=\"wp-image-1034\" srcset=\"https:\/\/www.billiondaysupplier.com\/wp-content\/uploads\/2025\/08\/bulk-stainless-steel-mixing-bowls-with-lids-3.webp 2829w, https:\/\/www.billiondaysupplier.com\/wp-content\/uploads\/2025\/08\/bulk-stainless-steel-mixing-bowls-with-lids-3-297x300.webp 297w, https:\/\/www.billiondaysupplier.com\/wp-content\/uploads\/2025\/08\/bulk-stainless-steel-mixing-bowls-with-lids-3-768x776.webp 768w, https:\/\/www.billiondaysupplier.com\/wp-content\/uploads\/2025\/08\/bulk-stainless-steel-mixing-bowls-with-lids-3-12x12.webp 12w, https:\/\/www.billiondaysupplier.com\/wp-content\/uploads\/2025\/08\/bulk-stainless-steel-mixing-bowls-with-lids-3-1200x1212.webp 1200w, https:\/\/www.billiondaysupplier.com\/wp-content\/uploads\/2025\/08\/bulk-stainless-steel-mixing-bowls-with-lids-3-600x606.webp 600w, https:\/\/www.billiondaysupplier.com\/wp-content\/uploads\/2025\/08\/bulk-stainless-steel-mixing-bowls-with-lids-3-100x100.webp 100w\" sizes=\"(max-width: 2829px) 100vw, 2829px\" \/><\/figure>\n<\/div>\n\n\n\n<div class=\"wp-block-column is-layout-flow wp-block-column-is-layout-flow\">\n<figure class=\"wp-block-image size-full\"><img decoding=\"async\" width=\"2829\" height=\"2829\" src=\"https:\/\/www.billiondaysupplier.com\/wp-content\/uploads\/2025\/08\/bulk-stainless-steel-mixing-bowls-with-lids-5.webp\" alt=\"bols \u00e0 m\u00e9langer en vrac en acier inoxydable avec couvercles (5)\" class=\"wp-image-1036\" srcset=\"https:\/\/www.billiondaysupplier.com\/wp-content\/uploads\/2025\/08\/bulk-stainless-steel-mixing-bowls-with-lids-5.webp 2829w, https:\/\/www.billiondaysupplier.com\/wp-content\/uploads\/2025\/08\/bulk-stainless-steel-mixing-bowls-with-lids-5-300x300.webp 300w, https:\/\/www.billiondaysupplier.com\/wp-content\/uploads\/2025\/08\/bulk-stainless-steel-mixing-bowls-with-lids-5-150x150.webp 150w, https:\/\/www.billiondaysupplier.com\/wp-content\/uploads\/2025\/08\/bulk-stainless-steel-mixing-bowls-with-lids-5-768x768.webp 768w, https:\/\/www.billiondaysupplier.com\/wp-content\/uploads\/2025\/08\/bulk-stainless-steel-mixing-bowls-with-lids-5-12x12.webp 12w, https:\/\/www.billiondaysupplier.com\/wp-content\/uploads\/2025\/08\/bulk-stainless-steel-mixing-bowls-with-lids-5-1200x1200.webp 1200w, https:\/\/www.billiondaysupplier.com\/wp-content\/uploads\/2025\/08\/bulk-stainless-steel-mixing-bowls-with-lids-5-600x600.webp 600w, https:\/\/www.billiondaysupplier.com\/wp-content\/uploads\/2025\/08\/bulk-stainless-steel-mixing-bowls-with-lids-5-100x100.webp 100w\" sizes=\"(max-width: 2829px) 100vw, 2829px\" \/><\/figure>\n<\/div>\n<\/div>","protected":false},"excerpt":{"rendered":"<p>Billion Day fournit des bols \u00e0 m\u00e9langer en acier inoxydable en vrac avec couvercles, processus de polissage miroir, conception du fond antid\u00e9rapant, tailles et utilisations multiples, adapt\u00e9s \u00e0 l'utilisation en gros dans les restaurants, les h\u00f4tels et les cuisines. Nous proposons un service ODM\/OEM et un approvisionnement stable. Contactez-nous pour en savoir plus sur notre service de personnalisation de la vente en gros !<\/p>\n<h2>Bols \u00e0 m\u00e9langer en acier inoxydable avec couvercles Parameter\uff1a<\/h2>\n<table border=\"0\" width=\"404\" cellspacing=\"0\" cellpadding=\"0\">\n<tbody>\n<tr>\n<td style=\"text-align: left;\" width=\"148\" height=\"24\"><strong>Mat\u00e9riau<\/strong><\/td>\n<td style=\"text-align: left;\" width=\"256\">Acier inoxydable 201<\/td>\n<\/tr>\n<tr>\n<td style=\"text-align: left;\" height=\"69\"><strong>Couleur<\/strong><\/td>\n<td style=\"text-align: left;\" width=\"256\">Argent<\/td>\n<\/tr>\n<tr>\n<td style=\"text-align: left;\" height=\"69\"><strong>Application<\/strong><\/td>\n<td style=\"text-align: left;\" width=\"256\">Remuer, m\u00e9langer la salade, p\u00e9trir la p\u00e2te, pr\u00e9parer les sauces, servir les ingr\u00e9dients<\/td>\n<\/tr>\n<tr>\n<td style=\"text-align: left;\" height=\"69\"><strong>Occasin<\/strong><\/td>\n<td style=\"text-align: left;\" width=\"256\">Cuisines domestiques, caf\u00e9t\u00e9rias, boulangeries, cuisines commerciales, buffets et camping.<\/td>\n<\/tr>\n<tr>\n<td style=\"text-align: left;\" height=\"92\"><strong>Fonctionnalit\u00e9<\/strong><\/td>\n<td style=\"text-align: left;\" width=\"256\">1. Facile \u00e0 nettoyer<br \/>2. Durable<\/td>\n<\/tr>\n<tr>\n<td style=\"text-align: left;\" height=\"24\"><strong>Option personnalis\u00e9e<\/strong><\/td>\n<td style=\"text-align: left;\">Logo\/couvercle\/emballage\/accessoires<\/td>\n<\/tr>\n<\/tbody>\n<\/table>","protected":false},"featured_media":1032,"comment_status":"closed","ping_status":"closed","template":"","meta":{"_acf_changed":false},"product_brand":[],"product_cat":[25],"product_tag":[],"class_list":{"0":"post-1031","1":"product","2":"type-product","3":"status-publish","4":"has-post-thumbnail","6":"product_cat-bulk-custom-mixing-bowls","8":"first","9":"instock","10":"shipping-taxable","11":"product-type-simple"},"acf":[],"_links":{"self":[{"href":"https:\/\/www.billiondaysupplier.com\/fr\/wp-json\/wp\/v2\/product\/1031","targetHints":{"allow":["GET"]}}],"collection":[{"href":"https:\/\/www.billiondaysupplier.com\/fr\/wp-json\/wp\/v2\/product"}],"about":[{"href":"https:\/\/www.billiondaysupplier.com\/fr\/wp-json\/wp\/v2\/types\/product"}],"replies":[{"embeddable":true,"href":"https:\/\/www.billiondaysupplier.com\/fr\/wp-json\/wp\/v2\/comments?post=1031"}],"wp:featuredmedia":[{"embeddable":true,"href":"https:\/\/www.billiondaysupplier.com\/fr\/wp-json\/wp\/v2\/media\/1032"}],"wp:attachment":[{"href":"https:\/\/www.billiondaysupplier.com\/fr\/wp-json\/wp\/v2\/media?parent=1031"}],"wp:term":[{"taxonomy":"product_brand","embeddable":true,"href":"https:\/\/www.billiondaysupplier.com\/fr\/wp-json\/wp\/v2\/product_brand?post=1031"},{"taxonomy":"product_cat","embeddable":true,"href":"https:\/\/www.billiondaysupplier.com\/fr\/wp-json\/wp\/v2\/product_cat?post=1031"},{"taxonomy":"product_tag","embeddable":true,"href":"https:\/\/www.billiondaysupplier.com\/fr\/wp-json\/wp\/v2\/product_tag?post=1031"}],"curies":[{"name":"wp","href":"https:\/\/api.w.org\/{rel}","templated":true}]}}