{"id":1004,"date":"2025-08-28T01:42:21","date_gmt":"2025-08-28T01:42:21","guid":{"rendered":"https:\/\/www.billiondaysupplier.com\/?post_type=product&#038;p=1004"},"modified":"2025-09-22T01:49:48","modified_gmt":"2025-09-22T01:49:48","slug":"wholesale-cstainless-steel-food-tray","status":"publish","type":"product","link":"https:\/\/www.billiondaysupplier.com\/fr\/product\/wholesale-cstainless-steel-food-tray\/","title":{"rendered":"Wholesale Stainless Steel Food Tray, 3-Compartment Plate Kindergarden for Bulk Supply"},"content":{"rendered":"<div class=\"wp-block-columns is-layout-flex wp-container-core-columns-is-layout-9d6595d7 wp-block-columns-is-layout-flex\">\n<div class=\"wp-block-column is-layout-flow wp-block-column-is-layout-flow\">\n<h2 class=\"wp-block-heading\">Plateau en acier inoxydable Caract\u00e9ristiques :<\/h2>\n\n\n\n<p><strong>Conception pratique<\/strong>: La construction l\u00e9g\u00e8re facilite l'utilisation centralis\u00e9e dans les jardins d'enfants et les \u00e9coles, avec une manipulation ais\u00e9e pour les enfants.<\/p>\n\n\n\n<p><strong>Structure du plateau peu profond<\/strong>La hauteur de 2 cm permet d'accueillir des repas solides ou semi-liquides, ce qui permet une distribution rapide des repas et un nettoyage centralis\u00e9.<\/p>\n\n\n\n<p><strong>Portion efficace en vrac :<\/strong> La disposition en trois compartiments permet d'associer rapidement les plats principaux et les accompagnements, augmentant ainsi l'efficacit\u00e9 de la distribution des repas.<\/p>\n\n\n\n<p><strong>Mat\u00e9riaux de premi\u00e8re qualit\u00e9<\/strong>: L'acier inoxydable de qualit\u00e9 alimentaire garantit la s\u00e9curit\u00e9, la non-toxicit\u00e9 et la durabilit\u00e9.<\/p>\n\n\n\n<p><strong>Compatibilit\u00e9 avec le nettoyage commercial<\/strong>: R\u00e9sistant au lave-vaisselle et au st\u00e9rilisateur, il peut \u00eatre utilis\u00e9 \u00e0 haute fr\u00e9quence pour r\u00e9duire les co\u00fbts d'exploitation.<\/p>\n\n\n\n<p><strong>Approvisionnement direct de l'usine<\/strong>: Offre des services OEM\/ODM avec des livraisons en vrac stables pour r\u00e9pondre aux besoins d'approvisionnement centralis\u00e9 des gouvernements, des \u00e9tablissements d'enseignement et d'autres organisations similaires.<\/p>\n<\/div>\n\n\n\n<div class=\"wp-block-column is-layout-flow wp-block-column-is-layout-flow\">\n<figure class=\"wp-block-image size-full\"><img decoding=\"async\" width=\"676\" height=\"677\" src=\"https:\/\/www.billiondaysupplier.com\/wp-content\/uploads\/2025\/08\/wholesale-stainless-steel-food-tray2.webp\" alt=\"plateau alimentaire en acier inoxydable en gros(2)\" class=\"wp-image-1006\" srcset=\"https:\/\/www.billiondaysupplier.com\/wp-content\/uploads\/2025\/08\/wholesale-stainless-steel-food-tray2.webp 676w, https:\/\/www.billiondaysupplier.com\/wp-content\/uploads\/2025\/08\/wholesale-stainless-steel-food-tray2-300x300.webp 300w, https:\/\/www.billiondaysupplier.com\/wp-content\/uploads\/2025\/08\/wholesale-stainless-steel-food-tray2-150x150.webp 150w, https:\/\/www.billiondaysupplier.com\/wp-content\/uploads\/2025\/08\/wholesale-stainless-steel-food-tray2-12x12.webp 12w, https:\/\/www.billiondaysupplier.com\/wp-content\/uploads\/2025\/08\/wholesale-stainless-steel-food-tray2-600x601.webp 600w, https:\/\/www.billiondaysupplier.com\/wp-content\/uploads\/2025\/08\/wholesale-stainless-steel-food-tray2-100x100.webp 100w\" sizes=\"(max-width: 676px) 100vw, 676px\" \/><\/figure>\n<\/div>\n<\/div>\n\n\n\n<div class=\"wp-block-columns is-layout-flex wp-container-core-columns-is-layout-9d6595d7 wp-block-columns-is-layout-flex\">\n<div class=\"wp-block-column is-layout-flow wp-block-column-is-layout-flow\">\n<figure class=\"wp-block-image size-full\"><img decoding=\"async\" width=\"422\" height=\"339\" src=\"https:\/\/www.billiondaysupplier.com\/wp-content\/uploads\/2025\/08\/wholesale-stainless-steel-food-tray1.webp\" alt=\"plateau alimentaire en acier inoxydable en gros(1)\" class=\"wp-image-1005\" srcset=\"https:\/\/www.billiondaysupplier.com\/wp-content\/uploads\/2025\/08\/wholesale-stainless-steel-food-tray1.webp 422w, https:\/\/www.billiondaysupplier.com\/wp-content\/uploads\/2025\/08\/wholesale-stainless-steel-food-tray1-300x241.webp 300w, https:\/\/www.billiondaysupplier.com\/wp-content\/uploads\/2025\/08\/wholesale-stainless-steel-food-tray1-15x12.webp 15w\" sizes=\"(max-width: 422px) 100vw, 422px\" \/><\/figure>\n<\/div>\n\n\n\n<div class=\"wp-block-column is-layout-flow wp-block-column-is-layout-flow\">\n<figure class=\"wp-block-image size-full\"><img decoding=\"async\" width=\"400\" height=\"400\" src=\"https:\/\/www.billiondaysupplier.com\/wp-content\/uploads\/2025\/08\/wholesale-stainless-steel-food-tray4.webp\" alt=\"plateau alimentaire en acier inoxydable en gros(4)\" class=\"wp-image-1008\" style=\"aspect-ratio:1;object-fit:cover\" srcset=\"https:\/\/www.billiondaysupplier.com\/wp-content\/uploads\/2025\/08\/wholesale-stainless-steel-food-tray4.webp 400w, https:\/\/www.billiondaysupplier.com\/wp-content\/uploads\/2025\/08\/wholesale-stainless-steel-food-tray4-300x300.webp 300w, https:\/\/www.billiondaysupplier.com\/wp-content\/uploads\/2025\/08\/wholesale-stainless-steel-food-tray4-150x150.webp 150w, https:\/\/www.billiondaysupplier.com\/wp-content\/uploads\/2025\/08\/wholesale-stainless-steel-food-tray4-12x12.webp 12w, https:\/\/www.billiondaysupplier.com\/wp-content\/uploads\/2025\/08\/wholesale-stainless-steel-food-tray4-100x100.webp 100w\" sizes=\"(max-width: 400px) 100vw, 400px\" \/><\/figure>\n<\/div>\n<\/div>","protected":false},"excerpt":{"rendered":"<p>Bienvenue sur notre site de vente en gros de plateaux alimentaires en acier inoxydable \u00e0 3 compartiments. Con\u00e7u pour les \u00e9coles, les jardins d'enfants et les cantines. L\u00e9ger, facile \u00e0 nettoyer et de taille raisonnable pour la restauration \u00e0 grande \u00e9chelle. Possibilit\u00e9 de personnalisation OEM\/ODM. Contactez-nous pour demander un devis pour des commandes en gros d\u00e8s maintenant !<\/p>\n<h2>Plateau alimentaire en acier inoxydable Param\u00e8tre\uff1a<\/h2>\n<table border=\"0\" width=\"404\" cellspacing=\"0\" cellpadding=\"0\">\n<tbody>\n<tr>\n<td style=\"text-align: left;\" width=\"148\" height=\"24\"><strong>Mat\u00e9riau<\/strong><\/td>\n<td style=\"text-align: left;\" width=\"256\">Acier inoxydable 201\/304<\/td>\n<\/tr>\n<tr>\n<td style=\"text-align: left;\" width=\"148\" height=\"24\"><strong>Couleur<\/strong><\/td>\n<td style=\"text-align: left;\" width=\"256\">Argent<\/td>\n<\/tr>\n<tr>\n<td style=\"text-align: left;\" width=\"148\" height=\"24\"><strong>Couvercle<\/strong><\/td>\n<td style=\"text-align: left;\" width=\"256\">PP\/Acier<\/td>\n<\/tr>\n<tr>\n<td style=\"text-align: left;\" width=\"148\" height=\"24\"><strong>Taille<\/strong><\/td>\n<td style=\"text-align: left;\" width=\"256\">25*21*2.5cm<\/td>\n<\/tr>\n<tr>\n<td style=\"text-align: left;\" width=\"148\" height=\"24\"><strong>Poids<\/strong><\/td>\n<td style=\"text-align: left;\" width=\"256\">180g<\/td>\n<\/tr>\n<tr>\n<td style=\"text-align: left;\" height=\"92\"><strong>Fonctionnalit\u00e9<\/strong><\/td>\n<td style=\"text-align: left;\" width=\"256\">1. Compartiments raisonnables<br \/>2. Durable et respectueux de l'environnement<br \/>3. Empilable<\/td>\n<\/tr>\n<tr>\n<td style=\"text-align: left;\" height=\"24\"><strong>Option personnalis\u00e9e<\/strong><\/td>\n<td style=\"text-align: left;\">Logo\/taille\/emballage\/accessoires<\/td>\n<\/tr>\n<\/tbody>\n<\/table>","protected":false},"featured_media":1165,"comment_status":"closed","ping_status":"closed","template":"","meta":{"_acf_changed":false},"product_brand":[],"product_cat":[24],"product_tag":[],"class_list":{"0":"post-1004","1":"product","2":"type-product","3":"status-publish","4":"has-post-thumbnail","6":"product_cat-bulk-custom-food-tray","8":"first","9":"instock","10":"shipping-taxable","11":"product-type-simple"},"acf":[],"_links":{"self":[{"href":"https:\/\/www.billiondaysupplier.com\/fr\/wp-json\/wp\/v2\/product\/1004","targetHints":{"allow":["GET"]}}],"collection":[{"href":"https:\/\/www.billiondaysupplier.com\/fr\/wp-json\/wp\/v2\/product"}],"about":[{"href":"https:\/\/www.billiondaysupplier.com\/fr\/wp-json\/wp\/v2\/types\/product"}],"replies":[{"embeddable":true,"href":"https:\/\/www.billiondaysupplier.com\/fr\/wp-json\/wp\/v2\/comments?post=1004"}],"wp:featuredmedia":[{"embeddable":true,"href":"https:\/\/www.billiondaysupplier.com\/fr\/wp-json\/wp\/v2\/media\/1165"}],"wp:attachment":[{"href":"https:\/\/www.billiondaysupplier.com\/fr\/wp-json\/wp\/v2\/media?parent=1004"}],"wp:term":[{"taxonomy":"product_brand","embeddable":true,"href":"https:\/\/www.billiondaysupplier.com\/fr\/wp-json\/wp\/v2\/product_brand?post=1004"},{"taxonomy":"product_cat","embeddable":true,"href":"https:\/\/www.billiondaysupplier.com\/fr\/wp-json\/wp\/v2\/product_cat?post=1004"},{"taxonomy":"product_tag","embeddable":true,"href":"https:\/\/www.billiondaysupplier.com\/fr\/wp-json\/wp\/v2\/product_tag?post=1004"}],"curies":[{"name":"wp","href":"https:\/\/api.w.org\/{rel}","templated":true}]}}