{"id":993,"date":"2025-08-27T10:57:19","date_gmt":"2025-08-27T10:57:19","guid":{"rendered":"https:\/\/www.billiondaysupplier.com\/?post_type=product&#038;p=993"},"modified":"2025-08-29T09:09:30","modified_gmt":"2025-08-29T09:09:30","slug":"bulk-mixing-bowls","status":"publish","type":"product","link":"https:\/\/www.billiondaysupplier.com\/es\/product\/bulk-mixing-bowls\/","title":{"rendered":"Tazones para mezclar a granel de acero inoxidable, nuevo taz\u00f3n coreano para cocinar de varios tama\u00f1os plateado dorado personalizado"},"content":{"rendered":"<div class=\"wp-block-columns is-layout-flex wp-container-core-columns-is-layout-9d6595d7 wp-block-columns-is-layout-flex\">\n<div class=\"wp-block-column is-layout-flow wp-block-column-is-layout-flow\">\n<h2 class=\"wp-block-heading\">Caracter\u00edsticas:<\/h2>\n\n\n\n<p><strong>Acero inoxidable de alta calidad<\/strong>: Fabricado en acero inoxidable de calidad alimentaria, garantiza seguridad, durabilidad, resistencia a la corrosi\u00f3n, resistencia a la oxidaci\u00f3n y prevenci\u00f3n de la oxidaci\u00f3n para un rendimiento duradero adecuado para un uso comercial de alta frecuencia.<\/p>\n\n\n\n<p><strong>M\u00faltiples tama\u00f1os disponibles<\/strong>: Ofrece varias opciones de capacidad, desde ensaladeras para comidas individuales hasta grandes cuencos para cocinar y mezclar ingredientes, atendiendo a diversas necesidades de catering.<\/p>\n\n\n\n<p><strong>Amplia selecci\u00f3n de colores<\/strong>: Disponible en varios colores elegantes, combina la practicidad con la est\u00e9tica para mejorar la experiencia visual global de los establecimientos de restauraci\u00f3n.<\/p>\n\n\n\n<p><strong>Funcionalidad vers\u00e1til<\/strong>: Ideal para mezclar ensaladas, batir masas, marinar ingredientes, preparar postres, cocinar y refrigerar alimentos.<\/p>\n\n\n\n<p><strong>F\u00e1cil de limpiar<\/strong>: Las paredes interiores lisas minimizan los residuos de alimentos, simplificando la limpieza y reduciendo el tiempo de mantenimiento para un funcionamiento eficiente.<\/p>\n\n\n\n<p><strong>Detalles pr\u00e1cticos y refinados<\/strong>: Los bordes redondeados garantizan la seguridad, mientras que las bases antideslizantes evitan los derrames durante el uso frecuente en cocinas comerciales.<\/p>\n<\/div>\n\n\n\n<div class=\"wp-block-column is-layout-flow wp-block-column-is-layout-flow\">\n<figure class=\"wp-block-image size-full\"><img decoding=\"async\" width=\"1772\" height=\"1772\" src=\"https:\/\/www.billiondaysupplier.com\/wp-content\/uploads\/2025\/08\/bulk-mixing-bowls-5.webp\" alt=\"boles para mezclar a granel (5)\" class=\"wp-image-1029\" srcset=\"https:\/\/www.billiondaysupplier.com\/wp-content\/uploads\/2025\/08\/bulk-mixing-bowls-5.webp 1772w, https:\/\/www.billiondaysupplier.com\/wp-content\/uploads\/2025\/08\/bulk-mixing-bowls-5-300x300.webp 300w, https:\/\/www.billiondaysupplier.com\/wp-content\/uploads\/2025\/08\/bulk-mixing-bowls-5-150x150.webp 150w, https:\/\/www.billiondaysupplier.com\/wp-content\/uploads\/2025\/08\/bulk-mixing-bowls-5-768x768.webp 768w, https:\/\/www.billiondaysupplier.com\/wp-content\/uploads\/2025\/08\/bulk-mixing-bowls-5-12x12.webp 12w, https:\/\/www.billiondaysupplier.com\/wp-content\/uploads\/2025\/08\/bulk-mixing-bowls-5-1200x1200.webp 1200w, https:\/\/www.billiondaysupplier.com\/wp-content\/uploads\/2025\/08\/bulk-mixing-bowls-5-600x600.webp 600w, https:\/\/www.billiondaysupplier.com\/wp-content\/uploads\/2025\/08\/bulk-mixing-bowls-5-100x100.webp 100w\" sizes=\"(max-width: 1772px) 100vw, 1772px\" \/><\/figure>\n<\/div>\n<\/div>\n\n\n\n<div class=\"wp-block-columns is-layout-flex wp-container-core-columns-is-layout-9d6595d7 wp-block-columns-is-layout-flex\">\n<div class=\"wp-block-column is-layout-flow wp-block-column-is-layout-flow\">\n<figure class=\"wp-block-image size-full\"><img decoding=\"async\" width=\"1772\" height=\"1772\" src=\"https:\/\/www.billiondaysupplier.com\/wp-content\/uploads\/2025\/08\/bulk-mixing-bowls-2.webp\" alt=\"boles para mezclar a granel (2)\" class=\"wp-image-1026\" srcset=\"https:\/\/www.billiondaysupplier.com\/wp-content\/uploads\/2025\/08\/bulk-mixing-bowls-2.webp 1772w, https:\/\/www.billiondaysupplier.com\/wp-content\/uploads\/2025\/08\/bulk-mixing-bowls-2-300x300.webp 300w, https:\/\/www.billiondaysupplier.com\/wp-content\/uploads\/2025\/08\/bulk-mixing-bowls-2-150x150.webp 150w, https:\/\/www.billiondaysupplier.com\/wp-content\/uploads\/2025\/08\/bulk-mixing-bowls-2-768x768.webp 768w, https:\/\/www.billiondaysupplier.com\/wp-content\/uploads\/2025\/08\/bulk-mixing-bowls-2-12x12.webp 12w, https:\/\/www.billiondaysupplier.com\/wp-content\/uploads\/2025\/08\/bulk-mixing-bowls-2-1200x1200.webp 1200w, https:\/\/www.billiondaysupplier.com\/wp-content\/uploads\/2025\/08\/bulk-mixing-bowls-2-600x600.webp 600w, https:\/\/www.billiondaysupplier.com\/wp-content\/uploads\/2025\/08\/bulk-mixing-bowls-2-100x100.webp 100w\" sizes=\"(max-width: 1772px) 100vw, 1772px\" \/><\/figure>\n<\/div>\n\n\n\n<div class=\"wp-block-column is-layout-flow wp-block-column-is-layout-flow\">\n<figure class=\"wp-block-image size-full\"><img decoding=\"async\" width=\"1772\" height=\"1772\" src=\"https:\/\/www.billiondaysupplier.com\/wp-content\/uploads\/2025\/08\/bulk-mixing-bowls-3.webp\" alt=\"boles para mezclar a granel (3)\" class=\"wp-image-1027\" srcset=\"https:\/\/www.billiondaysupplier.com\/wp-content\/uploads\/2025\/08\/bulk-mixing-bowls-3.webp 1772w, https:\/\/www.billiondaysupplier.com\/wp-content\/uploads\/2025\/08\/bulk-mixing-bowls-3-300x300.webp 300w, https:\/\/www.billiondaysupplier.com\/wp-content\/uploads\/2025\/08\/bulk-mixing-bowls-3-150x150.webp 150w, https:\/\/www.billiondaysupplier.com\/wp-content\/uploads\/2025\/08\/bulk-mixing-bowls-3-768x768.webp 768w, https:\/\/www.billiondaysupplier.com\/wp-content\/uploads\/2025\/08\/bulk-mixing-bowls-3-12x12.webp 12w, https:\/\/www.billiondaysupplier.com\/wp-content\/uploads\/2025\/08\/bulk-mixing-bowls-3-1200x1200.webp 1200w, https:\/\/www.billiondaysupplier.com\/wp-content\/uploads\/2025\/08\/bulk-mixing-bowls-3-600x600.webp 600w, https:\/\/www.billiondaysupplier.com\/wp-content\/uploads\/2025\/08\/bulk-mixing-bowls-3-100x100.webp 100w\" sizes=\"(max-width: 1772px) 100vw, 1772px\" \/><\/figure>\n<\/div>\n<\/div>","protected":false},"excerpt":{"rendered":"<p>Tazones de fuente de mezcla a granel, utiliza acero inoxidable de grado alimenticio, disponible en m\u00faltiples tama\u00f1os y colores, durable, elegante, seguro y f\u00e1cil de limpiar, que es ideal para restaurantes, caf\u00e9s y cocina por mayor uso. Venta al por mayor directa de f\u00e1brica con opciones de personalizaci\u00f3n disponibles.  \u00a1Bienvenido a ponerse en contacto con nosotros para precios al por mayor y servicios personalizados!<\/p>\n<h2>Par\u00e1metros de los cuencos mezcladores a granel\uff1a<\/h2>\n<table border=\"0\" width=\"404\" cellspacing=\"0\" cellpadding=\"0\">\n<tbody>\n<tr>\n<td style=\"text-align: left;\" width=\"148\" height=\"24\"><strong>Material<\/strong><\/td>\n<td style=\"text-align: left;\" width=\"256\">Acero inoxidable 201<\/td>\n<\/tr>\n<tr>\n<td style=\"text-align: left;\" height=\"69\"><strong>Color<\/strong><\/td>\n<td style=\"text-align: left;\" width=\"256\">Plata\/Oro\/Amarillo\/Blanco<\/td>\n<\/tr>\n<tr>\n<td style=\"text-align: left;\" height=\"69\"><strong>Aplicaci\u00f3n<\/strong><\/td>\n<td style=\"text-align: left;\" width=\"256\">Remover, mezclar ensalada, amasar masa, preparar salsas, servir ingredientes<\/td>\n<\/tr>\n<tr>\n<td style=\"text-align: left;\" height=\"69\"><strong>Ocasi\u00f3n<\/strong><\/td>\n<td style=\"text-align: left;\" width=\"256\">Cocinas dom\u00e9sticas, cafeter\u00edas, panader\u00edas, cocinas comerciales, buffets y campings.<\/td>\n<\/tr>\n<tr>\n<td style=\"text-align: left;\" height=\"92\"><strong>Caracter\u00edstica<\/strong><\/td>\n<td style=\"text-align: left;\" width=\"256\">1. F\u00e1cil de limpiar<br \/>2. Duradero<\/td>\n<\/tr>\n<tr>\n<td style=\"text-align: left;\" height=\"24\"><strong>Opci\u00f3n personalizada<\/strong><\/td>\n<td style=\"text-align: left;\">Logotipo\/Tapa\/Embalaje\/Accesorios<\/td>\n<\/tr>\n<\/tbody>\n<\/table>","protected":false},"featured_media":1025,"comment_status":"closed","ping_status":"closed","template":"","meta":{"_acf_changed":false},"product_brand":[],"product_cat":[25],"product_tag":[],"class_list":{"0":"post-993","1":"product","2":"type-product","3":"status-publish","4":"has-post-thumbnail","6":"product_cat-bulk-custom-mixing-bowls","8":"first","9":"instock","10":"shipping-taxable","11":"product-type-simple"},"acf":[],"_links":{"self":[{"href":"https:\/\/www.billiondaysupplier.com\/es\/wp-json\/wp\/v2\/product\/993","targetHints":{"allow":["GET"]}}],"collection":[{"href":"https:\/\/www.billiondaysupplier.com\/es\/wp-json\/wp\/v2\/product"}],"about":[{"href":"https:\/\/www.billiondaysupplier.com\/es\/wp-json\/wp\/v2\/types\/product"}],"replies":[{"embeddable":true,"href":"https:\/\/www.billiondaysupplier.com\/es\/wp-json\/wp\/v2\/comments?post=993"}],"wp:featuredmedia":[{"embeddable":true,"href":"https:\/\/www.billiondaysupplier.com\/es\/wp-json\/wp\/v2\/media\/1025"}],"wp:attachment":[{"href":"https:\/\/www.billiondaysupplier.com\/es\/wp-json\/wp\/v2\/media?parent=993"}],"wp:term":[{"taxonomy":"product_brand","embeddable":true,"href":"https:\/\/www.billiondaysupplier.com\/es\/wp-json\/wp\/v2\/product_brand?post=993"},{"taxonomy":"product_cat","embeddable":true,"href":"https:\/\/www.billiondaysupplier.com\/es\/wp-json\/wp\/v2\/product_cat?post=993"},{"taxonomy":"product_tag","embeddable":true,"href":"https:\/\/www.billiondaysupplier.com\/es\/wp-json\/wp\/v2\/product_tag?post=993"}],"curies":[{"name":"wp","href":"https:\/\/api.w.org\/{rel}","templated":true}]}}