{"id":988,"date":"2025-08-29T09:24:58","date_gmt":"2025-08-29T09:24:58","guid":{"rendered":"https:\/\/www.billiondaysupplier.com\/?post_type=product&#038;p=988"},"modified":"2025-08-29T09:25:01","modified_gmt":"2025-08-29T09:25:01","slug":"bulk-american-style-gn-pan","status":"publish","type":"product","link":"https:\/\/www.billiondaysupplier.com\/es\/product\/bulk-american-style-gn-pan\/","title":{"rendered":"Recipiente para comida a granel estilo americano GN Pan para catering Acero inoxidable de calidad alimentaria Todos los tama\u00f1os"},"content":{"rendered":"<div class=\"wp-block-columns is-layout-flex wp-container-core-columns-is-layout-9d6595d7 wp-block-columns-is-layout-flex\">\n<div class=\"wp-block-column is-layout-flow wp-block-column-is-layout-flow\">\n<h2 class=\"wp-block-heading\">Sart\u00e9n GN Estilo Americano Caracter\u00edsticas:<\/h2>\n\n\n\n<p><strong>Dise\u00f1o estructural de alta resistencia<\/strong>: Construido en acero inoxidable engrosado, es duradero y resistente, manteniendo la estabilidad incluso bajo un uso comercial intenso.<\/p>\n\n\n\n<p><strong>\u00a0Gama est\u00e1ndar GN completa disponible<\/strong>: Los m\u00faltiples tama\u00f1os (1\/1, 1\/2, 1\/3, 1\/4, 1\/6 y 1\/9) se pueden ajustar libremente, lo que facilita el almacenamiento y maximiza el aprovechamiento del espacio.<\/p>\n\n\n\n<p><strong>F\u00e1cil apilamiento:<\/strong> Los bordes bien dise\u00f1ados de las bandejas permiten apilarlas f\u00e1cilmente, ahorrando espacio de almacenamiento y facilitando su transporte y manipulaci\u00f3n.<\/p>\n\n\n\n<p><strong>Amplia resistencia a la temperatura<\/strong>: Adecuados tanto para entornos fr\u00edos como calientes, pueden colocarse directamente en frigor\u00edficos o equipos de calefacci\u00f3n para garantizar que los alimentos se mantengan siempre a la temperatura ideal.<\/p>\n\n\n\n<p><strong>Higi\u00e9nico y seguro:<\/strong> El dise\u00f1o de esquinas redondeadas sin juntas reduce la suciedad y facilita la limpieza, evitando la proliferaci\u00f3n de bacterias y garantizando la seguridad alimentaria.<\/p>\n\n\n\n<p><strong>Aplicaci\u00f3n vers\u00e1til<\/strong>: Adecuada para restaurantes, hoteles, buffets, establecimientos de comida para llevar, comedores escolares y servicios de catering a gran escala, lo que la convierte en un complemento eficaz para el sector del catering.<\/p>\n<\/div>\n\n\n\n<div class=\"wp-block-column is-layout-flow wp-block-column-is-layout-flow\">\n<figure class=\"wp-block-image size-full\"><img decoding=\"async\" width=\"720\" height=\"720\" src=\"https:\/\/www.billiondaysupplier.com\/wp-content\/uploads\/2025\/08\/Bulk-American-Style-GN-Pan-1.webp\" alt=\"Sart\u00e9n GN estilo americano a granel (1)\" class=\"wp-image-977\" srcset=\"https:\/\/www.billiondaysupplier.com\/wp-content\/uploads\/2025\/08\/Bulk-American-Style-GN-Pan-1.webp 720w, https:\/\/www.billiondaysupplier.com\/wp-content\/uploads\/2025\/08\/Bulk-American-Style-GN-Pan-1-300x300.webp 300w, https:\/\/www.billiondaysupplier.com\/wp-content\/uploads\/2025\/08\/Bulk-American-Style-GN-Pan-1-150x150.webp 150w, https:\/\/www.billiondaysupplier.com\/wp-content\/uploads\/2025\/08\/Bulk-American-Style-GN-Pan-1-12x12.webp 12w, https:\/\/www.billiondaysupplier.com\/wp-content\/uploads\/2025\/08\/Bulk-American-Style-GN-Pan-1-600x600.webp 600w, https:\/\/www.billiondaysupplier.com\/wp-content\/uploads\/2025\/08\/Bulk-American-Style-GN-Pan-1-100x100.webp 100w\" sizes=\"(max-width: 720px) 100vw, 720px\" \/><\/figure>\n<\/div>\n<\/div>\n\n\n\n<div class=\"wp-block-columns is-layout-flex wp-container-core-columns-is-layout-9d6595d7 wp-block-columns-is-layout-flex\">\n<div class=\"wp-block-column is-layout-flow wp-block-column-is-layout-flow\">\n<figure class=\"wp-block-image size-full\"><img decoding=\"async\" width=\"849\" height=\"849\" src=\"https:\/\/www.billiondaysupplier.com\/wp-content\/uploads\/2025\/08\/Bulk-American-Style-GN-Pan-2.webp\" alt=\"Sart\u00e9n GN Estilo Americano a Granel (2)\" class=\"wp-image-978\" srcset=\"https:\/\/www.billiondaysupplier.com\/wp-content\/uploads\/2025\/08\/Bulk-American-Style-GN-Pan-2.webp 849w, https:\/\/www.billiondaysupplier.com\/wp-content\/uploads\/2025\/08\/Bulk-American-Style-GN-Pan-2-300x300.webp 300w, https:\/\/www.billiondaysupplier.com\/wp-content\/uploads\/2025\/08\/Bulk-American-Style-GN-Pan-2-150x150.webp 150w, https:\/\/www.billiondaysupplier.com\/wp-content\/uploads\/2025\/08\/Bulk-American-Style-GN-Pan-2-768x768.webp 768w, https:\/\/www.billiondaysupplier.com\/wp-content\/uploads\/2025\/08\/Bulk-American-Style-GN-Pan-2-12x12.webp 12w, https:\/\/www.billiondaysupplier.com\/wp-content\/uploads\/2025\/08\/Bulk-American-Style-GN-Pan-2-600x600.webp 600w, https:\/\/www.billiondaysupplier.com\/wp-content\/uploads\/2025\/08\/Bulk-American-Style-GN-Pan-2-100x100.webp 100w\" sizes=\"(max-width: 849px) 100vw, 849px\" \/><\/figure>\n<\/div>\n\n\n\n<div class=\"wp-block-column is-layout-flow wp-block-column-is-layout-flow\">\n<figure class=\"wp-block-image size-full\"><img decoding=\"async\" width=\"2362\" height=\"2362\" src=\"https:\/\/www.billiondaysupplier.com\/wp-content\/uploads\/2025\/08\/Bulk-American-Style-GN-Pan-3.webp\" alt=\"Sart\u00e9n GN Estilo Americano a Granel (3)\" class=\"wp-image-979\" srcset=\"https:\/\/www.billiondaysupplier.com\/wp-content\/uploads\/2025\/08\/Bulk-American-Style-GN-Pan-3.webp 2362w, https:\/\/www.billiondaysupplier.com\/wp-content\/uploads\/2025\/08\/Bulk-American-Style-GN-Pan-3-300x300.webp 300w, https:\/\/www.billiondaysupplier.com\/wp-content\/uploads\/2025\/08\/Bulk-American-Style-GN-Pan-3-150x150.webp 150w, https:\/\/www.billiondaysupplier.com\/wp-content\/uploads\/2025\/08\/Bulk-American-Style-GN-Pan-3-768x768.webp 768w, https:\/\/www.billiondaysupplier.com\/wp-content\/uploads\/2025\/08\/Bulk-American-Style-GN-Pan-3-12x12.webp 12w, https:\/\/www.billiondaysupplier.com\/wp-content\/uploads\/2025\/08\/Bulk-American-Style-GN-Pan-3-1200x1200.webp 1200w, https:\/\/www.billiondaysupplier.com\/wp-content\/uploads\/2025\/08\/Bulk-American-Style-GN-Pan-3-600x600.webp 600w, https:\/\/www.billiondaysupplier.com\/wp-content\/uploads\/2025\/08\/Bulk-American-Style-GN-Pan-3-100x100.webp 100w\" sizes=\"(max-width: 2362px) 100vw, 2362px\" \/><\/figure>\n<\/div>\n<\/div>","protected":false},"excerpt":{"rendered":"<p>Sart\u00e9n GN a granel de estilo americano, fabricada en acero inoxidable engrosado de calidad alimentaria, disponible en varios tama\u00f1os est\u00e1ndar. Duradera, segura, higi\u00e9nica y f\u00e1cil de limpiar. Ideal para restaurantes, buffets, cocinas de hoteles y cafeter\u00edas. Adecuadas tanto para calentar como para refrigerar, satisfacen eficazmente las necesidades de catering. P\u00f3ngase en contacto con nosotros para comprar al por mayor y disfrutar de un descuento de f\u00e1brica.<\/p>\n<h2>Par\u00e1metros de la sart\u00e9n GN estilo americano\uff1a<\/h2>\n<table border=\"0\" width=\"404\" cellspacing=\"0\" cellpadding=\"0\">\n<tbody>\n<tr>\n<td style=\"text-align: left;\" width=\"148\" height=\"24\"><strong>Material<\/strong><\/td>\n<td style=\"text-align: left;\" width=\"256\">Acero inoxidable 201<\/td>\n<\/tr>\n<tr>\n<td style=\"text-align: left;\" height=\"69\"><strong>Talla<\/strong><\/td>\n<td style=\"text-align: left;\" width=\"256\">Todos los tama\u00f1os<\/td>\n<\/tr>\n<tr>\n<td style=\"text-align: left;\" height=\"92\"><strong>Caracter\u00edstica<\/strong><\/td>\n<td style=\"text-align: left;\" width=\"256\">1. F\u00e1cil de limpiar<br \/>2. Duradero<\/td>\n<\/tr>\n<tr>\n<td style=\"text-align: left;\" height=\"24\"><strong>Opci\u00f3n personalizada<\/strong><\/td>\n<td style=\"text-align: left;\">Logotipo\/Tapa\/Embalaje\/Accesorios<\/td>\n<\/tr>\n<\/tbody>\n<\/table>","protected":false},"featured_media":989,"comment_status":"closed","ping_status":"closed","template":"","meta":{"_acf_changed":true},"product_brand":[],"product_cat":[22],"product_tag":[],"class_list":{"0":"post-988","1":"product","2":"type-product","3":"status-publish","4":"has-post-thumbnail","6":"product_cat-gastronorm-pan-manufacturer","8":"first","9":"instock","10":"shipping-taxable","11":"product-type-simple"},"acf":[],"_links":{"self":[{"href":"https:\/\/www.billiondaysupplier.com\/es\/wp-json\/wp\/v2\/product\/988","targetHints":{"allow":["GET"]}}],"collection":[{"href":"https:\/\/www.billiondaysupplier.com\/es\/wp-json\/wp\/v2\/product"}],"about":[{"href":"https:\/\/www.billiondaysupplier.com\/es\/wp-json\/wp\/v2\/types\/product"}],"replies":[{"embeddable":true,"href":"https:\/\/www.billiondaysupplier.com\/es\/wp-json\/wp\/v2\/comments?post=988"}],"wp:featuredmedia":[{"embeddable":true,"href":"https:\/\/www.billiondaysupplier.com\/es\/wp-json\/wp\/v2\/media\/989"}],"wp:attachment":[{"href":"https:\/\/www.billiondaysupplier.com\/es\/wp-json\/wp\/v2\/media?parent=988"}],"wp:term":[{"taxonomy":"product_brand","embeddable":true,"href":"https:\/\/www.billiondaysupplier.com\/es\/wp-json\/wp\/v2\/product_brand?post=988"},{"taxonomy":"product_cat","embeddable":true,"href":"https:\/\/www.billiondaysupplier.com\/es\/wp-json\/wp\/v2\/product_cat?post=988"},{"taxonomy":"product_tag","embeddable":true,"href":"https:\/\/www.billiondaysupplier.com\/es\/wp-json\/wp\/v2\/product_tag?post=988"}],"curies":[{"name":"wp","href":"https:\/\/api.w.org\/{rel}","templated":true}]}}