{"id":976,"date":"2025-08-29T09:19:03","date_gmt":"2025-08-29T09:19:03","guid":{"rendered":"https:\/\/www.billiondaysupplier.com\/?post_type=product&#038;p=976"},"modified":"2025-08-29T09:19:05","modified_gmt":"2025-08-29T09:19:05","slug":"bulk-stainless-steel-gn-pan","status":"publish","type":"product","link":"https:\/\/www.billiondaysupplier.com\/es\/product\/bulk-stainless-steel-gn-pan\/","title":{"rendered":"Sart\u00e9n GN de acero inoxidable a granel con tapa Recipiente de almacenamiento de alimentos Buffet"},"content":{"rendered":"<div class=\"wp-block-columns is-layout-flex wp-container-core-columns-is-layout-9d6595d7 wp-block-columns-is-layout-flex\">\n<div class=\"wp-block-column is-layout-flow wp-block-column-is-layout-flow\">\n<h2 class=\"wp-block-heading\">Sart\u00e9n GN de acero inoxidable Caracter\u00edsticas:<\/h2>\n\n\n\n<p><strong>Dise\u00f1o seguro de esquinas redondeadas<\/strong>: Las esquinas redondeadas y pulidas evitan los ara\u00f1azos, garantizando la seguridad incluso para los ni\u00f1os.<\/p>\n\n\n\n<p><strong>Acero inoxidable 304 de alta calidad<\/strong>: Resistente a la corrosi\u00f3n y sin \u00f3xido, duradero y resistente, lo que garantiza un uso a largo plazo.<\/p>\n\n\n\n<p><strong>Funda protectora higi\u00e9nica<\/strong>: Evita eficazmente la entrada de polvo y bacterias, garantizando que los alimentos se mantengan sanos e higi\u00e9nicos.<\/p>\n\n\n\n<p><strong>Superficie lisa y f\u00e1cil de limpiar<\/strong>: El interior liso como un espejo es f\u00e1cil de limpiar, no deja residuos ni olores y ahorra tiempo de limpieza.<\/p>\n\n\n\n<p><strong>Aplicaci\u00f3n vers\u00e1til<\/strong>: Ampliamente utilizado en restaurantes, buffets, cocinas de hoteles, comedores escolares y reuniones familiares, satisfaciendo diversas necesidades gastron\u00f3micas.<\/p>\n\n\n\n<p><strong>Especificaciones GN normalizadas<\/strong>: Conforme a las dimensiones de la norma internacional GN, perfectamente compatible con diversas cocinas de comedor, armarios calentadores y mostradores refrigerados, lo que permite apilarlos y almacenarlos f\u00e1cilmente.<\/p>\n\n\n\n<p><strong>Resistencia a altas y bajas temperaturas<\/strong>: Soporta fluctuaciones extremas de temperatura, adecuado para calefacci\u00f3n por vapor y almacenamiento refrigerado.<\/p>\n<\/div>\n\n\n\n<div class=\"wp-block-column is-layout-flow wp-block-column-is-layout-flow\">\n<figure class=\"wp-block-image size-full\"><img decoding=\"async\" width=\"2362\" height=\"2362\" src=\"https:\/\/www.billiondaysupplier.com\/wp-content\/uploads\/2025\/08\/Bulk-Stainless-Steel-GN-Pan-4.webp\" alt=\"Bandeja GN de acero inoxidable a granel (4)\" class=\"wp-image-985\" srcset=\"https:\/\/www.billiondaysupplier.com\/wp-content\/uploads\/2025\/08\/Bulk-Stainless-Steel-GN-Pan-4.webp 2362w, https:\/\/www.billiondaysupplier.com\/wp-content\/uploads\/2025\/08\/Bulk-Stainless-Steel-GN-Pan-4-300x300.webp 300w, https:\/\/www.billiondaysupplier.com\/wp-content\/uploads\/2025\/08\/Bulk-Stainless-Steel-GN-Pan-4-150x150.webp 150w, https:\/\/www.billiondaysupplier.com\/wp-content\/uploads\/2025\/08\/Bulk-Stainless-Steel-GN-Pan-4-768x768.webp 768w, https:\/\/www.billiondaysupplier.com\/wp-content\/uploads\/2025\/08\/Bulk-Stainless-Steel-GN-Pan-4-12x12.webp 12w, https:\/\/www.billiondaysupplier.com\/wp-content\/uploads\/2025\/08\/Bulk-Stainless-Steel-GN-Pan-4-1200x1200.webp 1200w, https:\/\/www.billiondaysupplier.com\/wp-content\/uploads\/2025\/08\/Bulk-Stainless-Steel-GN-Pan-4-600x600.webp 600w, https:\/\/www.billiondaysupplier.com\/wp-content\/uploads\/2025\/08\/Bulk-Stainless-Steel-GN-Pan-4-100x100.webp 100w\" sizes=\"(max-width: 2362px) 100vw, 2362px\" \/><\/figure>\n<\/div>\n<\/div>\n\n\n\n<div class=\"wp-block-columns is-layout-flex wp-container-core-columns-is-layout-9d6595d7 wp-block-columns-is-layout-flex\">\n<div class=\"wp-block-column is-layout-flow wp-block-column-is-layout-flow\">\n<figure class=\"wp-block-image size-full\"><img decoding=\"async\" width=\"1446\" height=\"1446\" src=\"https:\/\/www.billiondaysupplier.com\/wp-content\/uploads\/2025\/08\/Bulk-Stainless-Steel-GN-Pan-5.webp\" alt=\"Bandeja GN de acero inoxidable a granel (5)\" class=\"wp-image-986\" srcset=\"https:\/\/www.billiondaysupplier.com\/wp-content\/uploads\/2025\/08\/Bulk-Stainless-Steel-GN-Pan-5.webp 1446w, https:\/\/www.billiondaysupplier.com\/wp-content\/uploads\/2025\/08\/Bulk-Stainless-Steel-GN-Pan-5-300x300.webp 300w, https:\/\/www.billiondaysupplier.com\/wp-content\/uploads\/2025\/08\/Bulk-Stainless-Steel-GN-Pan-5-150x150.webp 150w, https:\/\/www.billiondaysupplier.com\/wp-content\/uploads\/2025\/08\/Bulk-Stainless-Steel-GN-Pan-5-768x768.webp 768w, https:\/\/www.billiondaysupplier.com\/wp-content\/uploads\/2025\/08\/Bulk-Stainless-Steel-GN-Pan-5-12x12.webp 12w, https:\/\/www.billiondaysupplier.com\/wp-content\/uploads\/2025\/08\/Bulk-Stainless-Steel-GN-Pan-5-1200x1200.webp 1200w, https:\/\/www.billiondaysupplier.com\/wp-content\/uploads\/2025\/08\/Bulk-Stainless-Steel-GN-Pan-5-600x600.webp 600w, https:\/\/www.billiondaysupplier.com\/wp-content\/uploads\/2025\/08\/Bulk-Stainless-Steel-GN-Pan-5-100x100.webp 100w\" sizes=\"(max-width: 1446px) 100vw, 1446px\" \/><\/figure>\n<\/div>\n\n\n\n<div class=\"wp-block-column is-layout-flow wp-block-column-is-layout-flow\">\n<figure class=\"wp-block-image size-full\"><img decoding=\"async\" width=\"849\" height=\"849\" src=\"https:\/\/www.billiondaysupplier.com\/wp-content\/uploads\/2025\/08\/Bulk-Stainless-Steel-GN-Pan-3.webp\" alt=\"Bandeja GN de acero inoxidable a granel (3)\" class=\"wp-image-984\" srcset=\"https:\/\/www.billiondaysupplier.com\/wp-content\/uploads\/2025\/08\/Bulk-Stainless-Steel-GN-Pan-3.webp 849w, https:\/\/www.billiondaysupplier.com\/wp-content\/uploads\/2025\/08\/Bulk-Stainless-Steel-GN-Pan-3-300x300.webp 300w, https:\/\/www.billiondaysupplier.com\/wp-content\/uploads\/2025\/08\/Bulk-Stainless-Steel-GN-Pan-3-150x150.webp 150w, https:\/\/www.billiondaysupplier.com\/wp-content\/uploads\/2025\/08\/Bulk-Stainless-Steel-GN-Pan-3-768x768.webp 768w, https:\/\/www.billiondaysupplier.com\/wp-content\/uploads\/2025\/08\/Bulk-Stainless-Steel-GN-Pan-3-12x12.webp 12w, https:\/\/www.billiondaysupplier.com\/wp-content\/uploads\/2025\/08\/Bulk-Stainless-Steel-GN-Pan-3-600x600.webp 600w, https:\/\/www.billiondaysupplier.com\/wp-content\/uploads\/2025\/08\/Bulk-Stainless-Steel-GN-Pan-3-100x100.webp 100w\" sizes=\"(max-width: 849px) 100vw, 849px\" \/><\/figure>\n<\/div>\n<\/div>","protected":false},"excerpt":{"rendered":"<p>Sart\u00e9n GN de acero inoxidable a granel, engrosada y pulida con esquinas redondeadas, es segura, duradera y resistente al polvo y las bacterias, lo que garantiza la higiene de los alimentos. Su duradera construcci\u00f3n en acero inoxidable la convierte en la opci\u00f3n ideal para cocinas comerciales y catering. P\u00f3ngase en contacto con nosotros para disfrutar de precios exclusivos con el suministro directo de f\u00e1brica de Billion Day.<\/p>\n<h2>Par\u00e1metros de la sart\u00e9n GN de acero inoxidable\uff1a<\/h2>\n<table border=\"0\" width=\"404\" cellspacing=\"0\" cellpadding=\"0\">\n<tbody>\n<tr>\n<td style=\"text-align: left;\" width=\"148\" height=\"24\"><strong>Material<\/strong><\/td>\n<td style=\"text-align: left;\" width=\"256\">Acero inoxidable 201<\/td>\n<\/tr>\n<tr>\n<td style=\"text-align: left;\" height=\"69\"><strong>Talla<\/strong><\/td>\n<td style=\"text-align: left;\" width=\"256\">Todos los tama\u00f1os<\/td>\n<\/tr>\n<tr>\n<td style=\"text-align: left;\" height=\"92\"><strong>Caracter\u00edstica<\/strong><\/td>\n<td style=\"text-align: left;\" width=\"256\">1. F\u00e1cil de limpiar<br \/>2. Duradero<\/td>\n<\/tr>\n<tr>\n<td style=\"text-align: left;\" height=\"24\"><strong>Opci\u00f3n personalizada<\/strong><\/td>\n<td style=\"text-align: left;\">Logotipo\/Tapa\/Embalaje\/Accesorios<\/td>\n<\/tr>\n<\/tbody>\n<\/table>","protected":false},"featured_media":982,"comment_status":"closed","ping_status":"closed","template":"","meta":{"_acf_changed":true},"product_brand":[],"product_cat":[22],"product_tag":[],"class_list":{"0":"post-976","1":"product","2":"type-product","3":"status-publish","4":"has-post-thumbnail","6":"product_cat-gastronorm-pan-manufacturer","8":"first","9":"instock","10":"shipping-taxable","11":"product-type-simple"},"acf":[],"_links":{"self":[{"href":"https:\/\/www.billiondaysupplier.com\/es\/wp-json\/wp\/v2\/product\/976","targetHints":{"allow":["GET"]}}],"collection":[{"href":"https:\/\/www.billiondaysupplier.com\/es\/wp-json\/wp\/v2\/product"}],"about":[{"href":"https:\/\/www.billiondaysupplier.com\/es\/wp-json\/wp\/v2\/types\/product"}],"replies":[{"embeddable":true,"href":"https:\/\/www.billiondaysupplier.com\/es\/wp-json\/wp\/v2\/comments?post=976"}],"wp:featuredmedia":[{"embeddable":true,"href":"https:\/\/www.billiondaysupplier.com\/es\/wp-json\/wp\/v2\/media\/982"}],"wp:attachment":[{"href":"https:\/\/www.billiondaysupplier.com\/es\/wp-json\/wp\/v2\/media?parent=976"}],"wp:term":[{"taxonomy":"product_brand","embeddable":true,"href":"https:\/\/www.billiondaysupplier.com\/es\/wp-json\/wp\/v2\/product_brand?post=976"},{"taxonomy":"product_cat","embeddable":true,"href":"https:\/\/www.billiondaysupplier.com\/es\/wp-json\/wp\/v2\/product_cat?post=976"},{"taxonomy":"product_tag","embeddable":true,"href":"https:\/\/www.billiondaysupplier.com\/es\/wp-json\/wp\/v2\/product_tag?post=976"}],"curies":[{"name":"wp","href":"https:\/\/api.w.org\/{rel}","templated":true}]}}