{"id":887,"date":"2025-08-06T01:59:09","date_gmt":"2025-08-06T01:59:09","guid":{"rendered":"https:\/\/www.billiondaysupplier.com\/?post_type=product&#038;p=887"},"modified":"2025-08-06T12:16:45","modified_gmt":"2025-08-06T12:16:45","slug":"wholesale-catering-chafing-dishes","status":"publish","type":"product","link":"https:\/\/www.billiondaysupplier.com\/es\/product\/wholesale-catering-chafing-dishes\/","title":{"rendered":"Mayorista Catering Chafing Dishes, Acero Inoxidable Buffet Set Half Golden Fuel Calentamiento Personalizado"},"content":{"rendered":"<div class=\"wp-block-columns is-layout-flex wp-container-core-columns-is-layout-9d6595d7 wp-block-columns-is-layout-flex\">\n<div class=\"wp-block-column is-layout-flow wp-block-column-is-layout-flow\">\n<h2 class=\"wp-block-heading\">Caracter\u00edsticas:<\/h2>\n\n\n\n<p><strong>Aspecto lujoso<\/strong>: Con un proceso de chapado en medio oro, es adecuado para banquetes de alto nivel, buffets, banquetes de boda y otras ocasiones, mostrando su elegante dise\u00f1o.<\/p>\n\n\n\n<p><strong>Materiales de alta calidad<\/strong>: Fabricada en acero inoxidable 410 resistente al calor y a la corrosi\u00f3n, esta estufa garantiza durabilidad y un rendimiento duradero, adem\u00e1s de ser f\u00e1cil de limpiar y mantener.<\/p>\n\n\n\n<p><strong>Asa Tapa<\/strong>: Equipada con una c\u00f3moda asa, f\u00e1cil de abrir y cerrar, que reduce el riesgo de quemaduras y facilita su uso.<\/p>\n\n\n\n<p><strong>Sistema de calefacci\u00f3n con dep\u00f3sito de doble combustible<\/strong>: Equipada con dos dep\u00f3sitos de combustible, proporciona un calentamiento m\u00e1s uniforme y duradero, ideal para mantener el calor a largo plazo, perfecto para buffets y banquetes a gran escala.<\/p>\n\n\n\n<p><strong>Seguro y estable:<\/strong> El robusto soporte asegura que el calientaplatos est\u00e9 bien colocado, evitando que vuelque o se caiga, aumentando la seguridad.<\/p>\n\n\n\n<p><strong>Aplicaci\u00f3n vers\u00e1til<\/strong>: Adecuado para hoteles, restaurantes, buffets, banquetes y otros lugares, proporciona una eficaz retenci\u00f3n del calor, garantizando que los platos conserven su sabor \u00f3ptimo durante mucho tiempo.<\/p>\n<\/div>\n\n\n\n<div class=\"wp-block-column is-layout-flow wp-block-column-is-layout-flow\">\n<figure class=\"wp-block-image size-full\"><img decoding=\"async\" width=\"485\" height=\"503\" src=\"https:\/\/www.billiondaysupplier.com\/wp-content\/uploads\/2025\/08\/wholesale-catering-chafing-dishes-1.webp\" alt=\"venta al por mayor de platos para catering (1)\" class=\"wp-image-888\" srcset=\"https:\/\/www.billiondaysupplier.com\/wp-content\/uploads\/2025\/08\/wholesale-catering-chafing-dishes-1.webp 485w, https:\/\/www.billiondaysupplier.com\/wp-content\/uploads\/2025\/08\/wholesale-catering-chafing-dishes-1-289x300.webp 289w, https:\/\/www.billiondaysupplier.com\/wp-content\/uploads\/2025\/08\/wholesale-catering-chafing-dishes-1-12x12.webp 12w\" sizes=\"(max-width: 485px) 100vw, 485px\" \/><\/figure>\n<\/div>\n<\/div>\n\n\n\n<div class=\"wp-block-columns is-layout-flex wp-container-core-columns-is-layout-9d6595d7 wp-block-columns-is-layout-flex\">\n<div class=\"wp-block-column is-layout-flow wp-block-column-is-layout-flow\">\n<figure class=\"wp-block-image size-full\"><img decoding=\"async\" width=\"493\" height=\"496\" src=\"https:\/\/www.billiondaysupplier.com\/wp-content\/uploads\/2025\/08\/wholesale-catering-chafing-dishes-2.webp\" alt=\"venta al por mayor de platos para catering (2)\" class=\"wp-image-889\" srcset=\"https:\/\/www.billiondaysupplier.com\/wp-content\/uploads\/2025\/08\/wholesale-catering-chafing-dishes-2.webp 493w, https:\/\/www.billiondaysupplier.com\/wp-content\/uploads\/2025\/08\/wholesale-catering-chafing-dishes-2-298x300.webp 298w, https:\/\/www.billiondaysupplier.com\/wp-content\/uploads\/2025\/08\/wholesale-catering-chafing-dishes-2-150x150.webp 150w, https:\/\/www.billiondaysupplier.com\/wp-content\/uploads\/2025\/08\/wholesale-catering-chafing-dishes-2-12x12.webp 12w, https:\/\/www.billiondaysupplier.com\/wp-content\/uploads\/2025\/08\/wholesale-catering-chafing-dishes-2-100x100.webp 100w\" sizes=\"(max-width: 493px) 100vw, 493px\" \/><\/figure>\n<\/div>\n\n\n\n<div class=\"wp-block-column is-layout-flow wp-block-column-is-layout-flow\">\n<figure class=\"wp-block-image size-full\"><img decoding=\"async\" width=\"506\" height=\"501\" src=\"https:\/\/www.billiondaysupplier.com\/wp-content\/uploads\/2025\/08\/wholesale-catering-chafing-dishes-3.webp\" alt=\"venta al por mayor de platos para catering (3)\" class=\"wp-image-890\" srcset=\"https:\/\/www.billiondaysupplier.com\/wp-content\/uploads\/2025\/08\/wholesale-catering-chafing-dishes-3.webp 506w, https:\/\/www.billiondaysupplier.com\/wp-content\/uploads\/2025\/08\/wholesale-catering-chafing-dishes-3-300x297.webp 300w, https:\/\/www.billiondaysupplier.com\/wp-content\/uploads\/2025\/08\/wholesale-catering-chafing-dishes-3-150x150.webp 150w, https:\/\/www.billiondaysupplier.com\/wp-content\/uploads\/2025\/08\/wholesale-catering-chafing-dishes-3-12x12.webp 12w, https:\/\/www.billiondaysupplier.com\/wp-content\/uploads\/2025\/08\/wholesale-catering-chafing-dishes-3-100x100.webp 100w\" sizes=\"(max-width: 506px) 100vw, 506px\" \/><\/figure>\n<\/div>\n<\/div>","protected":false},"excerpt":{"rendered":"<p>Venta al por mayor catering chafing dishes, medio dorado 410 calentador de acero inoxidable cuenta con dos tanques de combustible, por lo que es perfecto para banquetes de gama alta. Billion Day directo de f\u00e1brica, opciones personalizables disponibles. \u00a1P\u00f3ngase en contacto con nosotros para un presupuesto al por mayor!<\/p>\n<h2>Par\u00e1metros de platos hondos para catering\uff1a<\/h2>\n<table border=\"0\" width=\"404\" cellspacing=\"0\" cellpadding=\"0\">\n<tbody>\n<tr>\n<td style=\"text-align: left;\" width=\"148\" height=\"24\"><strong>Material<\/strong><\/td>\n<td style=\"text-align: left;\" width=\"256\">Acero inoxidable 410<\/td>\n<\/tr>\n<tr>\n<td style=\"text-align: left;\" height=\"69\"><strong>Color<\/strong><\/td>\n<td style=\"text-align: left;\" width=\"256\">Medio ba\u00f1o de oro\/Acepta personalizaciones<\/td>\n<\/tr>\n<tr>\n<td style=\"text-align: left;\" height=\"24\"><strong>M\u00e9todo de calentamiento<\/strong><\/td>\n<td style=\"text-align: left;\">Combustible Calefacci\u00f3n<\/td>\n<\/tr>\n<tr>\n<td style=\"text-align: left;\" height=\"24\"><strong>Capacidad<\/strong><\/td>\n<td style=\"text-align: left;\">9.0L<\/td>\n<\/tr>\n<tr>\n<td style=\"text-align: left;\" height=\"92\"><strong>Caracter\u00edstica<\/strong><\/td>\n<td style=\"text-align: left;\" width=\"256\">1. Dos hornos de alcohol<br \/>2. Bordes redondeados pulidos a espejo<br \/>3. Bastidor vertical estable<\/td>\n<\/tr>\n<tr>\n<td style=\"text-align: left;\" height=\"24\"><strong>Opci\u00f3n personalizada<\/strong><\/td>\n<td style=\"text-align: left;\">Logotipo\/Color\/Tama\u00f1o\/Embalaje\/Accesorios<\/td>\n<\/tr>\n<\/tbody>\n<\/table>","protected":false},"featured_media":888,"comment_status":"closed","ping_status":"closed","template":"","meta":{"_acf_changed":true},"product_brand":[],"product_cat":[18],"product_tag":[],"class_list":{"0":"post-887","1":"product","2":"type-product","3":"status-publish","4":"has-post-thumbnail","6":"product_cat-wholesale-chafing-dishes","8":"first","9":"instock","10":"shipping-taxable","11":"product-type-simple"},"acf":[],"_links":{"self":[{"href":"https:\/\/www.billiondaysupplier.com\/es\/wp-json\/wp\/v2\/product\/887","targetHints":{"allow":["GET"]}}],"collection":[{"href":"https:\/\/www.billiondaysupplier.com\/es\/wp-json\/wp\/v2\/product"}],"about":[{"href":"https:\/\/www.billiondaysupplier.com\/es\/wp-json\/wp\/v2\/types\/product"}],"replies":[{"embeddable":true,"href":"https:\/\/www.billiondaysupplier.com\/es\/wp-json\/wp\/v2\/comments?post=887"}],"wp:featuredmedia":[{"embeddable":true,"href":"https:\/\/www.billiondaysupplier.com\/es\/wp-json\/wp\/v2\/media\/888"}],"wp:attachment":[{"href":"https:\/\/www.billiondaysupplier.com\/es\/wp-json\/wp\/v2\/media?parent=887"}],"wp:term":[{"taxonomy":"product_brand","embeddable":true,"href":"https:\/\/www.billiondaysupplier.com\/es\/wp-json\/wp\/v2\/product_brand?post=887"},{"taxonomy":"product_cat","embeddable":true,"href":"https:\/\/www.billiondaysupplier.com\/es\/wp-json\/wp\/v2\/product_cat?post=887"},{"taxonomy":"product_tag","embeddable":true,"href":"https:\/\/www.billiondaysupplier.com\/es\/wp-json\/wp\/v2\/product_tag?post=887"}],"curies":[{"name":"wp","href":"https:\/\/api.w.org\/{rel}","templated":true}]}}