{"id":668,"date":"2025-08-04T10:41:28","date_gmt":"2025-08-04T10:41:28","guid":{"rendered":"https:\/\/www.billiondaysupplier.com\/?post_type=product&#038;p=668"},"modified":"2025-08-05T08:34:04","modified_gmt":"2025-08-05T08:34:04","slug":"wholesale-stainless-steel-beverage-dispenser","status":"publish","type":"product","link":"https:\/\/www.billiondaysupplier.com\/es\/product\/wholesale-stainless-steel-beverage-dispenser\/","title":{"rendered":"Dispensador de bebidas de acero inoxidable a granel, Urna de caf\u00e9 grande personalizada 13L"},"content":{"rendered":"<div class=\"wp-block-columns is-layout-flex wp-container-core-columns-is-layout-9d6595d7 wp-block-columns-is-layout-flex\">\n<div class=\"wp-block-column is-layout-flow wp-block-column-is-layout-flow\">\n<h2 class=\"wp-block-heading\">Dispensador de bebidas de acero inoxidable Caracter\u00edsticas:<\/h2>\n\n\n\n<p><strong>Acero inoxidable duradero<\/strong>: Fabricado en acero inoxidable de alta calidad para resistir los ara\u00f1azos y la oxidaci\u00f3n, lo que garantiza un uso a largo plazo a la vez que mantiene un aspecto elegante y nuevo.<\/p>\n\n\n\n<p><strong>13L de capacidad extragrande<\/strong>: Espec\u00edficamente dise\u00f1ado para zonas de gran afluencia, satisface las necesidades de eventos a gran escala, como banquetes, restaurantes y exposiciones.<\/p>\n\n\n\n<p><strong>Tecnolog\u00eda avanzada de aislamiento<\/strong>: Mantiene las bebidas fr\u00edas y calientes a su temperatura ideal durante largos periodos.<\/p>\n\n\n\n<p><strong>Control eficaz del caudal<\/strong>: Garantiza una dispensaci\u00f3n suave e ininterrumpida de bebidas, evitando fugas y residuos, con un funcionamiento sencillo y c\u00f3modo.<\/p>\n\n\n\n<p><strong>Dise\u00f1o orientado a la seguridad<\/strong>: Dispone de un mango resistente al calor para evitar derrames de l\u00edquidos calientes, aumentando la seguridad durante el uso y reduciendo el riesgo de accidentes.<\/p>\n\n\n\n<p><strong>Aspecto elegante<\/strong>: Combina un moderno dise\u00f1o minimalista con la cl\u00e1sica textura del acero inoxidable, realzando el ambiente general del local y a\u00f1adiendo un toque de sofisticaci\u00f3n a la distribuci\u00f3n de bebidas.<\/p>\n<\/div>\n\n\n\n<div class=\"wp-block-column is-layout-flow wp-block-column-is-layout-flow\">\n<figure class=\"wp-block-image size-full\"><img decoding=\"async\" width=\"720\" height=\"720\" src=\"https:\/\/www.billiondaysupplier.com\/wp-content\/uploads\/2025\/08\/bulk-stainless-steel-beverage-dispenser-1.webp\" alt=\"dispensador de bebidas a granel de acero inoxidable (1)\" class=\"wp-image-669\" srcset=\"https:\/\/www.billiondaysupplier.com\/wp-content\/uploads\/2025\/08\/bulk-stainless-steel-beverage-dispenser-1.webp 720w, https:\/\/www.billiondaysupplier.com\/wp-content\/uploads\/2025\/08\/bulk-stainless-steel-beverage-dispenser-1-300x300.webp 300w, https:\/\/www.billiondaysupplier.com\/wp-content\/uploads\/2025\/08\/bulk-stainless-steel-beverage-dispenser-1-150x150.webp 150w, https:\/\/www.billiondaysupplier.com\/wp-content\/uploads\/2025\/08\/bulk-stainless-steel-beverage-dispenser-1-600x600.webp 600w, https:\/\/www.billiondaysupplier.com\/wp-content\/uploads\/2025\/08\/bulk-stainless-steel-beverage-dispenser-1-100x100.webp 100w\" sizes=\"(max-width: 720px) 100vw, 720px\" \/><\/figure>\n<\/div>\n<\/div>\n\n\n\n<div class=\"wp-block-columns is-layout-flex wp-container-core-columns-is-layout-9d6595d7 wp-block-columns-is-layout-flex\">\n<div class=\"wp-block-column is-layout-flow wp-block-column-is-layout-flow\">\n<figure class=\"wp-block-image size-full\"><img decoding=\"async\" width=\"720\" height=\"720\" src=\"https:\/\/www.billiondaysupplier.com\/wp-content\/uploads\/2025\/08\/bulk-stainless-steel-beverage-dispenser-4.webp\" alt=\"dispensador de bebidas a granel de acero inoxidable (4)\" class=\"wp-image-672\" srcset=\"https:\/\/www.billiondaysupplier.com\/wp-content\/uploads\/2025\/08\/bulk-stainless-steel-beverage-dispenser-4.webp 720w, https:\/\/www.billiondaysupplier.com\/wp-content\/uploads\/2025\/08\/bulk-stainless-steel-beverage-dispenser-4-300x300.webp 300w, https:\/\/www.billiondaysupplier.com\/wp-content\/uploads\/2025\/08\/bulk-stainless-steel-beverage-dispenser-4-150x150.webp 150w, https:\/\/www.billiondaysupplier.com\/wp-content\/uploads\/2025\/08\/bulk-stainless-steel-beverage-dispenser-4-600x600.webp 600w, https:\/\/www.billiondaysupplier.com\/wp-content\/uploads\/2025\/08\/bulk-stainless-steel-beverage-dispenser-4-100x100.webp 100w\" sizes=\"(max-width: 720px) 100vw, 720px\" \/><\/figure>\n<\/div>\n\n\n\n<div class=\"wp-block-column is-layout-flow wp-block-column-is-layout-flow\">\n<figure class=\"wp-block-image size-full\"><img decoding=\"async\" width=\"720\" height=\"720\" src=\"https:\/\/www.billiondaysupplier.com\/wp-content\/uploads\/2025\/08\/bulk-stainless-steel-beverage-dispenser-3.webp\" alt=\"dispensador de bebidas a granel de acero inoxidable (3)\" class=\"wp-image-671\" srcset=\"https:\/\/www.billiondaysupplier.com\/wp-content\/uploads\/2025\/08\/bulk-stainless-steel-beverage-dispenser-3.webp 720w, https:\/\/www.billiondaysupplier.com\/wp-content\/uploads\/2025\/08\/bulk-stainless-steel-beverage-dispenser-3-300x300.webp 300w, https:\/\/www.billiondaysupplier.com\/wp-content\/uploads\/2025\/08\/bulk-stainless-steel-beverage-dispenser-3-150x150.webp 150w, https:\/\/www.billiondaysupplier.com\/wp-content\/uploads\/2025\/08\/bulk-stainless-steel-beverage-dispenser-3-600x600.webp 600w, https:\/\/www.billiondaysupplier.com\/wp-content\/uploads\/2025\/08\/bulk-stainless-steel-beverage-dispenser-3-100x100.webp 100w\" sizes=\"(max-width: 720px) 100vw, 720px\" \/><\/figure>\n<\/div>\n<\/div>","protected":false},"excerpt":{"rendered":"<p>Dispensador de bebidas a granel de acero inoxidable, dise\u00f1o de gran capacidad de 13 L, adecuado para lugares de mucho tr\u00e1nsito, con retenci\u00f3n del calor duradera y dispensaci\u00f3n precisa, perfecto para eventos a gran escala. M\u00faltiples opciones de personalizaci\u00f3n disponibles. P\u00f3ngase en contacto con nosotros para solicitar un presupuesto.<\/p>\n<h2>Par\u00e1metros del dispensador de bebidas de acero inoxidable\uff1a<\/h2>\n<table width=\"378\">\n<tbody>\n<tr>\n<td width=\"155\">Material<\/td>\n<td width=\"223\">Acero inoxidable 201 + PE<\/td>\n<\/tr>\n<tr>\n<td>Color<\/td>\n<td width=\"223\">Plata \/ Oro<\/td>\n<\/tr>\n<tr>\n<td>Capacidad<\/td>\n<td>13L<\/td>\n<\/tr>\n<tr>\n<td>Funci\u00f3n<\/td>\n<td>Aislamiento fr\u00edo o caliente<\/td>\n<\/tr>\n<tr>\n<td>Caracter\u00edstica<\/td>\n<td width=\"223\">1. Cuerpo del cubo de acero inoxidable<br \/>2. Grifo de acero inoxidable<br \/>3. Base pesada<\/td>\n<\/tr>\n<tr>\n<td>Opci\u00f3n personalizada<\/td>\n<td width=\"223\">Logotipo\/Color\/Tama\u00f1o\/Embalaje\/Accesorios<\/td>\n<\/tr>\n<\/tbody>\n<\/table>","protected":false},"featured_media":669,"comment_status":"closed","ping_status":"closed","template":"","meta":{"_acf_changed":false},"product_brand":[],"product_cat":[19],"product_tag":[],"class_list":{"0":"post-668","1":"product","2":"type-product","3":"status-publish","4":"has-post-thumbnail","6":"product_cat-wholesale-beverage-dispenser","8":"first","9":"instock","10":"shipping-taxable","11":"product-type-simple"},"acf":[],"_links":{"self":[{"href":"https:\/\/www.billiondaysupplier.com\/es\/wp-json\/wp\/v2\/product\/668","targetHints":{"allow":["GET"]}}],"collection":[{"href":"https:\/\/www.billiondaysupplier.com\/es\/wp-json\/wp\/v2\/product"}],"about":[{"href":"https:\/\/www.billiondaysupplier.com\/es\/wp-json\/wp\/v2\/types\/product"}],"replies":[{"embeddable":true,"href":"https:\/\/www.billiondaysupplier.com\/es\/wp-json\/wp\/v2\/comments?post=668"}],"wp:featuredmedia":[{"embeddable":true,"href":"https:\/\/www.billiondaysupplier.com\/es\/wp-json\/wp\/v2\/media\/669"}],"wp:attachment":[{"href":"https:\/\/www.billiondaysupplier.com\/es\/wp-json\/wp\/v2\/media?parent=668"}],"wp:term":[{"taxonomy":"product_brand","embeddable":true,"href":"https:\/\/www.billiondaysupplier.com\/es\/wp-json\/wp\/v2\/product_brand?post=668"},{"taxonomy":"product_cat","embeddable":true,"href":"https:\/\/www.billiondaysupplier.com\/es\/wp-json\/wp\/v2\/product_cat?post=668"},{"taxonomy":"product_tag","embeddable":true,"href":"https:\/\/www.billiondaysupplier.com\/es\/wp-json\/wp\/v2\/product_tag?post=668"}],"curies":[{"name":"wp","href":"https:\/\/api.w.org\/{rel}","templated":true}]}}