{"id":661,"date":"2025-08-04T10:28:52","date_gmt":"2025-08-04T10:28:52","guid":{"rendered":"https:\/\/www.billiondaysupplier.com\/?post_type=product&#038;p=661"},"modified":"2025-08-05T09:06:06","modified_gmt":"2025-08-05T09:06:06","slug":"wholesale-large-drink-dispenser","status":"publish","type":"product","link":"https:\/\/www.billiondaysupplier.com\/es\/product\/wholesale-large-drink-dispenser\/","title":{"rendered":"Mayorista Gran Dispensador de Bebidas, Urnas de Caf\u00e9 Personalizadas Acero Inoxidable 12L"},"content":{"rendered":"<div class=\"wp-block-columns is-layout-flex wp-container-core-columns-is-layout-9d6595d7 wp-block-columns-is-layout-flex\">\n<div class=\"wp-block-column is-layout-flow wp-block-column-is-layout-flow\">\n<h2 class=\"wp-block-heading\">Dispensador de bebidas grande Caracter\u00edsticas:<\/h2>\n\n\n\n<p><strong>Gran capacidad<\/strong>: Con un dise\u00f1o de gran capacidad de 12L, es ideal para grupos grandes, cafeter\u00edas, hoteles y otras \u00e1reas con gran demanda, satisfaciendo las necesidades de bebida de varias personas.<\/p>\n\n\n\n<p><strong>Material de acero inoxidable de alta calidad<\/strong>: Construido con acero inoxidable de calidad alimentaria, resistente a la corrosi\u00f3n y a prueba de \u00f3xido, se puede utilizar durante mucho tiempo con un acabado brillante.<\/p>\n\n\n\n<p><strong>Estructura aislante de doble capa<\/strong>: Dise\u00f1o interior y exterior de doble capa, que mantiene la bebida a una temperatura uniforme durante un largo periodo de tiempo, para que cada taza de bebida tenga un sabor ideal.<\/p>\n\n\n\n<p><strong>Sistema de dispensaci\u00f3n preciso<\/strong>: Con una v\u00e1lvula de agua controlada con precisi\u00f3n, flujo uniforme, desperdicio minimizado y dispensaci\u00f3n sin obstrucciones sin problemas en todo momento.<\/p>\n\n\n\n<p><strong>F\u00e1cil de limpiar<\/strong>: La superficie de acero inoxidable es lisa y f\u00e1cil de limpiar, lo que puede inhibir el crecimiento de bacterias y mantener la pureza y la higiene de las bebidas.<\/p>\n\n\n\n<p><strong>Uso multifuncional<\/strong>: Adecuado para una variedad de situaciones, proporcionando servicios de dispensaci\u00f3n de bebidas, no limitado a caf\u00e9, pero tambi\u00e9n se puede utilizar para zumos, t\u00e9s y otras bebidas.<\/p>\n<\/div>\n\n\n\n<div class=\"wp-block-column is-layout-flow wp-block-column-is-layout-flow\">\n<figure class=\"wp-block-image size-full\"><img decoding=\"async\" width=\"720\" height=\"720\" src=\"https:\/\/www.billiondaysupplier.com\/wp-content\/uploads\/2025\/08\/wholesale-large-drink-dispenser-2.webp\" alt=\"mayorista dispensador de bebidas grande (2)\" class=\"wp-image-663\" srcset=\"https:\/\/www.billiondaysupplier.com\/wp-content\/uploads\/2025\/08\/wholesale-large-drink-dispenser-2.webp 720w, https:\/\/www.billiondaysupplier.com\/wp-content\/uploads\/2025\/08\/wholesale-large-drink-dispenser-2-300x300.webp 300w, https:\/\/www.billiondaysupplier.com\/wp-content\/uploads\/2025\/08\/wholesale-large-drink-dispenser-2-150x150.webp 150w, https:\/\/www.billiondaysupplier.com\/wp-content\/uploads\/2025\/08\/wholesale-large-drink-dispenser-2-600x600.webp 600w, https:\/\/www.billiondaysupplier.com\/wp-content\/uploads\/2025\/08\/wholesale-large-drink-dispenser-2-100x100.webp 100w\" sizes=\"(max-width: 720px) 100vw, 720px\" \/><\/figure>\n<\/div>\n<\/div>\n\n\n\n<div class=\"wp-block-columns is-layout-flex wp-container-core-columns-is-layout-9d6595d7 wp-block-columns-is-layout-flex\">\n<div class=\"wp-block-column is-layout-flow wp-block-column-is-layout-flow\">\n<figure class=\"wp-block-image size-full\"><img decoding=\"async\" width=\"720\" height=\"720\" src=\"https:\/\/www.billiondaysupplier.com\/wp-content\/uploads\/2025\/08\/wholesale-large-drink-dispenser-5.webp\" alt=\"mayorista dispensador de bebidas grande (5)\" class=\"wp-image-666\" srcset=\"https:\/\/www.billiondaysupplier.com\/wp-content\/uploads\/2025\/08\/wholesale-large-drink-dispenser-5.webp 720w, https:\/\/www.billiondaysupplier.com\/wp-content\/uploads\/2025\/08\/wholesale-large-drink-dispenser-5-300x300.webp 300w, https:\/\/www.billiondaysupplier.com\/wp-content\/uploads\/2025\/08\/wholesale-large-drink-dispenser-5-150x150.webp 150w, https:\/\/www.billiondaysupplier.com\/wp-content\/uploads\/2025\/08\/wholesale-large-drink-dispenser-5-600x600.webp 600w, https:\/\/www.billiondaysupplier.com\/wp-content\/uploads\/2025\/08\/wholesale-large-drink-dispenser-5-100x100.webp 100w\" sizes=\"(max-width: 720px) 100vw, 720px\" \/><\/figure>\n<\/div>\n\n\n\n<div class=\"wp-block-column is-layout-flow wp-block-column-is-layout-flow\">\n<figure class=\"wp-block-image size-full\"><img decoding=\"async\" width=\"720\" height=\"720\" src=\"https:\/\/www.billiondaysupplier.com\/wp-content\/uploads\/2025\/08\/wholesale-large-drink-dispenser-4.webp\" alt=\"mayorista dispensador de bebidas grande (4)\" class=\"wp-image-665\" srcset=\"https:\/\/www.billiondaysupplier.com\/wp-content\/uploads\/2025\/08\/wholesale-large-drink-dispenser-4.webp 720w, https:\/\/www.billiondaysupplier.com\/wp-content\/uploads\/2025\/08\/wholesale-large-drink-dispenser-4-300x300.webp 300w, https:\/\/www.billiondaysupplier.com\/wp-content\/uploads\/2025\/08\/wholesale-large-drink-dispenser-4-150x150.webp 150w, https:\/\/www.billiondaysupplier.com\/wp-content\/uploads\/2025\/08\/wholesale-large-drink-dispenser-4-600x600.webp 600w, https:\/\/www.billiondaysupplier.com\/wp-content\/uploads\/2025\/08\/wholesale-large-drink-dispenser-4-100x100.webp 100w\" sizes=\"(max-width: 720px) 100vw, 720px\" \/><\/figure>\n<\/div>\n<\/div>","protected":false},"excerpt":{"rendered":"<p>Dispensador de bebidas grande al por mayor,12L de gran capacidad, aspecto moderno, adecuado para eventos a gran escala, duradero y excelente retenci\u00f3n del calor, perfecto para distribuir diversas bebidas. \u00a1P\u00f3ngase en contacto con nosotros para obtener m\u00e1s informaci\u00f3n del producto y cotizaciones!<\/p>\n<h2>Par\u00e1metros del dispensador de bebidas grande\uff1a<\/h2>\n<table width=\"378\">\n<tbody>\n<tr>\n<td width=\"155\">Material<\/td>\n<td width=\"223\">Acero inoxidable 201 + PC<\/td>\n<\/tr>\n<tr>\n<td>Color<\/td>\n<td width=\"223\">Plata \/ Oro<\/td>\n<\/tr>\n<tr>\n<td>Capacidad<\/td>\n<td>12L<\/td>\n<\/tr>\n<tr>\n<td>Funci\u00f3n<\/td>\n<td>Aislamiento fr\u00edo o caliente<\/td>\n<\/tr>\n<tr>\n<td>Caracter\u00edstica<\/td>\n<td width=\"223\">\n<p>1. Cuerpo del cazo de PC<br \/>2. Grifo de acero inoxidable<br \/>3. Calentamiento con alcohol<br \/>4. N\u00facleo de hielo aislado<\/p>\n<\/td>\n<\/tr>\n<tr>\n<td>Opci\u00f3n personalizada<\/td>\n<td width=\"223\">Logotipo\/Color\/Tama\u00f1o\/Embalaje\/Accesorios<\/td>\n<\/tr>\n<\/tbody>\n<\/table>","protected":false},"featured_media":662,"comment_status":"closed","ping_status":"closed","template":"","meta":{"_acf_changed":false},"product_brand":[],"product_cat":[19],"product_tag":[],"class_list":{"0":"post-661","1":"product","2":"type-product","3":"status-publish","4":"has-post-thumbnail","6":"product_cat-wholesale-beverage-dispenser","8":"first","9":"instock","10":"shipping-taxable","11":"product-type-simple"},"acf":[],"_links":{"self":[{"href":"https:\/\/www.billiondaysupplier.com\/es\/wp-json\/wp\/v2\/product\/661","targetHints":{"allow":["GET"]}}],"collection":[{"href":"https:\/\/www.billiondaysupplier.com\/es\/wp-json\/wp\/v2\/product"}],"about":[{"href":"https:\/\/www.billiondaysupplier.com\/es\/wp-json\/wp\/v2\/types\/product"}],"replies":[{"embeddable":true,"href":"https:\/\/www.billiondaysupplier.com\/es\/wp-json\/wp\/v2\/comments?post=661"}],"wp:featuredmedia":[{"embeddable":true,"href":"https:\/\/www.billiondaysupplier.com\/es\/wp-json\/wp\/v2\/media\/662"}],"wp:attachment":[{"href":"https:\/\/www.billiondaysupplier.com\/es\/wp-json\/wp\/v2\/media?parent=661"}],"wp:term":[{"taxonomy":"product_brand","embeddable":true,"href":"https:\/\/www.billiondaysupplier.com\/es\/wp-json\/wp\/v2\/product_brand?post=661"},{"taxonomy":"product_cat","embeddable":true,"href":"https:\/\/www.billiondaysupplier.com\/es\/wp-json\/wp\/v2\/product_cat?post=661"},{"taxonomy":"product_tag","embeddable":true,"href":"https:\/\/www.billiondaysupplier.com\/es\/wp-json\/wp\/v2\/product_tag?post=661"}],"curies":[{"name":"wp","href":"https:\/\/api.w.org\/{rel}","templated":true}]}}