{"id":660,"date":"2025-08-04T10:12:05","date_gmt":"2025-08-04T10:12:05","guid":{"rendered":"https:\/\/www.billiondaysupplier.com\/?post_type=product&#038;p=660"},"modified":"2026-01-30T03:58:43","modified_gmt":"2026-01-30T03:58:43","slug":"bulk-coffee-urn","status":"publish","type":"product","link":"https:\/\/www.billiondaysupplier.com\/es\/product\/bulk-coffee-urn\/","title":{"rendered":"Urna de Caf\u00e9 a Granel, Mayorista Urna de Caf\u00e9 de Acero Inoxidable Tr\u00edpode"},"content":{"rendered":"<div class=\"wp-block-columns is-layout-flex wp-container-core-columns-is-layout-9d6595d7 wp-block-columns-is-layout-flex\">\n<div class=\"wp-block-column is-layout-flow wp-block-column-is-layout-flow\">\n<h2 class=\"wp-block-heading\">Dispensador de bebidas a granel Caracter\u00edsticas:<\/h2>\n\n\n\n<p><strong>Material de acero inoxidable de alta calidad<\/strong>: Fabricada en acero inoxidable de primera calidad, es duradera y resistente a la corrosi\u00f3n, lo que garantiza su estabilidad y brillo durante un uso prolongado.<\/p>\n\n\n\n<p><strong>Dise\u00f1o de tr\u00edpode<\/strong>: La estructura de tr\u00edpode proporciona un soporte m\u00e1s estable, evitando que la cafetera se incline o vuelque, asegurando que cada infusi\u00f3n sea estable.<\/p>\n\n\n\n<p><strong>Aspecto moderno y elegante<\/strong>: El dise\u00f1o sencillo pero moderno se adapta a varios estilos de cocina, mejorando la experiencia de cocinar y comer.<\/p>\n\n\n\n<p><strong>Funcionamiento c\u00f3modo:<\/strong> Sirve el caf\u00e9 f\u00e1cilmente con un control preciso del caudal, lo que proporciona una experiencia de vertido m\u00e1s suave.<\/p>\n\n\n\n<p><strong>Aplicaci\u00f3n vers\u00e1til:<\/strong> Adecuada para m\u00faltiples entornos, como hogares, oficinas y cafeter\u00edas, satisface las necesidades diarias a la vez que proporciona un funcionamiento eficiente para baristas profesionales.<\/p>\n\n\n\n<p><strong>F\u00e1cil de limpiar<\/strong>: La superficie de acero inoxidable es lisa, por lo que es menos probable que se adhieran residuos, lo que garantiza una limpieza sencilla y c\u00f3moda para mantener la frescura con cada uso.<\/p>\n<\/div>\n\n\n\n<div class=\"wp-block-column is-layout-flow wp-block-column-is-layout-flow\">\n<figure class=\"wp-block-image size-full\"><img decoding=\"async\" width=\"720\" height=\"720\" src=\"https:\/\/www.billiondaysupplier.com\/wp-content\/uploads\/2025\/08\/coffee-urn-in-bulk.webp\" alt=\"urna de caf\u00e9 a granel\" class=\"wp-image-622\" srcset=\"https:\/\/www.billiondaysupplier.com\/wp-content\/uploads\/2025\/08\/coffee-urn-in-bulk.webp 720w, https:\/\/www.billiondaysupplier.com\/wp-content\/uploads\/2025\/08\/coffee-urn-in-bulk-300x300.webp 300w, https:\/\/www.billiondaysupplier.com\/wp-content\/uploads\/2025\/08\/coffee-urn-in-bulk-150x150.webp 150w, https:\/\/www.billiondaysupplier.com\/wp-content\/uploads\/2025\/08\/coffee-urn-in-bulk-600x600.webp 600w, https:\/\/www.billiondaysupplier.com\/wp-content\/uploads\/2025\/08\/coffee-urn-in-bulk-100x100.webp 100w\" sizes=\"(max-width: 720px) 100vw, 720px\" \/><\/figure>\n<\/div>\n<\/div>\n\n\n\n<div class=\"wp-block-columns is-layout-flex wp-container-core-columns-is-layout-9d6595d7 wp-block-columns-is-layout-flex\">\n<div class=\"wp-block-column is-layout-flow wp-block-column-is-layout-flow\">\n<figure class=\"wp-block-image size-full\"><img decoding=\"async\" width=\"720\" height=\"720\" src=\"https:\/\/www.billiondaysupplier.com\/wp-content\/uploads\/2025\/08\/wholesale-coffee-urn-2-1.webp\" alt=\"venta al por mayor urna de caf\u00e9\" class=\"wp-image-658\" srcset=\"https:\/\/www.billiondaysupplier.com\/wp-content\/uploads\/2025\/08\/wholesale-coffee-urn-2-1.webp 720w, https:\/\/www.billiondaysupplier.com\/wp-content\/uploads\/2025\/08\/wholesale-coffee-urn-2-1-300x300.webp 300w, https:\/\/www.billiondaysupplier.com\/wp-content\/uploads\/2025\/08\/wholesale-coffee-urn-2-1-150x150.webp 150w, https:\/\/www.billiondaysupplier.com\/wp-content\/uploads\/2025\/08\/wholesale-coffee-urn-2-1-600x600.webp 600w, https:\/\/www.billiondaysupplier.com\/wp-content\/uploads\/2025\/08\/wholesale-coffee-urn-2-1-100x100.webp 100w\" sizes=\"(max-width: 720px) 100vw, 720px\" \/><\/figure>\n<\/div>\n\n\n\n<div class=\"wp-block-column is-layout-flow wp-block-column-is-layout-flow\">\n<figure class=\"wp-block-image size-full\"><img decoding=\"async\" width=\"720\" height=\"720\" src=\"https:\/\/www.billiondaysupplier.com\/wp-content\/uploads\/2025\/08\/custom-coffee-urn.webp\" alt=\"urna de caf\u00e9 personalizada\" class=\"wp-image-630\" srcset=\"https:\/\/www.billiondaysupplier.com\/wp-content\/uploads\/2025\/08\/custom-coffee-urn.webp 720w, https:\/\/www.billiondaysupplier.com\/wp-content\/uploads\/2025\/08\/custom-coffee-urn-300x300.webp 300w, https:\/\/www.billiondaysupplier.com\/wp-content\/uploads\/2025\/08\/custom-coffee-urn-150x150.webp 150w, https:\/\/www.billiondaysupplier.com\/wp-content\/uploads\/2025\/08\/custom-coffee-urn-600x600.webp 600w, https:\/\/www.billiondaysupplier.com\/wp-content\/uploads\/2025\/08\/custom-coffee-urn-100x100.webp 100w\" sizes=\"(max-width: 720px) 100vw, 720px\" \/><\/figure>\n<\/div>\n<\/div>","protected":false},"excerpt":{"rendered":"<p>Urna de caf\u00e9 a granel, cafetera de acero inoxidable con tr\u00edpode, resistente a altas temperaturas, f\u00e1cil de limpiar, proporciona un soporte estable y una experiencia de uso sin problemas, adecuada para una gran variedad de escenarios. Ofrecemos una soluci\u00f3n personalizada. P\u00f3ngase en contacto con nosotros para obtener m\u00e1s detalles o solicitar un presupuesto.<\/p>\n<h2>Par\u00e1metro de la urna de caf\u00e9 a granel\uff1a<\/h2>\n<table width=\"378\">\n<tbody>\n<tr>\n<td width=\"155\">Material<\/td>\n<td width=\"223\">Acero inoxidable 201<\/td>\n<\/tr>\n<tr>\n<td>Color<\/td>\n<td width=\"223\">Plata \/ Oro<\/td>\n<\/tr>\n<tr>\n<td>Capacidad<\/td>\n<td>13L<\/td>\n<\/tr>\n<tr>\n<td>Funci\u00f3n<\/td>\n<td>Aislamiento fr\u00edo o caliente<\/td>\n<\/tr>\n<tr>\n<td>Caracter\u00edstica<\/td>\n<td width=\"223\">1. Cuerpo del cubo de acero inoxidable<br \/>2. Grifo de acero inoxidable<br \/>3. Quemador de alcohol<\/td>\n<\/tr>\n<tr>\n<td>Opci\u00f3n personalizada<\/td>\n<td width=\"223\">Logotipo\/Color\/Tama\u00f1o\/Embalaje\/Accesorios<\/td>\n<\/tr>\n<\/tbody>\n<\/table>","protected":false},"featured_media":621,"comment_status":"closed","ping_status":"closed","template":"","meta":{"_acf_changed":false},"product_brand":[],"product_cat":[19],"product_tag":[],"class_list":{"0":"post-660","1":"product","2":"type-product","3":"status-publish","4":"has-post-thumbnail","6":"product_cat-wholesale-beverage-dispenser","8":"first","9":"instock","10":"shipping-taxable","11":"product-type-simple"},"acf":[],"_links":{"self":[{"href":"https:\/\/www.billiondaysupplier.com\/es\/wp-json\/wp\/v2\/product\/660","targetHints":{"allow":["GET"]}}],"collection":[{"href":"https:\/\/www.billiondaysupplier.com\/es\/wp-json\/wp\/v2\/product"}],"about":[{"href":"https:\/\/www.billiondaysupplier.com\/es\/wp-json\/wp\/v2\/types\/product"}],"replies":[{"embeddable":true,"href":"https:\/\/www.billiondaysupplier.com\/es\/wp-json\/wp\/v2\/comments?post=660"}],"wp:featuredmedia":[{"embeddable":true,"href":"https:\/\/www.billiondaysupplier.com\/es\/wp-json\/wp\/v2\/media\/621"}],"wp:attachment":[{"href":"https:\/\/www.billiondaysupplier.com\/es\/wp-json\/wp\/v2\/media?parent=660"}],"wp:term":[{"taxonomy":"product_brand","embeddable":true,"href":"https:\/\/www.billiondaysupplier.com\/es\/wp-json\/wp\/v2\/product_brand?post=660"},{"taxonomy":"product_cat","embeddable":true,"href":"https:\/\/www.billiondaysupplier.com\/es\/wp-json\/wp\/v2\/product_cat?post=660"},{"taxonomy":"product_tag","embeddable":true,"href":"https:\/\/www.billiondaysupplier.com\/es\/wp-json\/wp\/v2\/product_tag?post=660"}],"curies":[{"name":"wp","href":"https:\/\/api.w.org\/{rel}","templated":true}]}}