{"id":645,"date":"2025-08-04T09:32:13","date_gmt":"2025-08-04T09:32:13","guid":{"rendered":"https:\/\/www.billiondaysupplier.com\/?post_type=product&#038;p=645"},"modified":"2026-01-30T03:53:41","modified_gmt":"2026-01-30T03:53:41","slug":"wholesale-drink-dispensers","status":"publish","type":"product","link":"https:\/\/www.billiondaysupplier.com\/es\/product\/wholesale-drink-dispensers\/","title":{"rendered":"Mayorista Dispensadores de Bebidas con Soporte, Dispensador de Bebidas Fancy Oro para Bebidas Frio Caliente"},"content":{"rendered":"<div class=\"wp-block-columns is-layout-flex wp-container-core-columns-is-layout-9d6595d7 wp-block-columns-is-layout-flex\">\n<div class=\"wp-block-column is-layout-flow wp-block-column-is-layout-flow\">\n<h2 class=\"wp-block-heading\">Dispensadores de bebidas al por mayor Caracter\u00edsticas:<\/h2>\n\n\n\n<p><strong>Base perforada de fantas\u00eda:<\/strong> Realza el atractivo est\u00e9tico general del producto, proporcionando un efecto visual refinado y elevando la sofisticaci\u00f3n de las mesas de comedor o los mostradores de buf\u00e9.<\/p>\n\n\n\n<p><strong>Construcci\u00f3n de acero inoxidable de primera calidad<\/strong>: Fabricado en acero inoxidable de alta calidad, mantiene un acabado brillante y ofrece una resistencia superior a la corrosi\u00f3n, lo que garantiza que las bebidas se mantengan frescas y conserven su sabor original.<\/p>\n\n\n\n<p><strong>Pr\u00e1ctico sistema de dispensaci\u00f3n<\/strong>: El pr\u00e1ctico dise\u00f1o de dispensaci\u00f3n garantiza que cada bebida fluya de forma uniforme y ordenada, eliminando preocupaciones por derrames o residuos, mejorando significativamente la eficiencia y la experiencia del usuario.<\/p>\n\n\n\n<p><strong>F\u00e1cil de limpiar y mantener:<\/strong> Su dise\u00f1o modular permite desmontarlo y limpiarlo f\u00e1cilmente, lo que garantiza una higiene exhaustiva sin rincones muertos, manteniendo la frescura a lo largo del tiempo y cumpliendo las estrictas normas de higiene de los entornos comerciales.<\/p>\n\n\n\n<p><strong>Aplicaci\u00f3n vers\u00e1til:<\/strong> Adecuada para una amplia gama de entornos, desde restaurantes hasta hoteles y cafeter\u00edas. Tanto si sirve bebidas fr\u00edas como calientes, ofrece una dispensaci\u00f3n perfecta para satisfacer todas las necesidades de bebidas.<\/p>\n\n\n\n<p><strong>Duradero y estable<\/strong>: La base tiene un dise\u00f1o contrapesado que mejora la estabilidad y evita que se mueva o vuelque. Se mantiene segura y fiable durante su uso, incluso en entornos muy transitados.<\/p>\n<\/div>\n\n\n\n<div class=\"wp-block-column is-layout-flow wp-block-column-is-layout-flow\">\n<figure class=\"wp-block-image size-full\"><img decoding=\"async\" width=\"720\" height=\"720\" src=\"https:\/\/www.billiondaysupplier.com\/wp-content\/uploads\/2025\/08\/wholesale-drink-dispensers-5.webp\" alt=\"distribuidores de bebidas al por mayor (5)\" class=\"wp-image-650\" srcset=\"https:\/\/www.billiondaysupplier.com\/wp-content\/uploads\/2025\/08\/wholesale-drink-dispensers-5.webp 720w, https:\/\/www.billiondaysupplier.com\/wp-content\/uploads\/2025\/08\/wholesale-drink-dispensers-5-300x300.webp 300w, https:\/\/www.billiondaysupplier.com\/wp-content\/uploads\/2025\/08\/wholesale-drink-dispensers-5-150x150.webp 150w, https:\/\/www.billiondaysupplier.com\/wp-content\/uploads\/2025\/08\/wholesale-drink-dispensers-5-600x600.webp 600w, https:\/\/www.billiondaysupplier.com\/wp-content\/uploads\/2025\/08\/wholesale-drink-dispensers-5-100x100.webp 100w\" sizes=\"(max-width: 720px) 100vw, 720px\" \/><\/figure>\n<\/div>\n<\/div>","protected":false},"excerpt":{"rendered":"<p>Los dispensadores de bebidas al por mayor con una elegante base hueca y fabricados en acero inoxidable de alta calidad proporcionan una dispensaci\u00f3n de bebidas uniforme para una amplia variedad de bebidas. Directos de f\u00e1brica y r\u00e1pidos, ofrecemos servicios OEM\/ODM. P\u00f3ngase en contacto con nosotros para obtener una soluci\u00f3n personalizada.<\/p>\n<h2>Par\u00e1metros al por mayor de dispensadores de bebidas\uff1a<\/h2>\n<table width=\"378\">\n<tbody>\n<tr>\n<td width=\"155\">Material<\/td>\n<td width=\"223\">Acero inoxidable 201 + PC<\/td>\n<\/tr>\n<tr>\n<td>Color<\/td>\n<td width=\"223\">Plata \/ Oro<\/td>\n<\/tr>\n<tr>\n<td>N\u00famero de grifos<\/td>\n<td>1, 2, 3<\/td>\n<\/tr>\n<tr>\n<td>Capacidad<\/td>\n<td>8L\/16L<\/td>\n<\/tr>\n<tr>\n<td>Funci\u00f3n<\/td>\n<td>Aislamiento fr\u00edo o caliente<\/td>\n<\/tr>\n<tr>\n<td>Caracter\u00edstica<\/td>\n<td width=\"223\">\n<p>1. Cuerpo del cazo de PC<br \/>2. Grifo de acero inoxidable<br \/>3. N\u00facleo de hielo aislado<br \/>4. Base de fantas\u00eda<\/p>\n<\/td>\n<\/tr>\n<tr>\n<td>Opci\u00f3n personalizada<\/td>\n<td width=\"223\">Logotipo\/Color\/Tama\u00f1o\/Embalaje\/Accesorios<\/td>\n<\/tr>\n<\/tbody>\n<\/table>","protected":false},"featured_media":646,"comment_status":"closed","ping_status":"closed","template":"","meta":{"_acf_changed":true},"product_brand":[],"product_cat":[19],"product_tag":[],"class_list":{"0":"post-645","1":"product","2":"type-product","3":"status-publish","4":"has-post-thumbnail","6":"product_cat-wholesale-beverage-dispenser","8":"first","9":"instock","10":"shipping-taxable","11":"product-type-simple"},"acf":[],"_links":{"self":[{"href":"https:\/\/www.billiondaysupplier.com\/es\/wp-json\/wp\/v2\/product\/645","targetHints":{"allow":["GET"]}}],"collection":[{"href":"https:\/\/www.billiondaysupplier.com\/es\/wp-json\/wp\/v2\/product"}],"about":[{"href":"https:\/\/www.billiondaysupplier.com\/es\/wp-json\/wp\/v2\/types\/product"}],"replies":[{"embeddable":true,"href":"https:\/\/www.billiondaysupplier.com\/es\/wp-json\/wp\/v2\/comments?post=645"}],"wp:featuredmedia":[{"embeddable":true,"href":"https:\/\/www.billiondaysupplier.com\/es\/wp-json\/wp\/v2\/media\/646"}],"wp:attachment":[{"href":"https:\/\/www.billiondaysupplier.com\/es\/wp-json\/wp\/v2\/media?parent=645"}],"wp:term":[{"taxonomy":"product_brand","embeddable":true,"href":"https:\/\/www.billiondaysupplier.com\/es\/wp-json\/wp\/v2\/product_brand?post=645"},{"taxonomy":"product_cat","embeddable":true,"href":"https:\/\/www.billiondaysupplier.com\/es\/wp-json\/wp\/v2\/product_cat?post=645"},{"taxonomy":"product_tag","embeddable":true,"href":"https:\/\/www.billiondaysupplier.com\/es\/wp-json\/wp\/v2\/product_tag?post=645"}],"curies":[{"name":"wp","href":"https:\/\/api.w.org\/{rel}","templated":true}]}}