{"id":631,"date":"2025-08-04T09:09:52","date_gmt":"2025-08-04T09:09:52","guid":{"rendered":"https:\/\/www.billiondaysupplier.com\/?post_type=product&#038;p=631"},"modified":"2025-08-05T08:55:06","modified_gmt":"2025-08-05T08:55:06","slug":"bulk-beverage-dispenser","status":"publish","type":"product","link":"https:\/\/www.billiondaysupplier.com\/es\/product\/bulk-beverage-dispenser\/","title":{"rendered":"Dispensador de bebidas a granel, Dispensador de bebidas doble de acero inoxidable al por mayor"},"content":{"rendered":"<div class=\"wp-block-columns is-layout-flex wp-container-core-columns-is-layout-9d6595d7 wp-block-columns-is-layout-flex\">\n<div class=\"wp-block-column is-layout-flow wp-block-column-is-layout-flow\">\n<h2 class=\"wp-block-heading\">Dispensador de bebidas a granel Caracter\u00edsticas:<\/h2>\n\n\n\n<p><strong>M\u00faltiples opciones de capacidad:<\/strong> Disponible en capacidades de 3L, 6L y 9L para satisfacer las necesidades de diferentes entornos comerciales y adaptarse con flexibilidad a diversos escenarios de uso.<\/p>\n\n\n\n<p><strong>Control preciso de la dosificaci\u00f3n<\/strong>: Cada salida de dispensaci\u00f3n est\u00e1 equipada con un grifo de control de precisi\u00f3n para garantizar un control exacto del volumen de dispensaci\u00f3n de zumo, reduciendo el desperdicio y mejorando la eficiencia.<\/p>\n\n\n\n<p><strong>Dise\u00f1o moderno<\/strong>: Una ventana transparente de nivel de l\u00edquido permite controlar f\u00e1cilmente los niveles de bebida restantes, con un dise\u00f1o elegante y moderno adecuado para diversos entornos comerciales.<\/p>\n\n\n\n<p><strong>F\u00e1cil de limpiar<\/strong>: Todos los componentes son desmontables, lo que facilita la limpieza y garantiza un saneamiento completo despu\u00e9s de cada uso para cumplir los requisitos de seguridad alimentaria.<\/p>\n\n\n\n<p><strong>Material de acero inoxidable de calidad alimentaria<\/strong>: Fabricado en acero inoxidable de calidad alimentaria, no es t\u00f3xico ni nocivo, cumple las normas internacionales de seguridad alimentaria, garantizando la salud y la seguridad de las bebidas de los consumidores.<\/p>\n\n\n\n<p><strong>Amplia gama de aplicaciones:<\/strong> Ya sean zumos, t\u00e9s o refrescos, este dispensador de zumos puede dispensarlos perfectamente, lo que lo hace ampliamente aplicable en diversos escenarios como buf\u00e9s, hoteles, restaurantes y cafeter\u00edas.<\/p>\n<\/div>\n\n\n\n<div class=\"wp-block-column is-layout-flow wp-block-column-is-layout-flow\">\n<figure class=\"wp-block-image size-full\"><img decoding=\"async\" width=\"720\" height=\"720\" src=\"https:\/\/www.billiondaysupplier.com\/wp-content\/uploads\/2025\/08\/bulk-beverage-dispenser-4.webp\" alt=\"dispensador de bebidas a granel (4)\" class=\"wp-image-635\" srcset=\"https:\/\/www.billiondaysupplier.com\/wp-content\/uploads\/2025\/08\/bulk-beverage-dispenser-4.webp 720w, https:\/\/www.billiondaysupplier.com\/wp-content\/uploads\/2025\/08\/bulk-beverage-dispenser-4-300x300.webp 300w, https:\/\/www.billiondaysupplier.com\/wp-content\/uploads\/2025\/08\/bulk-beverage-dispenser-4-150x150.webp 150w, https:\/\/www.billiondaysupplier.com\/wp-content\/uploads\/2025\/08\/bulk-beverage-dispenser-4-600x600.webp 600w, https:\/\/www.billiondaysupplier.com\/wp-content\/uploads\/2025\/08\/bulk-beverage-dispenser-4-100x100.webp 100w\" sizes=\"(max-width: 720px) 100vw, 720px\" \/><\/figure>\n<\/div>\n<\/div>\n\n\n\n<div class=\"wp-block-columns is-layout-flex wp-container-core-columns-is-layout-9d6595d7 wp-block-columns-is-layout-flex\">\n<div class=\"wp-block-column is-layout-flow wp-block-column-is-layout-flow\">\n<figure class=\"wp-block-image size-full\"><img decoding=\"async\" width=\"720\" height=\"720\" src=\"https:\/\/www.billiondaysupplier.com\/wp-content\/uploads\/2025\/08\/bulk-beverage-dispenser-2.webp\" alt=\"dispensador de bebidas a granel (2)\" class=\"wp-image-633\" srcset=\"https:\/\/www.billiondaysupplier.com\/wp-content\/uploads\/2025\/08\/bulk-beverage-dispenser-2.webp 720w, https:\/\/www.billiondaysupplier.com\/wp-content\/uploads\/2025\/08\/bulk-beverage-dispenser-2-300x300.webp 300w, https:\/\/www.billiondaysupplier.com\/wp-content\/uploads\/2025\/08\/bulk-beverage-dispenser-2-150x150.webp 150w, https:\/\/www.billiondaysupplier.com\/wp-content\/uploads\/2025\/08\/bulk-beverage-dispenser-2-600x600.webp 600w, https:\/\/www.billiondaysupplier.com\/wp-content\/uploads\/2025\/08\/bulk-beverage-dispenser-2-100x100.webp 100w\" sizes=\"(max-width: 720px) 100vw, 720px\" \/><\/figure>\n<\/div>\n\n\n\n<div class=\"wp-block-column is-layout-flow wp-block-column-is-layout-flow\">\n<figure class=\"wp-block-image size-full\"><img decoding=\"async\" width=\"720\" height=\"720\" src=\"https:\/\/www.billiondaysupplier.com\/wp-content\/uploads\/2025\/08\/bulk-beverage-dispenser-5.webp\" alt=\"dispensador de bebidas a granel (5)\" class=\"wp-image-636\" srcset=\"https:\/\/www.billiondaysupplier.com\/wp-content\/uploads\/2025\/08\/bulk-beverage-dispenser-5.webp 720w, https:\/\/www.billiondaysupplier.com\/wp-content\/uploads\/2025\/08\/bulk-beverage-dispenser-5-300x300.webp 300w, https:\/\/www.billiondaysupplier.com\/wp-content\/uploads\/2025\/08\/bulk-beverage-dispenser-5-150x150.webp 150w, https:\/\/www.billiondaysupplier.com\/wp-content\/uploads\/2025\/08\/bulk-beverage-dispenser-5-600x600.webp 600w, https:\/\/www.billiondaysupplier.com\/wp-content\/uploads\/2025\/08\/bulk-beverage-dispenser-5-100x100.webp 100w\" sizes=\"(max-width: 720px) 100vw, 720px\" \/><\/figure>\n<\/div>\n<\/div>","protected":false},"excerpt":{"rendered":"<p>Los dispensadores de bebidas a granel, disponibles en 3L\/6L\/9L y m\u00faltiples opciones de dispensador, cuentan con un n\u00facleo de hielo de acero inoxidable y una base a prueba de fugas, apta tanto para bebidas fr\u00edas como calientes. Directo de f\u00e1brica, ofrecemos una soluci\u00f3n integral de venta al por mayor y equipamiento personalizado para buf\u00e9s. P\u00f3ngase en contacto con nosotros hoy mismo.<\/p>\n<h2>Par\u00e1metros del dispensador de bebidas a granel\uff1a<\/h2>\n<table width=\"378\">\n<tbody>\n<tr>\n<td width=\"155\">Material<\/td>\n<td width=\"223\">Acero inoxidable 201 + PC<\/td>\n<\/tr>\n<tr>\n<td>Color<\/td>\n<td width=\"223\">Plata \/ Oro<\/td>\n<\/tr>\n<tr>\n<td>N\u00famero de grifos<\/td>\n<td>1, 2, 3<\/td>\n<\/tr>\n<tr>\n<td>Capacidad<\/td>\n<td>3L\/6L\/9L<\/td>\n<\/tr>\n<tr>\n<td>Funci\u00f3n<\/td>\n<td>Aislamiento fr\u00edo o caliente<\/td>\n<\/tr>\n<tr>\n<td>Caracter\u00edstica<\/td>\n<td width=\"223\">1. Cuerpo del cazo de PC<br \/>2. Grifo de acero inoxidable<br \/>3. Base pesada<\/td>\n<\/tr>\n<tr>\n<td>Opci\u00f3n personalizada<\/td>\n<td width=\"223\">Logotipo\/Color\/Tama\u00f1o\/Embalaje\/Accesorios<\/td>\n<\/tr>\n<\/tbody>\n<\/table>","protected":false},"featured_media":632,"comment_status":"closed","ping_status":"closed","template":"","meta":{"_acf_changed":true},"product_brand":[],"product_cat":[19],"product_tag":[],"class_list":{"0":"post-631","1":"product","2":"type-product","3":"status-publish","4":"has-post-thumbnail","6":"product_cat-wholesale-beverage-dispenser","8":"first","9":"instock","10":"shipping-taxable","11":"product-type-simple"},"acf":[],"_links":{"self":[{"href":"https:\/\/www.billiondaysupplier.com\/es\/wp-json\/wp\/v2\/product\/631","targetHints":{"allow":["GET"]}}],"collection":[{"href":"https:\/\/www.billiondaysupplier.com\/es\/wp-json\/wp\/v2\/product"}],"about":[{"href":"https:\/\/www.billiondaysupplier.com\/es\/wp-json\/wp\/v2\/types\/product"}],"replies":[{"embeddable":true,"href":"https:\/\/www.billiondaysupplier.com\/es\/wp-json\/wp\/v2\/comments?post=631"}],"wp:featuredmedia":[{"embeddable":true,"href":"https:\/\/www.billiondaysupplier.com\/es\/wp-json\/wp\/v2\/media\/632"}],"wp:attachment":[{"href":"https:\/\/www.billiondaysupplier.com\/es\/wp-json\/wp\/v2\/media?parent=631"}],"wp:term":[{"taxonomy":"product_brand","embeddable":true,"href":"https:\/\/www.billiondaysupplier.com\/es\/wp-json\/wp\/v2\/product_brand?post=631"},{"taxonomy":"product_cat","embeddable":true,"href":"https:\/\/www.billiondaysupplier.com\/es\/wp-json\/wp\/v2\/product_cat?post=631"},{"taxonomy":"product_tag","embeddable":true,"href":"https:\/\/www.billiondaysupplier.com\/es\/wp-json\/wp\/v2\/product_tag?post=631"}],"curies":[{"name":"wp","href":"https:\/\/api.w.org\/{rel}","templated":true}]}}