{"id":611,"date":"2025-08-04T08:16:46","date_gmt":"2025-08-04T08:16:46","guid":{"rendered":"https:\/\/www.billiondaysupplier.com\/?post_type=product&#038;p=611"},"modified":"2025-08-05T09:16:02","modified_gmt":"2025-08-05T09:16:02","slug":"bulk-snack-dispenser","status":"publish","type":"product","link":"https:\/\/www.billiondaysupplier.com\/es\/product\/bulk-snack-dispenser\/","title":{"rendered":"Dispensador de aperitivos a granel por gravedad transparente, Dispensador de cereales de pared Fabricante"},"content":{"rendered":"<div class=\"wp-block-columns is-layout-flex wp-container-core-columns-is-layout-9d6595d7 wp-block-columns-is-layout-flex\">\n<div class=\"wp-block-column is-layout-flow wp-block-column-is-layout-flow\">\n<h2 class=\"wp-block-heading\">Dispensador de aperitivos a granel Caracter\u00edsticas:<\/h2>\n\n\n\n<p><strong>Funci\u00f3n de triple dispensaci\u00f3n<\/strong>: Equipado con tres dispensadores independientes, los usuarios pueden elegir libremente diferentes aperitivos o granos seg\u00fan sus necesidades, por lo que resulta c\u00f3modo y eficaz.<\/p>\n\n\n\n<p><strong>Control preciso<\/strong>: Cada dispensador tiene un mecanismo de control independiente, asegurando una distribuci\u00f3n uniforme, adecuada para varios tipos de peque\u00f1os aperitivos, cereales, frutos secos, etc., satisfaciendo diversas necesidades.<\/p>\n\n\n\n<p><strong>Dise\u00f1o sellado<\/strong>: Dispone de una tapa sellada que impide la entrada de aire, manteniendo la frescura de los cereales y aperitivos, y evitando la humedad y la oxidaci\u00f3n.<\/p>\n\n\n\n<p><strong>Ahorro de espacio<\/strong>: El dise\u00f1o vertical \u00fanico ahorra espacio en cocinas o restaurantes, por lo que es adecuado para su uso en hogares, oficinas, restaurantes y otros entornos.<\/p>\n\n\n\n<p><strong>F\u00e1cil de limpiar<\/strong>: El dise\u00f1o transparente permite ver f\u00e1cilmente los ingredientes internos, lo que facilita la limpieza y garantiza la higiene en cada uso.<\/p>\n\n\n\n<p><strong>Materiales de alta calidad:<\/strong> Fabricado con acero inoxidable duradero y materiales de PE con una estructura resistente, est\u00e1 hecho para durar y soportar el uso diario frecuente sin sufrir da\u00f1os.<\/p>\n<\/div>\n\n\n\n<div class=\"wp-block-column is-layout-flow wp-block-column-is-layout-flow\">\n<figure class=\"wp-block-image size-full\"><img decoding=\"async\" width=\"720\" height=\"720\" src=\"https:\/\/www.billiondaysupplier.com\/wp-content\/uploads\/2025\/08\/bulk-snack-dispenser-1.webp\" alt=\"dispensador de aperitivos a granel (1)\" class=\"wp-image-612\" srcset=\"https:\/\/www.billiondaysupplier.com\/wp-content\/uploads\/2025\/08\/bulk-snack-dispenser-1.webp 720w, https:\/\/www.billiondaysupplier.com\/wp-content\/uploads\/2025\/08\/bulk-snack-dispenser-1-300x300.webp 300w, https:\/\/www.billiondaysupplier.com\/wp-content\/uploads\/2025\/08\/bulk-snack-dispenser-1-150x150.webp 150w, https:\/\/www.billiondaysupplier.com\/wp-content\/uploads\/2025\/08\/bulk-snack-dispenser-1-600x600.webp 600w, https:\/\/www.billiondaysupplier.com\/wp-content\/uploads\/2025\/08\/bulk-snack-dispenser-1-100x100.webp 100w\" sizes=\"(max-width: 720px) 100vw, 720px\" \/><\/figure>\n<\/div>\n<\/div>","protected":false},"excerpt":{"rendered":"<p>Dispensador de aperitivos a granel, dise\u00f1o transparente, sistema de dispensaci\u00f3n de tres picos, acceso r\u00e1pido, f\u00e1cil gesti\u00f3n de aperitivos y granos, manteniendo su cocina limpia y ordenada. Admite personalizaci\u00f3n a granel, \u00a1contacte con nosotros para solicitar presupuesto!<\/p>\n<h2>Par\u00e1metros del dispensador de aperitivos a granel\uff1a<\/h2>\n<table width=\"378\">\n<tbody>\n<tr>\n<td width=\"155\">Material<\/td>\n<td width=\"223\">Acero inoxidable 201 + PC<\/td>\n<\/tr>\n<tr>\n<td>Color<\/td>\n<td width=\"223\">Astilla<\/td>\n<\/tr>\n<tr>\n<td>Capacidad<\/td>\n<td>3,5L\/ 7L\/ 10,5L<\/td>\n<\/tr>\n<tr>\n<td>N\u00famero de surtidores<\/td>\n<td>Distribuidores individuales, dobles y triples<\/td>\n<\/tr>\n<tr>\n<td>Caracter\u00edstica<\/td>\n<td width=\"223\">1. Tapa de cierre<br \/>2. Dispensador de granola<br \/>3. Base de encimera estable<\/td>\n<\/tr>\n<tr>\n<td>Opci\u00f3n personalizada<\/td>\n<td width=\"223\">Logotipo\/Color\/Tama\u00f1o\/Embalaje\/Accesorios<\/td>\n<\/tr>\n<\/tbody>\n<\/table>","protected":false},"featured_media":616,"comment_status":"closed","ping_status":"closed","template":"","meta":{"_acf_changed":true},"product_brand":[],"product_cat":[21],"product_tag":[],"class_list":{"0":"post-611","1":"product","2":"type-product","3":"status-publish","4":"has-post-thumbnail","6":"product_cat-bulk-cereal-dispenser","8":"first","9":"instock","10":"shipping-taxable","11":"product-type-simple"},"acf":[],"_links":{"self":[{"href":"https:\/\/www.billiondaysupplier.com\/es\/wp-json\/wp\/v2\/product\/611","targetHints":{"allow":["GET"]}}],"collection":[{"href":"https:\/\/www.billiondaysupplier.com\/es\/wp-json\/wp\/v2\/product"}],"about":[{"href":"https:\/\/www.billiondaysupplier.com\/es\/wp-json\/wp\/v2\/types\/product"}],"replies":[{"embeddable":true,"href":"https:\/\/www.billiondaysupplier.com\/es\/wp-json\/wp\/v2\/comments?post=611"}],"wp:featuredmedia":[{"embeddable":true,"href":"https:\/\/www.billiondaysupplier.com\/es\/wp-json\/wp\/v2\/media\/616"}],"wp:attachment":[{"href":"https:\/\/www.billiondaysupplier.com\/es\/wp-json\/wp\/v2\/media?parent=611"}],"wp:term":[{"taxonomy":"product_brand","embeddable":true,"href":"https:\/\/www.billiondaysupplier.com\/es\/wp-json\/wp\/v2\/product_brand?post=611"},{"taxonomy":"product_cat","embeddable":true,"href":"https:\/\/www.billiondaysupplier.com\/es\/wp-json\/wp\/v2\/product_cat?post=611"},{"taxonomy":"product_tag","embeddable":true,"href":"https:\/\/www.billiondaysupplier.com\/es\/wp-json\/wp\/v2\/product_tag?post=611"}],"curies":[{"name":"wp","href":"https:\/\/api.w.org\/{rel}","templated":true}]}}