{"id":595,"date":"2025-08-04T07:35:17","date_gmt":"2025-08-04T07:35:17","guid":{"rendered":"https:\/\/www.billiondaysupplier.com\/?post_type=product&#038;p=595"},"modified":"2025-08-05T09:14:16","modified_gmt":"2025-08-05T09:14:16","slug":"bulk-cereal-dispenser","status":"publish","type":"product","link":"https:\/\/www.billiondaysupplier.com\/es\/product\/bulk-cereal-dispenser\/","title":{"rendered":"Dispensador de cereales a granel de acero inoxidable, tapa sellada con rueda de silicona de alta calidad personalizada"},"content":{"rendered":"<div class=\"wp-block-columns is-layout-flex wp-container-core-columns-is-layout-9d6595d7 wp-block-columns-is-layout-flex\">\n<div class=\"wp-block-column is-layout-flow wp-block-column-is-layout-flow\">\n<h2 class=\"wp-block-heading\">Dispensador de cereales a granel Caracter\u00edsticas:<\/h2>\n\n\n\n<p><strong>Tapa sellada<\/strong>: Impide eficazmente la entrada de aire y humedad, garantizando que los cereales se mantengan frescos y en \u00f3ptimas condiciones de conservaci\u00f3n durante m\u00e1s tiempo.<\/p>\n\n\n\n<p><strong>Base pesada: <\/strong>Equipada con un duradero tr\u00edpode para una estabilidad excepcional, que garantiza que la m\u00e1quina se mantenga firme durante su uso para un funcionamiento m\u00e1s suave.<\/p>\n\n\n\n<p><strong>F\u00e1cil de manejar<\/strong>: Los usuarios pueden empezar a trabajar r\u00e1pidamente sin configuraciones complejas, lo que hace que cada uso sea sencillo y c\u00f3modo.<\/p>\n\n\n\n<p><strong>F\u00e1cil de limpiar<\/strong>: Todas las piezas en contacto con los alimentos est\u00e1n fabricadas con materiales f\u00e1ciles de limpiar, lo que permite una limpieza r\u00e1pida y sin esfuerzo, garantizando la higiene y un funcionamiento fiable a largo plazo del equipo.<\/p>\n\n\n\n<p><strong>Ruedas de silicona de alta calidad<\/strong>: Evitan los atascos o la salida irregular, mejorando la eficacia de la producci\u00f3n y la calidad del producto.<\/p>\n<\/div>\n\n\n\n<div class=\"wp-block-column is-layout-flow wp-block-column-is-layout-flow\">\n<figure class=\"wp-block-image size-full\"><img decoding=\"async\" width=\"720\" height=\"720\" src=\"https:\/\/www.billiondaysupplier.com\/wp-content\/uploads\/2025\/08\/bulk-cereal-dispenser6.webp\" alt=\"dispensador de cereales a granel6\" class=\"wp-image-602\" srcset=\"https:\/\/www.billiondaysupplier.com\/wp-content\/uploads\/2025\/08\/bulk-cereal-dispenser6.webp 720w, https:\/\/www.billiondaysupplier.com\/wp-content\/uploads\/2025\/08\/bulk-cereal-dispenser6-300x300.webp 300w, https:\/\/www.billiondaysupplier.com\/wp-content\/uploads\/2025\/08\/bulk-cereal-dispenser6-150x150.webp 150w, https:\/\/www.billiondaysupplier.com\/wp-content\/uploads\/2025\/08\/bulk-cereal-dispenser6-600x600.webp 600w, https:\/\/www.billiondaysupplier.com\/wp-content\/uploads\/2025\/08\/bulk-cereal-dispenser6-100x100.webp 100w\" sizes=\"(max-width: 720px) 100vw, 720px\" \/><\/figure>\n<\/div>\n<\/div>","protected":false},"excerpt":{"rendered":"<p>El dispensador de cereales a granel cuenta con una rueda de silicona para una dispensaci\u00f3n uniforme, una tapa sellada a prueba de polvo y humedad, y una estructura de tr\u00edpode estable y fiable, es de f\u00e1cil acceso. Disponemos de servicios de personalizaci\u00f3n. P\u00f3ngase en contacto con nosotros para obtener m\u00e1s soluciones.<\/p>\n<h2>Par\u00e1metros del dispensador de cereales a granel\uff1a<\/h2>\n<table width=\"378\">\n<tbody>\n<tr>\n<td width=\"155\">Material<\/td>\n<td width=\"223\">Acero inoxidable 201 + PC<\/td>\n<\/tr>\n<tr>\n<td>Color<\/td>\n<td width=\"223\">Astilla<\/td>\n<\/tr>\n<tr>\n<td>Capacidad<\/td>\n<td>3,5L\/ 7L\/ 10,5L<\/td>\n<\/tr>\n<tr>\n<td>N\u00famero de surtidores<\/td>\n<td>Distribuidores individuales, dobles y triples<\/td>\n<\/tr>\n<tr>\n<td>Caracter\u00edstica<\/td>\n<td width=\"223\">1. Tapa de cierre<br \/>2. Dispensador de granola<br \/>3. Base de encimera estable<\/td>\n<\/tr>\n<tr>\n<td>Opci\u00f3n personalizada<\/td>\n<td width=\"223\">Logotipo\/Color\/Tama\u00f1o\/Embalaje\/Accesorios<\/td>\n<\/tr>\n<\/tbody>\n<\/table>","protected":false},"featured_media":600,"comment_status":"closed","ping_status":"closed","template":"","meta":{"_acf_changed":true},"product_brand":[],"product_cat":[21],"product_tag":[],"class_list":{"0":"post-595","1":"product","2":"type-product","3":"status-publish","4":"has-post-thumbnail","6":"product_cat-bulk-cereal-dispenser","8":"first","9":"instock","10":"shipping-taxable","11":"product-type-simple"},"acf":[],"_links":{"self":[{"href":"https:\/\/www.billiondaysupplier.com\/es\/wp-json\/wp\/v2\/product\/595","targetHints":{"allow":["GET"]}}],"collection":[{"href":"https:\/\/www.billiondaysupplier.com\/es\/wp-json\/wp\/v2\/product"}],"about":[{"href":"https:\/\/www.billiondaysupplier.com\/es\/wp-json\/wp\/v2\/types\/product"}],"replies":[{"embeddable":true,"href":"https:\/\/www.billiondaysupplier.com\/es\/wp-json\/wp\/v2\/comments?post=595"}],"wp:featuredmedia":[{"embeddable":true,"href":"https:\/\/www.billiondaysupplier.com\/es\/wp-json\/wp\/v2\/media\/600"}],"wp:attachment":[{"href":"https:\/\/www.billiondaysupplier.com\/es\/wp-json\/wp\/v2\/media?parent=595"}],"wp:term":[{"taxonomy":"product_brand","embeddable":true,"href":"https:\/\/www.billiondaysupplier.com\/es\/wp-json\/wp\/v2\/product_brand?post=595"},{"taxonomy":"product_cat","embeddable":true,"href":"https:\/\/www.billiondaysupplier.com\/es\/wp-json\/wp\/v2\/product_cat?post=595"},{"taxonomy":"product_tag","embeddable":true,"href":"https:\/\/www.billiondaysupplier.com\/es\/wp-json\/wp\/v2\/product_tag?post=595"}],"curies":[{"name":"wp","href":"https:\/\/api.w.org\/{rel}","templated":true}]}}