{"id":577,"date":"2025-08-04T06:08:26","date_gmt":"2025-08-04T06:08:26","guid":{"rendered":"https:\/\/www.billiondaysupplier.com\/?post_type=product&#038;p=577"},"modified":"2025-08-05T09:24:40","modified_gmt":"2025-08-05T09:24:40","slug":"wholesale-vintage-chafing-dish","status":"publish","type":"product","link":"https:\/\/www.billiondaysupplier.com\/es\/product\/wholesale-vintage-chafing-dish\/","title":{"rendered":"Mayorista Chafing Dish Vintage, Chafing Dish de Oro con Tapa Colgante a Granel"},"content":{"rendered":"<div class=\"wp-block-columns is-layout-flex wp-container-core-columns-is-layout-9d6595d7 wp-block-columns-is-layout-flex\">\n<div class=\"wp-block-column is-layout-flow wp-block-column-is-layout-flow\">\n<h2 class=\"wp-block-heading\">Chafing Dish Vintage Caracter\u00edsticas:<\/h2>\n\n\n\n<p><strong>Gran capacidad de 8 litros<\/strong>: Ideal para restaurantes, buffets y banquetes de hotel, da cabida a m\u00e1s alimentos y mejora la eficiencia.<\/p>\n\n\n\n<p><strong>Decoraci\u00f3n de huecos retro<\/strong>: Con un estilo retro europeo, su aspecto elegante y chic realza la mesa de comedor y es ideal para lugares de alto nivel.<\/p>\n\n\n\n<p><strong>Soporte robusto: <\/strong>El soporte de acero inoxidable de alta resistencia es estable, resistente a la corrosi\u00f3n y duradero, adecuado para entornos comerciales frecuentes.<\/p>\n\n\n\n<p><strong>C\u00f3modo dise\u00f1o de la tapa<\/strong>: La tapa puede colgarse de forma segura, lo que elimina la molestia de colocarla con frecuencia y mejora la eficacia operativa y la higiene.<\/p>\n\n\n\n<p><strong>Acero inoxidable de alta calidad<\/strong>: El acero inoxidable alimentario de alta calidad es seguro, saludable y f\u00e1cil de limpiar.<\/p>\n\n\n\n<p><strong>Personalizaci\u00f3n disponible<\/strong>: Colores personalizados, capacidad, logotipos o accesorios est\u00e1n disponibles para satisfacer las necesidades de diferentes mercados y proyectos.<\/p>\n\n\n\n<p><strong>Suministro directo de f\u00e1brica:<\/strong> Como fabricante de calientaplatos, Bililion Day ofrece un suministro estable y precios preferenciales al por mayor para ayudarle a ampliar su negocio.<\/p>\n<\/div>\n\n\n\n<div class=\"wp-block-column is-layout-flow wp-block-column-is-layout-flow\">\n<figure class=\"wp-block-image size-full\"><img decoding=\"async\" width=\"720\" height=\"720\" src=\"https:\/\/www.billiondaysupplier.com\/wp-content\/uploads\/2025\/08\/wholesale-vintage-chafing-dish-3.webp\" alt=\"venta al por mayor chafing dish vintage (3)\" class=\"wp-image-580\" srcset=\"https:\/\/www.billiondaysupplier.com\/wp-content\/uploads\/2025\/08\/wholesale-vintage-chafing-dish-3.webp 720w, https:\/\/www.billiondaysupplier.com\/wp-content\/uploads\/2025\/08\/wholesale-vintage-chafing-dish-3-300x300.webp 300w, https:\/\/www.billiondaysupplier.com\/wp-content\/uploads\/2025\/08\/wholesale-vintage-chafing-dish-3-150x150.webp 150w, https:\/\/www.billiondaysupplier.com\/wp-content\/uploads\/2025\/08\/wholesale-vintage-chafing-dish-3-600x600.webp 600w, https:\/\/www.billiondaysupplier.com\/wp-content\/uploads\/2025\/08\/wholesale-vintage-chafing-dish-3-100x100.webp 100w\" sizes=\"(max-width: 720px) 100vw, 720px\" \/><\/figure>\n<\/div>\n<\/div>","protected":false},"excerpt":{"rendered":"<p>Plato al por mayor de la vendimia, adopta el dise\u00f1o hueco retro del patr\u00f3n, capacidad 8L, y una tapa que cuelga y un soporte robusto son hermosos y pr\u00e1cticos. \u00a1Bienvenido a la personalizaci\u00f3n a granel y la consulta de cooperaci\u00f3n!<\/p>\n<h2>Par\u00e1metro Vintage Chafing Dish\uff1a<\/h2>\n<table border=\"0\" width=\"404\" cellspacing=\"0\" cellpadding=\"0\">\n<tbody>\n<tr>\n<td style=\"text-align: left;\" width=\"148\" height=\"24\"><strong>Material<\/strong><\/td>\n<td style=\"text-align: left;\" width=\"256\">\n<p>Acero inoxidable 201 y hierro<\/p>\n<\/td>\n<\/tr>\n<tr>\n<td style=\"text-align: left;\" height=\"69\"><strong>Color<\/strong><\/td>\n<td style=\"text-align: left;\" width=\"256\">Oro<\/td>\n<\/tr>\n<tr>\n<td style=\"text-align: left;\" height=\"24\"><strong>M\u00e9todo de calentamiento<\/strong><\/td>\n<td style=\"text-align: left;\">Combustible Calefacci\u00f3n<\/td>\n<\/tr>\n<tr>\n<td style=\"text-align: left;\" height=\"24\"><strong>Capacidad<\/strong><\/td>\n<td style=\"text-align: left;\">8.0L<\/td>\n<\/tr>\n<tr>\n<td style=\"text-align: left;\" height=\"92\"><strong>Caracter\u00edstica<\/strong><\/td>\n<td style=\"text-align: left;\" width=\"256\">1. con tapa ExquisiteHanging<br \/>2. Dise\u00f1o hueco elegante<br \/>3. Bastidor vertical estable<\/td>\n<\/tr>\n<tr>\n<td style=\"text-align: left;\" height=\"24\"><strong>Opci\u00f3n personalizada<\/strong><\/td>\n<td style=\"text-align: left;\">Logotipo\/Color\/Tama\u00f1o\/Embalaje\/Accesorios<\/td>\n<\/tr>\n<\/tbody>\n<\/table>","protected":false},"featured_media":578,"comment_status":"closed","ping_status":"closed","template":"","meta":{"_acf_changed":false},"product_brand":[],"product_cat":[30],"product_tag":[],"class_list":{"0":"post-577","1":"product","2":"type-product","3":"status-publish","4":"has-post-thumbnail","6":"product_cat-hanging-chafing-dish-supplier","8":"first","9":"instock","10":"shipping-taxable","11":"product-type-simple"},"acf":[],"_links":{"self":[{"href":"https:\/\/www.billiondaysupplier.com\/es\/wp-json\/wp\/v2\/product\/577","targetHints":{"allow":["GET"]}}],"collection":[{"href":"https:\/\/www.billiondaysupplier.com\/es\/wp-json\/wp\/v2\/product"}],"about":[{"href":"https:\/\/www.billiondaysupplier.com\/es\/wp-json\/wp\/v2\/types\/product"}],"replies":[{"embeddable":true,"href":"https:\/\/www.billiondaysupplier.com\/es\/wp-json\/wp\/v2\/comments?post=577"}],"wp:featuredmedia":[{"embeddable":true,"href":"https:\/\/www.billiondaysupplier.com\/es\/wp-json\/wp\/v2\/media\/578"}],"wp:attachment":[{"href":"https:\/\/www.billiondaysupplier.com\/es\/wp-json\/wp\/v2\/media?parent=577"}],"wp:term":[{"taxonomy":"product_brand","embeddable":true,"href":"https:\/\/www.billiondaysupplier.com\/es\/wp-json\/wp\/v2\/product_brand?post=577"},{"taxonomy":"product_cat","embeddable":true,"href":"https:\/\/www.billiondaysupplier.com\/es\/wp-json\/wp\/v2\/product_cat?post=577"},{"taxonomy":"product_tag","embeddable":true,"href":"https:\/\/www.billiondaysupplier.com\/es\/wp-json\/wp\/v2\/product_tag?post=577"}],"curies":[{"name":"wp","href":"https:\/\/api.w.org\/{rel}","templated":true}]}}