{"id":544,"date":"2025-08-06T12:35:30","date_gmt":"2025-08-06T12:35:30","guid":{"rendered":"https:\/\/www.billiondaysupplier.com\/?post_type=product&#038;p=544"},"modified":"2025-08-06T12:35:30","modified_gmt":"2025-08-06T12:35:30","slug":"chafing-dishes-wholesale","status":"publish","type":"product","link":"https:\/\/www.billiondaysupplier.com\/es\/product\/chafing-dishes-wholesale\/","title":{"rendered":"Chafing Dishes Wholesale Uso H\u00famedo y Seco, Juego de Buffet de Plata Hidr\u00e1ulico Personalizado"},"content":{"rendered":"<div class=\"wp-block-columns is-layout-flex wp-container-core-columns-is-layout-9d6595d7 wp-block-columns-is-layout-flex\">\n<div class=\"wp-block-column is-layout-flow wp-block-column-is-layout-flow\">\n<h2 class=\"wp-block-heading\">Chafing Dishes Caracter\u00edsticas al por mayor:<\/h2>\n\n\n\n<p><strong>Aspecto moderno<\/strong>: La galvanoplastia de plata crea un dise\u00f1o simple y elegante que complementa una variedad de estilos de mesa, perfecto para banquetes de alto nivel, recepciones de conferencias, buffets de negocios y mucho m\u00e1s.<\/p>\n\n\n\n<p><strong>Material de alta calidad<\/strong>: Acero inoxidable de grado alimentario, resistente a la corrosi\u00f3n y al calor, duradero y f\u00e1cil de limpiar, adecuado para uso comercial frecuente.<\/p>\n\n\n\n<p><strong>Dise\u00f1o h\u00famedo\/seco<\/strong>: Puede utilizarse tanto para cocinar al vapor como en seco, satisfaciendo diversos requisitos de los platos.<\/p>\n\n\n\n<p><strong>Tapa hidr\u00e1ulica de ralentizaci\u00f3n<\/strong>: Se abre f\u00e1cilmente con un bot\u00f3n, y la tapa baja silenciosamente para evitar pellizcos, mejorando la experiencia de servicio al cliente.<\/p>\n\n\n\n<p><strong>Panel de control de temperatura inteligente:<\/strong> Pantalla digital, control preciso de la temperatura e interruptor de modo dual entre cocci\u00f3n en seco y adici\u00f3n de agua para adaptarse a diversas necesidades de conservaci\u00f3n del calor.<\/p>\n\n\n\n<p><strong>9L de gran capacidad:<\/strong> Perfecta para banquetes o buffets de hotel, permite cocinar varios platos en un solo fog\u00f3n, pr\u00e1ctico y eficaz.<\/p>\n<\/div>\n\n\n\n<div class=\"wp-block-column is-layout-flow wp-block-column-is-layout-flow\">\n<figure class=\"wp-block-image size-full\"><img decoding=\"async\" width=\"1200\" height=\"1200\" src=\"https:\/\/www.billiondaysupplier.com\/wp-content\/uploads\/2025\/08\/chafing-dishes-wholesale-6.webp\" alt=\"chafing dishes al por mayor (6)\" class=\"wp-image-538\" srcset=\"https:\/\/www.billiondaysupplier.com\/wp-content\/uploads\/2025\/08\/chafing-dishes-wholesale-6.webp 1200w, https:\/\/www.billiondaysupplier.com\/wp-content\/uploads\/2025\/08\/chafing-dishes-wholesale-6-300x300.webp 300w, https:\/\/www.billiondaysupplier.com\/wp-content\/uploads\/2025\/08\/chafing-dishes-wholesale-6-150x150.webp 150w, https:\/\/www.billiondaysupplier.com\/wp-content\/uploads\/2025\/08\/chafing-dishes-wholesale-6-768x768.webp 768w, https:\/\/www.billiondaysupplier.com\/wp-content\/uploads\/2025\/08\/chafing-dishes-wholesale-6-600x600.webp 600w, https:\/\/www.billiondaysupplier.com\/wp-content\/uploads\/2025\/08\/chafing-dishes-wholesale-6-100x100.webp 100w\" sizes=\"(max-width: 1200px) 100vw, 1200px\" \/><\/figure>\n<\/div>\n<\/div>\n\n\n\n<div class=\"wp-block-columns is-layout-flex wp-container-core-columns-is-layout-9d6595d7 wp-block-columns-is-layout-flex\">\n<div class=\"wp-block-column is-layout-flow wp-block-column-is-layout-flow\">\n<figure class=\"wp-block-image size-full is-resized\"><img decoding=\"async\" width=\"1844\" height=\"2346\" src=\"https:\/\/www.billiondaysupplier.com\/wp-content\/uploads\/2025\/08\/chafing-dishes-wholesale-1.webp\" alt=\"chafing dishes wholesale (1)\" class=\"wp-image-533\" style=\"aspect-ratio:1;object-fit:cover;width:720px\" srcset=\"https:\/\/www.billiondaysupplier.com\/wp-content\/uploads\/2025\/08\/chafing-dishes-wholesale-1.webp 1844w, https:\/\/www.billiondaysupplier.com\/wp-content\/uploads\/2025\/08\/chafing-dishes-wholesale-1-236x300.webp 236w, https:\/\/www.billiondaysupplier.com\/wp-content\/uploads\/2025\/08\/chafing-dishes-wholesale-1-768x977.webp 768w, https:\/\/www.billiondaysupplier.com\/wp-content\/uploads\/2025\/08\/chafing-dishes-wholesale-1-1200x1527.webp 1200w, https:\/\/www.billiondaysupplier.com\/wp-content\/uploads\/2025\/08\/chafing-dishes-wholesale-1-600x763.webp 600w\" sizes=\"(max-width: 1844px) 100vw, 1844px\" \/><\/figure>\n<\/div>\n\n\n\n<div class=\"wp-block-column is-layout-flow wp-block-column-is-layout-flow\"><div class=\"wp-block-image\">\n<figure class=\"aligncenter size-full\"><img decoding=\"async\" width=\"1200\" height=\"1200\" src=\"https:\/\/www.billiondaysupplier.com\/wp-content\/uploads\/2025\/08\/chafing-dishes-wholesale-7.webp\" alt=\"platos hondos al por mayor\" class=\"wp-image-539\" srcset=\"https:\/\/www.billiondaysupplier.com\/wp-content\/uploads\/2025\/08\/chafing-dishes-wholesale-7.webp 1200w, https:\/\/www.billiondaysupplier.com\/wp-content\/uploads\/2025\/08\/chafing-dishes-wholesale-7-300x300.webp 300w, https:\/\/www.billiondaysupplier.com\/wp-content\/uploads\/2025\/08\/chafing-dishes-wholesale-7-150x150.webp 150w, https:\/\/www.billiondaysupplier.com\/wp-content\/uploads\/2025\/08\/chafing-dishes-wholesale-7-768x768.webp 768w, https:\/\/www.billiondaysupplier.com\/wp-content\/uploads\/2025\/08\/chafing-dishes-wholesale-7-600x600.webp 600w, https:\/\/www.billiondaysupplier.com\/wp-content\/uploads\/2025\/08\/chafing-dishes-wholesale-7-100x100.webp 100w\" sizes=\"(max-width: 1200px) 100vw, 1200px\" \/><\/figure>\n<\/div><\/div>\n<\/div>","protected":false},"excerpt":{"rendered":"<p>Chafing platos al por mayor, plata aspecto moderno, 9L de gran capacidad, dise\u00f1o hidr\u00e1ulico, h\u00famedo y seco de doble uso, adecuado para una variedad de escenarios de aislamiento de los alimentos. \u00a1Bienvenido a ponerse en contacto con nosotros para obtener una cotizaci\u00f3n hoy!<\/p>\n<h2>Par\u00e1metros de Chafing Dishes al por mayor\uff1a<\/h2>\n<table border=\"0\" width=\"404\" cellspacing=\"0\" cellpadding=\"0\">\n<tbody>\n<tr>\n<td style=\"text-align: left;\" width=\"148\" height=\"24\"><strong>Material<\/strong><\/td>\n<td style=\"text-align: left;\" width=\"256\">Acero inoxidable 201<\/td>\n<\/tr>\n<tr>\n<td style=\"text-align: left;\" height=\"69\"><strong>Color<\/strong><\/td>\n<td style=\"text-align: left;\" width=\"256\">Plata\/Oro\/Medio Oro\/Acepta Personalizaci\u00f3n<\/td>\n<\/tr>\n<tr>\n<td style=\"text-align: left;\" height=\"24\"><strong>M\u00e9todo de calentamiento<\/strong><\/td>\n<td style=\"text-align: left;\">Calefacci\u00f3n el\u00e9ctrica o de gas\u00f3leo<\/td>\n<\/tr>\n<tr>\n<td style=\"text-align: left;\" height=\"24\"><strong>Capacidad<\/strong><\/td>\n<td style=\"text-align: left;\">9.0L<\/td>\n<\/tr>\n<tr>\n<td style=\"text-align: left;\" height=\"92\"><strong>Caracter\u00edstica<\/strong><\/td>\n<td style=\"text-align: left;\" width=\"256\">\n<p>1. Tapa hidr\u00e1ulica con ventana de cristal<br \/>2. Bordes redondeados pulidos<br \/>3. Uso en h\u00famedo y en seco<\/p>\n<\/td>\n<\/tr>\n<tr>\n<td style=\"text-align: left;\" height=\"24\"><strong>Opci\u00f3n personalizada<\/strong><\/td>\n<td style=\"text-align: left;\">Logotipo\/Color\/Tama\u00f1o\/Embalaje\/Accesorios<\/td>\n<\/tr>\n<\/tbody>\n<\/table>","protected":false},"featured_media":535,"comment_status":"closed","ping_status":"closed","template":"","meta":{"_acf_changed":true},"product_brand":[],"product_cat":[18],"product_tag":[],"class_list":{"0":"post-544","1":"product","2":"type-product","3":"status-publish","4":"has-post-thumbnail","6":"product_cat-wholesale-chafing-dishes","8":"first","9":"instock","10":"shipping-taxable","11":"product-type-simple"},"acf":[],"_links":{"self":[{"href":"https:\/\/www.billiondaysupplier.com\/es\/wp-json\/wp\/v2\/product\/544","targetHints":{"allow":["GET"]}}],"collection":[{"href":"https:\/\/www.billiondaysupplier.com\/es\/wp-json\/wp\/v2\/product"}],"about":[{"href":"https:\/\/www.billiondaysupplier.com\/es\/wp-json\/wp\/v2\/types\/product"}],"replies":[{"embeddable":true,"href":"https:\/\/www.billiondaysupplier.com\/es\/wp-json\/wp\/v2\/comments?post=544"}],"wp:featuredmedia":[{"embeddable":true,"href":"https:\/\/www.billiondaysupplier.com\/es\/wp-json\/wp\/v2\/media\/535"}],"wp:attachment":[{"href":"https:\/\/www.billiondaysupplier.com\/es\/wp-json\/wp\/v2\/media?parent=544"}],"wp:term":[{"taxonomy":"product_brand","embeddable":true,"href":"https:\/\/www.billiondaysupplier.com\/es\/wp-json\/wp\/v2\/product_brand?post=544"},{"taxonomy":"product_cat","embeddable":true,"href":"https:\/\/www.billiondaysupplier.com\/es\/wp-json\/wp\/v2\/product_cat?post=544"},{"taxonomy":"product_tag","embeddable":true,"href":"https:\/\/www.billiondaysupplier.com\/es\/wp-json\/wp\/v2\/product_tag?post=544"}],"curies":[{"name":"wp","href":"https:\/\/api.w.org\/{rel}","templated":true}]}}