{"id":529,"date":"2025-08-05T09:42:00","date_gmt":"2025-08-05T09:42:00","guid":{"rendered":"https:\/\/www.billiondaysupplier.com\/?post_type=product&#038;p=529"},"modified":"2025-08-05T09:42:53","modified_gmt":"2025-08-05T09:42:53","slug":"wholesale-stainless-steel-chafing-dish","status":"publish","type":"product","link":"https:\/\/www.billiondaysupplier.com\/es\/product\/wholesale-stainless-steel-chafing-dish\/","title":{"rendered":"Mayorista Plato de Acero Inoxidable, Juego de Buffet de Oro Redondo Personalizado"},"content":{"rendered":"<div class=\"wp-block-columns is-layout-flex wp-container-core-columns-is-layout-9d6595d7 wp-block-columns-is-layout-flex\">\n<div class=\"wp-block-column is-layout-flow wp-block-column-is-layout-flow\">\n<h2 class=\"wp-block-heading\">Chafing Dish de acero inoxidable Caracter\u00edsticas:<\/h2>\n\n\n\n<p><strong>Acero inoxidable de alta calidad<\/strong>: Material apto para uso alimentario, resistente a la corrosi\u00f3n, adecuado para uso comercial frecuente.<\/p>\n\n\n\n<p><strong>Aspecto lujoso<\/strong>: La galvanoplastia de oro crea un aspecto de alta gama, elevando banquetes y buffets.<\/p>\n\n\n\n<p><strong>Tapa hidr\u00e1ulica de cierre suave<\/strong>: Se abre y se cierra suave y silenciosamente, evitando pellizcos para un uso m\u00e1s seguro.<\/p>\n\n\n\n<p><strong>Ventana de cristal transparente<\/strong>: Facilita la observaci\u00f3n de los alimentos y reduce la p\u00e9rdida de calor cuando la tapa est\u00e1 abierta.<\/p>\n\n\n\n<p><strong>Dise\u00f1o de doble compartimento<\/strong>: Un horno tiene capacidad para dos platos, lo que permite una disposici\u00f3n flexible.<\/p>\n\n\n\n<p><strong>Maceta interior redonda<\/strong>: Calienta uniformemente los alimentos y mantiene el calor durante m\u00e1s tiempo.<\/p>\n\n\n\n<p><strong>Estructura robusta<\/strong>: Los soportes engrosados son duraderos y resistentes a la presi\u00f3n, lo que garantiza su tranquilidad.<\/p>\n<\/div>\n\n\n\n<div class=\"wp-block-column is-layout-flow wp-block-column-is-layout-flow\">\n<figure class=\"wp-block-image size-full\"><img decoding=\"async\" width=\"4800\" height=\"4800\" src=\"https:\/\/www.billiondaysupplier.com\/wp-content\/uploads\/2025\/08\/wholesale-stainless-steel-chafing-dish-2.webp\" alt=\"venta al por mayor chafing dish de acero inoxidable (2)\" class=\"wp-image-531\" srcset=\"https:\/\/www.billiondaysupplier.com\/wp-content\/uploads\/2025\/08\/wholesale-stainless-steel-chafing-dish-2.webp 4800w, https:\/\/www.billiondaysupplier.com\/wp-content\/uploads\/2025\/08\/wholesale-stainless-steel-chafing-dish-2-300x300.webp 300w, https:\/\/www.billiondaysupplier.com\/wp-content\/uploads\/2025\/08\/wholesale-stainless-steel-chafing-dish-2-150x150.webp 150w, https:\/\/www.billiondaysupplier.com\/wp-content\/uploads\/2025\/08\/wholesale-stainless-steel-chafing-dish-2-768x768.webp 768w, https:\/\/www.billiondaysupplier.com\/wp-content\/uploads\/2025\/08\/wholesale-stainless-steel-chafing-dish-2-1200x1200.webp 1200w, https:\/\/www.billiondaysupplier.com\/wp-content\/uploads\/2025\/08\/wholesale-stainless-steel-chafing-dish-2-600x600.webp 600w, https:\/\/www.billiondaysupplier.com\/wp-content\/uploads\/2025\/08\/wholesale-stainless-steel-chafing-dish-2-100x100.webp 100w\" sizes=\"(max-width: 4800px) 100vw, 4800px\" \/><\/figure>\n<\/div>\n<\/div>","protected":false},"excerpt":{"rendered":"<p>Bienvenido a la venta al por mayor y personalizar chafing plato de acero inoxidable, acabado en oro pulido, con una tapa de cristal con bisagras hidr\u00e1ulica, pr\u00e1ctico y hermoso, ideal para hoteles modernos y buffets. \u00a1Mejor descuento para la personalizaci\u00f3n a granel, bienvenido a preguntar!<\/p>\n<h2>Par\u00e1metros de la sart\u00e9n de acero inoxidable\uff1a<\/h2>\n<table border=\"0\" width=\"404\" cellspacing=\"0\" cellpadding=\"0\">\n<tbody>\n<tr>\n<td style=\"text-align: left;\" width=\"148\" height=\"24\"><strong>Material<\/strong><\/td>\n<td style=\"text-align: left;\" width=\"256\">Acero inoxidable 201<\/td>\n<\/tr>\n<tr>\n<td style=\"text-align: left;\" height=\"69\"><strong>Color<\/strong><\/td>\n<td style=\"text-align: left;\" width=\"256\">Plata\/Oro\/Medio Oro\/Acepta Personalizaci\u00f3n<\/td>\n<\/tr>\n<tr>\n<td style=\"text-align: left;\" height=\"24\"><strong>M\u00e9todo de calentamiento<\/strong><\/td>\n<td style=\"text-align: left;\">Calefacci\u00f3n el\u00e9ctrica o de gas\u00f3leo<\/td>\n<\/tr>\n<tr>\n<td style=\"text-align: left;\" height=\"24\"><strong>Capacidad<\/strong><\/td>\n<td style=\"text-align: left;\">6.0L<\/td>\n<\/tr>\n<tr>\n<td style=\"text-align: left;\" height=\"92\"><strong>Caracter\u00edstica<\/strong><\/td>\n<td style=\"text-align: left;\" width=\"256\">1. Tapa hidr\u00e1ulica con ventana de cristal<br \/>2. Bordes redondeados pulidos<br \/>3. Bastidor vertical estable<\/td>\n<\/tr>\n<tr>\n<td style=\"text-align: left;\" height=\"24\"><strong>Opci\u00f3n personalizada<\/strong><\/td>\n<td style=\"text-align: left;\">Logotipo\/Color\/Tama\u00f1o\/Embalaje\/Accesorios<\/td>\n<\/tr>\n<\/tbody>\n<\/table>","protected":false},"featured_media":532,"comment_status":"closed","ping_status":"closed","template":"","meta":{"_acf_changed":false},"product_brand":[],"product_cat":[18],"product_tag":[],"class_list":{"0":"post-529","1":"product","2":"type-product","3":"status-publish","4":"has-post-thumbnail","6":"product_cat-wholesale-chafing-dishes","8":"first","9":"instock","10":"shipping-taxable","11":"product-type-simple"},"acf":[],"_links":{"self":[{"href":"https:\/\/www.billiondaysupplier.com\/es\/wp-json\/wp\/v2\/product\/529","targetHints":{"allow":["GET"]}}],"collection":[{"href":"https:\/\/www.billiondaysupplier.com\/es\/wp-json\/wp\/v2\/product"}],"about":[{"href":"https:\/\/www.billiondaysupplier.com\/es\/wp-json\/wp\/v2\/types\/product"}],"replies":[{"embeddable":true,"href":"https:\/\/www.billiondaysupplier.com\/es\/wp-json\/wp\/v2\/comments?post=529"}],"wp:featuredmedia":[{"embeddable":true,"href":"https:\/\/www.billiondaysupplier.com\/es\/wp-json\/wp\/v2\/media\/532"}],"wp:attachment":[{"href":"https:\/\/www.billiondaysupplier.com\/es\/wp-json\/wp\/v2\/media?parent=529"}],"wp:term":[{"taxonomy":"product_brand","embeddable":true,"href":"https:\/\/www.billiondaysupplier.com\/es\/wp-json\/wp\/v2\/product_brand?post=529"},{"taxonomy":"product_cat","embeddable":true,"href":"https:\/\/www.billiondaysupplier.com\/es\/wp-json\/wp\/v2\/product_cat?post=529"},{"taxonomy":"product_tag","embeddable":true,"href":"https:\/\/www.billiondaysupplier.com\/es\/wp-json\/wp\/v2\/product_tag?post=529"}],"curies":[{"name":"wp","href":"https:\/\/api.w.org\/{rel}","templated":true}]}}