{"id":518,"date":"2025-08-03T09:34:57","date_gmt":"2025-08-03T09:34:57","guid":{"rendered":"https:\/\/www.billiondaysupplier.com\/?post_type=product&#038;p=518"},"modified":"2025-08-03T09:41:45","modified_gmt":"2025-08-03T09:41:45","slug":"wholesale-roll-top-chafing-dish","status":"publish","type":"product","link":"https:\/\/www.billiondaysupplier.com\/es\/product\/wholesale-roll-top-chafing-dish\/","title":{"rendered":"Mayorista Roll Top Chafing Dish, Juego De Buffet Rectangular Dorado Al Por Mayor"},"content":{"rendered":"<div class=\"wp-block-columns is-layout-flex wp-container-core-columns-is-layout-9d6595d7 wp-block-columns-is-layout-flex\">\n<div class=\"wp-block-column is-layout-flow wp-block-column-is-layout-flow\">\n<h2 class=\"wp-block-heading\">Roll Top Chafing Dish Chafing Dish Caracter\u00edsticas:<\/h2>\n\n\n\n<p><strong>Construcci\u00f3n duradera de acero inoxidable: <\/strong>De acero inoxidable duradero, engrosado para un calentamiento uniforme, duradero, resistente a la corrosi\u00f3n y de brillo duradero.<\/p>\n\n\n\n<p><strong>Elegantes opciones de acabado en oro y plata:<\/strong> Disponibles en lujosos acabados dorado o plateado cl\u00e1sico, con bordes pulidos y redondeados, su aspecto elegante y profesional realza la presentaci\u00f3n de su buf\u00e9.<\/p>\n\n\n\n<p><strong>Tapa enrollable con ventana de cristal: <\/strong>La c\u00f3moda tapa enrollable se abre 180 grados para facilitar el acceso a los alimentos, mientras que la ventana de cristal templado proporciona una visibilidad clara a la vez que retiene el calor.<\/p>\n\n\n\n<p><strong>Gran capacidad de 9 litros: <\/strong>El dise\u00f1o rectangular de tama\u00f1o normal admite grandes cantidades de comida, por lo que es ideal para catering comercial y servicio de buf\u00e9.<\/p>\n\n\n\n<p><strong>Bastidor vertical estable: <\/strong>Las patas verticales reforzadas garantizan una posici\u00f3n estable en cualquier superficie, incluso con cargas pesadas.<\/p>\n\n\n\n<p><strong>Opci\u00f3n de doble calefacci\u00f3n: <\/strong>Compatible con placas el\u00e9ctricas y bidones de combustible tradicionales para aplicaciones flexibles.<\/p>\n<\/div>\n\n\n\n<div class=\"wp-block-column is-layout-flow wp-block-column-is-layout-flow\">\n<figure class=\"wp-block-image size-full\"><img decoding=\"async\" width=\"720\" height=\"720\" src=\"https:\/\/www.billiondaysupplier.com\/wp-content\/uploads\/2025\/08\/roll-top-chafing-dish-wholesale-5.webp\" alt=\"Mayorista Roll Top Chafing Dish, Juego De Buffet Rectangular Dorado Al Por Mayor\" class=\"wp-image-523\" srcset=\"https:\/\/www.billiondaysupplier.com\/wp-content\/uploads\/2025\/08\/roll-top-chafing-dish-wholesale-5.webp 720w, https:\/\/www.billiondaysupplier.com\/wp-content\/uploads\/2025\/08\/roll-top-chafing-dish-wholesale-5-300x300.webp 300w, https:\/\/www.billiondaysupplier.com\/wp-content\/uploads\/2025\/08\/roll-top-chafing-dish-wholesale-5-150x150.webp 150w, https:\/\/www.billiondaysupplier.com\/wp-content\/uploads\/2025\/08\/roll-top-chafing-dish-wholesale-5-600x600.webp 600w, https:\/\/www.billiondaysupplier.com\/wp-content\/uploads\/2025\/08\/roll-top-chafing-dish-wholesale-5-100x100.webp 100w\" sizes=\"(max-width: 720px) 100vw, 720px\" \/><\/figure>\n<\/div>\n<\/div>\n\n\n\n<div class=\"wp-block-columns is-layout-flex wp-container-core-columns-is-layout-9d6595d7 wp-block-columns-is-layout-flex\">\n<div class=\"wp-block-column is-layout-flow wp-block-column-is-layout-flow\">\n<figure class=\"wp-block-image size-full\"><img decoding=\"async\" width=\"720\" height=\"720\" src=\"https:\/\/www.billiondaysupplier.com\/wp-content\/uploads\/2025\/08\/roll-top-chafing-dish-wholesale-3.webp\" alt=\"Mayorista Roll Top Chafing Dish, Juego De Buffet Rectangular Dorado Al Por Mayor\" class=\"wp-image-521\" srcset=\"https:\/\/www.billiondaysupplier.com\/wp-content\/uploads\/2025\/08\/roll-top-chafing-dish-wholesale-3.webp 720w, https:\/\/www.billiondaysupplier.com\/wp-content\/uploads\/2025\/08\/roll-top-chafing-dish-wholesale-3-300x300.webp 300w, https:\/\/www.billiondaysupplier.com\/wp-content\/uploads\/2025\/08\/roll-top-chafing-dish-wholesale-3-150x150.webp 150w, https:\/\/www.billiondaysupplier.com\/wp-content\/uploads\/2025\/08\/roll-top-chafing-dish-wholesale-3-600x600.webp 600w, https:\/\/www.billiondaysupplier.com\/wp-content\/uploads\/2025\/08\/roll-top-chafing-dish-wholesale-3-100x100.webp 100w\" sizes=\"(max-width: 720px) 100vw, 720px\" \/><\/figure>\n<\/div>\n\n\n\n<div class=\"wp-block-column is-layout-flow wp-block-column-is-layout-flow\">\n<figure class=\"wp-block-image size-full\"><img decoding=\"async\" width=\"720\" height=\"720\" src=\"https:\/\/www.billiondaysupplier.com\/wp-content\/uploads\/2025\/08\/roll-top-chafing-dish-wholesale-2.webp\" alt=\"Mayorista Roll Top Chafing Dish, Juego De Buffet Rectangular Dorado Al Por Mayor\" class=\"wp-image-520\" srcset=\"https:\/\/www.billiondaysupplier.com\/wp-content\/uploads\/2025\/08\/roll-top-chafing-dish-wholesale-2.webp 720w, https:\/\/www.billiondaysupplier.com\/wp-content\/uploads\/2025\/08\/roll-top-chafing-dish-wholesale-2-300x300.webp 300w, https:\/\/www.billiondaysupplier.com\/wp-content\/uploads\/2025\/08\/roll-top-chafing-dish-wholesale-2-150x150.webp 150w, https:\/\/www.billiondaysupplier.com\/wp-content\/uploads\/2025\/08\/roll-top-chafing-dish-wholesale-2-600x600.webp 600w, https:\/\/www.billiondaysupplier.com\/wp-content\/uploads\/2025\/08\/roll-top-chafing-dish-wholesale-2-100x100.webp 100w\" sizes=\"(max-width: 720px) 100vw, 720px\" \/><\/figure>\n<\/div>\n<\/div>","protected":false},"excerpt":{"rendered":"<p>Plato hondo enrollable al por mayor, con lujosas opciones en dorado y plateado cl\u00e1sico, con una gran capacidad de 9 litros. Elegante y duradero, es adecuado para servicios de catering a gran escala. Suministro directo de f\u00e1brica, con servicios de OEM. Le invitamos a informarse hoy mismo.<\/p>\n<h2>Par\u00e1metro\uff1a Chafing Dish Roll Top\uff1a<\/h2>\n<table border=\"0\" width=\"404\" cellspacing=\"0\" cellpadding=\"0\">\n<tbody>\n<tr>\n<td style=\"text-align: left;\" width=\"148\" height=\"24\"><strong>Material<\/strong><\/td>\n<td style=\"text-align: left;\" width=\"256\">Acero inoxidable 201<\/td>\n<\/tr>\n<tr>\n<td style=\"text-align: left;\" height=\"69\"><strong>Color<\/strong><\/td>\n<td style=\"text-align: left;\" width=\"256\">Plata\/Oro\/Medio Oro\/Acepta Personalizaci\u00f3n<\/td>\n<\/tr>\n<tr>\n<td style=\"text-align: left;\" height=\"24\"><strong>M\u00e9todo de calentamiento<\/strong><\/td>\n<td style=\"text-align: left;\">Calefacci\u00f3n el\u00e9ctrica o de gas\u00f3leo<\/td>\n<\/tr>\n<tr>\n<td style=\"text-align: left;\" height=\"24\"><strong>Capacidad<\/strong><\/td>\n<td style=\"text-align: left;\">9.0L<\/td>\n<\/tr>\n<tr>\n<td style=\"text-align: left;\" height=\"92\"><strong>Caracter\u00edstica<\/strong><\/td>\n<td style=\"text-align: left;\" width=\"256\">1. Tapa enrollable con ventana de cristal<br \/>2. Bordes redondeados pulidos<br \/>3. Bastidor vertical estable<\/td>\n<\/tr>\n<tr>\n<td style=\"text-align: left;\" height=\"24\"><strong>Opci\u00f3n personalizada<\/strong><\/td>\n<td style=\"text-align: left;\">Logotipo\/Color\/Tama\u00f1o\/Embalaje\/Accesorios<\/td>\n<\/tr>\n<\/tbody>\n<\/table>","protected":false},"featured_media":519,"comment_status":"closed","ping_status":"closed","template":"","meta":{"_acf_changed":false},"product_brand":[],"product_cat":[18],"product_tag":[],"class_list":{"0":"post-518","1":"product","2":"type-product","3":"status-publish","4":"has-post-thumbnail","6":"product_cat-wholesale-chafing-dishes","8":"first","9":"instock","10":"shipping-taxable","11":"product-type-simple"},"acf":[],"_links":{"self":[{"href":"https:\/\/www.billiondaysupplier.com\/es\/wp-json\/wp\/v2\/product\/518","targetHints":{"allow":["GET"]}}],"collection":[{"href":"https:\/\/www.billiondaysupplier.com\/es\/wp-json\/wp\/v2\/product"}],"about":[{"href":"https:\/\/www.billiondaysupplier.com\/es\/wp-json\/wp\/v2\/types\/product"}],"replies":[{"embeddable":true,"href":"https:\/\/www.billiondaysupplier.com\/es\/wp-json\/wp\/v2\/comments?post=518"}],"wp:featuredmedia":[{"embeddable":true,"href":"https:\/\/www.billiondaysupplier.com\/es\/wp-json\/wp\/v2\/media\/519"}],"wp:attachment":[{"href":"https:\/\/www.billiondaysupplier.com\/es\/wp-json\/wp\/v2\/media?parent=518"}],"wp:term":[{"taxonomy":"product_brand","embeddable":true,"href":"https:\/\/www.billiondaysupplier.com\/es\/wp-json\/wp\/v2\/product_brand?post=518"},{"taxonomy":"product_cat","embeddable":true,"href":"https:\/\/www.billiondaysupplier.com\/es\/wp-json\/wp\/v2\/product_cat?post=518"},{"taxonomy":"product_tag","embeddable":true,"href":"https:\/\/www.billiondaysupplier.com\/es\/wp-json\/wp\/v2\/product_tag?post=518"}],"curies":[{"name":"wp","href":"https:\/\/api.w.org\/{rel}","templated":true}]}}