{"id":2008,"date":"2026-04-20T07:55:52","date_gmt":"2026-04-20T07:55:52","guid":{"rendered":"https:\/\/www.billiondaysupplier.com\/?post_type=product&#038;p=2008"},"modified":"2026-04-23T00:59:24","modified_gmt":"2026-04-23T00:59:24","slug":"custom-stainless-steel-work-tables","status":"publish","type":"product","link":"https:\/\/www.billiondaysupplier.com\/es\/product\/custom-stainless-steel-work-tables\/","title":{"rendered":"Mesas de trabajo de acero inoxidable a medida con estante inferior, Banco de trabajo de cocina comercial a granel"},"content":{"rendered":"<div class=\"wp-block-columns is-layout-flex wp-container-core-columns-is-layout-9d6595d7 wp-block-columns-is-layout-flex\">\n<div class=\"wp-block-column is-layout-flow wp-block-column-is-layout-flow\">\n<h2 class=\"wp-block-heading\">Mesa de trabajo de acero inoxidable Caracter\u00edsticas:<\/h2>\n\n\n\n<p><strong>Construcci\u00f3n de acero inoxidable de primera calidad<\/strong>: Construido en acero inoxidable de alta calidad con una excelente resistencia a la corrosi\u00f3n y el \u00f3xido, lo que garantiza un rendimiento fiable en entornos de cocina h\u00famedos y de alta intensidad.<\/p>\n\n\n\n<p><strong>Dise\u00f1o de dos niveles para ahorrar espacio<\/strong>: Cuenta con una amplia superficie de trabajo superior para preparar, cortar, mezclar y emplatar alimentos; un estante de almacenamiento abierto inferior para ollas, sartenes, ingredientes, herramientas, contenedores y elementos esenciales de cocina, maximizando la eficiencia.<\/p>\n\n\n\n<p><strong>F\u00e1cil montaje y mantenimiento<\/strong>: Se env\u00eda en plano para reducir los costes de transporte y puede montarse r\u00e1pidamente. Las superficies lisas facilitan la limpieza y el funcionamiento higi\u00e9nico.<\/p>\n\n\n\n<p><strong>M\u00faltiples opciones de tama\u00f1o disponibles<\/strong>: Se ofrece en varias dimensiones para adaptarse a diferentes dise\u00f1os de cocina, desde zonas de preparaci\u00f3n compactas hasta grandes espacios de trabajo comerciales.<\/p>\n\n\n\n<p><strong>Aplicaci\u00f3n comercial vers\u00e1til<\/strong>: Ideal para hoteles, restaurantes, servicios de catering, panader\u00edas, comedores, carritos de comida y salas de preparaci\u00f3n, compatible con una amplia gama de usos profesionales.<\/p>\n<\/div>\n\n\n\n<div class=\"wp-block-column is-layout-flow wp-block-column-is-layout-flow\">\n<figure class=\"wp-block-image size-full\"><img decoding=\"async\" width=\"800\" height=\"800\" src=\"https:\/\/www.billiondaysupplier.com\/wp-content\/uploads\/2026\/04\/Work-Table-Supplier-3.webp\" alt=\"Proveedor de mesas de trabajo\" class=\"wp-image-2039\" srcset=\"https:\/\/www.billiondaysupplier.com\/wp-content\/uploads\/2026\/04\/Work-Table-Supplier-3.webp 800w, https:\/\/www.billiondaysupplier.com\/wp-content\/uploads\/2026\/04\/Work-Table-Supplier-3-300x300.webp 300w, https:\/\/www.billiondaysupplier.com\/wp-content\/uploads\/2026\/04\/Work-Table-Supplier-3-150x150.webp 150w, https:\/\/www.billiondaysupplier.com\/wp-content\/uploads\/2026\/04\/Work-Table-Supplier-3-768x768.webp 768w, https:\/\/www.billiondaysupplier.com\/wp-content\/uploads\/2026\/04\/Work-Table-Supplier-3-12x12.webp 12w, https:\/\/www.billiondaysupplier.com\/wp-content\/uploads\/2026\/04\/Work-Table-Supplier-3-600x600.webp 600w, https:\/\/www.billiondaysupplier.com\/wp-content\/uploads\/2026\/04\/Work-Table-Supplier-3-100x100.webp 100w\" sizes=\"(max-width: 800px) 100vw, 800px\" \/><\/figure>\n<\/div>\n<\/div>","protected":false},"excerpt":{"rendered":"<p>Las mesas de trabajo de acero inoxidable personalizadas est\u00e1n dise\u00f1adas para aumentar la eficiencia en entornos comerciales exigentes, con una encimera de acero inoxidable resistente y almacenamiento de doble nivel para organizar el flujo de trabajo. Fabricadas para ofrecer durabilidad, higiene y estabilidad, son ideales para cocinas, restaurantes y talleres. P\u00f3ngase en contacto con nosotros para tama\u00f1os personalizados y precios al por mayor.<\/p>\n<h2>Par\u00e1metros de las mesas de trabajo de acero inoxidable\uff1a<\/h2>\n<table class=\"alignleft\" border=\"0\" width=\"404\" cellspacing=\"0\" cellpadding=\"0\">\n<tbody>\n<tr>\n<td style=\"text-align: left;\" width=\"148\" height=\"24\"><strong>Material<\/strong><\/td>\n<td style=\"text-align: left;\" width=\"256\">Acero inoxidable 201<\/td>\n<\/tr>\n<tr>\n<td style=\"text-align: left;\" height=\"69\"><strong>Color<\/strong><\/td>\n<td style=\"text-align: left;\" width=\"256\">Plata<\/td>\n<\/tr>\n<tr>\n<td style=\"text-align: left;\" height=\"24\"><strong class=\"font-semibold text-zinc-900 dark:text-zinc-100\">Grosor del tablero<\/strong><\/td>\n<td style=\"text-align: left;\">0,8 mm<\/td>\n<\/tr>\n<tr>\n<td style=\"text-align: left;\" height=\"24\"><strong class=\"font-semibold text-zinc-900 dark:text-zinc-100\" data-spm-anchor-id=\"4e67c6a7.77613456.0.i37.78c776cfKa3U43\">Tama\u00f1os est\u00e1ndar<\/strong><\/td>\n<td style=\"text-align: left;\">\n<p>180*80*80cm<br \/>150*80*80cm<br \/>180*60*80cm<br \/>150*60*80cm<br \/>120*80*80cm<br \/>120*60*80cm<br \/>100*80*80cm<br \/>100*60*80cm<br \/>100*50*80cm<br \/>80*60*80cm<br \/>80*50*80cm<br \/>80*40*80cm<\/p>\n<\/td>\n<\/tr>\n<tr>\n<td style=\"text-align: left;\" height=\"92\"><strong>Caracter\u00edstica<\/strong><\/td>\n<td style=\"text-align: left;\" width=\"256\">1. Capacidad de carga pesada<br \/>2. Acero inoxidable de primera calidad<br \/>3. F\u00e1cil montaje y limpieza<\/td>\n<\/tr>\n<tr>\n<td style=\"text-align: left;\" height=\"24\">\n<h3 class=\"text-base font-semibold mt-3 pt-6 mb-3 text-zinc-800 dark:text-zinc-200 first:mt-0 first:pt-0 tracking-tight\"><strong class=\"font-semibold text-zinc-900 dark:text-zinc-100\" data-spm-anchor-id=\"4e67c6a7.77613456.0.i38.78c776cfKa3U43\">Aplicaciones vers\u00e1tiles<\/strong><\/h3>\n<\/td>\n<td style=\"text-align: left;\">\n<p>Restaurantes y hoteles<br \/>Laboratorios de procesamiento de alimentos<br \/>Instalaciones m\u00e9dicas y cient\u00edficas<br \/>Talleres y garajes\u00a0<\/p>\n<\/td>\n<\/tr>\n<\/tbody>\n<\/table>","protected":false},"featured_media":2217,"comment_status":"closed","ping_status":"closed","template":"","meta":{"_acf_changed":true},"product_brand":[],"product_cat":[32],"product_tag":[],"class_list":{"0":"post-2008","1":"product","2":"type-product","3":"status-publish","4":"has-post-thumbnail","6":"product_cat-custom-stainless-steel-work-tables","8":"first","9":"instock","10":"shipping-taxable","11":"product-type-simple"},"acf":[],"_links":{"self":[{"href":"https:\/\/www.billiondaysupplier.com\/es\/wp-json\/wp\/v2\/product\/2008","targetHints":{"allow":["GET"]}}],"collection":[{"href":"https:\/\/www.billiondaysupplier.com\/es\/wp-json\/wp\/v2\/product"}],"about":[{"href":"https:\/\/www.billiondaysupplier.com\/es\/wp-json\/wp\/v2\/types\/product"}],"replies":[{"embeddable":true,"href":"https:\/\/www.billiondaysupplier.com\/es\/wp-json\/wp\/v2\/comments?post=2008"}],"wp:featuredmedia":[{"embeddable":true,"href":"https:\/\/www.billiondaysupplier.com\/es\/wp-json\/wp\/v2\/media\/2217"}],"wp:attachment":[{"href":"https:\/\/www.billiondaysupplier.com\/es\/wp-json\/wp\/v2\/media?parent=2008"}],"wp:term":[{"taxonomy":"product_brand","embeddable":true,"href":"https:\/\/www.billiondaysupplier.com\/es\/wp-json\/wp\/v2\/product_brand?post=2008"},{"taxonomy":"product_cat","embeddable":true,"href":"https:\/\/www.billiondaysupplier.com\/es\/wp-json\/wp\/v2\/product_cat?post=2008"},{"taxonomy":"product_tag","embeddable":true,"href":"https:\/\/www.billiondaysupplier.com\/es\/wp-json\/wp\/v2\/product_tag?post=2008"}],"curies":[{"name":"wp","href":"https:\/\/api.w.org\/{rel}","templated":true}]}}