{"id":2004,"date":"2026-04-15T09:10:00","date_gmt":"2026-04-15T09:10:00","guid":{"rendered":"https:\/\/www.billiondaysupplier.com\/?post_type=product&#038;p=2004"},"modified":"2026-04-15T09:10:04","modified_gmt":"2026-04-15T09:10:04","slug":"wholesale-commercial-food-steamer","status":"publish","type":"product","link":"https:\/\/www.billiondaysupplier.com\/es\/product\/wholesale-commercial-food-steamer\/","title":{"rendered":"Mayorista Vaporera Comercial, Vaporera a Gas Acero Inoxidable 12 Bandejas para Restaurantes Custom"},"content":{"rendered":"<div class=\"wp-block-columns is-layout-flex wp-container-core-columns-is-layout-9d6595d7 wp-block-columns-is-layout-flex\">\n<div class=\"wp-block-column is-layout-flow wp-block-column-is-layout-flow\">\n<h2 class=\"wp-block-heading\">Vaporera comercial de alimentos Caracter\u00edsticas:<\/h2>\n\n\n\n<p><strong>Calefacci\u00f3n de alta eficiencia:<\/strong>&nbsp;Los potentes quemadores de gas proporcionan una r\u00e1pida generaci\u00f3n de vapor, reduciendo significativamente el tiempo de cocci\u00f3n.<\/p>\n\n\n\n<p><strong>Construcci\u00f3n de acero inoxidable de primera calidad:<\/strong>&nbsp;201 Cuerpo de acero inoxidable de calidad alimentaria, resistente a la corrosi\u00f3n y f\u00e1cil de limpiar.<\/p>\n\n\n\n<p><strong>Aislamiento mejorado:<\/strong>\u00a0Una gruesa capa aislante mantiene el calor en el interior, ahorrando energ\u00eda y manteniendo el ambiente de la cocina m\u00e1s fresco.<\/p>\n\n\n\n<p><strong>Caracter\u00edsticas de seguridad:<\/strong>&nbsp;Equipado con una v\u00e1lvula autom\u00e1tica de cierre de gas y un sistema de seguridad de alivio de presi\u00f3n para un funcionamiento sin preocupaciones.<\/p>\n\n\n\n<p><strong>Movilidad universal:<\/strong>&nbsp;Ruedas de alta resistencia con freno para facilitar el movimiento y la colocaci\u00f3n estable.<\/p>\n\n\n\n<p><strong>Suministro directo de f\u00e1brica:<\/strong> Ofrecemos personalizaci\u00f3n OEM\/ODM, capacidad de producci\u00f3n estable a granel y un estricto control de calidad para garantizar un rendimiento constante, precios competitivos y un suministro global fiable para los compradores mayoristas de utensilios de cocina.<\/p>\n<\/div>\n\n\n\n<div class=\"wp-block-column is-layout-flow wp-block-column-is-layout-flow\">\n<figure class=\"wp-block-image size-full\"><img decoding=\"async\" width=\"800\" height=\"800\" src=\"https:\/\/www.billiondaysupplier.com\/wp-content\/uploads\/2026\/04\/Wholesale-gas-rice-steamer-2.webp\" alt=\"Mayorista vaporizador de arroz a gas\" class=\"wp-image-2042\" srcset=\"https:\/\/www.billiondaysupplier.com\/wp-content\/uploads\/2026\/04\/Wholesale-gas-rice-steamer-2.webp 800w, https:\/\/www.billiondaysupplier.com\/wp-content\/uploads\/2026\/04\/Wholesale-gas-rice-steamer-2-300x300.webp 300w, https:\/\/www.billiondaysupplier.com\/wp-content\/uploads\/2026\/04\/Wholesale-gas-rice-steamer-2-150x150.webp 150w, https:\/\/www.billiondaysupplier.com\/wp-content\/uploads\/2026\/04\/Wholesale-gas-rice-steamer-2-768x768.webp 768w, https:\/\/www.billiondaysupplier.com\/wp-content\/uploads\/2026\/04\/Wholesale-gas-rice-steamer-2-12x12.webp 12w, https:\/\/www.billiondaysupplier.com\/wp-content\/uploads\/2026\/04\/Wholesale-gas-rice-steamer-2-600x600.webp 600w, https:\/\/www.billiondaysupplier.com\/wp-content\/uploads\/2026\/04\/Wholesale-gas-rice-steamer-2-100x100.webp 100w\" sizes=\"(max-width: 800px) 100vw, 800px\" \/><\/figure>\n<\/div>\n<\/div>","protected":false},"excerpt":{"rendered":"<p>Vaporera comercial al por mayor dise\u00f1ada para cocinas de gran capacidad y uso intensivo, con una duradera estructura de acero inoxidable y un eficaz calentamiento por gas para una cocci\u00f3n r\u00e1pida y uniforme. Ideal para restaurantes, hoteles y servicios de catering, adecuado para cocer al vapor r\u00e1pidamente arroz, marisco, carne y verduras. Personalizaci\u00f3n OEM disponible, contacte con nosotros para precios competitivos al por mayor y suministro a granel.<\/p>\n<h2>Par\u00e1metros del vaporizador comercial de alimentos\uff1a<\/h2>\n<table border=\"0\" width=\"404\" cellspacing=\"0\" cellpadding=\"0\">\n<tbody>\n<tr>\n<td style=\"text-align: left;\" width=\"148\" height=\"24\"><strong>Material<\/strong><\/td>\n<td style=\"text-align: left;\" width=\"256\">Acero inoxidable 201<\/td>\n<\/tr>\n<tr>\n<td style=\"text-align: left;\" height=\"69\"><strong>Color<\/strong><\/td>\n<td style=\"text-align: left;\" width=\"256\">Plata<\/td>\n<\/tr>\n<tr>\n<td style=\"text-align: left;\" height=\"24\"><strong>M\u00e9todo de calentamiento<\/strong><\/td>\n<td style=\"text-align: left;\">Gas<\/td>\n<\/tr>\n<tr>\n<td style=\"text-align: left;\" height=\"24\"><strong>Capacidad<\/strong><strong style=\"font-family: inherit; font-size: inherit;\">y<\/strong><strong><br \/><\/strong><\/td>\n<td style=\"text-align: left;\">12 bandejas<\/td>\n<\/tr>\n<tr>\n<td style=\"text-align: left;\" height=\"92\"><strong>Caracter\u00edstica<\/strong><\/td>\n<td style=\"text-align: left;\" width=\"256\">1. Calefacci\u00f3n de alta eficiencia<br \/>2. Gran capacidad<br \/>3. Movilidad universal<\/td>\n<\/tr>\n<tr>\n<td style=\"text-align: left;\" height=\"24\"><strong>Opci\u00f3n personalizada<\/strong><\/td>\n<td style=\"text-align: left;\">Logotipo\/Embalaje\/Accesorios<\/td>\n<\/tr>\n<\/tbody>\n<\/table>","protected":false},"featured_media":2042,"comment_status":"closed","ping_status":"closed","template":"","meta":{"_acf_changed":false},"product_brand":[],"product_cat":[31],"product_tag":[],"class_list":{"0":"post-2004","1":"product","2":"type-product","3":"status-publish","4":"has-post-thumbnail","6":"product_cat-wholesale-commercial-food-steamer","8":"first","9":"instock","10":"shipping-taxable","11":"product-type-simple"},"acf":[],"_links":{"self":[{"href":"https:\/\/www.billiondaysupplier.com\/es\/wp-json\/wp\/v2\/product\/2004","targetHints":{"allow":["GET"]}}],"collection":[{"href":"https:\/\/www.billiondaysupplier.com\/es\/wp-json\/wp\/v2\/product"}],"about":[{"href":"https:\/\/www.billiondaysupplier.com\/es\/wp-json\/wp\/v2\/types\/product"}],"replies":[{"embeddable":true,"href":"https:\/\/www.billiondaysupplier.com\/es\/wp-json\/wp\/v2\/comments?post=2004"}],"wp:featuredmedia":[{"embeddable":true,"href":"https:\/\/www.billiondaysupplier.com\/es\/wp-json\/wp\/v2\/media\/2042"}],"wp:attachment":[{"href":"https:\/\/www.billiondaysupplier.com\/es\/wp-json\/wp\/v2\/media?parent=2004"}],"wp:term":[{"taxonomy":"product_brand","embeddable":true,"href":"https:\/\/www.billiondaysupplier.com\/es\/wp-json\/wp\/v2\/product_brand?post=2004"},{"taxonomy":"product_cat","embeddable":true,"href":"https:\/\/www.billiondaysupplier.com\/es\/wp-json\/wp\/v2\/product_cat?post=2004"},{"taxonomy":"product_tag","embeddable":true,"href":"https:\/\/www.billiondaysupplier.com\/es\/wp-json\/wp\/v2\/product_tag?post=2004"}],"curies":[{"name":"wp","href":"https:\/\/api.w.org\/{rel}","templated":true}]}}