{"id":1921,"date":"2026-04-27T01:24:17","date_gmt":"2026-04-27T01:24:17","guid":{"rendered":"https:\/\/www.billiondaysupplier.com\/?post_type=product&#038;p=1921"},"modified":"2026-04-27T02:41:36","modified_gmt":"2026-04-27T02:41:36","slug":"modern-chafing-dishes-custom","status":"publish","type":"product","link":"https:\/\/www.billiondaysupplier.com\/es\/product\/modern-chafing-dishes-custom\/","title":{"rendered":"Platos hondos modernos a medida, calentador de comida hidr\u00e1ulico de cierre suave para hotel a granel"},"content":{"rendered":"<div class=\"wp-block-columns is-layout-flex wp-container-core-columns-is-layout-9d6595d7 wp-block-columns-is-layout-flex\">\n<div class=\"wp-block-column is-layout-flow wp-block-column-is-layout-flow\">\n<h2 class=\"wp-block-heading\">Modern Chafing Dishes Features:<\/h2>\n\n\n\n<p><strong>Panoramic Glass Viewing Lid<\/strong>: Large transparent tempered glass panel allows clear food display without opening the lid, preserving heat and moisture while enhancing buffet presentation.<\/p>\n\n\n\n<p><strong>Hydraulic Soft-Close Lid System<\/strong>: Precision damping hinge enables smooth, silent operation with stable multi-angle positioning, reducing noise and extending service life.<\/p>\n\n\n\n<p><strong>Construcci\u00f3n de acero inoxidable de primera calidad<\/strong>: Made from thick food-grade stainless steel with a mirror-polished finish, offering excellent durability, corrosion resistance, and easy cleaning for commercial use.<\/p>\n\n\n\n<p><strong>Detachable Structure &amp; Factory Direct<\/strong>: Removable lid and inner pan ensure efficient cleaning and sanitizing, backed by factory-tested durability and flexible OEM\/ODM solutions for bulk projects.<\/p>\n<\/div>\n\n\n\n<div class=\"wp-block-column is-layout-flow wp-block-column-is-layout-flow\">\n<figure class=\"wp-block-image size-full\"><img decoding=\"async\" width=\"800\" height=\"800\" src=\"https:\/\/www.billiondaysupplier.com\/wp-content\/uploads\/2026\/04\/Chafing-Dishes-For-Buffet1.webp\" alt=\"Wholesale Chafing Dishes For Buffet\" class=\"wp-image-1923\" srcset=\"https:\/\/www.billiondaysupplier.com\/wp-content\/uploads\/2026\/04\/Chafing-Dishes-For-Buffet1.webp 800w, https:\/\/www.billiondaysupplier.com\/wp-content\/uploads\/2026\/04\/Chafing-Dishes-For-Buffet1-300x300.webp 300w, https:\/\/www.billiondaysupplier.com\/wp-content\/uploads\/2026\/04\/Chafing-Dishes-For-Buffet1-150x150.webp 150w, https:\/\/www.billiondaysupplier.com\/wp-content\/uploads\/2026\/04\/Chafing-Dishes-For-Buffet1-768x768.webp 768w, https:\/\/www.billiondaysupplier.com\/wp-content\/uploads\/2026\/04\/Chafing-Dishes-For-Buffet1-12x12.webp 12w, https:\/\/www.billiondaysupplier.com\/wp-content\/uploads\/2026\/04\/Chafing-Dishes-For-Buffet1-600x600.webp 600w, https:\/\/www.billiondaysupplier.com\/wp-content\/uploads\/2026\/04\/Chafing-Dishes-For-Buffet1-100x100.webp 100w\" sizes=\"(max-width: 800px) 100vw, 800px\" \/><\/figure>\n<\/div>\n<\/div>","protected":false},"excerpt":{"rendered":"<p>Los modernos chafing dishes combinan tapas panor\u00e1micas de cristal, un dise\u00f1o hidr\u00e1ulico de cierre suave y una duradera construcci\u00f3n de acero inoxidable para una presentaci\u00f3n de buffet de primera calidad. Directo de f\u00e1brica con soporte OEM\/ODM y suministro fiable a granel. P\u00f3ngase en contacto con nosotros para obtener un presupuesto competitivo.<\/p>\n<h2>Par\u00e1metro de los platos hondos modernos\uff1a<\/h2>\n<table border=\"0\" width=\"404\" cellspacing=\"0\" cellpadding=\"0\">\n<tbody>\n<tr>\n<td style=\"text-align: left;\" width=\"148\" height=\"24\"><strong>Material<\/strong><\/td>\n<td style=\"text-align: left;\" width=\"256\">Acero inoxidable 304<\/td>\n<\/tr>\n<tr>\n<td style=\"text-align: left;\" height=\"69\"><strong>Color<\/strong><\/td>\n<td style=\"text-align: left;\" width=\"256\">Dorado\/medio dorado\/plateado\/Acepta personalizaciones<\/td>\n<\/tr>\n<tr>\n<td style=\"text-align: left;\" height=\"24\"><strong>M\u00e9todo de calentamiento<\/strong><\/td>\n<td style=\"text-align: left;\">Calefacci\u00f3n el\u00e9ctrica<\/td>\n<\/tr>\n<tr>\n<td style=\"text-align: left;\" height=\"24\"><strong>Capacidad<\/strong><\/td>\n<td style=\"text-align: left;\">6.0L<\/td>\n<\/tr>\n<tr>\n<td style=\"text-align: left;\" height=\"92\"><strong>Caracter\u00edstica<\/strong><\/td>\n<td style=\"text-align: left;\" width=\"256\">1. Tapa hidr\u00e1ulica con ventana de cristal<br \/>2. Bordes redondeados pulidos a espejo<br \/>3. Bastidor vertical estable<\/td>\n<\/tr>\n<tr>\n<td style=\"text-align: left;\" height=\"24\"><strong>Opci\u00f3n personalizada<\/strong><\/td>\n<td style=\"text-align: left;\">Logotipo\/Color\/Tama\u00f1o\/Embalaje\/Accesorios<\/td>\n<\/tr>\n<\/tbody>\n<\/table>","protected":false},"featured_media":1922,"comment_status":"closed","ping_status":"closed","template":"","meta":{"_acf_changed":true},"product_brand":[],"product_cat":[18],"product_tag":[],"class_list":{"0":"post-1921","1":"product","2":"type-product","3":"status-publish","4":"has-post-thumbnail","6":"product_cat-wholesale-chafing-dishes","8":"first","9":"instock","10":"shipping-taxable","11":"product-type-simple"},"acf":[],"_links":{"self":[{"href":"https:\/\/www.billiondaysupplier.com\/es\/wp-json\/wp\/v2\/product\/1921","targetHints":{"allow":["GET"]}}],"collection":[{"href":"https:\/\/www.billiondaysupplier.com\/es\/wp-json\/wp\/v2\/product"}],"about":[{"href":"https:\/\/www.billiondaysupplier.com\/es\/wp-json\/wp\/v2\/types\/product"}],"replies":[{"embeddable":true,"href":"https:\/\/www.billiondaysupplier.com\/es\/wp-json\/wp\/v2\/comments?post=1921"}],"wp:featuredmedia":[{"embeddable":true,"href":"https:\/\/www.billiondaysupplier.com\/es\/wp-json\/wp\/v2\/media\/1922"}],"wp:attachment":[{"href":"https:\/\/www.billiondaysupplier.com\/es\/wp-json\/wp\/v2\/media?parent=1921"}],"wp:term":[{"taxonomy":"product_brand","embeddable":true,"href":"https:\/\/www.billiondaysupplier.com\/es\/wp-json\/wp\/v2\/product_brand?post=1921"},{"taxonomy":"product_cat","embeddable":true,"href":"https:\/\/www.billiondaysupplier.com\/es\/wp-json\/wp\/v2\/product_cat?post=1921"},{"taxonomy":"product_tag","embeddable":true,"href":"https:\/\/www.billiondaysupplier.com\/es\/wp-json\/wp\/v2\/product_tag?post=1921"}],"curies":[{"name":"wp","href":"https:\/\/api.w.org\/{rel}","templated":true}]}}