{"id":1829,"date":"2026-04-03T03:56:00","date_gmt":"2026-04-03T03:56:00","guid":{"rendered":"https:\/\/www.billiondaysupplier.com\/?post_type=product&#038;p=1829"},"modified":"2026-04-03T07:56:33","modified_gmt":"2026-04-03T07:56:33","slug":"wholesale-gold-chafing-dish-buffet","status":"publish","type":"product","link":"https:\/\/www.billiondaysupplier.com\/es\/product\/wholesale-gold-chafing-dish-buffet\/","title":{"rendered":"Mayorista Calientaplatos de Oro, Calientaplatos Rectangular con Tapa de Cristal para Boda"},"content":{"rendered":"<div class=\"wp-block-columns is-layout-flex wp-container-core-columns-is-layout-9d6595d7 wp-block-columns-is-layout-flex\">\n<div class=\"wp-block-column is-layout-flow wp-block-column-is-layout-flow\">\n<h2 class=\"wp-block-heading\">Buffet de oro Chafing Dish Caracter\u00edsticas:<\/h2>\n\n\n\n<p><strong>Galvanoplastia completa de espejo dorado:<\/strong> El cuerpo est\u00e1 pulido con un acabado de espejo dorado de alto brillo, que ofrece un aspecto lujoso a la vez que resiste la oxidaci\u00f3n. Perfecta para buffets o banquetes de lujo.<\/p>\n\n\n\n<p><strong>Tapa panor\u00e1mica de cristal:<\/strong> Dispone de una gran ventana de cristal templado en la parte superior, que mantiene la comida caliente y permite a los comensales ver los platos sin abrir la tapa.<\/p>\n\n\n\n<p><strong>Cierre hidr\u00e1ulico suave y silencioso:<\/strong> Equipada con bisagras hidr\u00e1ulicas de primera calidad para un funcionamiento suave y silencioso de la tapa, que mejora la experiencia gastron\u00f3mica sin ruidos molestos.<\/p>\n\n\n\n<p><strong>Gran capacidad rectangular:<\/strong> El dise\u00f1o rectangular cl\u00e1sico ofrece un amplio espacio y permite colocar varias bandejas con divisiones, ideal para servicios de catering de gran volumen.<\/p>\n\n\n\n<p><strong>Directo de f\u00e1brica: <\/strong>Disponemos de existencias en almac\u00e9n, realizamos pedidos al por mayor y ofrecemos personalizaci\u00f3n OEM, lo que garantiza precios competitivos y entregas r\u00e1pidas.<\/p>\n<\/div>\n\n\n\n<div class=\"wp-block-column is-layout-flow wp-block-column-is-layout-flow\">\n<figure class=\"wp-block-image size-full\"><img decoding=\"async\" width=\"800\" height=\"800\" src=\"https:\/\/www.billiondaysupplier.com\/wp-content\/uploads\/2026\/03\/chafing-15.webp\" alt=\"chafing dish buffet set wholesale\" class=\"wp-image-1824\" srcset=\"https:\/\/www.billiondaysupplier.com\/wp-content\/uploads\/2026\/03\/chafing-15.webp 800w, https:\/\/www.billiondaysupplier.com\/wp-content\/uploads\/2026\/03\/chafing-15-300x300.webp 300w, https:\/\/www.billiondaysupplier.com\/wp-content\/uploads\/2026\/03\/chafing-15-150x150.webp 150w, https:\/\/www.billiondaysupplier.com\/wp-content\/uploads\/2026\/03\/chafing-15-768x768.webp 768w, https:\/\/www.billiondaysupplier.com\/wp-content\/uploads\/2026\/03\/chafing-15-12x12.webp 12w, https:\/\/www.billiondaysupplier.com\/wp-content\/uploads\/2026\/03\/chafing-15-600x600.webp 600w, https:\/\/www.billiondaysupplier.com\/wp-content\/uploads\/2026\/03\/chafing-15-100x100.webp 100w\" sizes=\"(max-width: 800px) 100vw, 800px\" \/><\/figure>\n<\/div>\n<\/div>","protected":false},"excerpt":{"rendered":"<p>Mayorista de chafing dish buffet dorado con un elegante acabado de espejo, gran capacidad de 9L, tapa de cristal panor\u00e1mica, cierre hidr\u00e1ulico silencioso y pata alta. Perfecto para hoteles, restaurantes y catering. P\u00f3ngase en contacto con nosotros hoy mismo para pedidos al por mayor y personalizaci\u00f3n OEM.<\/p>\n<h2>Par\u00e1metro de Buffet Chafing Dish de Oro\uff1a<\/h2>\n<table border=\"0\" width=\"404\" cellspacing=\"0\" cellpadding=\"0\">\n<tbody>\n<tr>\n<td style=\"text-align: left;\" width=\"148\" height=\"24\"><strong>Material<\/strong><\/td>\n<td style=\"text-align: left;\" width=\"256\">Acero inoxidable 201<\/td>\n<\/tr>\n<tr>\n<td style=\"text-align: left;\" height=\"69\"><strong>Color<\/strong><\/td>\n<td style=\"text-align: left;\" width=\"256\">Oro\/Aceptar personalizaci\u00f3n<\/td>\n<\/tr>\n<tr>\n<td style=\"text-align: left;\" height=\"24\"><strong>M\u00e9todo de calentamiento<\/strong><\/td>\n<td style=\"text-align: left;\">Calefacci\u00f3n de combustible o el\u00e9ctrica<\/td>\n<\/tr>\n<tr>\n<td style=\"text-align: left;\" height=\"24\"><strong>Capacidad<\/strong><\/td>\n<td style=\"text-align: left;\">9.0L<\/td>\n<\/tr>\n<tr>\n<td style=\"text-align: left;\" height=\"92\"><strong>Caracter\u00edstica<\/strong><\/td>\n<td style=\"text-align: left;\" width=\"256\">1. Tapa hidr\u00e1ulica con ventana de cristal<br \/>2. Bordes redondeados pulidos a espejo<br \/>3. Bastidor vertical estable<\/td>\n<\/tr>\n<tr>\n<td style=\"text-align: left;\" height=\"24\"><strong>Opci\u00f3n personalizada<\/strong><\/td>\n<td style=\"text-align: left;\">Logotipo\/Color\/Tama\u00f1o\/Embalaje\/Accesorios<\/td>\n<\/tr>\n<\/tbody>\n<\/table>","protected":false},"featured_media":1824,"comment_status":"closed","ping_status":"closed","template":"","meta":{"_acf_changed":false},"product_brand":[],"product_cat":[18],"product_tag":[],"class_list":{"0":"post-1829","1":"product","2":"type-product","3":"status-publish","4":"has-post-thumbnail","6":"product_cat-wholesale-chafing-dishes","8":"first","9":"instock","10":"shipping-taxable","11":"product-type-simple"},"acf":[],"_links":{"self":[{"href":"https:\/\/www.billiondaysupplier.com\/es\/wp-json\/wp\/v2\/product\/1829","targetHints":{"allow":["GET"]}}],"collection":[{"href":"https:\/\/www.billiondaysupplier.com\/es\/wp-json\/wp\/v2\/product"}],"about":[{"href":"https:\/\/www.billiondaysupplier.com\/es\/wp-json\/wp\/v2\/types\/product"}],"replies":[{"embeddable":true,"href":"https:\/\/www.billiondaysupplier.com\/es\/wp-json\/wp\/v2\/comments?post=1829"}],"wp:featuredmedia":[{"embeddable":true,"href":"https:\/\/www.billiondaysupplier.com\/es\/wp-json\/wp\/v2\/media\/1824"}],"wp:attachment":[{"href":"https:\/\/www.billiondaysupplier.com\/es\/wp-json\/wp\/v2\/media?parent=1829"}],"wp:term":[{"taxonomy":"product_brand","embeddable":true,"href":"https:\/\/www.billiondaysupplier.com\/es\/wp-json\/wp\/v2\/product_brand?post=1829"},{"taxonomy":"product_cat","embeddable":true,"href":"https:\/\/www.billiondaysupplier.com\/es\/wp-json\/wp\/v2\/product_cat?post=1829"},{"taxonomy":"product_tag","embeddable":true,"href":"https:\/\/www.billiondaysupplier.com\/es\/wp-json\/wp\/v2\/product_tag?post=1829"}],"curies":[{"name":"wp","href":"https:\/\/api.w.org\/{rel}","templated":true}]}}