{"id":1822,"date":"2026-03-28T03:25:36","date_gmt":"2026-03-28T03:25:36","guid":{"rendered":"https:\/\/www.billiondaysupplier.com\/?post_type=product&#038;p=1822"},"modified":"2026-03-28T06:07:52","modified_gmt":"2026-03-28T06:07:52","slug":"wholesale-buffet-chafing-dishes","status":"publish","type":"product","link":"https:\/\/www.billiondaysupplier.com\/es\/producto\/wholesale-buffet-chafing-dishes\/","title":{"rendered":"Mayorista Buffet Chafing Dishes, Calentador de Comida Redondo Personalizado con Tapa de Cristal para Hotel Boda"},"content":{"rendered":"<div class=\"wp-block-columns is-layout-flex wp-container-core-columns-is-layout-9d6595d7 wp-block-columns-is-layout-flex\">\n<div class=\"wp-block-column is-layout-flow wp-block-column-is-layout-flow\">\n<h2 class=\"wp-block-heading\">Buffet Chafing Dishes Caracter\u00edsticas:<\/h2>\n\n\n\n<p><strong>Aspecto elegante:<\/strong> El acabado galv\u00e1nico brillante es resistente a la corrosi\u00f3n y a la oxidaci\u00f3n, creando un aspecto de primera calidad.<\/p>\n\n\n\n<p><strong>Tapa de cristal:<\/strong> Permite ver los alimentos sin abrir la tapa, lo que evita la p\u00e9rdida de calor por aperturas frecuentes y mantiene la temperatura y la humedad de los alimentos.<\/p>\n\n\n\n<p><strong>Olla interior de 6L<\/strong>: Puede mantener calientes grandes platos simult\u00e1neamente, adapt\u00e1ndose a diversas ocasiones.<\/p>\n\n\n\n<p><strong>Vers\u00e1til: <\/strong>Adecuada para hoteles, buffets, banquetes y otros entornos, cumple a la perfecci\u00f3n los requisitos de la restauraci\u00f3n comercial en cuanto a eficacia, durabilidad y aspecto elegante.<\/p>\n\n\n\n<p><strong>F\u00e1cil de limpiar: <\/strong>Fabricada en acero inoxidable y cristal de alta calidad, su superficie lisa facilita la limpieza y el mantenimiento, mejorando la eficiencia.<\/p>\n\n\n\n<p><strong>Servicio OEM<\/strong>: Ofrecemos logotipos, colores, capacidades, estilos y envases personalizados para personalizar nuestros productos y satisfacer las diversas necesidades del mercado.<\/p>\n<\/div>\n\n\n\n<div class=\"wp-block-column is-layout-flow wp-block-column-is-layout-flow\">\n<figure class=\"wp-block-image size-full\"><img decoding=\"async\" width=\"800\" height=\"800\" src=\"https:\/\/www.billiondaysupplier.com\/wp-content\/uploads\/2026\/03\/chafing-17.webp\" alt=\"chafing dish precio al por mayor\" class=\"wp-image-1827\" srcset=\"https:\/\/www.billiondaysupplier.com\/wp-content\/uploads\/2026\/03\/chafing-17.webp 800w, https:\/\/www.billiondaysupplier.com\/wp-content\/uploads\/2026\/03\/chafing-17-300x300.webp 300w, https:\/\/www.billiondaysupplier.com\/wp-content\/uploads\/2026\/03\/chafing-17-150x150.webp 150w, https:\/\/www.billiondaysupplier.com\/wp-content\/uploads\/2026\/03\/chafing-17-768x768.webp 768w, https:\/\/www.billiondaysupplier.com\/wp-content\/uploads\/2026\/03\/chafing-17-12x12.webp 12w, https:\/\/www.billiondaysupplier.com\/wp-content\/uploads\/2026\/03\/chafing-17-600x600.webp 600w, https:\/\/www.billiondaysupplier.com\/wp-content\/uploads\/2026\/03\/chafing-17-100x100.webp 100w\" sizes=\"(max-width: 800px) 100vw, 800px\" \/><\/figure>\n<\/div>\n<\/div>\n\n\n\n<p><\/p>","protected":false},"excerpt":{"rendered":"<p>Los calientaplatos para buffet al por mayor de Billion Day est\u00e1n fabricados en acero inoxidable de primera calidad con un acabado galvanizado brillante que garantiza su durabilidad, resistencia a la corrosi\u00f3n y una presentaci\u00f3n elegante, mientras que la capacidad de 6 litros, la tapa de cristal y las placas interiores redondas mejoran la retenci\u00f3n del calor y la eficacia del servicio para catering comercial. Se admiten servicios OEM\/ODM. P\u00f3ngase en contacto con nosotros para obtener soluciones personalizadas y precios al por mayor competitivos adaptados a las necesidades de su proyecto.<\/p>\n<h2>Buffet Chafing Dishes Par\u00e1metro\uff1a<\/h2>\n<table border=\"0\" width=\"404\" cellspacing=\"0\" cellpadding=\"0\">\n<tbody>\n<tr>\n<td style=\"text-align: left;\" width=\"148\" height=\"24\"><strong>Material<\/strong><\/td>\n<td style=\"text-align: left;\" width=\"256\">Acero inoxidable 201<\/td>\n<\/tr>\n<tr>\n<td style=\"text-align: left;\" height=\"69\"><strong>Color<\/strong><\/td>\n<td style=\"text-align: left;\" width=\"256\">Plateado\/Oro\/Acepta personalizaciones<\/td>\n<\/tr>\n<tr>\n<td style=\"text-align: left;\" height=\"24\"><strong>M\u00e9todo de calentamiento<\/strong><\/td>\n<td style=\"text-align: left;\">Calefacci\u00f3n de combustible o el\u00e9ctrica<\/td>\n<\/tr>\n<tr>\n<td style=\"text-align: left;\" height=\"24\"><strong>Capacidad<\/strong><\/td>\n<td style=\"text-align: left;\">6.0L<\/td>\n<\/tr>\n<tr>\n<td style=\"text-align: left;\" height=\"92\"><strong>Caracter\u00edstica<\/strong><\/td>\n<td style=\"text-align: left;\" width=\"256\">1. Tapa hidr\u00e1ulica con ventana de cristal<br \/>2. Bordes redondeados pulidos a espejo<br \/>3. Bastidor vertical estable<\/td>\n<\/tr>\n<tr>\n<td style=\"text-align: left;\" height=\"24\"><strong>Opci\u00f3n personalizada<\/strong><\/td>\n<td style=\"text-align: left;\">Logotipo\/Color\/Tama\u00f1o\/Embalaje\/Accesorios<\/td>\n<\/tr>\n<\/tbody>\n<\/table>","protected":false},"featured_media":1826,"comment_status":"closed","ping_status":"closed","template":"","meta":{"_acf_changed":true},"product_brand":[],"product_cat":[18],"product_tag":[],"class_list":{"0":"post-1822","1":"product","2":"type-product","3":"status-publish","4":"has-post-thumbnail","6":"product_cat-wholesale-chafing-dishes","8":"first","9":"instock","10":"shipping-taxable","11":"product-type-simple"},"acf":[],"_links":{"self":[{"href":"https:\/\/www.billiondaysupplier.com\/es\/wp-json\/wp\/v2\/product\/1822","targetHints":{"allow":["GET"]}}],"collection":[{"href":"https:\/\/www.billiondaysupplier.com\/es\/wp-json\/wp\/v2\/product"}],"about":[{"href":"https:\/\/www.billiondaysupplier.com\/es\/wp-json\/wp\/v2\/types\/product"}],"replies":[{"embeddable":true,"href":"https:\/\/www.billiondaysupplier.com\/es\/wp-json\/wp\/v2\/comments?post=1822"}],"wp:featuredmedia":[{"embeddable":true,"href":"https:\/\/www.billiondaysupplier.com\/es\/wp-json\/wp\/v2\/media\/1826"}],"wp:attachment":[{"href":"https:\/\/www.billiondaysupplier.com\/es\/wp-json\/wp\/v2\/media?parent=1822"}],"wp:term":[{"taxonomy":"product_brand","embeddable":true,"href":"https:\/\/www.billiondaysupplier.com\/es\/wp-json\/wp\/v2\/product_brand?post=1822"},{"taxonomy":"product_cat","embeddable":true,"href":"https:\/\/www.billiondaysupplier.com\/es\/wp-json\/wp\/v2\/product_cat?post=1822"},{"taxonomy":"product_tag","embeddable":true,"href":"https:\/\/www.billiondaysupplier.com\/es\/wp-json\/wp\/v2\/product_tag?post=1822"}],"curies":[{"name":"wp","href":"https:\/\/api.w.org\/{rel}","templated":true}]}}