{"id":1821,"date":"2026-03-28T03:57:46","date_gmt":"2026-03-28T03:57:46","guid":{"rendered":"https:\/\/www.billiondaysupplier.com\/?post_type=product&#038;p=1821"},"modified":"2026-03-28T04:00:38","modified_gmt":"2026-03-28T04:00:38","slug":"custom-chafing-dishes-electric","status":"publish","type":"product","link":"https:\/\/www.billiondaysupplier.com\/es\/producto\/custom-chafing-dishes-electric\/","title":{"rendered":"Chafing Dishes Personalizados El\u00e9ctricos, Hidr\u00e1ulicos Redondos Juego de Buffet con Panel CNC a Granel"},"content":{"rendered":"<div class=\"wp-block-columns is-layout-flex wp-container-core-columns-is-layout-9d6595d7 wp-block-columns-is-layout-flex\">\n<div class=\"wp-block-column is-layout-flow wp-block-column-is-layout-flow\">\n<h2 class=\"wp-block-heading\">Chafing Dishes Caracter\u00edsticas el\u00e9ctricas:<\/h2>\n\n\n\n<p><strong>Dise\u00f1o de tabiques flexible:<\/strong> Disponible en configuraciones de 1 \u00f3 2 compartimentos para adaptarse a las distintas necesidades de servicio, ideal para mantener separados los platos especiales o para servir varios platos, como principales, guarniciones o sopas.<\/p>\n\n\n\n<p><strong>Calefacci\u00f3n el\u00e9ctrica eficiente:<\/strong> El calentamiento el\u00e9ctrico avanzado con panel CNC garantiza un calentamiento r\u00e1pido y un control estable de la temperatura, manteniendo los alimentos en condiciones \u00f3ptimas de servicio y conservando la eficiencia energ\u00e9tica.<\/p>\n\n\n\n<p><strong>Visibilidad transparente:<\/strong> La tapa de cristal transparente permite controlar los alimentos en tiempo real sin necesidad de abrirla, lo que reduce la p\u00e9rdida de calor y conserva la frescura y la humedad.<\/p>\n\n\n\n<p><strong>Panel de control f\u00e1cil de usar<\/strong>: El sencillo manejo con una sola pulsaci\u00f3n y el control independiente de los compartimentos facilitan la gesti\u00f3n de varios platos, incluso en entornos de restauraci\u00f3n muy concurridos.<\/p>\n\n\n\n<p><strong>Soluciones de equipamiento para hosteler\u00eda:<\/strong> Billion Day ofrece precios al por mayor directos de f\u00e1brica, un estricto control de calidad, personalizaci\u00f3n de lotes peque\u00f1os y servicios OEM\/ODM para mejorar su marca y su competitividad en el mercado.<\/p>\n<\/div>\n\n\n\n<div class=\"wp-block-column is-layout-flow wp-block-column-is-layout-flow\">\n<figure class=\"wp-block-image size-full\"><img decoding=\"async\" width=\"800\" height=\"800\" src=\"https:\/\/www.billiondaysupplier.com\/wp-content\/uploads\/2026\/03\/chafing-23.webp\" alt=\"fabricantes de calientaplatos\" class=\"wp-image-1832\" srcset=\"https:\/\/www.billiondaysupplier.com\/wp-content\/uploads\/2026\/03\/chafing-23.webp 800w, https:\/\/www.billiondaysupplier.com\/wp-content\/uploads\/2026\/03\/chafing-23-300x300.webp 300w, https:\/\/www.billiondaysupplier.com\/wp-content\/uploads\/2026\/03\/chafing-23-150x150.webp 150w, https:\/\/www.billiondaysupplier.com\/wp-content\/uploads\/2026\/03\/chafing-23-768x768.webp 768w, https:\/\/www.billiondaysupplier.com\/wp-content\/uploads\/2026\/03\/chafing-23-12x12.webp 12w, https:\/\/www.billiondaysupplier.com\/wp-content\/uploads\/2026\/03\/chafing-23-600x600.webp 600w, https:\/\/www.billiondaysupplier.com\/wp-content\/uploads\/2026\/03\/chafing-23-100x100.webp 100w\" sizes=\"(max-width: 800px) 100vw, 800px\" \/><\/figure>\n<\/div>\n<\/div>\n\n\n\n<p><\/p>","protected":false},"excerpt":{"rendered":"<p>Bienvenido a mantener la comida caliente y\u00a0<span style=\"box-sizing: border-box; margin: 0px; padding: 0px;\">presente con elegancia con platos para calentar el\u00e9ctricos personalizados <\/span>de Billion Day. Con tapas transparentes, compartimentos ajustables y calentamiento el\u00e9ctrico preciso, son ideales para la restauraci\u00f3n comercial.  Admitimos configuraciones flexibles de compartimentos y personalizaci\u00f3n OEM\/ODM. No dude en ponerse en contacto con nosotros para obtener soluciones de equipamiento para buf\u00e9s.<\/p>\n<h2>Chafing Dishes Par\u00e1metro el\u00e9ctrico:<\/h2>\n<table border=\"0\" width=\"404\" cellspacing=\"0\" cellpadding=\"0\">\n<tbody>\n<tr>\n<td style=\"text-align: left;\" width=\"148\" height=\"24\"><strong>Material<\/strong><\/td>\n<td style=\"text-align: left;\" width=\"256\">Acero inoxidable 201<\/td>\n<\/tr>\n<tr>\n<td style=\"text-align: left;\" height=\"69\"><strong>Color<\/strong><\/td>\n<td style=\"text-align: left;\" width=\"256\">Dorado\/medio dorado\/plateado\/Acepta personalizaciones<\/td>\n<\/tr>\n<tr>\n<td style=\"text-align: left;\" height=\"24\"><strong>M\u00e9todo de calentamiento<\/strong><\/td>\n<td style=\"text-align: left;\">Calefacci\u00f3n el\u00e9ctrica<\/td>\n<\/tr>\n<tr>\n<td style=\"text-align: left;\" height=\"24\"><strong>Capacidad<\/strong><\/td>\n<td style=\"text-align: left;\">6.0L<\/td>\n<\/tr>\n<tr>\n<td style=\"text-align: left;\" height=\"92\"><strong>Caracter\u00edstica<\/strong><\/td>\n<td style=\"text-align: left;\" width=\"256\">1. Tapa hidr\u00e1ulica con ventana de cristal<br \/>2. Bordes redondeados pulidos a espejo<br \/>3. Bastidor vertical estable<\/td>\n<\/tr>\n<tr>\n<td style=\"text-align: left;\" height=\"24\"><strong>Opci\u00f3n personalizada<\/strong><\/td>\n<td style=\"text-align: left;\">Logotipo\/Color\/Tama\u00f1o\/Embalaje\/Accesorios<\/td>\n<\/tr>\n<\/tbody>\n<\/table>","protected":false},"featured_media":1832,"comment_status":"closed","ping_status":"closed","template":"","meta":{"_acf_changed":false},"product_brand":[],"product_cat":[18],"product_tag":[],"class_list":{"0":"post-1821","1":"product","2":"type-product","3":"status-publish","4":"has-post-thumbnail","6":"product_cat-wholesale-chafing-dishes","8":"first","9":"instock","10":"shipping-taxable","11":"product-type-simple"},"acf":[],"_links":{"self":[{"href":"https:\/\/www.billiondaysupplier.com\/es\/wp-json\/wp\/v2\/product\/1821","targetHints":{"allow":["GET"]}}],"collection":[{"href":"https:\/\/www.billiondaysupplier.com\/es\/wp-json\/wp\/v2\/product"}],"about":[{"href":"https:\/\/www.billiondaysupplier.com\/es\/wp-json\/wp\/v2\/types\/product"}],"replies":[{"embeddable":true,"href":"https:\/\/www.billiondaysupplier.com\/es\/wp-json\/wp\/v2\/comments?post=1821"}],"wp:featuredmedia":[{"embeddable":true,"href":"https:\/\/www.billiondaysupplier.com\/es\/wp-json\/wp\/v2\/media\/1832"}],"wp:attachment":[{"href":"https:\/\/www.billiondaysupplier.com\/es\/wp-json\/wp\/v2\/media?parent=1821"}],"wp:term":[{"taxonomy":"product_brand","embeddable":true,"href":"https:\/\/www.billiondaysupplier.com\/es\/wp-json\/wp\/v2\/product_brand?post=1821"},{"taxonomy":"product_cat","embeddable":true,"href":"https:\/\/www.billiondaysupplier.com\/es\/wp-json\/wp\/v2\/product_cat?post=1821"},{"taxonomy":"product_tag","embeddable":true,"href":"https:\/\/www.billiondaysupplier.com\/es\/wp-json\/wp\/v2\/product_tag?post=1821"}],"curies":[{"name":"wp","href":"https:\/\/api.w.org\/{rel}","templated":true}]}}